{"id":8683,"date":"2023-01-11T13:29:52","date_gmt":"2023-01-11T13:29:52","guid":{"rendered":"https:\/\/icoca.ch\/what-we-do\/board-meeting-minutes\/"},"modified":"2026-01-13T15:34:33","modified_gmt":"2026-01-13T15:34:33","slug":"board-meeting-minutes","status":"publish","type":"page","link":"https:\/\/icoca.ch\/fr\/board-meeting-minutes\/","title":{"rendered":"Proc\u00e8s-verbaux des r\u00e9unions du Conseil d&rsquo;Administration"},"content":{"rendered":"<p>Tous les trimestres, le Conseil d&rsquo;Administration d&rsquo;ICoCA se r\u00e9unit pour \u00e9valuer les performances, examiner les questions de politique, traiter les probl\u00e8mes majeurs et accomplir les t\u00e2ches l\u00e9gales du Conseil.<\/p>\n","protected":false},"excerpt":{"rendered":"<p>Tous les trimestres, le Conseil d&rsquo;Administration d&rsquo;ICoCA se r\u00e9unit pour \u00e9valuer les performances, examiner les questions de politique, traiter les probl\u00e8mes majeurs et accomplir les t\u00e2ches l\u00e9gales du Conseil.<\/p>\n","protected":false},"author":3,"featured_media":0,"parent":0,"menu_order":0,"comment_status":"closed","ping_status":"closed","template":"page-client-services.php","meta":{"_acf_changed":false,"give_campaign_id":0,"footnotes":""},"class_list":["post-8683","page","type-page","status-publish","hentry"],"acf":[],"yoast_head":"<!-- This site is optimized with the Yoast SEO plugin v26.5 - https:\/\/yoast.com\/wordpress\/plugins\/seo\/ -->\n<title>Proc\u00e8s-verbaux des r\u00e9unions du Conseil d&#039;Administration - ICoCA - International Code of Conduct Association<\/title>\n<meta name=\"robots\" content=\"index, follow, max-snippet:-1, max-image-preview:large, max-video-preview:-1\" \/>\n<link rel=\"canonical\" href=\"https:\/\/icoca.ch\/fr\/board-meeting-minutes\/\" \/>\n<meta property=\"og:locale\" content=\"fr_FR\" \/>\n<meta property=\"og:type\" content=\"article\" \/>\n<meta property=\"og:title\" content=\"Proc\u00e8s-verbaux des r\u00e9unions du Conseil d&#039;Administration - ICoCA - International Code of Conduct Association\" \/>\n<meta property=\"og:description\" content=\"Tous les trimestres, le Conseil d&rsquo;Administration d&rsquo;ICoCA se r\u00e9unit pour \u00e9valuer les performances, examiner les questions de politique, traiter les probl\u00e8mes majeurs et accomplir les t\u00e2ches l\u00e9gales du Conseil.\" \/>\n<meta property=\"og:url\" content=\"https:\/\/icoca.ch\/fr\/board-meeting-minutes\/\" \/>\n<meta property=\"og:site_name\" content=\"ICoCA - International Code of Conduct Association\" \/>\n<meta property=\"article:modified_time\" content=\"2026-01-13T15:34:33+00:00\" \/>\n<meta name=\"twitter:card\" content=\"summary_large_image\" \/>\n<meta name=\"twitter:label1\" content=\"Dur\u00e9e de lecture estim\u00e9e\" \/>\n\t<meta name=\"twitter:data1\" content=\"1 minute\" \/>\n<script type=\"application\/ld+json\" class=\"yoast-schema-graph\">{\"@context\":\"https:\/\/schema.org\",\"@graph\":[{\"@type\":\"WebPage\",\"@id\":\"https:\/\/icoca.ch\/fr\/board-meeting-minutes\/\",\"url\":\"https:\/\/icoca.ch\/fr\/board-meeting-minutes\/\",\"name\":\"Proc\u00e8s-verbaux des r\u00e9unions du Conseil d'Administration - ICoCA - International Code of Conduct Association\",\"isPartOf\":{\"@id\":\"https:\/\/icoca.ch\/fr\/#website\"},\"datePublished\":\"2023-01-11T13:29:52+00:00\",\"dateModified\":\"2026-01-13T15:34:33+00:00\",\"breadcrumb\":{\"@id\":\"https:\/\/icoca.ch\/fr\/board-meeting-minutes\/#breadcrumb\"},\"inLanguage\":\"fr-FR\",\"potentialAction\":[{\"@type\":\"ReadAction\",\"target\":[\"https:\/\/icoca.ch\/fr\/board-meeting-minutes\/\"]}]},{\"@type\":\"BreadcrumbList\",\"@id\":\"https:\/\/icoca.ch\/fr\/board-meeting-minutes\/#breadcrumb\",\"itemListElement\":[{\"@type\":\"ListItem\",\"position\":1,\"name\":\"Home\",\"item\":\"https:\/\/icoca.ch\/fr\/\"},{\"@type\":\"ListItem\",\"position\":2,\"name\":\"Proc\u00e8s-verbaux des r\u00e9unions du Conseil d&#8217;Administration\"}]},{\"@type\":\"WebSite\",\"@id\":\"https:\/\/icoca.ch\/fr\/#website\",\"url\":\"https:\/\/icoca.ch\/fr\/\",\"name\":\"ICoCA - International Code of Conduct Association\",\"description\":\"Promoting responsible private security\",\"publisher\":{\"@id\":\"https:\/\/icoca.ch\/fr\/#organization\"},\"potentialAction\":[{\"@type\":\"SearchAction\",\"target\":{\"@type\":\"EntryPoint\",\"urlTemplate\":\"https:\/\/icoca.ch\/fr\/?s={search_term_string}\"},\"query-input\":{\"@type\":\"PropertyValueSpecification\",\"valueRequired\":true,\"valueName\":\"search_term_string\"}}],\"inLanguage\":\"fr-FR\"},{\"@type\":\"Organization\",\"@id\":\"https:\/\/icoca.ch\/fr\/#organization\",\"name\":\"ICoCA - International Code of Conduct Association\",\"url\":\"https:\/\/icoca.ch\/fr\/\",\"logo\":{\"@type\":\"ImageObject\",\"inLanguage\":\"fr-FR\",\"@id\":\"https:\/\/icoca.ch\/fr\/#\/schema\/logo\/image\/\",\"url\":\"https:\/\/icoca.ch\/wp-content\/uploads\/2024\/05\/ICoCA_2022_Full-White-Text@3x.png\",\"contentUrl\":\"https:\/\/icoca.ch\/wp-content\/uploads\/2024\/05\/ICoCA_2022_Full-White-Text@3x.png\",\"width\":9588,\"height\":4297,\"caption\":\"ICoCA - International Code of Conduct Association\"},\"image\":{\"@id\":\"https:\/\/icoca.ch\/fr\/#\/schema\/logo\/image\/\"}}]}<\/script>\n<!-- \/ Yoast SEO plugin. -->","yoast_head_json":{"title":"Proc\u00e8s-verbaux des r\u00e9unions du Conseil d'Administration - ICoCA - International Code of Conduct Association","robots":{"index":"index","follow":"follow","max-snippet":"max-snippet:-1","max-image-preview":"max-image-preview:large","max-video-preview":"max-video-preview:-1"},"canonical":"https:\/\/icoca.ch\/fr\/board-meeting-minutes\/","og_locale":"fr_FR","og_type":"article","og_title":"Proc\u00e8s-verbaux des r\u00e9unions du Conseil d'Administration - ICoCA - International Code of Conduct Association","og_description":"Tous les trimestres, le Conseil d&rsquo;Administration d&rsquo;ICoCA se r\u00e9unit pour \u00e9valuer les performances, examiner les questions de politique, traiter les probl\u00e8mes majeurs et accomplir les t\u00e2ches l\u00e9gales du Conseil.","og_url":"https:\/\/icoca.ch\/fr\/board-meeting-minutes\/","og_site_name":"ICoCA - International Code of Conduct Association","article_modified_time":"2026-01-13T15:34:33+00:00","twitter_card":"summary_large_image","twitter_misc":{"Dur\u00e9e de lecture estim\u00e9e":"1 minute"},"schema":{"@context":"https:\/\/schema.org","@graph":[{"@type":"WebPage","@id":"https:\/\/icoca.ch\/fr\/board-meeting-minutes\/","url":"https:\/\/icoca.ch\/fr\/board-meeting-minutes\/","name":"Proc\u00e8s-verbaux des r\u00e9unions du Conseil d'Administration - ICoCA - International Code of Conduct Association","isPartOf":{"@id":"https:\/\/icoca.ch\/fr\/#website"},"datePublished":"2023-01-11T13:29:52+00:00","dateModified":"2026-01-13T15:34:33+00:00","breadcrumb":{"@id":"https:\/\/icoca.ch\/fr\/board-meeting-minutes\/#breadcrumb"},"inLanguage":"fr-FR","potentialAction":[{"@type":"ReadAction","target":["https:\/\/icoca.ch\/fr\/board-meeting-minutes\/"]}]},{"@type":"BreadcrumbList","@id":"https:\/\/icoca.ch\/fr\/board-meeting-minutes\/#breadcrumb","itemListElement":[{"@type":"ListItem","position":1,"name":"Home","item":"https:\/\/icoca.ch\/fr\/"},{"@type":"ListItem","position":2,"name":"Proc\u00e8s-verbaux des r\u00e9unions du Conseil d&#8217;Administration"}]},{"@type":"WebSite","@id":"https:\/\/icoca.ch\/fr\/#website","url":"https:\/\/icoca.ch\/fr\/","name":"ICoCA - International Code of Conduct Association","description":"Promoting responsible private security","publisher":{"@id":"https:\/\/icoca.ch\/fr\/#organization"},"potentialAction":[{"@type":"SearchAction","target":{"@type":"EntryPoint","urlTemplate":"https:\/\/icoca.ch\/fr\/?s={search_term_string}"},"query-input":{"@type":"PropertyValueSpecification","valueRequired":true,"valueName":"search_term_string"}}],"inLanguage":"fr-FR"},{"@type":"Organization","@id":"https:\/\/icoca.ch\/fr\/#organization","name":"ICoCA - International Code of Conduct Association","url":"https:\/\/icoca.ch\/fr\/","logo":{"@type":"ImageObject","inLanguage":"fr-FR","@id":"https:\/\/icoca.ch\/fr\/#\/schema\/logo\/image\/","url":"https:\/\/icoca.ch\/wp-content\/uploads\/2024\/05\/ICoCA_2022_Full-White-Text@3x.png","contentUrl":"https:\/\/icoca.ch\/wp-content\/uploads\/2024\/05\/ICoCA_2022_Full-White-Text@3x.png","width":9588,"height":4297,"caption":"ICoCA - International Code of Conduct Association"},"image":{"@id":"https:\/\/icoca.ch\/fr\/#\/schema\/logo\/image\/"}}]}},"campaignId":"","_links":{"self":[{"href":"https:\/\/icoca.ch\/fr\/wp-json\/wp\/v2\/pages\/8683","targetHints":{"allow":["GET"]}}],"collection":[{"href":"https:\/\/icoca.ch\/fr\/wp-json\/wp\/v2\/pages"}],"about":[{"href":"https:\/\/icoca.ch\/fr\/wp-json\/wp\/v2\/types\/page"}],"author":[{"embeddable":true,"href":"https:\/\/icoca.ch\/fr\/wp-json\/wp\/v2\/users\/3"}],"replies":[{"embeddable":true,"href":"https:\/\/icoca.ch\/fr\/wp-json\/wp\/v2\/comments?post=8683"}],"version-history":[{"count":2,"href":"https:\/\/icoca.ch\/fr\/wp-json\/wp\/v2\/pages\/8683\/revisions"}],"predecessor-version":[{"id":81299,"href":"https:\/\/icoca.ch\/fr\/wp-json\/wp\/v2\/pages\/8683\/revisions\/81299"}],"wp:attachment":[{"href":"https:\/\/icoca.ch\/fr\/wp-json\/wp\/v2\/media?parent=8683"}],"curies":[{"name":"wp","href":"https:\/\/api.w.org\/{rel}","templated":true}]}}