{"id":80880,"date":"2025-11-05T13:37:00","date_gmt":"2025-11-05T13:37:00","guid":{"rendered":"https:\/\/icoca.ch\/the-secretariat\/madeleine-thill\/"},"modified":"2026-03-03T13:25:43","modified_gmt":"2026-03-03T13:25:43","slug":"madeleine-thill","status":"publish","type":"page","link":"https:\/\/icoca.ch\/fr\/the-secretariat\/madeleine-thill\/","title":{"rendered":"Madeleine Thill"},"content":{"rendered":"<table style=\"border-collapse: collapse; width: 100%;\">\n<tbody>\n<tr>\n<td style=\"width: 26.1421%;\"><img loading=\"lazy\" decoding=\"async\" class=\"alignnone size-medium wp-image-81650\" src=\"https:\/\/icoca.ch\/wp-content\/uploads\/2026\/02\/Madeleine-Thill-Round-Photo-300x300.jpg\" alt=\"\" width=\"300\" height=\"300\" srcset=\"https:\/\/icoca.ch\/wp-content\/uploads\/2026\/02\/Madeleine-Thill-Round-Photo-300x300.jpg 300w, https:\/\/icoca.ch\/wp-content\/uploads\/2026\/02\/Madeleine-Thill-Round-Photo-1024x1024.jpg 1024w, https:\/\/icoca.ch\/wp-content\/uploads\/2026\/02\/Madeleine-Thill-Round-Photo-150x150.jpg 150w, https:\/\/icoca.ch\/wp-content\/uploads\/2026\/02\/Madeleine-Thill-Round-Photo-768x768.jpg 768w, https:\/\/icoca.ch\/wp-content\/uploads\/2026\/02\/Madeleine-Thill-Round-Photo-333x333.jpg 333w, https:\/\/icoca.ch\/wp-content\/uploads\/2026\/02\/Madeleine-Thill-Round-Photo.jpg 1080w\" sizes=\"auto, (max-width: 300px) 100vw, 300px\" \/><\/td>\n<td style=\"width: 73.8579%;\">\n<h1>Madeleine Thill<\/h1>\n<p><em>Charg\u00e9e de projets &amp; de plaidoyer junior<\/em><\/p>\n<p>&nbsp;<\/p>\n<p data-start=\"154\" data-end=\"478\">En tant que charg\u00e9e de projet et de plaidoyer junior au sein d\u2019ICoCA, Madeleine soutient le volet plaidoyer de l\u2019organisation dans les pays prioritaires, coordonne les activit\u00e9s, collabore avec les partenaires de la soci\u00e9t\u00e9 civile et \u0153uvre \u00e0 la promotion de pratiques responsables dans le secteur de la s\u00e9curit\u00e9 priv\u00e9e. Elle contribue \u00e9galement \u00e0 la mise en \u0153uvre du projet financ\u00e9 par l\u2019Union europ\u00e9enne, en apportant son appui \u00e0 la conception et \u00e0 la r\u00e9alisation des formations, ainsi qu\u2019\u00e0 la recherche juridique sur les cadres r\u00e9glementaires pertinents.<\/p>\n<p data-start=\"720\" data-end=\"895\">En parall\u00e8le \u00e0 son travail en plaidoyer et en formation, Madeleine est titulaire d\u2019un Master en droit international humanitaire et droits humains de la Geneva Academy.<\/p>\n<\/td>\n<\/tr>\n<\/tbody>\n<\/table>\n","protected":false},"excerpt":{"rendered":"<p>Madeleine Thill Charg\u00e9e de projets &amp; de plaidoyer junior &nbsp; En tant que charg\u00e9e de projet et de plaidoyer junior au sein d\u2019ICoCA, Madeleine soutient le volet plaidoyer de l\u2019organisation dans les pays prioritaires, coordonne les activit\u00e9s, collabore avec les partenaires de la soci\u00e9t\u00e9 civile et \u0153uvre \u00e0 la promotion de pratiques responsables dans le [&hellip;]<\/p>\n","protected":false},"author":5,"featured_media":0,"parent":2735,"menu_order":0,"comment_status":"closed","ping_status":"closed","template":"","meta":{"_acf_changed":false,"give_campaign_id":0,"footnotes":""},"class_list":["post-80880","page","type-page","status-publish","hentry"],"acf":[],"yoast_head":"<!-- This site is optimized with the Yoast SEO plugin v26.5 - https:\/\/yoast.com\/wordpress\/plugins\/seo\/ -->\n<title>Madeleine Thill - ICoCA - International Code of Conduct Association<\/title>\n<meta name=\"robots\" content=\"index, follow, max-snippet:-1, max-image-preview:large, max-video-preview:-1\" \/>\n<link rel=\"canonical\" href=\"https:\/\/icoca.ch\/fr\/the-secretariat\/madeleine-thill\/\" \/>\n<meta property=\"og:locale\" content=\"fr_FR\" \/>\n<meta property=\"og:type\" content=\"article\" \/>\n<meta property=\"og:title\" content=\"Madeleine Thill - ICoCA - International Code of Conduct Association\" \/>\n<meta property=\"og:description\" content=\"Madeleine Thill Charg\u00e9e de projets &amp; de plaidoyer junior &nbsp; En tant que charg\u00e9e de projet et de plaidoyer junior au sein d\u2019ICoCA, Madeleine soutient le volet plaidoyer de l\u2019organisation dans les pays prioritaires, coordonne les activit\u00e9s, collabore avec les partenaires de la soci\u00e9t\u00e9 civile et \u0153uvre \u00e0 la promotion de pratiques responsables dans le [&hellip;]\" \/>\n<meta property=\"og:url\" content=\"https:\/\/icoca.ch\/fr\/the-secretariat\/madeleine-thill\/\" \/>\n<meta property=\"og:site_name\" content=\"ICoCA - International Code of Conduct Association\" \/>\n<meta property=\"article:modified_time\" content=\"2026-03-03T13:25:43+00:00\" \/>\n<meta property=\"og:image\" content=\"https:\/\/icoca.ch\/wp-content\/uploads\/2026\/02\/Madeleine-Thill-Round-Photo.jpg\" \/>\n\t<meta property=\"og:image:width\" content=\"1080\" \/>\n\t<meta property=\"og:image:height\" content=\"1080\" \/>\n\t<meta property=\"og:image:type\" content=\"image\/jpeg\" \/>\n<meta name=\"twitter:card\" content=\"summary_large_image\" \/>\n<meta name=\"twitter:label1\" content=\"Dur\u00e9e de lecture estim\u00e9e\" \/>\n\t<meta name=\"twitter:data1\" content=\"1 minute\" \/>\n<script type=\"application\/ld+json\" class=\"yoast-schema-graph\">{\"@context\":\"https:\/\/schema.org\",\"@graph\":[{\"@type\":\"WebPage\",\"@id\":\"https:\/\/icoca.ch\/fr\/the-secretariat\/madeleine-thill\/\",\"url\":\"https:\/\/icoca.ch\/fr\/the-secretariat\/madeleine-thill\/\",\"name\":\"Madeleine Thill - ICoCA - International Code of Conduct Association\",\"isPartOf\":{\"@id\":\"https:\/\/icoca.ch\/fr\/#website\"},\"primaryImageOfPage\":{\"@id\":\"https:\/\/icoca.ch\/fr\/the-secretariat\/madeleine-thill\/#primaryimage\"},\"image\":{\"@id\":\"https:\/\/icoca.ch\/fr\/the-secretariat\/madeleine-thill\/#primaryimage\"},\"thumbnailUrl\":\"https:\/\/icoca.ch\/wp-content\/uploads\/2026\/02\/Madeleine-Thill-Round-Photo-300x300.jpg\",\"datePublished\":\"2025-11-05T13:37:00+00:00\",\"dateModified\":\"2026-03-03T13:25:43+00:00\",\"breadcrumb\":{\"@id\":\"https:\/\/icoca.ch\/fr\/the-secretariat\/madeleine-thill\/#breadcrumb\"},\"inLanguage\":\"fr-FR\",\"potentialAction\":[{\"@type\":\"ReadAction\",\"target\":[\"https:\/\/icoca.ch\/fr\/the-secretariat\/madeleine-thill\/\"]}]},{\"@type\":\"ImageObject\",\"inLanguage\":\"fr-FR\",\"@id\":\"https:\/\/icoca.ch\/fr\/the-secretariat\/madeleine-thill\/#primaryimage\",\"url\":\"https:\/\/icoca.ch\/wp-content\/uploads\/2026\/02\/Madeleine-Thill-Round-Photo-300x300.jpg\",\"contentUrl\":\"https:\/\/icoca.ch\/wp-content\/uploads\/2026\/02\/Madeleine-Thill-Round-Photo-300x300.jpg\"},{\"@type\":\"BreadcrumbList\",\"@id\":\"https:\/\/icoca.ch\/fr\/the-secretariat\/madeleine-thill\/#breadcrumb\",\"itemListElement\":[{\"@type\":\"ListItem\",\"position\":1,\"name\":\"Home\",\"item\":\"https:\/\/icoca.ch\/fr\/\"},{\"@type\":\"ListItem\",\"position\":2,\"name\":\"Le Secr\u00e9tariat\",\"item\":\"https:\/\/icoca.ch\/fr\/the-secretariat\/\"},{\"@type\":\"ListItem\",\"position\":3,\"name\":\"Madeleine Thill\"}]},{\"@type\":\"WebSite\",\"@id\":\"https:\/\/icoca.ch\/fr\/#website\",\"url\":\"https:\/\/icoca.ch\/fr\/\",\"name\":\"ICoCA - International Code of Conduct Association\",\"description\":\"Promoting responsible private security\",\"publisher\":{\"@id\":\"https:\/\/icoca.ch\/fr\/#organization\"},\"potentialAction\":[{\"@type\":\"SearchAction\",\"target\":{\"@type\":\"EntryPoint\",\"urlTemplate\":\"https:\/\/icoca.ch\/fr\/?s={search_term_string}\"},\"query-input\":{\"@type\":\"PropertyValueSpecification\",\"valueRequired\":true,\"valueName\":\"search_term_string\"}}],\"inLanguage\":\"fr-FR\"},{\"@type\":\"Organization\",\"@id\":\"https:\/\/icoca.ch\/fr\/#organization\",\"name\":\"ICoCA - International Code of Conduct Association\",\"url\":\"https:\/\/icoca.ch\/fr\/\",\"logo\":{\"@type\":\"ImageObject\",\"inLanguage\":\"fr-FR\",\"@id\":\"https:\/\/icoca.ch\/fr\/#\/schema\/logo\/image\/\",\"url\":\"https:\/\/icoca.ch\/wp-content\/uploads\/2024\/05\/ICoCA_2022_Full-White-Text@3x.png\",\"contentUrl\":\"https:\/\/icoca.ch\/wp-content\/uploads\/2024\/05\/ICoCA_2022_Full-White-Text@3x.png\",\"width\":9588,\"height\":4297,\"caption\":\"ICoCA - International Code of Conduct Association\"},\"image\":{\"@id\":\"https:\/\/icoca.ch\/fr\/#\/schema\/logo\/image\/\"}}]}<\/script>\n<!-- \/ Yoast SEO plugin. -->","yoast_head_json":{"title":"Madeleine Thill - ICoCA - International Code of Conduct Association","robots":{"index":"index","follow":"follow","max-snippet":"max-snippet:-1","max-image-preview":"max-image-preview:large","max-video-preview":"max-video-preview:-1"},"canonical":"https:\/\/icoca.ch\/fr\/the-secretariat\/madeleine-thill\/","og_locale":"fr_FR","og_type":"article","og_title":"Madeleine Thill - ICoCA - International Code of Conduct Association","og_description":"Madeleine Thill Charg\u00e9e de projets &amp; de plaidoyer junior &nbsp; En tant que charg\u00e9e de projet et de plaidoyer junior au sein d\u2019ICoCA, Madeleine soutient le volet plaidoyer de l\u2019organisation dans les pays prioritaires, coordonne les activit\u00e9s, collabore avec les partenaires de la soci\u00e9t\u00e9 civile et \u0153uvre \u00e0 la promotion de pratiques responsables dans le [&hellip;]","og_url":"https:\/\/icoca.ch\/fr\/the-secretariat\/madeleine-thill\/","og_site_name":"ICoCA - International Code of Conduct Association","article_modified_time":"2026-03-03T13:25:43+00:00","og_image":[{"width":1080,"height":1080,"url":"https:\/\/icoca.ch\/wp-content\/uploads\/2026\/02\/Madeleine-Thill-Round-Photo.jpg","type":"image\/jpeg"}],"twitter_card":"summary_large_image","twitter_misc":{"Dur\u00e9e de lecture estim\u00e9e":"1 minute"},"schema":{"@context":"https:\/\/schema.org","@graph":[{"@type":"WebPage","@id":"https:\/\/icoca.ch\/fr\/the-secretariat\/madeleine-thill\/","url":"https:\/\/icoca.ch\/fr\/the-secretariat\/madeleine-thill\/","name":"Madeleine Thill - ICoCA - International Code of Conduct Association","isPartOf":{"@id":"https:\/\/icoca.ch\/fr\/#website"},"primaryImageOfPage":{"@id":"https:\/\/icoca.ch\/fr\/the-secretariat\/madeleine-thill\/#primaryimage"},"image":{"@id":"https:\/\/icoca.ch\/fr\/the-secretariat\/madeleine-thill\/#primaryimage"},"thumbnailUrl":"https:\/\/icoca.ch\/wp-content\/uploads\/2026\/02\/Madeleine-Thill-Round-Photo-300x300.jpg","datePublished":"2025-11-05T13:37:00+00:00","dateModified":"2026-03-03T13:25:43+00:00","breadcrumb":{"@id":"https:\/\/icoca.ch\/fr\/the-secretariat\/madeleine-thill\/#breadcrumb"},"inLanguage":"fr-FR","potentialAction":[{"@type":"ReadAction","target":["https:\/\/icoca.ch\/fr\/the-secretariat\/madeleine-thill\/"]}]},{"@type":"ImageObject","inLanguage":"fr-FR","@id":"https:\/\/icoca.ch\/fr\/the-secretariat\/madeleine-thill\/#primaryimage","url":"https:\/\/icoca.ch\/wp-content\/uploads\/2026\/02\/Madeleine-Thill-Round-Photo-300x300.jpg","contentUrl":"https:\/\/icoca.ch\/wp-content\/uploads\/2026\/02\/Madeleine-Thill-Round-Photo-300x300.jpg"},{"@type":"BreadcrumbList","@id":"https:\/\/icoca.ch\/fr\/the-secretariat\/madeleine-thill\/#breadcrumb","itemListElement":[{"@type":"ListItem","position":1,"name":"Home","item":"https:\/\/icoca.ch\/fr\/"},{"@type":"ListItem","position":2,"name":"Le Secr\u00e9tariat","item":"https:\/\/icoca.ch\/fr\/the-secretariat\/"},{"@type":"ListItem","position":3,"name":"Madeleine Thill"}]},{"@type":"WebSite","@id":"https:\/\/icoca.ch\/fr\/#website","url":"https:\/\/icoca.ch\/fr\/","name":"ICoCA - International Code of Conduct Association","description":"Promoting responsible private security","publisher":{"@id":"https:\/\/icoca.ch\/fr\/#organization"},"potentialAction":[{"@type":"SearchAction","target":{"@type":"EntryPoint","urlTemplate":"https:\/\/icoca.ch\/fr\/?s={search_term_string}"},"query-input":{"@type":"PropertyValueSpecification","valueRequired":true,"valueName":"search_term_string"}}],"inLanguage":"fr-FR"},{"@type":"Organization","@id":"https:\/\/icoca.ch\/fr\/#organization","name":"ICoCA - International Code of Conduct Association","url":"https:\/\/icoca.ch\/fr\/","logo":{"@type":"ImageObject","inLanguage":"fr-FR","@id":"https:\/\/icoca.ch\/fr\/#\/schema\/logo\/image\/","url":"https:\/\/icoca.ch\/wp-content\/uploads\/2024\/05\/ICoCA_2022_Full-White-Text@3x.png","contentUrl":"https:\/\/icoca.ch\/wp-content\/uploads\/2024\/05\/ICoCA_2022_Full-White-Text@3x.png","width":9588,"height":4297,"caption":"ICoCA - International Code of Conduct Association"},"image":{"@id":"https:\/\/icoca.ch\/fr\/#\/schema\/logo\/image\/"}}]}},"campaignId":"","_links":{"self":[{"href":"https:\/\/icoca.ch\/fr\/wp-json\/wp\/v2\/pages\/80880","targetHints":{"allow":["GET"]}}],"collection":[{"href":"https:\/\/icoca.ch\/fr\/wp-json\/wp\/v2\/pages"}],"about":[{"href":"https:\/\/icoca.ch\/fr\/wp-json\/wp\/v2\/types\/page"}],"author":[{"embeddable":true,"href":"https:\/\/icoca.ch\/fr\/wp-json\/wp\/v2\/users\/5"}],"replies":[{"embeddable":true,"href":"https:\/\/icoca.ch\/fr\/wp-json\/wp\/v2\/comments?post=80880"}],"version-history":[{"count":1,"href":"https:\/\/icoca.ch\/fr\/wp-json\/wp\/v2\/pages\/80880\/revisions"}],"predecessor-version":[{"id":82088,"href":"https:\/\/icoca.ch\/fr\/wp-json\/wp\/v2\/pages\/80880\/revisions\/82088"}],"up":[{"embeddable":true,"href":"https:\/\/icoca.ch\/fr\/wp-json\/wp\/v2\/pages\/2735"}],"wp:attachment":[{"href":"https:\/\/icoca.ch\/fr\/wp-json\/wp\/v2\/media?parent=80880"}],"curies":[{"name":"wp","href":"https:\/\/api.w.org\/{rel}","templated":true}]}}