{"id":69084,"date":"2025-07-22T20:06:54","date_gmt":"2025-07-22T20:06:54","guid":{"rendered":"https:\/\/icoca.ch\/?page_id=69084"},"modified":"2025-11-19T08:51:27","modified_gmt":"2025-11-19T08:51:27","slug":"organismes-de-certification-acceptes-par-icoca","status":"publish","type":"page","link":"https:\/\/icoca.ch\/fr\/what-we-do\/certification\/organismes-de-certification-acceptes-par-icoca\/","title":{"rendered":"Organismes de certification accept\u00e9s par ICoCA"},"content":{"rendered":"<p data-start=\"40\" data-end=\"73\"><strong data-start=\"40\" data-end=\"73\">Normes de certification ICoCA<\/strong><\/p>\n<p>Pour devenir Membre Certifi\u00e9 d&rsquo;ICoCA, une entreprise de s\u00e9curit\u00e9 priv\u00e9e (ESP) doit \u00eatre certifi\u00e9e selon une norme externe reconnue par ICoCA<a href=\"#_ftn1\" name=\"_ftnref1\">[1]<\/a> pour la certification. Cette norme doit \u00e9galement \u00eatre d\u00e9livr\u00e9e par un organisme de certification accept\u00e9. Actuellement, les normes reconnues suivantes peuvent \u00eatre utilis\u00e9es pour la certification :<\/p>\n<ul>\n<li>ISO 18788<\/li>\n<li>PSC.1<\/li>\n<li>ISO 28007<a href=\"#_ftn2\" name=\"_ftnref2\">[2]<\/a><\/li>\n<\/ul>\n<p>De nouvelles normes peuvent \u00eatre propos\u00e9es par les entreprises Membres, et il est pr\u00e9vu que le nombre de normes accept\u00e9es pour la certification augmente avec le temps.<a href=\"#_ftn3\" name=\"_ftnref3\">[3]<\/a><\/p>\n<p data-start=\"53\" data-end=\"93\"><strong data-start=\"53\" data-end=\"93\">Organismes de certification accept\u00e9s<\/strong><\/p>\n<p>ICoCA n\u2019accepte pas les certifications \u00e9mises par tous les organismes de certification, car de nombreux organismes ne respectent pas des normes rigoureuses et \u00e9lev\u00e9es. Par cons\u00e9quent, les certifications qu\u2019ils d\u00e9livrent ne sont pas acceptables pour la certification propre \u00e0 ICoCA.<\/p>\n<p data-start=\"378\" data-end=\"449\">Un organisme de certification peut \u00eatre accept\u00e9 selon deux m\u00e9canismes :<\/p>\n<ol>\n<li>L\u2019organisme de certification est accr\u00e9dit\u00e9 selon une norme reconnue par ICoCA par un membre de l\u2019IAF-MLA. Les membres de l\u2019IAF-MLA peuvent \u00eatre v\u00e9rifi\u00e9s <a href=\"https:\/\/iaf.nu\/en\/accreditation-bodies\/\">ici<\/a>.\n<ol>\n<li>Seuls <a href=\"https:\/\/www.ukas.com\/\">UKAS<\/a>, <a href=\"https:\/\/onac.org.co\/en\/home\/\">ONAC<\/a>,\u00a0<a href=\"https:\/\/www.cofrac.fr\/\">Cofrac<\/a> et EGAC accr\u00e9ditent actuellement des organismes de certification selon la norme ISO 18788.<\/li>\n<li>Seul <a href=\"https:\/\/www.ukas.com\/\">UKAS<\/a> accr\u00e9dite des organismes de certification selon la norme ISO 28007.<\/li>\n<\/ol>\n<\/li>\n<li>L\u2019organisme de certification est accr\u00e9dit\u00e9 selon la norme ISO 17021 par un membre de l\u2019IAF-MLA et a r\u00e9ussi les v\u00e9rifications de comp\u00e9tence d\u2019ICoCA. Les membres de l\u2019IAF-MLA peuvent \u00eatre v\u00e9rifi\u00e9s <a href=\"https:\/\/iaf.nu\/en\/accreditation-bodies\/\">ici<\/a>.<\/li>\n<\/ol>\n<p data-start=\"40\" data-end=\"129\"><strong data-start=\"40\" data-end=\"129\">Organismes de certification directement accr\u00e9dit\u00e9s selon une norme reconnue par ICoCA<\/strong><\/p>\n<p data-start=\"131\" data-end=\"235\">Les organismes de certification accept\u00e9s suivants sont directement accr\u00e9dit\u00e9s selon une norme reconnue :<\/p>\n<table class=\" aligncenter\" style=\"border-collapse: collapse; width: 25.9286%;\">\n<tbody>\n<tr>\n<td style=\"width: 7.07395%;\"><a href=\"https:\/\/www.aescol.com\/es\">AES<\/a><\/td>\n<td style=\"width: 7.82827%;\"><a href=\"https:\/\/ccs.org.co\/\">CCS<\/a><\/td>\n<td style=\"width: 7.78752%;\"><a href=\"https:\/\/www.icontec.org\/eval-conformidad\/certificacion-iso-18788-sistema-de-gestion-de-operaciones-de-seguridad-privada\/\">Icontec<\/a><\/td>\n<\/tr>\n<tr>\n<td style=\"width: 7.07395%;\"><a href=\"https:\/\/www.intertek.com\/assurance\/iso-18788-psc1\/\">Intertek<\/a><\/td>\n<td style=\"width: 7.82827%;\"><a href=\"http:\/\/www.iqs-egypt.com\">IQS Egypt<\/a><\/td>\n<td style=\"width: 7.78752%;\"><a href=\"https:\/\/www.mssglobal.com\/\">MSS Global<\/a><\/td>\n<\/tr>\n<\/tbody>\n<\/table>\n<p data-start=\"40\" data-end=\"107\"><strong data-start=\"40\" data-end=\"107\">Organismes de certification accr\u00e9dit\u00e9s selon la norme ISO 17021<\/strong><\/p>\n<p>Les organismes de certification accept\u00e9s suivants sont accr\u00e9dit\u00e9s selon la norme ISO 17021 et ont r\u00e9ussi les v\u00e9rifications de comp\u00e9tence d\u2019ICoCA :<\/p>\n<table class=\" aligncenter\" style=\"width: 40.1192%;\">\n<tbody>\n<tr>\n<td style=\"text-align: center; width: 26.504%;\" width=\"200\"><a href=\"https:\/\/www.dnv.sg\/\">DNV<\/a><\/td>\n<td style=\"text-align: center; width: 32.3471%;\" width=\"200\"><a href=\"https:\/\/www.dqsglobal.com\/en-za\/certify\/iso-18788-certification\">DQS<\/a><\/td>\n<td style=\"text-align: center; width: 29.252%;\" width=\"200\"><a href=\"https:\/\/en.eurocert.group\/certifications\/iso-18788\">Eurocert<\/a><\/td>\n<\/tr>\n<tr>\n<td style=\"text-align: center; width: 26.504%;\" width=\"200\"><a href=\"https:\/\/www.ias-register.com\/en\/\">IAS Register<\/a><\/td>\n<td style=\"text-align: center; width: 32.3471%;\" width=\"200\"><a href=\"https:\/\/infinitycert.com\/\">Infinity Cert<\/a><\/td>\n<td style=\"text-align: center; width: 29.252%;\" width=\"200\"><a href=\"https:\/\/liberoassurance.org\/iso-18788-management-system-for-private-security-operations\/\">Libero Assurance<\/a><\/td>\n<\/tr>\n<tr>\n<td style=\"text-align: center; width: 26.504%;\" width=\"200\"><a href=\"https:\/\/qms.net\/iso-28007-12015\/\">QMS Global<\/a><\/td>\n<td style=\"text-align: center; width: 32.3471%;\" width=\"200\"><a href=\"https:\/\/smg-aw.com\/our-services\/certification\/security-operations\/iso-18788\/\">SMG<\/a><\/td>\n<td style=\"text-align: center; width: 29.252%;\" width=\"200\"><a href=\"https:\/\/tuvaustriahellas.gr\/iso-18788\/?lang=en\">TUV Austria Hellas<\/a><\/td>\n<\/tr>\n<tr>\n<td style=\"text-align: center; width: 26.504%;\" width=\"200\"><a href=\"https:\/\/www.unit.org.uy\/\">UNIT<\/a><\/td>\n<td style=\"text-align: center; width: 32.3471%;\" width=\"200\"><\/td>\n<td style=\"text-align: center; width: 29.252%;\" width=\"200\"><\/td>\n<\/tr>\n<\/tbody>\n<\/table>\n<p><strong>Quelle est la diff\u00e9rence entre un organisme de certification directement accr\u00e9dit\u00e9 selon une norme reconnue et un organisme accr\u00e9dit\u00e9 selon ISO 17021 et ayant r\u00e9ussi les v\u00e9rifications de comp\u00e9tence d\u2019ICoCA<\/strong> ?<\/p>\n<p data-start=\"290\" data-end=\"785\">Un organisme de certification accr\u00e9dit\u00e9 selon une norme reconnue est r\u00e9guli\u00e8rement contr\u00f4l\u00e9 par l\u2019organisme d\u2019accr\u00e9ditation (membre de l\u2019IAF-MLA) afin de s\u2019assurer qu\u2019il d\u00e9livre des certifications conformes \u00e0 cette norme sp\u00e9cifique. L\u2019organisme de certification peut \u00e9galement \u00eatre tenu de respecter certaines directives, telles que les <a href=\"https:\/\/www.ukas.com\/wp-content\/uploads\/2024\/07\/CIS-9-UKAS-guidance-for-Certification-Bodies-certifying-private-maritime-security-companies-against-ISO-28000-ISO-28007-1.pdf\">CIS 9<\/a> ou <a href=\"https:\/\/www.ukas.com\/wp-content\/uploads\/2024\/07\/CIS-10-UKAS-guidance-for-Certification-Bodies-certifying-the-management-systems-of-private-security-companies-against-ANSI-ASIS.pdf\">CIS 10<\/a> de UKAS, ou le Guide de l\u2019EGAC pour les organismes offrant la certification du syst\u00e8me de management ISO 18788 pour les op\u00e9rations de s\u00e9curit\u00e9 priv\u00e9e. Un organisme de certification accr\u00e9dit\u00e9 selon ISO 18788 doit \u00e9galement \u00eatre accr\u00e9dit\u00e9 selon ISO 17021.<\/p>\n<p data-start=\"787\" data-end=\"1286\">Un organisme de certification accr\u00e9dit\u00e9 selon ISO 17021 (mais pas selon une norme reconnue) est r\u00e9guli\u00e8rement contr\u00f4l\u00e9 par l\u2019organisme d\u2019accr\u00e9ditation pour v\u00e9rifier qu\u2019il fonctionne conform\u00e9ment aux bonnes pratiques applicables aux organismes de certification. Parmi les aspects v\u00e9rifi\u00e9s, l\u2019organisme d\u2019accr\u00e9ditation s\u2019assure que l\u2019organisme de certification est comp\u00e9tent, coh\u00e9rent, impartial, ind\u00e9pendant et fiable. En revanche, il n\u2019est pas contr\u00f4l\u00e9 par rapport \u00e0 la norme reconnue elle-m\u00eame.<\/p>\n<p data-start=\"1288\" data-end=\"1533\">\u00c9tant donn\u00e9 la surveillance suppl\u00e9mentaire apport\u00e9e par l\u2019accr\u00e9ditation selon une norme reconnue, ICoCA encourage tous les organismes de certification accept\u00e9s via la voie ISO 17021 \u00e0 obtenir \u00e9galement une accr\u00e9ditation selon une norme reconnue.<\/p>\n<p data-start=\"1535\" data-end=\"1929\">Les certificats d\u00e9livr\u00e9s aux ESP par des organismes de certification accr\u00e9dit\u00e9s selon une norme reconnue sont souvent consultables via la <a href=\"https:\/\/www.iafcertsearch.org\/\">base de donn\u00e9es de certification<\/a> de l\u2019IAF. Il convient toutefois de noter que l\u2019utilisation de cette base de donn\u00e9es par les membres de l\u2019IAF pourrait ne pas \u00eatre universelle, en raison de pr\u00e9occupations li\u00e9es \u00e0 la confidentialit\u00e9.<a href=\"#_ftn4\" name=\"_ftnref4\">[4]<\/a> Les certificats \u00e9mis par des organismes accr\u00e9dit\u00e9s uniquement selon ISO 17021 ne sont g\u00e9n\u00e9ralement pas visibles dans cette base, car ils ne sont pas accr\u00e9dit\u00e9s selon la norme reconnue par un membre de l\u2019IAF-MLA.<\/p>\n<p data-start=\"1931\" data-end=\"2016\">Des informations sur la certification ICoCA sont disponibles sur le <a href=\"https:\/\/icoca.ch\/fr\/\">site web d\u2019ICoCA<\/a>.<\/p>\n<p>&nbsp;<\/p>\n<p><strong><u>Questions<\/u><\/strong><\/p>\n<p><strong>Que faire si mon organisme de certification est accr\u00e9dit\u00e9 selon la norme ISO 17021 par un membre de l\u2019IAF-MLA mais n\u2019est actuellement pas accept\u00e9 par ICoCA ?<\/strong><\/p>\n<p>Veuillez contacter le Secr\u00e9tariat d\u2019ICoCA \u00e0 l\u2019adresse suivante : <a class=\"cursor-pointer\" href=\"mailto:secretariat@icoca.ch\" rel=\"noopener\" data-start=\"303\" data-end=\"323\">secretariat@icoca.ch<\/a>. Le Secr\u00e9tariat pourra alors examiner si l\u2019organisme de certification peut \u00eatre accept\u00e9. Veuillez noter que, dans le cadre du processus d\u2019\u00e9valuation, le personnel de l\u2019organisme de certification devra \u00eatre interview\u00e9.<\/p>\n<p><strong>Que faire si mon organisme de certification n\u2019est pas accr\u00e9dit\u00e9 selon ISO 17021 par un membre de l\u2019IAF-MLA ?<\/strong><\/p>\n<p>Les certifications \u00e9mises par de tels organismes de certification ne peuvent pas \u00eatre accept\u00e9es pour la certification ICoCA.<\/p>\n<p>&nbsp;<\/p>\n<p><strong>Pour plus d\u2019informations, veuillez contacter ICoCA \u00e0 l\u2019adresse suivante : <\/strong><a href=\"mailto:secretariat@icoca.ch\"><strong>secretariat@icoca.ch<\/strong><\/a><strong>.<\/strong><\/p>\n<p>&nbsp;<\/p>\n<hr \/>\n<p><a href=\"#_ftnref1\" name=\"_ftn1\">[1]<\/a> Techniquement, le Conseil d\u2019administration d\u2019ICoCA, conform\u00e9ment aux <a href=\"https:\/\/icoca.ch\/wp-content\/uploads\/2020\/10\/Art-11-Procedures.pdf\">proc\u00e9dures de l\u2019article 11<\/a>.<\/p>\n<p><a href=\"#_ftnref2\" name=\"_ftn2\">[2]<\/a> La certification porte sur la norme ISO 28000, en utilisant la norme ISO 28007-1:2015, \u00ab Navires et technologie maritime \u2013 Lignes directrices pour les entreprises de s\u00e9curit\u00e9 priv\u00e9e maritimes (ESPM) fournissant du personnel de s\u00e9curit\u00e9 arm\u00e9 priv\u00e9 (PCASP) \u00e0 bord des navires, Partie 1 : G\u00e9n\u00e9ralit\u00e9s \u00bb.<\/p>\n<p><a href=\"#_ftnref3\" name=\"_ftn3\">[3]<\/a> Pour plus de d\u00e9tails, veuillez consulter les <a href=\"https:\/\/icoca.ch\/wp-content\/uploads\/2020\/10\/Art-11-Procedures.pdf\">proc\u00e9dures de l\u2019article 11<\/a> d\u2019ICoCA, en particulier la section III. Proc\u00e9dure de certification d\u2019ICoCA, Reconnaissance des normes par le Conseil.<\/p>\n<p><a href=\"#_ftnref4\" name=\"_ftn4\">[4]<\/a> <a href=\"https:\/\/www.dakks.de\/en\/news\/no-obligation-to-use-the-iaf-certsearch-database.html\">L\u2019organisme national d\u2019accr\u00e9ditation allemand, DAKKS, a exprim\u00e9 des pr\u00e9occupations concernant cette base de donn\u00e9es<\/a>.<\/p>\n","protected":false},"excerpt":{"rendered":"<p>Normes de certification ICoCA Pour devenir Membre Certifi\u00e9 d&rsquo;ICoCA, une entreprise de s\u00e9curit\u00e9 priv\u00e9e (ESP) doit \u00eatre certifi\u00e9e selon une norme externe reconnue par ICoCA[1] pour la certification. Cette norme doit \u00e9galement \u00eatre d\u00e9livr\u00e9e par un organisme de certification accept\u00e9. Actuellement, les normes reconnues suivantes peuvent \u00eatre utilis\u00e9es pour la certification : ISO 18788 PSC.1 [&hellip;]<\/p>\n","protected":false},"author":15,"featured_media":0,"parent":6805,"menu_order":0,"comment_status":"closed","ping_status":"closed","template":"","meta":{"_acf_changed":false,"give_campaign_id":0,"footnotes":""},"class_list":["post-69084","page","type-page","status-publish","hentry"],"acf":[],"yoast_head":"<!-- This site is optimized with the Yoast SEO plugin v26.5 - https:\/\/yoast.com\/wordpress\/plugins\/seo\/ -->\n<title>Organismes de certification accept\u00e9s par ICoCA - ICoCA - International Code of Conduct Association<\/title>\n<meta name=\"robots\" content=\"index, follow, max-snippet:-1, max-image-preview:large, max-video-preview:-1\" \/>\n<link rel=\"canonical\" href=\"https:\/\/icoca.ch\/fr\/what-we-do\/certification\/organismes-de-certification-acceptes-par-icoca\/\" \/>\n<meta property=\"og:locale\" content=\"fr_FR\" \/>\n<meta property=\"og:type\" content=\"article\" \/>\n<meta property=\"og:title\" content=\"Organismes de certification accept\u00e9s par ICoCA - ICoCA - International Code of Conduct Association\" \/>\n<meta property=\"og:description\" content=\"Normes de certification ICoCA Pour devenir Membre Certifi\u00e9 d&rsquo;ICoCA, une entreprise de s\u00e9curit\u00e9 priv\u00e9e (ESP) doit \u00eatre certifi\u00e9e selon une norme externe reconnue par ICoCA[1] pour la certification. Cette norme doit \u00e9galement \u00eatre d\u00e9livr\u00e9e par un organisme de certification accept\u00e9. Actuellement, les normes reconnues suivantes peuvent \u00eatre utilis\u00e9es pour la certification : ISO 18788 PSC.1 [&hellip;]\" \/>\n<meta property=\"og:url\" content=\"https:\/\/icoca.ch\/fr\/what-we-do\/certification\/organismes-de-certification-acceptes-par-icoca\/\" \/>\n<meta property=\"og:site_name\" content=\"ICoCA - International Code of Conduct Association\" \/>\n<meta property=\"article:modified_time\" content=\"2025-11-19T08:51:27+00:00\" \/>\n<meta name=\"twitter:card\" content=\"summary_large_image\" \/>\n<meta name=\"twitter:label1\" content=\"Dur\u00e9e de lecture estim\u00e9e\" \/>\n\t<meta name=\"twitter:data1\" content=\"4 minutes\" \/>\n<script type=\"application\/ld+json\" class=\"yoast-schema-graph\">{\"@context\":\"https:\/\/schema.org\",\"@graph\":[{\"@type\":\"WebPage\",\"@id\":\"https:\/\/icoca.ch\/fr\/what-we-do\/certification\/organismes-de-certification-acceptes-par-icoca\/\",\"url\":\"https:\/\/icoca.ch\/fr\/what-we-do\/certification\/organismes-de-certification-acceptes-par-icoca\/\",\"name\":\"Organismes de certification accept\u00e9s par ICoCA - ICoCA - International Code of Conduct Association\",\"isPartOf\":{\"@id\":\"https:\/\/icoca.ch\/fr\/#website\"},\"datePublished\":\"2025-07-22T20:06:54+00:00\",\"dateModified\":\"2025-11-19T08:51:27+00:00\",\"breadcrumb\":{\"@id\":\"https:\/\/icoca.ch\/fr\/what-we-do\/certification\/organismes-de-certification-acceptes-par-icoca\/#breadcrumb\"},\"inLanguage\":\"fr-FR\",\"potentialAction\":[{\"@type\":\"ReadAction\",\"target\":[\"https:\/\/icoca.ch\/fr\/what-we-do\/certification\/organismes-de-certification-acceptes-par-icoca\/\"]}]},{\"@type\":\"BreadcrumbList\",\"@id\":\"https:\/\/icoca.ch\/fr\/what-we-do\/certification\/organismes-de-certification-acceptes-par-icoca\/#breadcrumb\",\"itemListElement\":[{\"@type\":\"ListItem\",\"position\":1,\"name\":\"Home\",\"item\":\"https:\/\/icoca.ch\/fr\/\"},{\"@type\":\"ListItem\",\"position\":2,\"name\":\"NOS ACTIVIT\u00c9S\",\"item\":\"https:\/\/icoca.ch\/fr\/what-we-do\/\"},{\"@type\":\"ListItem\",\"position\":3,\"name\":\"Certification\",\"item\":\"https:\/\/icoca.ch\/fr\/what-we-do\/certification\/\"},{\"@type\":\"ListItem\",\"position\":4,\"name\":\"Organismes de certification accept\u00e9s par ICoCA\"}]},{\"@type\":\"WebSite\",\"@id\":\"https:\/\/icoca.ch\/fr\/#website\",\"url\":\"https:\/\/icoca.ch\/fr\/\",\"name\":\"ICoCA - International Code of Conduct Association\",\"description\":\"Promoting responsible private security\",\"publisher\":{\"@id\":\"https:\/\/icoca.ch\/fr\/#organization\"},\"potentialAction\":[{\"@type\":\"SearchAction\",\"target\":{\"@type\":\"EntryPoint\",\"urlTemplate\":\"https:\/\/icoca.ch\/fr\/?s={search_term_string}\"},\"query-input\":{\"@type\":\"PropertyValueSpecification\",\"valueRequired\":true,\"valueName\":\"search_term_string\"}}],\"inLanguage\":\"fr-FR\"},{\"@type\":\"Organization\",\"@id\":\"https:\/\/icoca.ch\/fr\/#organization\",\"name\":\"ICoCA - International Code of Conduct Association\",\"url\":\"https:\/\/icoca.ch\/fr\/\",\"logo\":{\"@type\":\"ImageObject\",\"inLanguage\":\"fr-FR\",\"@id\":\"https:\/\/icoca.ch\/fr\/#\/schema\/logo\/image\/\",\"url\":\"https:\/\/icoca.ch\/wp-content\/uploads\/2024\/05\/ICoCA_2022_Full-White-Text@3x.png\",\"contentUrl\":\"https:\/\/icoca.ch\/wp-content\/uploads\/2024\/05\/ICoCA_2022_Full-White-Text@3x.png\",\"width\":9588,\"height\":4297,\"caption\":\"ICoCA - International Code of Conduct Association\"},\"image\":{\"@id\":\"https:\/\/icoca.ch\/fr\/#\/schema\/logo\/image\/\"}}]}<\/script>\n<!-- \/ Yoast SEO plugin. -->","yoast_head_json":{"title":"Organismes de certification accept\u00e9s par ICoCA - ICoCA - International Code of Conduct Association","robots":{"index":"index","follow":"follow","max-snippet":"max-snippet:-1","max-image-preview":"max-image-preview:large","max-video-preview":"max-video-preview:-1"},"canonical":"https:\/\/icoca.ch\/fr\/what-we-do\/certification\/organismes-de-certification-acceptes-par-icoca\/","og_locale":"fr_FR","og_type":"article","og_title":"Organismes de certification accept\u00e9s par ICoCA - ICoCA - International Code of Conduct Association","og_description":"Normes de certification ICoCA Pour devenir Membre Certifi\u00e9 d&rsquo;ICoCA, une entreprise de s\u00e9curit\u00e9 priv\u00e9e (ESP) doit \u00eatre certifi\u00e9e selon une norme externe reconnue par ICoCA[1] pour la certification. Cette norme doit \u00e9galement \u00eatre d\u00e9livr\u00e9e par un organisme de certification accept\u00e9. Actuellement, les normes reconnues suivantes peuvent \u00eatre utilis\u00e9es pour la certification : ISO 18788 PSC.1 [&hellip;]","og_url":"https:\/\/icoca.ch\/fr\/what-we-do\/certification\/organismes-de-certification-acceptes-par-icoca\/","og_site_name":"ICoCA - International Code of Conduct Association","article_modified_time":"2025-11-19T08:51:27+00:00","twitter_card":"summary_large_image","twitter_misc":{"Dur\u00e9e de lecture estim\u00e9e":"4 minutes"},"schema":{"@context":"https:\/\/schema.org","@graph":[{"@type":"WebPage","@id":"https:\/\/icoca.ch\/fr\/what-we-do\/certification\/organismes-de-certification-acceptes-par-icoca\/","url":"https:\/\/icoca.ch\/fr\/what-we-do\/certification\/organismes-de-certification-acceptes-par-icoca\/","name":"Organismes de certification accept\u00e9s par ICoCA - ICoCA - International Code of Conduct Association","isPartOf":{"@id":"https:\/\/icoca.ch\/fr\/#website"},"datePublished":"2025-07-22T20:06:54+00:00","dateModified":"2025-11-19T08:51:27+00:00","breadcrumb":{"@id":"https:\/\/icoca.ch\/fr\/what-we-do\/certification\/organismes-de-certification-acceptes-par-icoca\/#breadcrumb"},"inLanguage":"fr-FR","potentialAction":[{"@type":"ReadAction","target":["https:\/\/icoca.ch\/fr\/what-we-do\/certification\/organismes-de-certification-acceptes-par-icoca\/"]}]},{"@type":"BreadcrumbList","@id":"https:\/\/icoca.ch\/fr\/what-we-do\/certification\/organismes-de-certification-acceptes-par-icoca\/#breadcrumb","itemListElement":[{"@type":"ListItem","position":1,"name":"Home","item":"https:\/\/icoca.ch\/fr\/"},{"@type":"ListItem","position":2,"name":"NOS ACTIVIT\u00c9S","item":"https:\/\/icoca.ch\/fr\/what-we-do\/"},{"@type":"ListItem","position":3,"name":"Certification","item":"https:\/\/icoca.ch\/fr\/what-we-do\/certification\/"},{"@type":"ListItem","position":4,"name":"Organismes de certification accept\u00e9s par ICoCA"}]},{"@type":"WebSite","@id":"https:\/\/icoca.ch\/fr\/#website","url":"https:\/\/icoca.ch\/fr\/","name":"ICoCA - International Code of Conduct Association","description":"Promoting responsible private security","publisher":{"@id":"https:\/\/icoca.ch\/fr\/#organization"},"potentialAction":[{"@type":"SearchAction","target":{"@type":"EntryPoint","urlTemplate":"https:\/\/icoca.ch\/fr\/?s={search_term_string}"},"query-input":{"@type":"PropertyValueSpecification","valueRequired":true,"valueName":"search_term_string"}}],"inLanguage":"fr-FR"},{"@type":"Organization","@id":"https:\/\/icoca.ch\/fr\/#organization","name":"ICoCA - International Code of Conduct Association","url":"https:\/\/icoca.ch\/fr\/","logo":{"@type":"ImageObject","inLanguage":"fr-FR","@id":"https:\/\/icoca.ch\/fr\/#\/schema\/logo\/image\/","url":"https:\/\/icoca.ch\/wp-content\/uploads\/2024\/05\/ICoCA_2022_Full-White-Text@3x.png","contentUrl":"https:\/\/icoca.ch\/wp-content\/uploads\/2024\/05\/ICoCA_2022_Full-White-Text@3x.png","width":9588,"height":4297,"caption":"ICoCA - International Code of Conduct Association"},"image":{"@id":"https:\/\/icoca.ch\/fr\/#\/schema\/logo\/image\/"}}]}},"campaignId":"","_links":{"self":[{"href":"https:\/\/icoca.ch\/fr\/wp-json\/wp\/v2\/pages\/69084","targetHints":{"allow":["GET"]}}],"collection":[{"href":"https:\/\/icoca.ch\/fr\/wp-json\/wp\/v2\/pages"}],"about":[{"href":"https:\/\/icoca.ch\/fr\/wp-json\/wp\/v2\/types\/page"}],"author":[{"embeddable":true,"href":"https:\/\/icoca.ch\/fr\/wp-json\/wp\/v2\/users\/15"}],"replies":[{"embeddable":true,"href":"https:\/\/icoca.ch\/fr\/wp-json\/wp\/v2\/comments?post=69084"}],"version-history":[{"count":4,"href":"https:\/\/icoca.ch\/fr\/wp-json\/wp\/v2\/pages\/69084\/revisions"}],"predecessor-version":[{"id":82758,"href":"https:\/\/icoca.ch\/fr\/wp-json\/wp\/v2\/pages\/69084\/revisions\/82758"}],"up":[{"embeddable":true,"href":"https:\/\/icoca.ch\/fr\/wp-json\/wp\/v2\/pages\/6805"}],"wp:attachment":[{"href":"https:\/\/icoca.ch\/fr\/wp-json\/wp\/v2\/media?parent=69084"}],"curies":[{"name":"wp","href":"https:\/\/api.w.org\/{rel}","templated":true}]}}