{"id":6840,"date":"2021-12-03T08:03:54","date_gmt":"2021-12-03T08:03:54","guid":{"rendered":"https:\/\/icoca.ch\/?page_id=6840"},"modified":"2024-12-11T09:11:05","modified_gmt":"2024-12-11T09:11:05","slug":"monitoring","status":"publish","type":"page","link":"https:\/\/icoca.ch\/fr\/what-we-do\/monitoring\/","title":{"rendered":"Evaluation et suivi"},"content":{"rendered":"<p>Nous \u00e9valuons continuellement nos entreprises membres et affili\u00e9es afin de garantir leur conformit\u00e9 au Code et d&rsquo;am\u00e9liorer leurs op\u00e9rations.<\/p>\n","protected":false},"excerpt":{"rendered":"<p>Nous \u00e9valuons continuellement nos entreprises membres et affili\u00e9es afin de garantir leur conformit\u00e9 au Code et d&rsquo;am\u00e9liorer leurs op\u00e9rations.<\/p>\n","protected":false},"author":3,"featured_media":0,"parent":2654,"menu_order":0,"comment_status":"closed","ping_status":"closed","template":"page-monitoring.php","meta":{"_acf_changed":false,"give_campaign_id":0,"footnotes":""},"class_list":["post-6840","page","type-page","status-publish","hentry"],"acf":[],"yoast_head":"<!-- This site is optimized with the Yoast SEO plugin v26.5 - https:\/\/yoast.com\/wordpress\/plugins\/seo\/ -->\n<title>Evaluation et suivi - ICoCA - International Code of Conduct Association<\/title>\n<meta name=\"robots\" content=\"index, follow, max-snippet:-1, max-image-preview:large, max-video-preview:-1\" \/>\n<link rel=\"canonical\" href=\"https:\/\/icoca.ch\/fr\/what-we-do\/monitoring\/\" \/>\n<meta property=\"og:locale\" content=\"fr_FR\" \/>\n<meta property=\"og:type\" content=\"article\" \/>\n<meta property=\"og:title\" content=\"Evaluation et suivi - ICoCA - International Code of Conduct Association\" \/>\n<meta property=\"og:description\" content=\"Nous \u00e9valuons continuellement nos entreprises membres et affili\u00e9es afin de garantir leur conformit\u00e9 au Code et d&rsquo;am\u00e9liorer leurs op\u00e9rations.\" \/>\n<meta property=\"og:url\" content=\"https:\/\/icoca.ch\/fr\/what-we-do\/monitoring\/\" \/>\n<meta property=\"og:site_name\" content=\"ICoCA - International Code of Conduct Association\" \/>\n<meta property=\"article:modified_time\" content=\"2024-12-11T09:11:05+00:00\" \/>\n<meta name=\"twitter:card\" content=\"summary_large_image\" \/>\n<meta name=\"twitter:label1\" content=\"Dur\u00e9e de lecture estim\u00e9e\" \/>\n\t<meta name=\"twitter:data1\" content=\"1 minute\" \/>\n<script type=\"application\/ld+json\" class=\"yoast-schema-graph\">{\"@context\":\"https:\/\/schema.org\",\"@graph\":[{\"@type\":\"WebPage\",\"@id\":\"https:\/\/icoca.ch\/fr\/what-we-do\/monitoring\/\",\"url\":\"https:\/\/icoca.ch\/fr\/what-we-do\/monitoring\/\",\"name\":\"Evaluation et suivi - ICoCA - International Code of Conduct Association\",\"isPartOf\":{\"@id\":\"https:\/\/icoca.ch\/fr\/#website\"},\"datePublished\":\"2021-12-03T08:03:54+00:00\",\"dateModified\":\"2024-12-11T09:11:05+00:00\",\"breadcrumb\":{\"@id\":\"https:\/\/icoca.ch\/fr\/what-we-do\/monitoring\/#breadcrumb\"},\"inLanguage\":\"fr-FR\",\"potentialAction\":[{\"@type\":\"ReadAction\",\"target\":[\"https:\/\/icoca.ch\/fr\/what-we-do\/monitoring\/\"]}]},{\"@type\":\"BreadcrumbList\",\"@id\":\"https:\/\/icoca.ch\/fr\/what-we-do\/monitoring\/#breadcrumb\",\"itemListElement\":[{\"@type\":\"ListItem\",\"position\":1,\"name\":\"Home\",\"item\":\"https:\/\/icoca.ch\/fr\/\"},{\"@type\":\"ListItem\",\"position\":2,\"name\":\"NOS ACTIVIT\u00c9S\",\"item\":\"https:\/\/icoca.ch\/fr\/what-we-do\/\"},{\"@type\":\"ListItem\",\"position\":3,\"name\":\"Evaluation et suivi\"}]},{\"@type\":\"WebSite\",\"@id\":\"https:\/\/icoca.ch\/fr\/#website\",\"url\":\"https:\/\/icoca.ch\/fr\/\",\"name\":\"ICoCA - International Code of Conduct Association\",\"description\":\"Promoting responsible private security\",\"publisher\":{\"@id\":\"https:\/\/icoca.ch\/fr\/#organization\"},\"potentialAction\":[{\"@type\":\"SearchAction\",\"target\":{\"@type\":\"EntryPoint\",\"urlTemplate\":\"https:\/\/icoca.ch\/fr\/?s={search_term_string}\"},\"query-input\":{\"@type\":\"PropertyValueSpecification\",\"valueRequired\":true,\"valueName\":\"search_term_string\"}}],\"inLanguage\":\"fr-FR\"},{\"@type\":\"Organization\",\"@id\":\"https:\/\/icoca.ch\/fr\/#organization\",\"name\":\"ICoCA - International Code of Conduct Association\",\"url\":\"https:\/\/icoca.ch\/fr\/\",\"logo\":{\"@type\":\"ImageObject\",\"inLanguage\":\"fr-FR\",\"@id\":\"https:\/\/icoca.ch\/fr\/#\/schema\/logo\/image\/\",\"url\":\"https:\/\/icoca.ch\/wp-content\/uploads\/2024\/05\/ICoCA_2022_Full-White-Text@3x.png\",\"contentUrl\":\"https:\/\/icoca.ch\/wp-content\/uploads\/2024\/05\/ICoCA_2022_Full-White-Text@3x.png\",\"width\":9588,\"height\":4297,\"caption\":\"ICoCA - International Code of Conduct Association\"},\"image\":{\"@id\":\"https:\/\/icoca.ch\/fr\/#\/schema\/logo\/image\/\"}}]}<\/script>\n<!-- \/ Yoast SEO plugin. -->","yoast_head_json":{"title":"Evaluation et suivi - ICoCA - International Code of Conduct Association","robots":{"index":"index","follow":"follow","max-snippet":"max-snippet:-1","max-image-preview":"max-image-preview:large","max-video-preview":"max-video-preview:-1"},"canonical":"https:\/\/icoca.ch\/fr\/what-we-do\/monitoring\/","og_locale":"fr_FR","og_type":"article","og_title":"Evaluation et suivi - ICoCA - International Code of Conduct Association","og_description":"Nous \u00e9valuons continuellement nos entreprises membres et affili\u00e9es afin de garantir leur conformit\u00e9 au Code et d&rsquo;am\u00e9liorer leurs op\u00e9rations.","og_url":"https:\/\/icoca.ch\/fr\/what-we-do\/monitoring\/","og_site_name":"ICoCA - International Code of Conduct Association","article_modified_time":"2024-12-11T09:11:05+00:00","twitter_card":"summary_large_image","twitter_misc":{"Dur\u00e9e de lecture estim\u00e9e":"1 minute"},"schema":{"@context":"https:\/\/schema.org","@graph":[{"@type":"WebPage","@id":"https:\/\/icoca.ch\/fr\/what-we-do\/monitoring\/","url":"https:\/\/icoca.ch\/fr\/what-we-do\/monitoring\/","name":"Evaluation et suivi - ICoCA - International Code of Conduct Association","isPartOf":{"@id":"https:\/\/icoca.ch\/fr\/#website"},"datePublished":"2021-12-03T08:03:54+00:00","dateModified":"2024-12-11T09:11:05+00:00","breadcrumb":{"@id":"https:\/\/icoca.ch\/fr\/what-we-do\/monitoring\/#breadcrumb"},"inLanguage":"fr-FR","potentialAction":[{"@type":"ReadAction","target":["https:\/\/icoca.ch\/fr\/what-we-do\/monitoring\/"]}]},{"@type":"BreadcrumbList","@id":"https:\/\/icoca.ch\/fr\/what-we-do\/monitoring\/#breadcrumb","itemListElement":[{"@type":"ListItem","position":1,"name":"Home","item":"https:\/\/icoca.ch\/fr\/"},{"@type":"ListItem","position":2,"name":"NOS ACTIVIT\u00c9S","item":"https:\/\/icoca.ch\/fr\/what-we-do\/"},{"@type":"ListItem","position":3,"name":"Evaluation et suivi"}]},{"@type":"WebSite","@id":"https:\/\/icoca.ch\/fr\/#website","url":"https:\/\/icoca.ch\/fr\/","name":"ICoCA - International Code of Conduct Association","description":"Promoting responsible private security","publisher":{"@id":"https:\/\/icoca.ch\/fr\/#organization"},"potentialAction":[{"@type":"SearchAction","target":{"@type":"EntryPoint","urlTemplate":"https:\/\/icoca.ch\/fr\/?s={search_term_string}"},"query-input":{"@type":"PropertyValueSpecification","valueRequired":true,"valueName":"search_term_string"}}],"inLanguage":"fr-FR"},{"@type":"Organization","@id":"https:\/\/icoca.ch\/fr\/#organization","name":"ICoCA - International Code of Conduct Association","url":"https:\/\/icoca.ch\/fr\/","logo":{"@type":"ImageObject","inLanguage":"fr-FR","@id":"https:\/\/icoca.ch\/fr\/#\/schema\/logo\/image\/","url":"https:\/\/icoca.ch\/wp-content\/uploads\/2024\/05\/ICoCA_2022_Full-White-Text@3x.png","contentUrl":"https:\/\/icoca.ch\/wp-content\/uploads\/2024\/05\/ICoCA_2022_Full-White-Text@3x.png","width":9588,"height":4297,"caption":"ICoCA - International Code of Conduct Association"},"image":{"@id":"https:\/\/icoca.ch\/fr\/#\/schema\/logo\/image\/"}}]}},"campaignId":"","_links":{"self":[{"href":"https:\/\/icoca.ch\/fr\/wp-json\/wp\/v2\/pages\/6840","targetHints":{"allow":["GET"]}}],"collection":[{"href":"https:\/\/icoca.ch\/fr\/wp-json\/wp\/v2\/pages"}],"about":[{"href":"https:\/\/icoca.ch\/fr\/wp-json\/wp\/v2\/types\/page"}],"author":[{"embeddable":true,"href":"https:\/\/icoca.ch\/fr\/wp-json\/wp\/v2\/users\/3"}],"replies":[{"embeddable":true,"href":"https:\/\/icoca.ch\/fr\/wp-json\/wp\/v2\/comments?post=6840"}],"version-history":[{"count":0,"href":"https:\/\/icoca.ch\/fr\/wp-json\/wp\/v2\/pages\/6840\/revisions"}],"up":[{"embeddable":true,"href":"https:\/\/icoca.ch\/fr\/wp-json\/wp\/v2\/pages\/2654"}],"wp:attachment":[{"href":"https:\/\/icoca.ch\/fr\/wp-json\/wp\/v2\/media?parent=6840"}],"curies":[{"name":"wp","href":"https:\/\/api.w.org\/{rel}","templated":true}]}}