{"id":6822,"date":"2021-12-03T07:54:26","date_gmt":"2021-12-03T07:54:26","guid":{"rendered":"https:\/\/icoca.ch\/?page_id=6822"},"modified":"2024-12-11T09:12:12","modified_gmt":"2024-12-11T09:12:12","slug":"advisory-services","status":"publish","type":"page","link":"https:\/\/icoca.ch\/fr\/what-we-do\/advisory-services\/","title":{"rendered":"Services de conseil"},"content":{"rendered":"<p>ICoCA travaille avec des clients d&rsquo;entreprises de s\u00e9curit\u00e9 priv\u00e9e dans tous les secteurs et toutes les r\u00e9gions afin de les aider \u00e0 r\u00e9duire les risques dans leur cha\u00eene de sous-traitance en mati\u00e8re de s\u00e9curit\u00e9 priv\u00e9e.<\/p>\n","protected":false},"excerpt":{"rendered":"<p>ICoCA travaille avec des clients d&rsquo;entreprises de s\u00e9curit\u00e9 priv\u00e9e dans tous les secteurs et toutes les r\u00e9gions afin de les aider \u00e0 r\u00e9duire les risques dans leur cha\u00eene de sous-traitance en mati\u00e8re de s\u00e9curit\u00e9 priv\u00e9e.<\/p>\n","protected":false},"author":3,"featured_media":0,"parent":2654,"menu_order":0,"comment_status":"closed","ping_status":"closed","template":"page-client-services.php","meta":{"_acf_changed":false,"give_campaign_id":0,"footnotes":""},"class_list":["post-6822","page","type-page","status-publish","hentry"],"acf":[],"yoast_head":"<!-- This site is optimized with the Yoast SEO plugin v26.5 - https:\/\/yoast.com\/wordpress\/plugins\/seo\/ -->\n<title>Services de conseil - ICoCA - International Code of Conduct Association<\/title>\n<meta name=\"robots\" content=\"index, follow, max-snippet:-1, max-image-preview:large, max-video-preview:-1\" \/>\n<link rel=\"canonical\" href=\"https:\/\/icoca.ch\/fr\/what-we-do\/advisory-services\/\" \/>\n<meta property=\"og:locale\" content=\"fr_FR\" \/>\n<meta property=\"og:type\" content=\"article\" \/>\n<meta property=\"og:title\" content=\"Services de conseil - ICoCA - International Code of Conduct Association\" \/>\n<meta property=\"og:description\" content=\"ICoCA travaille avec des clients d&rsquo;entreprises de s\u00e9curit\u00e9 priv\u00e9e dans tous les secteurs et toutes les r\u00e9gions afin de les aider \u00e0 r\u00e9duire les risques dans leur cha\u00eene de sous-traitance en mati\u00e8re de s\u00e9curit\u00e9 priv\u00e9e.\" \/>\n<meta property=\"og:url\" content=\"https:\/\/icoca.ch\/fr\/what-we-do\/advisory-services\/\" \/>\n<meta property=\"og:site_name\" content=\"ICoCA - International Code of Conduct Association\" \/>\n<meta property=\"article:modified_time\" content=\"2024-12-11T09:12:12+00:00\" \/>\n<meta name=\"twitter:card\" content=\"summary_large_image\" \/>\n<meta name=\"twitter:label1\" content=\"Dur\u00e9e de lecture estim\u00e9e\" \/>\n\t<meta name=\"twitter:data1\" content=\"1 minute\" \/>\n<script type=\"application\/ld+json\" class=\"yoast-schema-graph\">{\"@context\":\"https:\/\/schema.org\",\"@graph\":[{\"@type\":\"WebPage\",\"@id\":\"https:\/\/icoca.ch\/fr\/what-we-do\/advisory-services\/\",\"url\":\"https:\/\/icoca.ch\/fr\/what-we-do\/advisory-services\/\",\"name\":\"Services de conseil - ICoCA - International Code of Conduct Association\",\"isPartOf\":{\"@id\":\"https:\/\/icoca.ch\/fr\/#website\"},\"datePublished\":\"2021-12-03T07:54:26+00:00\",\"dateModified\":\"2024-12-11T09:12:12+00:00\",\"breadcrumb\":{\"@id\":\"https:\/\/icoca.ch\/fr\/what-we-do\/advisory-services\/#breadcrumb\"},\"inLanguage\":\"fr-FR\",\"potentialAction\":[{\"@type\":\"ReadAction\",\"target\":[\"https:\/\/icoca.ch\/fr\/what-we-do\/advisory-services\/\"]}]},{\"@type\":\"BreadcrumbList\",\"@id\":\"https:\/\/icoca.ch\/fr\/what-we-do\/advisory-services\/#breadcrumb\",\"itemListElement\":[{\"@type\":\"ListItem\",\"position\":1,\"name\":\"Home\",\"item\":\"https:\/\/icoca.ch\/fr\/\"},{\"@type\":\"ListItem\",\"position\":2,\"name\":\"NOS ACTIVIT\u00c9S\",\"item\":\"https:\/\/icoca.ch\/fr\/what-we-do\/\"},{\"@type\":\"ListItem\",\"position\":3,\"name\":\"Services de conseil\"}]},{\"@type\":\"WebSite\",\"@id\":\"https:\/\/icoca.ch\/fr\/#website\",\"url\":\"https:\/\/icoca.ch\/fr\/\",\"name\":\"ICoCA - International Code of Conduct Association\",\"description\":\"Promoting responsible private security\",\"publisher\":{\"@id\":\"https:\/\/icoca.ch\/fr\/#organization\"},\"potentialAction\":[{\"@type\":\"SearchAction\",\"target\":{\"@type\":\"EntryPoint\",\"urlTemplate\":\"https:\/\/icoca.ch\/fr\/?s={search_term_string}\"},\"query-input\":{\"@type\":\"PropertyValueSpecification\",\"valueRequired\":true,\"valueName\":\"search_term_string\"}}],\"inLanguage\":\"fr-FR\"},{\"@type\":\"Organization\",\"@id\":\"https:\/\/icoca.ch\/fr\/#organization\",\"name\":\"ICoCA - International Code of Conduct Association\",\"url\":\"https:\/\/icoca.ch\/fr\/\",\"logo\":{\"@type\":\"ImageObject\",\"inLanguage\":\"fr-FR\",\"@id\":\"https:\/\/icoca.ch\/fr\/#\/schema\/logo\/image\/\",\"url\":\"https:\/\/icoca.ch\/wp-content\/uploads\/2024\/05\/ICoCA_2022_Full-White-Text@3x.png\",\"contentUrl\":\"https:\/\/icoca.ch\/wp-content\/uploads\/2024\/05\/ICoCA_2022_Full-White-Text@3x.png\",\"width\":9588,\"height\":4297,\"caption\":\"ICoCA - International Code of Conduct Association\"},\"image\":{\"@id\":\"https:\/\/icoca.ch\/fr\/#\/schema\/logo\/image\/\"}}]}<\/script>\n<!-- \/ Yoast SEO plugin. -->","yoast_head_json":{"title":"Services de conseil - ICoCA - International Code of Conduct Association","robots":{"index":"index","follow":"follow","max-snippet":"max-snippet:-1","max-image-preview":"max-image-preview:large","max-video-preview":"max-video-preview:-1"},"canonical":"https:\/\/icoca.ch\/fr\/what-we-do\/advisory-services\/","og_locale":"fr_FR","og_type":"article","og_title":"Services de conseil - ICoCA - International Code of Conduct Association","og_description":"ICoCA travaille avec des clients d&rsquo;entreprises de s\u00e9curit\u00e9 priv\u00e9e dans tous les secteurs et toutes les r\u00e9gions afin de les aider \u00e0 r\u00e9duire les risques dans leur cha\u00eene de sous-traitance en mati\u00e8re de s\u00e9curit\u00e9 priv\u00e9e.","og_url":"https:\/\/icoca.ch\/fr\/what-we-do\/advisory-services\/","og_site_name":"ICoCA - International Code of Conduct Association","article_modified_time":"2024-12-11T09:12:12+00:00","twitter_card":"summary_large_image","twitter_misc":{"Dur\u00e9e de lecture estim\u00e9e":"1 minute"},"schema":{"@context":"https:\/\/schema.org","@graph":[{"@type":"WebPage","@id":"https:\/\/icoca.ch\/fr\/what-we-do\/advisory-services\/","url":"https:\/\/icoca.ch\/fr\/what-we-do\/advisory-services\/","name":"Services de conseil - ICoCA - International Code of Conduct Association","isPartOf":{"@id":"https:\/\/icoca.ch\/fr\/#website"},"datePublished":"2021-12-03T07:54:26+00:00","dateModified":"2024-12-11T09:12:12+00:00","breadcrumb":{"@id":"https:\/\/icoca.ch\/fr\/what-we-do\/advisory-services\/#breadcrumb"},"inLanguage":"fr-FR","potentialAction":[{"@type":"ReadAction","target":["https:\/\/icoca.ch\/fr\/what-we-do\/advisory-services\/"]}]},{"@type":"BreadcrumbList","@id":"https:\/\/icoca.ch\/fr\/what-we-do\/advisory-services\/#breadcrumb","itemListElement":[{"@type":"ListItem","position":1,"name":"Home","item":"https:\/\/icoca.ch\/fr\/"},{"@type":"ListItem","position":2,"name":"NOS ACTIVIT\u00c9S","item":"https:\/\/icoca.ch\/fr\/what-we-do\/"},{"@type":"ListItem","position":3,"name":"Services de conseil"}]},{"@type":"WebSite","@id":"https:\/\/icoca.ch\/fr\/#website","url":"https:\/\/icoca.ch\/fr\/","name":"ICoCA - International Code of Conduct Association","description":"Promoting responsible private security","publisher":{"@id":"https:\/\/icoca.ch\/fr\/#organization"},"potentialAction":[{"@type":"SearchAction","target":{"@type":"EntryPoint","urlTemplate":"https:\/\/icoca.ch\/fr\/?s={search_term_string}"},"query-input":{"@type":"PropertyValueSpecification","valueRequired":true,"valueName":"search_term_string"}}],"inLanguage":"fr-FR"},{"@type":"Organization","@id":"https:\/\/icoca.ch\/fr\/#organization","name":"ICoCA - International Code of Conduct Association","url":"https:\/\/icoca.ch\/fr\/","logo":{"@type":"ImageObject","inLanguage":"fr-FR","@id":"https:\/\/icoca.ch\/fr\/#\/schema\/logo\/image\/","url":"https:\/\/icoca.ch\/wp-content\/uploads\/2024\/05\/ICoCA_2022_Full-White-Text@3x.png","contentUrl":"https:\/\/icoca.ch\/wp-content\/uploads\/2024\/05\/ICoCA_2022_Full-White-Text@3x.png","width":9588,"height":4297,"caption":"ICoCA - International Code of Conduct Association"},"image":{"@id":"https:\/\/icoca.ch\/fr\/#\/schema\/logo\/image\/"}}]}},"campaignId":"","_links":{"self":[{"href":"https:\/\/icoca.ch\/fr\/wp-json\/wp\/v2\/pages\/6822","targetHints":{"allow":["GET"]}}],"collection":[{"href":"https:\/\/icoca.ch\/fr\/wp-json\/wp\/v2\/pages"}],"about":[{"href":"https:\/\/icoca.ch\/fr\/wp-json\/wp\/v2\/types\/page"}],"author":[{"embeddable":true,"href":"https:\/\/icoca.ch\/fr\/wp-json\/wp\/v2\/users\/3"}],"replies":[{"embeddable":true,"href":"https:\/\/icoca.ch\/fr\/wp-json\/wp\/v2\/comments?post=6822"}],"version-history":[{"count":0,"href":"https:\/\/icoca.ch\/fr\/wp-json\/wp\/v2\/pages\/6822\/revisions"}],"up":[{"embeddable":true,"href":"https:\/\/icoca.ch\/fr\/wp-json\/wp\/v2\/pages\/2654"}],"wp:attachment":[{"href":"https:\/\/icoca.ch\/fr\/wp-json\/wp\/v2\/media?parent=6822"}],"curies":[{"name":"wp","href":"https:\/\/api.w.org\/{rel}","templated":true}]}}