{"id":67478,"date":"2024-09-23T15:20:31","date_gmt":"2024-09-23T15:20:31","guid":{"rendered":"https:\/\/icoca.ch\/data-security-jotform\/"},"modified":"2024-09-24T10:26:51","modified_gmt":"2024-09-24T10:26:51","slug":"data-security-jotform","status":"publish","type":"page","link":"https:\/\/icoca.ch\/fr\/data-security-jotform\/","title":{"rendered":"S\u00e9curit\u00e9 des Donn\u00e9es : Jotform"},"content":{"rendered":"<p>ICoCA utilise Jotform pour collecter de mani\u00e8re s\u00e9curis\u00e9e des donn\u00e9es aupr\u00e8s des entreprises candidates, des Membres et des Affili\u00e9s, en veillant \u00e0 ce que vos informations soient trait\u00e9es avec le plus grand soin et la plus grande protection. Jotform est une plateforme fiable qui offre des fonctionnalit\u00e9s de s\u00e9curit\u00e9 robustes, y compris la possibilit\u00e9 de sauvegarder vos progr\u00e8s et de continuer plus tard, vous permettant ainsi de soumettre des informations sensibles en toute confiance, \u00e0 votre convenance.<\/p>\n<p>Toutes les soumissions de formulaires sur Jotform sont crypt\u00e9es en transit \u00e0 l&rsquo;aide d&rsquo;un chiffrement SSL 256 bits, le m\u00eame niveau de s\u00e9curit\u00e9 utilis\u00e9 par les institutions bancaires en ligne. De plus, Jotform propose des options pour le chiffrement des donn\u00e9es au repos, ce qui signifie que vos donn\u00e9es sont stock\u00e9es sous forme crypt\u00e9e sur leurs serveurs. Jotform est enti\u00e8rement conforme aux principales r\u00e9glementations de protection des donn\u00e9es, y compris le RGPD, la HIPAA et le PCI DSS, garantissant que vos informations sont g\u00e9r\u00e9es selon les normes les plus strictes. Avec ces protections en place, vous pouvez t\u00e9l\u00e9charger des informations sensibles en toute confiance, sachant qu&rsquo;elles sont s\u00e9curis\u00e9es et accessibles uniquement aux personnes autoris\u00e9es.<\/p>\n<p>La fonctionnalit\u00e9 \u00ab\u00a0Sauvegarder et Continuer Plus Tard\u00a0\u00bb de Jotform est con\u00e7ue avec la s\u00e9curit\u00e9 \u00e0 l&rsquo;esprit pour garantir que vos donn\u00e9es restent prot\u00e9g\u00e9es pendant le processus de remplissage du formulaire. Lors de l&rsquo;utilisation de cette fonctionnalit\u00e9, toutes les donn\u00e9es de formulaire partiellement remplies sont temporairement stock\u00e9es sur les serveurs s\u00e9curis\u00e9s de Jotform, prot\u00e9g\u00e9es par le m\u00eame chiffrement SSL 256 bits qui prot\u00e8ge toutes les soumissions. Les donn\u00e9es enregistr\u00e9es sont accessibles uniquement via un lien unique et crypt\u00e9 envoy\u00e9 \u00e0 l&rsquo;adresse e-mail que vous fournissez, garantissant que seules les personnes autoris\u00e9es peuvent reprendre et compl\u00e9ter le formulaire. De plus, ces donn\u00e9es ne sont pas stock\u00e9es ind\u00e9finiment ; elles restent s\u00e9curis\u00e9es et priv\u00e9es jusqu&rsquo;\u00e0 ce que le formulaire soit finalis\u00e9 et soumis, offrant une tranquillit\u00e9 d&rsquo;esprit \u00e0 chaque \u00e9tape.<\/p>\n<p>Si vous avez des questions suppl\u00e9mentaires, veuillez contacter <a class=\"c-link\" href=\"mailto:secretariat@icoca.ch\" target=\"_blank\" rel=\"noopener noreferrer\" data-stringify-link=\"mailto:secretariat@icoca.ch\" data-sk=\"tooltip_parent\" aria-haspopup=\"menu\">secretariat@icoca.ch<\/a>.<\/p>\n","protected":false},"excerpt":{"rendered":"<p>ICoCA utilise Jotform pour collecter de mani\u00e8re s\u00e9curis\u00e9e des donn\u00e9es aupr\u00e8s des entreprises candidates, des Membres et des Affili\u00e9s, en veillant \u00e0 ce que vos informations soient trait\u00e9es avec le plus grand soin et la plus grande protection. Jotform est une plateforme fiable qui offre des fonctionnalit\u00e9s de s\u00e9curit\u00e9 robustes, y compris la possibilit\u00e9 de [&hellip;]<\/p>\n","protected":false},"author":5,"featured_media":0,"parent":0,"menu_order":0,"comment_status":"closed","ping_status":"closed","template":"","meta":{"_acf_changed":false,"give_campaign_id":0,"footnotes":""},"class_list":["post-67478","page","type-page","status-publish","hentry"],"acf":[],"yoast_head":"<!-- This site is optimized with the Yoast SEO plugin v26.5 - https:\/\/yoast.com\/wordpress\/plugins\/seo\/ -->\n<title>S\u00e9curit\u00e9 des Donn\u00e9es : Jotform - ICoCA - International Code of Conduct Association<\/title>\n<meta name=\"robots\" content=\"index, follow, max-snippet:-1, max-image-preview:large, max-video-preview:-1\" \/>\n<link rel=\"canonical\" href=\"https:\/\/icoca.ch\/fr\/data-security-jotform\/\" \/>\n<meta property=\"og:locale\" content=\"fr_FR\" \/>\n<meta property=\"og:type\" content=\"article\" \/>\n<meta property=\"og:title\" content=\"S\u00e9curit\u00e9 des Donn\u00e9es : Jotform - ICoCA - International Code of Conduct Association\" \/>\n<meta property=\"og:description\" content=\"ICoCA utilise Jotform pour collecter de mani\u00e8re s\u00e9curis\u00e9e des donn\u00e9es aupr\u00e8s des entreprises candidates, des Membres et des Affili\u00e9s, en veillant \u00e0 ce que vos informations soient trait\u00e9es avec le plus grand soin et la plus grande protection. Jotform est une plateforme fiable qui offre des fonctionnalit\u00e9s de s\u00e9curit\u00e9 robustes, y compris la possibilit\u00e9 de [&hellip;]\" \/>\n<meta property=\"og:url\" content=\"https:\/\/icoca.ch\/fr\/data-security-jotform\/\" \/>\n<meta property=\"og:site_name\" content=\"ICoCA - International Code of Conduct Association\" \/>\n<meta property=\"article:modified_time\" content=\"2024-09-24T10:26:51+00:00\" \/>\n<meta name=\"twitter:card\" content=\"summary_large_image\" \/>\n<meta name=\"twitter:label1\" content=\"Dur\u00e9e de lecture estim\u00e9e\" \/>\n\t<meta name=\"twitter:data1\" content=\"2 minutes\" \/>\n<script type=\"application\/ld+json\" class=\"yoast-schema-graph\">{\"@context\":\"https:\/\/schema.org\",\"@graph\":[{\"@type\":\"WebPage\",\"@id\":\"https:\/\/icoca.ch\/fr\/data-security-jotform\/\",\"url\":\"https:\/\/icoca.ch\/fr\/data-security-jotform\/\",\"name\":\"S\u00e9curit\u00e9 des Donn\u00e9es : Jotform - ICoCA - International Code of Conduct Association\",\"isPartOf\":{\"@id\":\"https:\/\/icoca.ch\/fr\/#website\"},\"datePublished\":\"2024-09-23T15:20:31+00:00\",\"dateModified\":\"2024-09-24T10:26:51+00:00\",\"breadcrumb\":{\"@id\":\"https:\/\/icoca.ch\/fr\/data-security-jotform\/#breadcrumb\"},\"inLanguage\":\"fr-FR\",\"potentialAction\":[{\"@type\":\"ReadAction\",\"target\":[\"https:\/\/icoca.ch\/fr\/data-security-jotform\/\"]}]},{\"@type\":\"BreadcrumbList\",\"@id\":\"https:\/\/icoca.ch\/fr\/data-security-jotform\/#breadcrumb\",\"itemListElement\":[{\"@type\":\"ListItem\",\"position\":1,\"name\":\"Home\",\"item\":\"https:\/\/icoca.ch\/fr\/\"},{\"@type\":\"ListItem\",\"position\":2,\"name\":\"S\u00e9curit\u00e9 des Donn\u00e9es : Jotform\"}]},{\"@type\":\"WebSite\",\"@id\":\"https:\/\/icoca.ch\/fr\/#website\",\"url\":\"https:\/\/icoca.ch\/fr\/\",\"name\":\"ICoCA - International Code of Conduct Association\",\"description\":\"Promoting responsible private security\",\"publisher\":{\"@id\":\"https:\/\/icoca.ch\/fr\/#organization\"},\"potentialAction\":[{\"@type\":\"SearchAction\",\"target\":{\"@type\":\"EntryPoint\",\"urlTemplate\":\"https:\/\/icoca.ch\/fr\/?s={search_term_string}\"},\"query-input\":{\"@type\":\"PropertyValueSpecification\",\"valueRequired\":true,\"valueName\":\"search_term_string\"}}],\"inLanguage\":\"fr-FR\"},{\"@type\":\"Organization\",\"@id\":\"https:\/\/icoca.ch\/fr\/#organization\",\"name\":\"ICoCA - International Code of Conduct Association\",\"url\":\"https:\/\/icoca.ch\/fr\/\",\"logo\":{\"@type\":\"ImageObject\",\"inLanguage\":\"fr-FR\",\"@id\":\"https:\/\/icoca.ch\/fr\/#\/schema\/logo\/image\/\",\"url\":\"https:\/\/icoca.ch\/wp-content\/uploads\/2024\/05\/ICoCA_2022_Full-White-Text@3x.png\",\"contentUrl\":\"https:\/\/icoca.ch\/wp-content\/uploads\/2024\/05\/ICoCA_2022_Full-White-Text@3x.png\",\"width\":9588,\"height\":4297,\"caption\":\"ICoCA - International Code of Conduct Association\"},\"image\":{\"@id\":\"https:\/\/icoca.ch\/fr\/#\/schema\/logo\/image\/\"}}]}<\/script>\n<!-- \/ Yoast SEO plugin. -->","yoast_head_json":{"title":"S\u00e9curit\u00e9 des Donn\u00e9es : Jotform - ICoCA - International Code of Conduct Association","robots":{"index":"index","follow":"follow","max-snippet":"max-snippet:-1","max-image-preview":"max-image-preview:large","max-video-preview":"max-video-preview:-1"},"canonical":"https:\/\/icoca.ch\/fr\/data-security-jotform\/","og_locale":"fr_FR","og_type":"article","og_title":"S\u00e9curit\u00e9 des Donn\u00e9es : Jotform - ICoCA - International Code of Conduct Association","og_description":"ICoCA utilise Jotform pour collecter de mani\u00e8re s\u00e9curis\u00e9e des donn\u00e9es aupr\u00e8s des entreprises candidates, des Membres et des Affili\u00e9s, en veillant \u00e0 ce que vos informations soient trait\u00e9es avec le plus grand soin et la plus grande protection. Jotform est une plateforme fiable qui offre des fonctionnalit\u00e9s de s\u00e9curit\u00e9 robustes, y compris la possibilit\u00e9 de [&hellip;]","og_url":"https:\/\/icoca.ch\/fr\/data-security-jotform\/","og_site_name":"ICoCA - International Code of Conduct Association","article_modified_time":"2024-09-24T10:26:51+00:00","twitter_card":"summary_large_image","twitter_misc":{"Dur\u00e9e de lecture estim\u00e9e":"2 minutes"},"schema":{"@context":"https:\/\/schema.org","@graph":[{"@type":"WebPage","@id":"https:\/\/icoca.ch\/fr\/data-security-jotform\/","url":"https:\/\/icoca.ch\/fr\/data-security-jotform\/","name":"S\u00e9curit\u00e9 des Donn\u00e9es : Jotform - ICoCA - International Code of Conduct Association","isPartOf":{"@id":"https:\/\/icoca.ch\/fr\/#website"},"datePublished":"2024-09-23T15:20:31+00:00","dateModified":"2024-09-24T10:26:51+00:00","breadcrumb":{"@id":"https:\/\/icoca.ch\/fr\/data-security-jotform\/#breadcrumb"},"inLanguage":"fr-FR","potentialAction":[{"@type":"ReadAction","target":["https:\/\/icoca.ch\/fr\/data-security-jotform\/"]}]},{"@type":"BreadcrumbList","@id":"https:\/\/icoca.ch\/fr\/data-security-jotform\/#breadcrumb","itemListElement":[{"@type":"ListItem","position":1,"name":"Home","item":"https:\/\/icoca.ch\/fr\/"},{"@type":"ListItem","position":2,"name":"S\u00e9curit\u00e9 des Donn\u00e9es : Jotform"}]},{"@type":"WebSite","@id":"https:\/\/icoca.ch\/fr\/#website","url":"https:\/\/icoca.ch\/fr\/","name":"ICoCA - International Code of Conduct Association","description":"Promoting responsible private security","publisher":{"@id":"https:\/\/icoca.ch\/fr\/#organization"},"potentialAction":[{"@type":"SearchAction","target":{"@type":"EntryPoint","urlTemplate":"https:\/\/icoca.ch\/fr\/?s={search_term_string}"},"query-input":{"@type":"PropertyValueSpecification","valueRequired":true,"valueName":"search_term_string"}}],"inLanguage":"fr-FR"},{"@type":"Organization","@id":"https:\/\/icoca.ch\/fr\/#organization","name":"ICoCA - International Code of Conduct Association","url":"https:\/\/icoca.ch\/fr\/","logo":{"@type":"ImageObject","inLanguage":"fr-FR","@id":"https:\/\/icoca.ch\/fr\/#\/schema\/logo\/image\/","url":"https:\/\/icoca.ch\/wp-content\/uploads\/2024\/05\/ICoCA_2022_Full-White-Text@3x.png","contentUrl":"https:\/\/icoca.ch\/wp-content\/uploads\/2024\/05\/ICoCA_2022_Full-White-Text@3x.png","width":9588,"height":4297,"caption":"ICoCA - International Code of Conduct Association"},"image":{"@id":"https:\/\/icoca.ch\/fr\/#\/schema\/logo\/image\/"}}]}},"campaignId":"","_links":{"self":[{"href":"https:\/\/icoca.ch\/fr\/wp-json\/wp\/v2\/pages\/67478","targetHints":{"allow":["GET"]}}],"collection":[{"href":"https:\/\/icoca.ch\/fr\/wp-json\/wp\/v2\/pages"}],"about":[{"href":"https:\/\/icoca.ch\/fr\/wp-json\/wp\/v2\/types\/page"}],"author":[{"embeddable":true,"href":"https:\/\/icoca.ch\/fr\/wp-json\/wp\/v2\/users\/5"}],"replies":[{"embeddable":true,"href":"https:\/\/icoca.ch\/fr\/wp-json\/wp\/v2\/comments?post=67478"}],"version-history":[{"count":0,"href":"https:\/\/icoca.ch\/fr\/wp-json\/wp\/v2\/pages\/67478\/revisions"}],"wp:attachment":[{"href":"https:\/\/icoca.ch\/fr\/wp-json\/wp\/v2\/media?parent=67478"}],"curies":[{"name":"wp","href":"https:\/\/api.w.org\/{rel}","templated":true}]}}