{"id":65172,"date":"2024-02-28T09:23:25","date_gmt":"2024-02-28T09:23:25","guid":{"rendered":"https:\/\/icoca.ch\/the-secretariat\/emmanuel-ngong\/"},"modified":"2024-10-02T08:18:26","modified_gmt":"2024-10-02T08:18:26","slug":"jonathan-ondo","status":"publish","type":"page","link":"https:\/\/icoca.ch\/fr\/the-secretariat\/jonathan-ondo\/","title":{"rendered":"Jonathan Ondo"},"content":{"rendered":"<table style=\"border-collapse: collapse; width: 100%;\">\n<tbody>\n<tr>\n<td style=\"width: 26.1421%;\"><img loading=\"lazy\" decoding=\"async\" class=\"alignnone wp-image-67561 size-medium\" src=\"https:\/\/icoca.ch\/wp-content\/uploads\/2024\/10\/Jonathan-Round-Photo-300x300.png\" alt=\"\" width=\"300\" height=\"300\" srcset=\"https:\/\/icoca.ch\/wp-content\/uploads\/2024\/10\/Jonathan-Round-Photo-300x300.png 300w, https:\/\/icoca.ch\/wp-content\/uploads\/2024\/10\/Jonathan-Round-Photo-1024x1024.png 1024w, https:\/\/icoca.ch\/wp-content\/uploads\/2024\/10\/Jonathan-Round-Photo-150x150.png 150w, https:\/\/icoca.ch\/wp-content\/uploads\/2024\/10\/Jonathan-Round-Photo-768x768.png 768w, https:\/\/icoca.ch\/wp-content\/uploads\/2024\/10\/Jonathan-Round-Photo-333x333.png 333w, https:\/\/icoca.ch\/wp-content\/uploads\/2024\/10\/Jonathan-Round-Photo.png 1080w\" sizes=\"auto, (max-width: 300px) 100vw, 300px\" \/><\/td>\n<td style=\"width: 73.8579%;\">\n<h1>Jonathan Ondo<\/h1>\n<p><em>Assistant Administratif et Financier<\/em><\/p>\n<p>&nbsp;<\/p>\n<p>En tant qu&rsquo;Assistant Financier et Administratif chez ICoCA, Jonathan Ondo est responsable de la facturation et de la gestion du budget, soutenant l&rsquo;\u00e9quipe RH et Finance dans les diverses t\u00e2ches financi\u00e8res. Avant de rejoindre ICoCA, Jonathan a eu l&rsquo;opportunit\u00e9 de travailler pour DuPont de Nemours et la Reliance Trust Company.<\/p>\n<p>En plus de son r\u00f4le, il poursuit un Bachelor en \u00c9conomie d&rsquo;Entreprise \u00e0 la Haute \u00e9cole de gestion &#8211; Gen\u00e8ve (HEG).<\/td>\n<\/tr>\n<\/tbody>\n<\/table>\n","protected":false},"excerpt":{"rendered":"<p>Jonathan Ondo Assistant Administratif et Financier &nbsp; En tant qu&rsquo;Assistant Financier et Administratif chez ICoCA, Jonathan Ondo est responsable de la facturation et de la gestion du budget, soutenant l&rsquo;\u00e9quipe RH et Finance dans les diverses t\u00e2ches financi\u00e8res. Avant de rejoindre ICoCA, Jonathan a eu l&rsquo;opportunit\u00e9 de travailler pour DuPont de Nemours et la Reliance [&hellip;]<\/p>\n","protected":false},"author":5,"featured_media":0,"parent":2735,"menu_order":0,"comment_status":"closed","ping_status":"closed","template":"","meta":{"_acf_changed":false,"give_campaign_id":0,"footnotes":""},"class_list":["post-65172","page","type-page","status-publish","hentry"],"acf":[],"yoast_head":"<!-- This site is optimized with the Yoast SEO plugin v26.5 - https:\/\/yoast.com\/wordpress\/plugins\/seo\/ -->\n<title>Jonathan Ondo - ICoCA - International Code of Conduct Association<\/title>\n<meta name=\"robots\" content=\"index, follow, max-snippet:-1, max-image-preview:large, max-video-preview:-1\" \/>\n<link rel=\"canonical\" href=\"https:\/\/icoca.ch\/fr\/the-secretariat\/jonathan-ondo\/\" \/>\n<meta property=\"og:locale\" content=\"fr_FR\" \/>\n<meta property=\"og:type\" content=\"article\" \/>\n<meta property=\"og:title\" content=\"Jonathan Ondo - ICoCA - International Code of Conduct Association\" \/>\n<meta property=\"og:description\" content=\"Jonathan Ondo Assistant Administratif et Financier &nbsp; En tant qu&rsquo;Assistant Financier et Administratif chez ICoCA, Jonathan Ondo est responsable de la facturation et de la gestion du budget, soutenant l&rsquo;\u00e9quipe RH et Finance dans les diverses t\u00e2ches financi\u00e8res. Avant de rejoindre ICoCA, Jonathan a eu l&rsquo;opportunit\u00e9 de travailler pour DuPont de Nemours et la Reliance [&hellip;]\" \/>\n<meta property=\"og:url\" content=\"https:\/\/icoca.ch\/fr\/the-secretariat\/jonathan-ondo\/\" \/>\n<meta property=\"og:site_name\" content=\"ICoCA - International Code of Conduct Association\" \/>\n<meta property=\"article:modified_time\" content=\"2024-10-02T08:18:26+00:00\" \/>\n<meta property=\"og:image\" content=\"https:\/\/icoca.ch\/wp-content\/uploads\/2024\/10\/Jonathan-Round-Photo-300x300.png\" \/>\n<meta name=\"twitter:card\" content=\"summary_large_image\" \/>\n<meta name=\"twitter:label1\" content=\"Dur\u00e9e de lecture estim\u00e9e\" \/>\n\t<meta name=\"twitter:data1\" content=\"1 minute\" \/>\n<script type=\"application\/ld+json\" class=\"yoast-schema-graph\">{\"@context\":\"https:\/\/schema.org\",\"@graph\":[{\"@type\":\"WebPage\",\"@id\":\"https:\/\/icoca.ch\/fr\/the-secretariat\/jonathan-ondo\/\",\"url\":\"https:\/\/icoca.ch\/fr\/the-secretariat\/jonathan-ondo\/\",\"name\":\"Jonathan Ondo - ICoCA - International Code of Conduct Association\",\"isPartOf\":{\"@id\":\"https:\/\/icoca.ch\/fr\/#website\"},\"primaryImageOfPage\":{\"@id\":\"https:\/\/icoca.ch\/fr\/the-secretariat\/jonathan-ondo\/#primaryimage\"},\"image\":{\"@id\":\"https:\/\/icoca.ch\/fr\/the-secretariat\/jonathan-ondo\/#primaryimage\"},\"thumbnailUrl\":\"https:\/\/icoca.ch\/wp-content\/uploads\/2024\/10\/Jonathan-Round-Photo-300x300.png\",\"datePublished\":\"2024-02-28T09:23:25+00:00\",\"dateModified\":\"2024-10-02T08:18:26+00:00\",\"breadcrumb\":{\"@id\":\"https:\/\/icoca.ch\/fr\/the-secretariat\/jonathan-ondo\/#breadcrumb\"},\"inLanguage\":\"fr-FR\",\"potentialAction\":[{\"@type\":\"ReadAction\",\"target\":[\"https:\/\/icoca.ch\/fr\/the-secretariat\/jonathan-ondo\/\"]}]},{\"@type\":\"ImageObject\",\"inLanguage\":\"fr-FR\",\"@id\":\"https:\/\/icoca.ch\/fr\/the-secretariat\/jonathan-ondo\/#primaryimage\",\"url\":\"https:\/\/icoca.ch\/wp-content\/uploads\/2024\/10\/Jonathan-Round-Photo-300x300.png\",\"contentUrl\":\"https:\/\/icoca.ch\/wp-content\/uploads\/2024\/10\/Jonathan-Round-Photo-300x300.png\"},{\"@type\":\"BreadcrumbList\",\"@id\":\"https:\/\/icoca.ch\/fr\/the-secretariat\/jonathan-ondo\/#breadcrumb\",\"itemListElement\":[{\"@type\":\"ListItem\",\"position\":1,\"name\":\"Home\",\"item\":\"https:\/\/icoca.ch\/fr\/\"},{\"@type\":\"ListItem\",\"position\":2,\"name\":\"Le Secr\u00e9tariat\",\"item\":\"https:\/\/icoca.ch\/fr\/the-secretariat\/\"},{\"@type\":\"ListItem\",\"position\":3,\"name\":\"Jonathan Ondo\"}]},{\"@type\":\"WebSite\",\"@id\":\"https:\/\/icoca.ch\/fr\/#website\",\"url\":\"https:\/\/icoca.ch\/fr\/\",\"name\":\"ICoCA - International Code of Conduct Association\",\"description\":\"Promoting responsible private security\",\"publisher\":{\"@id\":\"https:\/\/icoca.ch\/fr\/#organization\"},\"potentialAction\":[{\"@type\":\"SearchAction\",\"target\":{\"@type\":\"EntryPoint\",\"urlTemplate\":\"https:\/\/icoca.ch\/fr\/?s={search_term_string}\"},\"query-input\":{\"@type\":\"PropertyValueSpecification\",\"valueRequired\":true,\"valueName\":\"search_term_string\"}}],\"inLanguage\":\"fr-FR\"},{\"@type\":\"Organization\",\"@id\":\"https:\/\/icoca.ch\/fr\/#organization\",\"name\":\"ICoCA - International Code of Conduct Association\",\"url\":\"https:\/\/icoca.ch\/fr\/\",\"logo\":{\"@type\":\"ImageObject\",\"inLanguage\":\"fr-FR\",\"@id\":\"https:\/\/icoca.ch\/fr\/#\/schema\/logo\/image\/\",\"url\":\"https:\/\/icoca.ch\/wp-content\/uploads\/2024\/05\/ICoCA_2022_Full-White-Text@3x.png\",\"contentUrl\":\"https:\/\/icoca.ch\/wp-content\/uploads\/2024\/05\/ICoCA_2022_Full-White-Text@3x.png\",\"width\":9588,\"height\":4297,\"caption\":\"ICoCA - International Code of Conduct Association\"},\"image\":{\"@id\":\"https:\/\/icoca.ch\/fr\/#\/schema\/logo\/image\/\"}}]}<\/script>\n<!-- \/ Yoast SEO plugin. -->","yoast_head_json":{"title":"Jonathan Ondo - ICoCA - International Code of Conduct Association","robots":{"index":"index","follow":"follow","max-snippet":"max-snippet:-1","max-image-preview":"max-image-preview:large","max-video-preview":"max-video-preview:-1"},"canonical":"https:\/\/icoca.ch\/fr\/the-secretariat\/jonathan-ondo\/","og_locale":"fr_FR","og_type":"article","og_title":"Jonathan Ondo - ICoCA - International Code of Conduct Association","og_description":"Jonathan Ondo Assistant Administratif et Financier &nbsp; En tant qu&rsquo;Assistant Financier et Administratif chez ICoCA, Jonathan Ondo est responsable de la facturation et de la gestion du budget, soutenant l&rsquo;\u00e9quipe RH et Finance dans les diverses t\u00e2ches financi\u00e8res. Avant de rejoindre ICoCA, Jonathan a eu l&rsquo;opportunit\u00e9 de travailler pour DuPont de Nemours et la Reliance [&hellip;]","og_url":"https:\/\/icoca.ch\/fr\/the-secretariat\/jonathan-ondo\/","og_site_name":"ICoCA - International Code of Conduct Association","article_modified_time":"2024-10-02T08:18:26+00:00","og_image":[{"url":"https:\/\/icoca.ch\/wp-content\/uploads\/2024\/10\/Jonathan-Round-Photo-300x300.png","type":"","width":"","height":""}],"twitter_card":"summary_large_image","twitter_misc":{"Dur\u00e9e de lecture estim\u00e9e":"1 minute"},"schema":{"@context":"https:\/\/schema.org","@graph":[{"@type":"WebPage","@id":"https:\/\/icoca.ch\/fr\/the-secretariat\/jonathan-ondo\/","url":"https:\/\/icoca.ch\/fr\/the-secretariat\/jonathan-ondo\/","name":"Jonathan Ondo - ICoCA - International Code of Conduct Association","isPartOf":{"@id":"https:\/\/icoca.ch\/fr\/#website"},"primaryImageOfPage":{"@id":"https:\/\/icoca.ch\/fr\/the-secretariat\/jonathan-ondo\/#primaryimage"},"image":{"@id":"https:\/\/icoca.ch\/fr\/the-secretariat\/jonathan-ondo\/#primaryimage"},"thumbnailUrl":"https:\/\/icoca.ch\/wp-content\/uploads\/2024\/10\/Jonathan-Round-Photo-300x300.png","datePublished":"2024-02-28T09:23:25+00:00","dateModified":"2024-10-02T08:18:26+00:00","breadcrumb":{"@id":"https:\/\/icoca.ch\/fr\/the-secretariat\/jonathan-ondo\/#breadcrumb"},"inLanguage":"fr-FR","potentialAction":[{"@type":"ReadAction","target":["https:\/\/icoca.ch\/fr\/the-secretariat\/jonathan-ondo\/"]}]},{"@type":"ImageObject","inLanguage":"fr-FR","@id":"https:\/\/icoca.ch\/fr\/the-secretariat\/jonathan-ondo\/#primaryimage","url":"https:\/\/icoca.ch\/wp-content\/uploads\/2024\/10\/Jonathan-Round-Photo-300x300.png","contentUrl":"https:\/\/icoca.ch\/wp-content\/uploads\/2024\/10\/Jonathan-Round-Photo-300x300.png"},{"@type":"BreadcrumbList","@id":"https:\/\/icoca.ch\/fr\/the-secretariat\/jonathan-ondo\/#breadcrumb","itemListElement":[{"@type":"ListItem","position":1,"name":"Home","item":"https:\/\/icoca.ch\/fr\/"},{"@type":"ListItem","position":2,"name":"Le Secr\u00e9tariat","item":"https:\/\/icoca.ch\/fr\/the-secretariat\/"},{"@type":"ListItem","position":3,"name":"Jonathan Ondo"}]},{"@type":"WebSite","@id":"https:\/\/icoca.ch\/fr\/#website","url":"https:\/\/icoca.ch\/fr\/","name":"ICoCA - International Code of Conduct Association","description":"Promoting responsible private security","publisher":{"@id":"https:\/\/icoca.ch\/fr\/#organization"},"potentialAction":[{"@type":"SearchAction","target":{"@type":"EntryPoint","urlTemplate":"https:\/\/icoca.ch\/fr\/?s={search_term_string}"},"query-input":{"@type":"PropertyValueSpecification","valueRequired":true,"valueName":"search_term_string"}}],"inLanguage":"fr-FR"},{"@type":"Organization","@id":"https:\/\/icoca.ch\/fr\/#organization","name":"ICoCA - International Code of Conduct Association","url":"https:\/\/icoca.ch\/fr\/","logo":{"@type":"ImageObject","inLanguage":"fr-FR","@id":"https:\/\/icoca.ch\/fr\/#\/schema\/logo\/image\/","url":"https:\/\/icoca.ch\/wp-content\/uploads\/2024\/05\/ICoCA_2022_Full-White-Text@3x.png","contentUrl":"https:\/\/icoca.ch\/wp-content\/uploads\/2024\/05\/ICoCA_2022_Full-White-Text@3x.png","width":9588,"height":4297,"caption":"ICoCA - International Code of Conduct Association"},"image":{"@id":"https:\/\/icoca.ch\/fr\/#\/schema\/logo\/image\/"}}]}},"campaignId":"","_links":{"self":[{"href":"https:\/\/icoca.ch\/fr\/wp-json\/wp\/v2\/pages\/65172","targetHints":{"allow":["GET"]}}],"collection":[{"href":"https:\/\/icoca.ch\/fr\/wp-json\/wp\/v2\/pages"}],"about":[{"href":"https:\/\/icoca.ch\/fr\/wp-json\/wp\/v2\/types\/page"}],"author":[{"embeddable":true,"href":"https:\/\/icoca.ch\/fr\/wp-json\/wp\/v2\/users\/5"}],"replies":[{"embeddable":true,"href":"https:\/\/icoca.ch\/fr\/wp-json\/wp\/v2\/comments?post=65172"}],"version-history":[{"count":0,"href":"https:\/\/icoca.ch\/fr\/wp-json\/wp\/v2\/pages\/65172\/revisions"}],"up":[{"embeddable":true,"href":"https:\/\/icoca.ch\/fr\/wp-json\/wp\/v2\/pages\/2735"}],"wp:attachment":[{"href":"https:\/\/icoca.ch\/fr\/wp-json\/wp\/v2\/media?parent=65172"}],"curies":[{"name":"wp","href":"https:\/\/api.w.org\/{rel}","templated":true}]}}