{"id":65066,"date":"2024-02-27T14:27:15","date_gmt":"2024-02-27T14:27:15","guid":{"rendered":"https:\/\/icoca.ch\/the-secretariat\/jamie-williamson\/"},"modified":"2024-02-27T15:40:01","modified_gmt":"2024-02-27T15:40:01","slug":"jamie-williamson","status":"publish","type":"page","link":"https:\/\/icoca.ch\/fr\/the-secretariat\/jamie-williamson\/","title":{"rendered":"Jamie Williamson"},"content":{"rendered":"<table style=\"border-collapse: collapse; width: 100%;\">\n<tbody>\n<tr>\n<td style=\"width: 26.1421%;\"><img loading=\"lazy\" decoding=\"async\" class=\"alignnone size-medium wp-image-64738\" src=\"https:\/\/icoca.ch\/wp-content\/uploads\/2024\/02\/Jamie-Round-Photo-300x300.jpg\" alt=\"\" width=\"300\" height=\"300\" srcset=\"https:\/\/icoca.ch\/wp-content\/uploads\/2024\/02\/Jamie-Round-Photo-300x300.jpg 300w, https:\/\/icoca.ch\/wp-content\/uploads\/2024\/02\/Jamie-Round-Photo-1024x1024.jpg 1024w, https:\/\/icoca.ch\/wp-content\/uploads\/2024\/02\/Jamie-Round-Photo-150x150.jpg 150w, https:\/\/icoca.ch\/wp-content\/uploads\/2024\/02\/Jamie-Round-Photo-768x768.jpg 768w, https:\/\/icoca.ch\/wp-content\/uploads\/2024\/02\/Jamie-Round-Photo-333x333.jpg 333w, https:\/\/icoca.ch\/wp-content\/uploads\/2024\/02\/Jamie-Round-Photo.jpg 1080w\" sizes=\"auto, (max-width: 300px) 100vw, 300px\" \/><\/td>\n<td style=\"width: 73.8579%;\">\n<h1>Jamie Williamson<\/h1>\n<p><em>Directeur Ex\u00e9cutif<\/em><\/p>\n<p>&nbsp;<\/p>\n<p style=\"line-height: 18.75pt; background: white;\"><span style=\"font-family: 'Open Sans',serif; color: #303030;\">En tant que Directeur Ex\u00e9cutif, Jamie Williamson dirige le Secr\u00e9tariat de l&rsquo;Association Internationale du Code de Conduite (ICoCA). Jamie apporte \u00e0 ICoCA une riche exp\u00e9rience internationale, juridique et s\u00e9curitaire et a rejoint l&rsquo;Association en octobre 2017 apr\u00e8s avoir \u00e9t\u00e9 pendant plusieurs ann\u00e9es Chef de l&rsquo;Unit\u00e9 des Relations avec les Transporteurs d&rsquo;Armes au Comit\u00e9 international de la Croix-Rouge (CICR). \u00c0 ce titre, Jamie a dirig\u00e9 une \u00e9quipe de plus de 50 d\u00e9l\u00e9gu\u00e9s dans le monde entier et \u00e9tait responsable de l&rsquo;orientation strat\u00e9gique et de la mise en \u0153uvre des programmes de base, conseillant et formant les porteurs d&rsquo;armes \u00e9tatiques et non \u00e9tatiques, y compris les forces multinationales et les entrepreneurs militaires et de s\u00e9curit\u00e9 priv\u00e9s.<\/span><\/p>\n<p style=\"line-height: 18.75pt; background: white;\"><span style=\"font-family: 'Open Sans',serif; color: #303030;\">Auparavant, de 2008 \u00e0 2011, Jamie a \u00e9t\u00e9 Conseiller Juridique du CICR \u00e0 la d\u00e9l\u00e9gation du CICR \u00e0 Washington D.C., fournissant un soutien juridique aux activit\u00e9s du CICR aux \u00c9tats-Unis et au Canada, avec un accent particulier sur Guantanamo et les op\u00e9rations militaires en Afghanistan et en Irak. De 2005 \u00e0 2008, il a mis son exp\u00e9rience et son engagement en faveur du droit humanitaire et de la justice au service du CICR en tant que Conseiller Juridique r\u00e9gional bas\u00e9 \u00e0 Pretoria, en Afrique du Sud. Dans ce cadre, il a aid\u00e9 les autorit\u00e9s nationales et les organisations internationales \u00e0 mettre en \u0153uvre les trait\u00e9s sur les armes, et a continu\u00e9 \u00e0 plaider en faveur du droit international humanitaire et \u00e0 l\u00e9gif\u00e9rer avec succ\u00e8s dans ce domaine.<\/span><\/p>\n<p style=\"line-height: 18.75pt; background: white;\"><span style=\"font-family: 'Open Sans',serif; color: #303030;\">Avant de rejoindre le CICR, Jamie a travaill\u00e9 pendant pr\u00e8s de neuf ans pour les tribunaux p\u00e9naux internationaux ad hoc des Nations Unies en Tanzanie et aux Pays-Bas, ainsi qu&rsquo;en Sierra Leone, o\u00f9 il a particip\u00e9 aux premiers jugements internationaux sur le g\u00e9nocide et les crimes de guerre dans les conflits arm\u00e9s non internationaux. Jamie a publi\u00e9 de nombreux articles sur la r\u00e9pression des crimes de guerre, la justice internationale et les d\u00e9fis pos\u00e9s au droit international humanitaire dans les conflits contemporains. Il fait partie de la facult\u00e9 d&rsquo;\u00e9t\u00e9 de l&rsquo;Acad\u00e9mie des Droits de l&rsquo;Homme et du Droit Humanitaire de l&rsquo;American University, \u00e0 Washington D.C.<\/span><\/p>\n<\/td>\n<\/tr>\n<\/tbody>\n<\/table>\n","protected":false},"excerpt":{"rendered":"<p>Jamie Williamson Directeur Ex\u00e9cutif &nbsp; En tant que Directeur Ex\u00e9cutif, Jamie Williamson dirige le Secr\u00e9tariat de l&rsquo;Association Internationale du Code de Conduite (ICoCA). Jamie apporte \u00e0 ICoCA une riche exp\u00e9rience internationale, juridique et s\u00e9curitaire et a rejoint l&rsquo;Association en octobre 2017 apr\u00e8s avoir \u00e9t\u00e9 pendant plusieurs ann\u00e9es Chef de l&rsquo;Unit\u00e9 des Relations avec les Transporteurs [&hellip;]<\/p>\n","protected":false},"author":5,"featured_media":0,"parent":2735,"menu_order":0,"comment_status":"closed","ping_status":"closed","template":"","meta":{"_acf_changed":false,"give_campaign_id":0,"footnotes":""},"class_list":["post-65066","page","type-page","status-publish","hentry"],"acf":[],"yoast_head":"<!-- This site is optimized with the Yoast SEO plugin v26.5 - https:\/\/yoast.com\/wordpress\/plugins\/seo\/ -->\n<title>Jamie Williamson - ICoCA - International Code of Conduct Association<\/title>\n<meta name=\"robots\" content=\"index, follow, max-snippet:-1, max-image-preview:large, max-video-preview:-1\" \/>\n<link rel=\"canonical\" href=\"https:\/\/icoca.ch\/fr\/the-secretariat\/jamie-williamson\/\" \/>\n<meta property=\"og:locale\" content=\"fr_FR\" \/>\n<meta property=\"og:type\" content=\"article\" \/>\n<meta property=\"og:title\" content=\"Jamie Williamson - ICoCA - International Code of Conduct Association\" \/>\n<meta property=\"og:description\" content=\"Jamie Williamson Directeur Ex\u00e9cutif &nbsp; En tant que Directeur Ex\u00e9cutif, Jamie Williamson dirige le Secr\u00e9tariat de l&rsquo;Association Internationale du Code de Conduite (ICoCA). Jamie apporte \u00e0 ICoCA une riche exp\u00e9rience internationale, juridique et s\u00e9curitaire et a rejoint l&rsquo;Association en octobre 2017 apr\u00e8s avoir \u00e9t\u00e9 pendant plusieurs ann\u00e9es Chef de l&rsquo;Unit\u00e9 des Relations avec les Transporteurs [&hellip;]\" \/>\n<meta property=\"og:url\" content=\"https:\/\/icoca.ch\/fr\/the-secretariat\/jamie-williamson\/\" \/>\n<meta property=\"og:site_name\" content=\"ICoCA - International Code of Conduct Association\" \/>\n<meta property=\"article:modified_time\" content=\"2024-02-27T15:40:01+00:00\" \/>\n<meta property=\"og:image\" content=\"https:\/\/icoca.ch\/wp-content\/uploads\/2024\/02\/Jamie-Round-Photo-300x300.jpg\" \/>\n<meta name=\"twitter:card\" content=\"summary_large_image\" \/>\n<meta name=\"twitter:label1\" content=\"Dur\u00e9e de lecture estim\u00e9e\" \/>\n\t<meta name=\"twitter:data1\" content=\"2 minutes\" \/>\n<script type=\"application\/ld+json\" class=\"yoast-schema-graph\">{\"@context\":\"https:\/\/schema.org\",\"@graph\":[{\"@type\":\"WebPage\",\"@id\":\"https:\/\/icoca.ch\/fr\/the-secretariat\/jamie-williamson\/\",\"url\":\"https:\/\/icoca.ch\/fr\/the-secretariat\/jamie-williamson\/\",\"name\":\"Jamie Williamson - ICoCA - International Code of Conduct Association\",\"isPartOf\":{\"@id\":\"https:\/\/icoca.ch\/fr\/#website\"},\"primaryImageOfPage\":{\"@id\":\"https:\/\/icoca.ch\/fr\/the-secretariat\/jamie-williamson\/#primaryimage\"},\"image\":{\"@id\":\"https:\/\/icoca.ch\/fr\/the-secretariat\/jamie-williamson\/#primaryimage\"},\"thumbnailUrl\":\"https:\/\/icoca.ch\/wp-content\/uploads\/2024\/02\/Jamie-Round-Photo-300x300.jpg\",\"datePublished\":\"2024-02-27T14:27:15+00:00\",\"dateModified\":\"2024-02-27T15:40:01+00:00\",\"breadcrumb\":{\"@id\":\"https:\/\/icoca.ch\/fr\/the-secretariat\/jamie-williamson\/#breadcrumb\"},\"inLanguage\":\"fr-FR\",\"potentialAction\":[{\"@type\":\"ReadAction\",\"target\":[\"https:\/\/icoca.ch\/fr\/the-secretariat\/jamie-williamson\/\"]}]},{\"@type\":\"ImageObject\",\"inLanguage\":\"fr-FR\",\"@id\":\"https:\/\/icoca.ch\/fr\/the-secretariat\/jamie-williamson\/#primaryimage\",\"url\":\"https:\/\/icoca.ch\/wp-content\/uploads\/2024\/02\/Jamie-Round-Photo-300x300.jpg\",\"contentUrl\":\"https:\/\/icoca.ch\/wp-content\/uploads\/2024\/02\/Jamie-Round-Photo-300x300.jpg\"},{\"@type\":\"BreadcrumbList\",\"@id\":\"https:\/\/icoca.ch\/fr\/the-secretariat\/jamie-williamson\/#breadcrumb\",\"itemListElement\":[{\"@type\":\"ListItem\",\"position\":1,\"name\":\"Home\",\"item\":\"https:\/\/icoca.ch\/fr\/\"},{\"@type\":\"ListItem\",\"position\":2,\"name\":\"Le Secr\u00e9tariat\",\"item\":\"https:\/\/icoca.ch\/fr\/the-secretariat\/\"},{\"@type\":\"ListItem\",\"position\":3,\"name\":\"Jamie Williamson\"}]},{\"@type\":\"WebSite\",\"@id\":\"https:\/\/icoca.ch\/fr\/#website\",\"url\":\"https:\/\/icoca.ch\/fr\/\",\"name\":\"ICoCA - International Code of Conduct Association\",\"description\":\"Promoting responsible private security\",\"publisher\":{\"@id\":\"https:\/\/icoca.ch\/fr\/#organization\"},\"potentialAction\":[{\"@type\":\"SearchAction\",\"target\":{\"@type\":\"EntryPoint\",\"urlTemplate\":\"https:\/\/icoca.ch\/fr\/?s={search_term_string}\"},\"query-input\":{\"@type\":\"PropertyValueSpecification\",\"valueRequired\":true,\"valueName\":\"search_term_string\"}}],\"inLanguage\":\"fr-FR\"},{\"@type\":\"Organization\",\"@id\":\"https:\/\/icoca.ch\/fr\/#organization\",\"name\":\"ICoCA - International Code of Conduct Association\",\"url\":\"https:\/\/icoca.ch\/fr\/\",\"logo\":{\"@type\":\"ImageObject\",\"inLanguage\":\"fr-FR\",\"@id\":\"https:\/\/icoca.ch\/fr\/#\/schema\/logo\/image\/\",\"url\":\"https:\/\/icoca.ch\/wp-content\/uploads\/2024\/05\/ICoCA_2022_Full-White-Text@3x.png\",\"contentUrl\":\"https:\/\/icoca.ch\/wp-content\/uploads\/2024\/05\/ICoCA_2022_Full-White-Text@3x.png\",\"width\":9588,\"height\":4297,\"caption\":\"ICoCA - International Code of Conduct Association\"},\"image\":{\"@id\":\"https:\/\/icoca.ch\/fr\/#\/schema\/logo\/image\/\"}}]}<\/script>\n<!-- \/ Yoast SEO plugin. -->","yoast_head_json":{"title":"Jamie Williamson - ICoCA - International Code of Conduct Association","robots":{"index":"index","follow":"follow","max-snippet":"max-snippet:-1","max-image-preview":"max-image-preview:large","max-video-preview":"max-video-preview:-1"},"canonical":"https:\/\/icoca.ch\/fr\/the-secretariat\/jamie-williamson\/","og_locale":"fr_FR","og_type":"article","og_title":"Jamie Williamson - ICoCA - International Code of Conduct Association","og_description":"Jamie Williamson Directeur Ex\u00e9cutif &nbsp; En tant que Directeur Ex\u00e9cutif, Jamie Williamson dirige le Secr\u00e9tariat de l&rsquo;Association Internationale du Code de Conduite (ICoCA). Jamie apporte \u00e0 ICoCA une riche exp\u00e9rience internationale, juridique et s\u00e9curitaire et a rejoint l&rsquo;Association en octobre 2017 apr\u00e8s avoir \u00e9t\u00e9 pendant plusieurs ann\u00e9es Chef de l&rsquo;Unit\u00e9 des Relations avec les Transporteurs [&hellip;]","og_url":"https:\/\/icoca.ch\/fr\/the-secretariat\/jamie-williamson\/","og_site_name":"ICoCA - International Code of Conduct Association","article_modified_time":"2024-02-27T15:40:01+00:00","og_image":[{"url":"https:\/\/icoca.ch\/wp-content\/uploads\/2024\/02\/Jamie-Round-Photo-300x300.jpg","type":"","width":"","height":""}],"twitter_card":"summary_large_image","twitter_misc":{"Dur\u00e9e de lecture estim\u00e9e":"2 minutes"},"schema":{"@context":"https:\/\/schema.org","@graph":[{"@type":"WebPage","@id":"https:\/\/icoca.ch\/fr\/the-secretariat\/jamie-williamson\/","url":"https:\/\/icoca.ch\/fr\/the-secretariat\/jamie-williamson\/","name":"Jamie Williamson - ICoCA - International Code of Conduct Association","isPartOf":{"@id":"https:\/\/icoca.ch\/fr\/#website"},"primaryImageOfPage":{"@id":"https:\/\/icoca.ch\/fr\/the-secretariat\/jamie-williamson\/#primaryimage"},"image":{"@id":"https:\/\/icoca.ch\/fr\/the-secretariat\/jamie-williamson\/#primaryimage"},"thumbnailUrl":"https:\/\/icoca.ch\/wp-content\/uploads\/2024\/02\/Jamie-Round-Photo-300x300.jpg","datePublished":"2024-02-27T14:27:15+00:00","dateModified":"2024-02-27T15:40:01+00:00","breadcrumb":{"@id":"https:\/\/icoca.ch\/fr\/the-secretariat\/jamie-williamson\/#breadcrumb"},"inLanguage":"fr-FR","potentialAction":[{"@type":"ReadAction","target":["https:\/\/icoca.ch\/fr\/the-secretariat\/jamie-williamson\/"]}]},{"@type":"ImageObject","inLanguage":"fr-FR","@id":"https:\/\/icoca.ch\/fr\/the-secretariat\/jamie-williamson\/#primaryimage","url":"https:\/\/icoca.ch\/wp-content\/uploads\/2024\/02\/Jamie-Round-Photo-300x300.jpg","contentUrl":"https:\/\/icoca.ch\/wp-content\/uploads\/2024\/02\/Jamie-Round-Photo-300x300.jpg"},{"@type":"BreadcrumbList","@id":"https:\/\/icoca.ch\/fr\/the-secretariat\/jamie-williamson\/#breadcrumb","itemListElement":[{"@type":"ListItem","position":1,"name":"Home","item":"https:\/\/icoca.ch\/fr\/"},{"@type":"ListItem","position":2,"name":"Le Secr\u00e9tariat","item":"https:\/\/icoca.ch\/fr\/the-secretariat\/"},{"@type":"ListItem","position":3,"name":"Jamie Williamson"}]},{"@type":"WebSite","@id":"https:\/\/icoca.ch\/fr\/#website","url":"https:\/\/icoca.ch\/fr\/","name":"ICoCA - International Code of Conduct Association","description":"Promoting responsible private security","publisher":{"@id":"https:\/\/icoca.ch\/fr\/#organization"},"potentialAction":[{"@type":"SearchAction","target":{"@type":"EntryPoint","urlTemplate":"https:\/\/icoca.ch\/fr\/?s={search_term_string}"},"query-input":{"@type":"PropertyValueSpecification","valueRequired":true,"valueName":"search_term_string"}}],"inLanguage":"fr-FR"},{"@type":"Organization","@id":"https:\/\/icoca.ch\/fr\/#organization","name":"ICoCA - International Code of Conduct Association","url":"https:\/\/icoca.ch\/fr\/","logo":{"@type":"ImageObject","inLanguage":"fr-FR","@id":"https:\/\/icoca.ch\/fr\/#\/schema\/logo\/image\/","url":"https:\/\/icoca.ch\/wp-content\/uploads\/2024\/05\/ICoCA_2022_Full-White-Text@3x.png","contentUrl":"https:\/\/icoca.ch\/wp-content\/uploads\/2024\/05\/ICoCA_2022_Full-White-Text@3x.png","width":9588,"height":4297,"caption":"ICoCA - International Code of Conduct Association"},"image":{"@id":"https:\/\/icoca.ch\/fr\/#\/schema\/logo\/image\/"}}]}},"campaignId":"","_links":{"self":[{"href":"https:\/\/icoca.ch\/fr\/wp-json\/wp\/v2\/pages\/65066","targetHints":{"allow":["GET"]}}],"collection":[{"href":"https:\/\/icoca.ch\/fr\/wp-json\/wp\/v2\/pages"}],"about":[{"href":"https:\/\/icoca.ch\/fr\/wp-json\/wp\/v2\/types\/page"}],"author":[{"embeddable":true,"href":"https:\/\/icoca.ch\/fr\/wp-json\/wp\/v2\/users\/5"}],"replies":[{"embeddable":true,"href":"https:\/\/icoca.ch\/fr\/wp-json\/wp\/v2\/comments?post=65066"}],"version-history":[{"count":0,"href":"https:\/\/icoca.ch\/fr\/wp-json\/wp\/v2\/pages\/65066\/revisions"}],"up":[{"embeddable":true,"href":"https:\/\/icoca.ch\/fr\/wp-json\/wp\/v2\/pages\/2735"}],"wp:attachment":[{"href":"https:\/\/icoca.ch\/fr\/wp-json\/wp\/v2\/media?parent=65066"}],"curies":[{"name":"wp","href":"https:\/\/api.w.org\/{rel}","templated":true}]}}