{"id":65047,"date":"2024-02-27T14:45:29","date_gmt":"2024-02-27T14:45:29","guid":{"rendered":"https:\/\/icoca.ch\/the-secretariat\/dina-chantre\/"},"modified":"2024-02-27T15:24:09","modified_gmt":"2024-02-27T15:24:09","slug":"dina-chantre","status":"publish","type":"page","link":"https:\/\/icoca.ch\/fr\/the-secretariat\/dina-chantre\/","title":{"rendered":"Dina Chantre"},"content":{"rendered":"<table style=\"border-collapse: collapse; width: 100%;\">\n<tbody>\n<tr>\n<td style=\"width: 26.1421%;\"><img loading=\"lazy\" decoding=\"async\" class=\"alignnone size-medium wp-image-64726\" src=\"https:\/\/icoca.ch\/wp-content\/uploads\/2024\/02\/Dina-Round-Photo-300x300.jpg\" alt=\"\" width=\"300\" height=\"300\" srcset=\"https:\/\/icoca.ch\/wp-content\/uploads\/2024\/02\/Dina-Round-Photo-300x300.jpg 300w, https:\/\/icoca.ch\/wp-content\/uploads\/2024\/02\/Dina-Round-Photo-1024x1024.jpg 1024w, https:\/\/icoca.ch\/wp-content\/uploads\/2024\/02\/Dina-Round-Photo-150x150.jpg 150w, https:\/\/icoca.ch\/wp-content\/uploads\/2024\/02\/Dina-Round-Photo-768x768.jpg 768w, https:\/\/icoca.ch\/wp-content\/uploads\/2024\/02\/Dina-Round-Photo-333x333.jpg 333w, https:\/\/icoca.ch\/wp-content\/uploads\/2024\/02\/Dina-Round-Photo.jpg 1080w\" sizes=\"auto, (max-width: 300px) 100vw, 300px\" \/><\/td>\n<td style=\"width: 73.8579%;\">\n<h1>Dina Chantre<\/h1>\n<p><em>Responsable RH et Administratif<\/em><\/p>\n<p>&nbsp;<\/p>\n<p style=\"line-height: 18.75pt; background: white;\"><span style=\"font-family: 'Open Sans',serif; color: #303030;\">En tant que Responsable RH et Administratif, Dina Chantre s&rsquo;occupe des fonctions administratives et de gestion des ressources humaines de l&rsquo;Association.<\/span><\/p>\n<p style=\"line-height: 18.75pt; background: white;\"><span style=\"font-family: 'Open Sans',serif; color: #303030;\">Avant de rejoindre ICoCA, Dina a occup\u00e9 divers postes dans le secteur priv\u00e9. Elle a notamment travaill\u00e9 pendant plus de six ans dans une prestigieuse station thermale genevoise, o\u00f9 elle g\u00e9rait les activit\u00e9s de r\u00e9ception et assistait le directeur dans ses fonctions administratives et de ressources humaines.<\/span><\/p>\n<p style=\"line-height: 18.75pt; background: white;\"><span style=\"font-family: 'Open Sans',serif; color: #303030;\">Dina a une formation en administration, en gestion des ressources humaines et en comptabilit\u00e9 (Certificat F\u00e9d\u00e9ral de Capacit\u00e9 (CFC) dans les Affaires Commerciales).<\/span><\/p>\n<\/td>\n<\/tr>\n<\/tbody>\n<\/table>\n","protected":false},"excerpt":{"rendered":"<p>Dina Chantre Responsable RH et Administratif &nbsp; En tant que Responsable RH et Administratif, Dina Chantre s&rsquo;occupe des fonctions administratives et de gestion des ressources humaines de l&rsquo;Association. Avant de rejoindre ICoCA, Dina a occup\u00e9 divers postes dans le secteur priv\u00e9. Elle a notamment travaill\u00e9 pendant plus de six ans dans une prestigieuse station thermale [&hellip;]<\/p>\n","protected":false},"author":5,"featured_media":0,"parent":2735,"menu_order":0,"comment_status":"closed","ping_status":"closed","template":"","meta":{"_acf_changed":false,"give_campaign_id":0,"footnotes":""},"class_list":["post-65047","page","type-page","status-publish","hentry"],"acf":[],"yoast_head":"<!-- This site is optimized with the Yoast SEO plugin v26.5 - https:\/\/yoast.com\/wordpress\/plugins\/seo\/ -->\n<title>Dina Chantre - ICoCA - International Code of Conduct Association<\/title>\n<meta name=\"robots\" content=\"index, follow, max-snippet:-1, max-image-preview:large, max-video-preview:-1\" \/>\n<link rel=\"canonical\" href=\"https:\/\/icoca.ch\/fr\/the-secretariat\/dina-chantre\/\" \/>\n<meta property=\"og:locale\" content=\"fr_FR\" \/>\n<meta property=\"og:type\" content=\"article\" \/>\n<meta property=\"og:title\" content=\"Dina Chantre - ICoCA - International Code of Conduct Association\" \/>\n<meta property=\"og:description\" content=\"Dina Chantre Responsable RH et Administratif &nbsp; En tant que Responsable RH et Administratif, Dina Chantre s&rsquo;occupe des fonctions administratives et de gestion des ressources humaines de l&rsquo;Association. Avant de rejoindre ICoCA, Dina a occup\u00e9 divers postes dans le secteur priv\u00e9. Elle a notamment travaill\u00e9 pendant plus de six ans dans une prestigieuse station thermale [&hellip;]\" \/>\n<meta property=\"og:url\" content=\"https:\/\/icoca.ch\/fr\/the-secretariat\/dina-chantre\/\" \/>\n<meta property=\"og:site_name\" content=\"ICoCA - International Code of Conduct Association\" \/>\n<meta property=\"article:modified_time\" content=\"2024-02-27T15:24:09+00:00\" \/>\n<meta property=\"og:image\" content=\"https:\/\/icoca.ch\/wp-content\/uploads\/2024\/02\/Dina-Round-Photo-300x300.jpg\" \/>\n<meta name=\"twitter:card\" content=\"summary_large_image\" \/>\n<meta name=\"twitter:label1\" content=\"Dur\u00e9e de lecture estim\u00e9e\" \/>\n\t<meta name=\"twitter:data1\" content=\"1 minute\" \/>\n<script type=\"application\/ld+json\" class=\"yoast-schema-graph\">{\"@context\":\"https:\/\/schema.org\",\"@graph\":[{\"@type\":\"WebPage\",\"@id\":\"https:\/\/icoca.ch\/fr\/the-secretariat\/dina-chantre\/\",\"url\":\"https:\/\/icoca.ch\/fr\/the-secretariat\/dina-chantre\/\",\"name\":\"Dina Chantre - ICoCA - International Code of Conduct Association\",\"isPartOf\":{\"@id\":\"https:\/\/icoca.ch\/fr\/#website\"},\"primaryImageOfPage\":{\"@id\":\"https:\/\/icoca.ch\/fr\/the-secretariat\/dina-chantre\/#primaryimage\"},\"image\":{\"@id\":\"https:\/\/icoca.ch\/fr\/the-secretariat\/dina-chantre\/#primaryimage\"},\"thumbnailUrl\":\"https:\/\/icoca.ch\/wp-content\/uploads\/2024\/02\/Dina-Round-Photo-300x300.jpg\",\"datePublished\":\"2024-02-27T14:45:29+00:00\",\"dateModified\":\"2024-02-27T15:24:09+00:00\",\"breadcrumb\":{\"@id\":\"https:\/\/icoca.ch\/fr\/the-secretariat\/dina-chantre\/#breadcrumb\"},\"inLanguage\":\"fr-FR\",\"potentialAction\":[{\"@type\":\"ReadAction\",\"target\":[\"https:\/\/icoca.ch\/fr\/the-secretariat\/dina-chantre\/\"]}]},{\"@type\":\"ImageObject\",\"inLanguage\":\"fr-FR\",\"@id\":\"https:\/\/icoca.ch\/fr\/the-secretariat\/dina-chantre\/#primaryimage\",\"url\":\"https:\/\/icoca.ch\/wp-content\/uploads\/2024\/02\/Dina-Round-Photo-300x300.jpg\",\"contentUrl\":\"https:\/\/icoca.ch\/wp-content\/uploads\/2024\/02\/Dina-Round-Photo-300x300.jpg\"},{\"@type\":\"BreadcrumbList\",\"@id\":\"https:\/\/icoca.ch\/fr\/the-secretariat\/dina-chantre\/#breadcrumb\",\"itemListElement\":[{\"@type\":\"ListItem\",\"position\":1,\"name\":\"Home\",\"item\":\"https:\/\/icoca.ch\/fr\/\"},{\"@type\":\"ListItem\",\"position\":2,\"name\":\"Le Secr\u00e9tariat\",\"item\":\"https:\/\/icoca.ch\/fr\/the-secretariat\/\"},{\"@type\":\"ListItem\",\"position\":3,\"name\":\"Dina Chantre\"}]},{\"@type\":\"WebSite\",\"@id\":\"https:\/\/icoca.ch\/fr\/#website\",\"url\":\"https:\/\/icoca.ch\/fr\/\",\"name\":\"ICoCA - International Code of Conduct Association\",\"description\":\"Promoting responsible private security\",\"publisher\":{\"@id\":\"https:\/\/icoca.ch\/fr\/#organization\"},\"potentialAction\":[{\"@type\":\"SearchAction\",\"target\":{\"@type\":\"EntryPoint\",\"urlTemplate\":\"https:\/\/icoca.ch\/fr\/?s={search_term_string}\"},\"query-input\":{\"@type\":\"PropertyValueSpecification\",\"valueRequired\":true,\"valueName\":\"search_term_string\"}}],\"inLanguage\":\"fr-FR\"},{\"@type\":\"Organization\",\"@id\":\"https:\/\/icoca.ch\/fr\/#organization\",\"name\":\"ICoCA - International Code of Conduct Association\",\"url\":\"https:\/\/icoca.ch\/fr\/\",\"logo\":{\"@type\":\"ImageObject\",\"inLanguage\":\"fr-FR\",\"@id\":\"https:\/\/icoca.ch\/fr\/#\/schema\/logo\/image\/\",\"url\":\"https:\/\/icoca.ch\/wp-content\/uploads\/2024\/05\/ICoCA_2022_Full-White-Text@3x.png\",\"contentUrl\":\"https:\/\/icoca.ch\/wp-content\/uploads\/2024\/05\/ICoCA_2022_Full-White-Text@3x.png\",\"width\":9588,\"height\":4297,\"caption\":\"ICoCA - International Code of Conduct Association\"},\"image\":{\"@id\":\"https:\/\/icoca.ch\/fr\/#\/schema\/logo\/image\/\"}}]}<\/script>\n<!-- \/ Yoast SEO plugin. -->","yoast_head_json":{"title":"Dina Chantre - ICoCA - International Code of Conduct Association","robots":{"index":"index","follow":"follow","max-snippet":"max-snippet:-1","max-image-preview":"max-image-preview:large","max-video-preview":"max-video-preview:-1"},"canonical":"https:\/\/icoca.ch\/fr\/the-secretariat\/dina-chantre\/","og_locale":"fr_FR","og_type":"article","og_title":"Dina Chantre - ICoCA - International Code of Conduct Association","og_description":"Dina Chantre Responsable RH et Administratif &nbsp; En tant que Responsable RH et Administratif, Dina Chantre s&rsquo;occupe des fonctions administratives et de gestion des ressources humaines de l&rsquo;Association. Avant de rejoindre ICoCA, Dina a occup\u00e9 divers postes dans le secteur priv\u00e9. Elle a notamment travaill\u00e9 pendant plus de six ans dans une prestigieuse station thermale [&hellip;]","og_url":"https:\/\/icoca.ch\/fr\/the-secretariat\/dina-chantre\/","og_site_name":"ICoCA - International Code of Conduct Association","article_modified_time":"2024-02-27T15:24:09+00:00","og_image":[{"url":"https:\/\/icoca.ch\/wp-content\/uploads\/2024\/02\/Dina-Round-Photo-300x300.jpg","type":"","width":"","height":""}],"twitter_card":"summary_large_image","twitter_misc":{"Dur\u00e9e de lecture estim\u00e9e":"1 minute"},"schema":{"@context":"https:\/\/schema.org","@graph":[{"@type":"WebPage","@id":"https:\/\/icoca.ch\/fr\/the-secretariat\/dina-chantre\/","url":"https:\/\/icoca.ch\/fr\/the-secretariat\/dina-chantre\/","name":"Dina Chantre - ICoCA - International Code of Conduct Association","isPartOf":{"@id":"https:\/\/icoca.ch\/fr\/#website"},"primaryImageOfPage":{"@id":"https:\/\/icoca.ch\/fr\/the-secretariat\/dina-chantre\/#primaryimage"},"image":{"@id":"https:\/\/icoca.ch\/fr\/the-secretariat\/dina-chantre\/#primaryimage"},"thumbnailUrl":"https:\/\/icoca.ch\/wp-content\/uploads\/2024\/02\/Dina-Round-Photo-300x300.jpg","datePublished":"2024-02-27T14:45:29+00:00","dateModified":"2024-02-27T15:24:09+00:00","breadcrumb":{"@id":"https:\/\/icoca.ch\/fr\/the-secretariat\/dina-chantre\/#breadcrumb"},"inLanguage":"fr-FR","potentialAction":[{"@type":"ReadAction","target":["https:\/\/icoca.ch\/fr\/the-secretariat\/dina-chantre\/"]}]},{"@type":"ImageObject","inLanguage":"fr-FR","@id":"https:\/\/icoca.ch\/fr\/the-secretariat\/dina-chantre\/#primaryimage","url":"https:\/\/icoca.ch\/wp-content\/uploads\/2024\/02\/Dina-Round-Photo-300x300.jpg","contentUrl":"https:\/\/icoca.ch\/wp-content\/uploads\/2024\/02\/Dina-Round-Photo-300x300.jpg"},{"@type":"BreadcrumbList","@id":"https:\/\/icoca.ch\/fr\/the-secretariat\/dina-chantre\/#breadcrumb","itemListElement":[{"@type":"ListItem","position":1,"name":"Home","item":"https:\/\/icoca.ch\/fr\/"},{"@type":"ListItem","position":2,"name":"Le Secr\u00e9tariat","item":"https:\/\/icoca.ch\/fr\/the-secretariat\/"},{"@type":"ListItem","position":3,"name":"Dina Chantre"}]},{"@type":"WebSite","@id":"https:\/\/icoca.ch\/fr\/#website","url":"https:\/\/icoca.ch\/fr\/","name":"ICoCA - International Code of Conduct Association","description":"Promoting responsible private security","publisher":{"@id":"https:\/\/icoca.ch\/fr\/#organization"},"potentialAction":[{"@type":"SearchAction","target":{"@type":"EntryPoint","urlTemplate":"https:\/\/icoca.ch\/fr\/?s={search_term_string}"},"query-input":{"@type":"PropertyValueSpecification","valueRequired":true,"valueName":"search_term_string"}}],"inLanguage":"fr-FR"},{"@type":"Organization","@id":"https:\/\/icoca.ch\/fr\/#organization","name":"ICoCA - International Code of Conduct Association","url":"https:\/\/icoca.ch\/fr\/","logo":{"@type":"ImageObject","inLanguage":"fr-FR","@id":"https:\/\/icoca.ch\/fr\/#\/schema\/logo\/image\/","url":"https:\/\/icoca.ch\/wp-content\/uploads\/2024\/05\/ICoCA_2022_Full-White-Text@3x.png","contentUrl":"https:\/\/icoca.ch\/wp-content\/uploads\/2024\/05\/ICoCA_2022_Full-White-Text@3x.png","width":9588,"height":4297,"caption":"ICoCA - International Code of Conduct Association"},"image":{"@id":"https:\/\/icoca.ch\/fr\/#\/schema\/logo\/image\/"}}]}},"campaignId":"","_links":{"self":[{"href":"https:\/\/icoca.ch\/fr\/wp-json\/wp\/v2\/pages\/65047","targetHints":{"allow":["GET"]}}],"collection":[{"href":"https:\/\/icoca.ch\/fr\/wp-json\/wp\/v2\/pages"}],"about":[{"href":"https:\/\/icoca.ch\/fr\/wp-json\/wp\/v2\/types\/page"}],"author":[{"embeddable":true,"href":"https:\/\/icoca.ch\/fr\/wp-json\/wp\/v2\/users\/5"}],"replies":[{"embeddable":true,"href":"https:\/\/icoca.ch\/fr\/wp-json\/wp\/v2\/comments?post=65047"}],"version-history":[{"count":0,"href":"https:\/\/icoca.ch\/fr\/wp-json\/wp\/v2\/pages\/65047\/revisions"}],"up":[{"embeddable":true,"href":"https:\/\/icoca.ch\/fr\/wp-json\/wp\/v2\/pages\/2735"}],"wp:attachment":[{"href":"https:\/\/icoca.ch\/fr\/wp-json\/wp\/v2\/media?parent=65047"}],"curies":[{"name":"wp","href":"https:\/\/api.w.org\/{rel}","templated":true}]}}