{"id":65013,"date":"2024-02-27T14:29:37","date_gmt":"2024-02-27T14:29:37","guid":{"rendered":"https:\/\/icoca.ch\/the-secretariat\/chris-galvin\/"},"modified":"2024-02-27T15:11:24","modified_gmt":"2024-02-27T15:11:24","slug":"chris-galvin","status":"publish","type":"page","link":"https:\/\/icoca.ch\/fr\/the-secretariat\/chris-galvin\/","title":{"rendered":"Chris Galvin"},"content":{"rendered":"<table style=\"border-collapse: collapse; width: 100%;\">\n<tbody>\n<tr>\n<td style=\"width: 26.1421%;\"><img loading=\"lazy\" decoding=\"async\" class=\"alignnone size-medium wp-image-64722\" src=\"https:\/\/icoca.ch\/wp-content\/uploads\/2024\/02\/Chris-Round-Photo-300x300.jpg\" alt=\"\" width=\"300\" height=\"300\" srcset=\"https:\/\/icoca.ch\/wp-content\/uploads\/2024\/02\/Chris-Round-Photo-300x300.jpg 300w, https:\/\/icoca.ch\/wp-content\/uploads\/2024\/02\/Chris-Round-Photo-1024x1024.jpg 1024w, https:\/\/icoca.ch\/wp-content\/uploads\/2024\/02\/Chris-Round-Photo-150x150.jpg 150w, https:\/\/icoca.ch\/wp-content\/uploads\/2024\/02\/Chris-Round-Photo-768x768.jpg 768w, https:\/\/icoca.ch\/wp-content\/uploads\/2024\/02\/Chris-Round-Photo-333x333.jpg 333w, https:\/\/icoca.ch\/wp-content\/uploads\/2024\/02\/Chris-Round-Photo.jpg 1080w\" sizes=\"auto, (max-width: 300px) 100vw, 300px\" \/><\/td>\n<td style=\"width: 73.8579%;\">\n<h1>Chris Galvin<\/h1>\n<p><em>Responsable Communication et Sensibilisation<\/em><\/p>\n<p>&nbsp;<\/p>\n<p style=\"line-height: 18.75pt; background: white;\"><span style=\"font-family: 'Open Sans',serif; color: #303030;\">En tant que Responsable Communication et Sensibilisation, Chris Galvin dirige la strat\u00e9gie de sensibilisation et de communication de l&rsquo;Association et d\u00e9veloppe la base de financement d&rsquo;ICoCA aupr\u00e8s des \u00c9tats et des fondations priv\u00e9es.<\/span><\/p>\n<p style=\"line-height: 18.75pt; background: white;\"><span style=\"font-family: 'Open Sans',serif; color: #303030;\">Chris a plus de vingt ans d&rsquo;exp\u00e9rience dans les secteurs \u00e0 but lucratif et non lucratif. Auparavant, Chris a supervis\u00e9 l&rsquo;octroi de subventions \u00e0 une s\u00e9rie d&rsquo;organisations \u00e0 but non lucratif dans le monde entier en tant que Responsable de Programme \u00e0 la Fondation Oak \u00e0 Gen\u00e8ve. Il \u00e9tait avant cela Responsable de la Communication pour l&rsquo;Executive Education \u00e0 l&rsquo;Institut de Hautes \u00c9tudes Internationales et du D\u00e9veloppement, \u00e0 Gen\u00e8ve, o\u00f9 il \u00e9tait charg\u00e9 de l&rsquo;ensemble des communications, du marketing et du d\u00e9veloppement commercial de la division. De 2005 \u00e0 2015, Chris a occup\u00e9 divers postes \u00e0 l&rsquo;universit\u00e9 de Yale, o\u00f9 il a g\u00e9r\u00e9 les affaires publiques, la communication, l&rsquo;engagement communautaire et la collecte de fonds. Dans ses derni\u00e8res fonctions, en tant que Directeur G\u00e9n\u00e9ral des Relations avec les Anciens \u00c8l\u00e8ves de la Yale School of Management, il a g\u00e9r\u00e9 l&rsquo;Association des Anciens \u00c8l\u00e8ves de l&rsquo;\u00e9cole.<\/span><\/p>\n<p style=\"line-height: 18.75pt; background: white;\"><span style=\"font-family: 'Open Sans',serif; color: #303030;\">Avant de rejoindre le secteur \u00e0 but non lucratif, Chris a travaill\u00e9 dans la finance offshore et comme chasseur de t\u00eates \u00e0 Londres. Il a fait ses \u00e9tudes au Royaume-Uni et est titulaire d&rsquo;un Master de l&rsquo;Institute of Development Studies (IDS), de l&rsquo;Universit\u00e9 du Sussex et de l&rsquo;Universit\u00e9 d&rsquo;\u00c9dimbourg.<\/span><\/p>\n<\/td>\n<\/tr>\n<\/tbody>\n<\/table>\n","protected":false},"excerpt":{"rendered":"<p>Chris Galvin Responsable Communication et Sensibilisation &nbsp; En tant que Responsable Communication et Sensibilisation, Chris Galvin dirige la strat\u00e9gie de sensibilisation et de communication de l&rsquo;Association et d\u00e9veloppe la base de financement d&rsquo;ICoCA aupr\u00e8s des \u00c9tats et des fondations priv\u00e9es. Chris a plus de vingt ans d&rsquo;exp\u00e9rience dans les secteurs \u00e0 but lucratif et non [&hellip;]<\/p>\n","protected":false},"author":5,"featured_media":0,"parent":2735,"menu_order":0,"comment_status":"closed","ping_status":"closed","template":"","meta":{"_acf_changed":false,"give_campaign_id":0,"footnotes":""},"class_list":["post-65013","page","type-page","status-publish","hentry"],"acf":[],"yoast_head":"<!-- This site is optimized with the Yoast SEO plugin v26.5 - https:\/\/yoast.com\/wordpress\/plugins\/seo\/ -->\n<title>Chris Galvin - ICoCA - International Code of Conduct Association<\/title>\n<meta name=\"robots\" content=\"index, follow, max-snippet:-1, max-image-preview:large, max-video-preview:-1\" \/>\n<link rel=\"canonical\" href=\"https:\/\/icoca.ch\/fr\/the-secretariat\/chris-galvin\/\" \/>\n<meta property=\"og:locale\" content=\"fr_FR\" \/>\n<meta property=\"og:type\" content=\"article\" \/>\n<meta property=\"og:title\" content=\"Chris Galvin - ICoCA - International Code of Conduct Association\" \/>\n<meta property=\"og:description\" content=\"Chris Galvin Responsable Communication et Sensibilisation &nbsp; En tant que Responsable Communication et Sensibilisation, Chris Galvin dirige la strat\u00e9gie de sensibilisation et de communication de l&rsquo;Association et d\u00e9veloppe la base de financement d&rsquo;ICoCA aupr\u00e8s des \u00c9tats et des fondations priv\u00e9es. Chris a plus de vingt ans d&rsquo;exp\u00e9rience dans les secteurs \u00e0 but lucratif et non [&hellip;]\" \/>\n<meta property=\"og:url\" content=\"https:\/\/icoca.ch\/fr\/the-secretariat\/chris-galvin\/\" \/>\n<meta property=\"og:site_name\" content=\"ICoCA - International Code of Conduct Association\" \/>\n<meta property=\"article:modified_time\" content=\"2024-02-27T15:11:24+00:00\" \/>\n<meta property=\"og:image\" content=\"https:\/\/icoca.ch\/wp-content\/uploads\/2024\/02\/Chris-Round-Photo-300x300.jpg\" \/>\n<meta name=\"twitter:card\" content=\"summary_large_image\" \/>\n<meta name=\"twitter:label1\" content=\"Dur\u00e9e de lecture estim\u00e9e\" \/>\n\t<meta name=\"twitter:data1\" content=\"1 minute\" \/>\n<script type=\"application\/ld+json\" class=\"yoast-schema-graph\">{\"@context\":\"https:\/\/schema.org\",\"@graph\":[{\"@type\":\"WebPage\",\"@id\":\"https:\/\/icoca.ch\/fr\/the-secretariat\/chris-galvin\/\",\"url\":\"https:\/\/icoca.ch\/fr\/the-secretariat\/chris-galvin\/\",\"name\":\"Chris Galvin - ICoCA - International Code of Conduct Association\",\"isPartOf\":{\"@id\":\"https:\/\/icoca.ch\/fr\/#website\"},\"primaryImageOfPage\":{\"@id\":\"https:\/\/icoca.ch\/fr\/the-secretariat\/chris-galvin\/#primaryimage\"},\"image\":{\"@id\":\"https:\/\/icoca.ch\/fr\/the-secretariat\/chris-galvin\/#primaryimage\"},\"thumbnailUrl\":\"https:\/\/icoca.ch\/wp-content\/uploads\/2024\/02\/Chris-Round-Photo-300x300.jpg\",\"datePublished\":\"2024-02-27T14:29:37+00:00\",\"dateModified\":\"2024-02-27T15:11:24+00:00\",\"breadcrumb\":{\"@id\":\"https:\/\/icoca.ch\/fr\/the-secretariat\/chris-galvin\/#breadcrumb\"},\"inLanguage\":\"fr-FR\",\"potentialAction\":[{\"@type\":\"ReadAction\",\"target\":[\"https:\/\/icoca.ch\/fr\/the-secretariat\/chris-galvin\/\"]}]},{\"@type\":\"ImageObject\",\"inLanguage\":\"fr-FR\",\"@id\":\"https:\/\/icoca.ch\/fr\/the-secretariat\/chris-galvin\/#primaryimage\",\"url\":\"https:\/\/icoca.ch\/wp-content\/uploads\/2024\/02\/Chris-Round-Photo-300x300.jpg\",\"contentUrl\":\"https:\/\/icoca.ch\/wp-content\/uploads\/2024\/02\/Chris-Round-Photo-300x300.jpg\"},{\"@type\":\"BreadcrumbList\",\"@id\":\"https:\/\/icoca.ch\/fr\/the-secretariat\/chris-galvin\/#breadcrumb\",\"itemListElement\":[{\"@type\":\"ListItem\",\"position\":1,\"name\":\"Home\",\"item\":\"https:\/\/icoca.ch\/fr\/\"},{\"@type\":\"ListItem\",\"position\":2,\"name\":\"Le Secr\u00e9tariat\",\"item\":\"https:\/\/icoca.ch\/fr\/the-secretariat\/\"},{\"@type\":\"ListItem\",\"position\":3,\"name\":\"Chris Galvin\"}]},{\"@type\":\"WebSite\",\"@id\":\"https:\/\/icoca.ch\/fr\/#website\",\"url\":\"https:\/\/icoca.ch\/fr\/\",\"name\":\"ICoCA - International Code of Conduct Association\",\"description\":\"Promoting responsible private security\",\"publisher\":{\"@id\":\"https:\/\/icoca.ch\/fr\/#organization\"},\"potentialAction\":[{\"@type\":\"SearchAction\",\"target\":{\"@type\":\"EntryPoint\",\"urlTemplate\":\"https:\/\/icoca.ch\/fr\/?s={search_term_string}\"},\"query-input\":{\"@type\":\"PropertyValueSpecification\",\"valueRequired\":true,\"valueName\":\"search_term_string\"}}],\"inLanguage\":\"fr-FR\"},{\"@type\":\"Organization\",\"@id\":\"https:\/\/icoca.ch\/fr\/#organization\",\"name\":\"ICoCA - International Code of Conduct Association\",\"url\":\"https:\/\/icoca.ch\/fr\/\",\"logo\":{\"@type\":\"ImageObject\",\"inLanguage\":\"fr-FR\",\"@id\":\"https:\/\/icoca.ch\/fr\/#\/schema\/logo\/image\/\",\"url\":\"https:\/\/icoca.ch\/wp-content\/uploads\/2024\/05\/ICoCA_2022_Full-White-Text@3x.png\",\"contentUrl\":\"https:\/\/icoca.ch\/wp-content\/uploads\/2024\/05\/ICoCA_2022_Full-White-Text@3x.png\",\"width\":9588,\"height\":4297,\"caption\":\"ICoCA - International Code of Conduct Association\"},\"image\":{\"@id\":\"https:\/\/icoca.ch\/fr\/#\/schema\/logo\/image\/\"}}]}<\/script>\n<!-- \/ Yoast SEO plugin. -->","yoast_head_json":{"title":"Chris Galvin - ICoCA - International Code of Conduct Association","robots":{"index":"index","follow":"follow","max-snippet":"max-snippet:-1","max-image-preview":"max-image-preview:large","max-video-preview":"max-video-preview:-1"},"canonical":"https:\/\/icoca.ch\/fr\/the-secretariat\/chris-galvin\/","og_locale":"fr_FR","og_type":"article","og_title":"Chris Galvin - ICoCA - International Code of Conduct Association","og_description":"Chris Galvin Responsable Communication et Sensibilisation &nbsp; En tant que Responsable Communication et Sensibilisation, Chris Galvin dirige la strat\u00e9gie de sensibilisation et de communication de l&rsquo;Association et d\u00e9veloppe la base de financement d&rsquo;ICoCA aupr\u00e8s des \u00c9tats et des fondations priv\u00e9es. Chris a plus de vingt ans d&rsquo;exp\u00e9rience dans les secteurs \u00e0 but lucratif et non [&hellip;]","og_url":"https:\/\/icoca.ch\/fr\/the-secretariat\/chris-galvin\/","og_site_name":"ICoCA - International Code of Conduct Association","article_modified_time":"2024-02-27T15:11:24+00:00","og_image":[{"url":"https:\/\/icoca.ch\/wp-content\/uploads\/2024\/02\/Chris-Round-Photo-300x300.jpg","type":"","width":"","height":""}],"twitter_card":"summary_large_image","twitter_misc":{"Dur\u00e9e de lecture estim\u00e9e":"1 minute"},"schema":{"@context":"https:\/\/schema.org","@graph":[{"@type":"WebPage","@id":"https:\/\/icoca.ch\/fr\/the-secretariat\/chris-galvin\/","url":"https:\/\/icoca.ch\/fr\/the-secretariat\/chris-galvin\/","name":"Chris Galvin - ICoCA - International Code of Conduct Association","isPartOf":{"@id":"https:\/\/icoca.ch\/fr\/#website"},"primaryImageOfPage":{"@id":"https:\/\/icoca.ch\/fr\/the-secretariat\/chris-galvin\/#primaryimage"},"image":{"@id":"https:\/\/icoca.ch\/fr\/the-secretariat\/chris-galvin\/#primaryimage"},"thumbnailUrl":"https:\/\/icoca.ch\/wp-content\/uploads\/2024\/02\/Chris-Round-Photo-300x300.jpg","datePublished":"2024-02-27T14:29:37+00:00","dateModified":"2024-02-27T15:11:24+00:00","breadcrumb":{"@id":"https:\/\/icoca.ch\/fr\/the-secretariat\/chris-galvin\/#breadcrumb"},"inLanguage":"fr-FR","potentialAction":[{"@type":"ReadAction","target":["https:\/\/icoca.ch\/fr\/the-secretariat\/chris-galvin\/"]}]},{"@type":"ImageObject","inLanguage":"fr-FR","@id":"https:\/\/icoca.ch\/fr\/the-secretariat\/chris-galvin\/#primaryimage","url":"https:\/\/icoca.ch\/wp-content\/uploads\/2024\/02\/Chris-Round-Photo-300x300.jpg","contentUrl":"https:\/\/icoca.ch\/wp-content\/uploads\/2024\/02\/Chris-Round-Photo-300x300.jpg"},{"@type":"BreadcrumbList","@id":"https:\/\/icoca.ch\/fr\/the-secretariat\/chris-galvin\/#breadcrumb","itemListElement":[{"@type":"ListItem","position":1,"name":"Home","item":"https:\/\/icoca.ch\/fr\/"},{"@type":"ListItem","position":2,"name":"Le Secr\u00e9tariat","item":"https:\/\/icoca.ch\/fr\/the-secretariat\/"},{"@type":"ListItem","position":3,"name":"Chris Galvin"}]},{"@type":"WebSite","@id":"https:\/\/icoca.ch\/fr\/#website","url":"https:\/\/icoca.ch\/fr\/","name":"ICoCA - International Code of Conduct Association","description":"Promoting responsible private security","publisher":{"@id":"https:\/\/icoca.ch\/fr\/#organization"},"potentialAction":[{"@type":"SearchAction","target":{"@type":"EntryPoint","urlTemplate":"https:\/\/icoca.ch\/fr\/?s={search_term_string}"},"query-input":{"@type":"PropertyValueSpecification","valueRequired":true,"valueName":"search_term_string"}}],"inLanguage":"fr-FR"},{"@type":"Organization","@id":"https:\/\/icoca.ch\/fr\/#organization","name":"ICoCA - International Code of Conduct Association","url":"https:\/\/icoca.ch\/fr\/","logo":{"@type":"ImageObject","inLanguage":"fr-FR","@id":"https:\/\/icoca.ch\/fr\/#\/schema\/logo\/image\/","url":"https:\/\/icoca.ch\/wp-content\/uploads\/2024\/05\/ICoCA_2022_Full-White-Text@3x.png","contentUrl":"https:\/\/icoca.ch\/wp-content\/uploads\/2024\/05\/ICoCA_2022_Full-White-Text@3x.png","width":9588,"height":4297,"caption":"ICoCA - International Code of Conduct Association"},"image":{"@id":"https:\/\/icoca.ch\/fr\/#\/schema\/logo\/image\/"}}]}},"campaignId":"","_links":{"self":[{"href":"https:\/\/icoca.ch\/fr\/wp-json\/wp\/v2\/pages\/65013","targetHints":{"allow":["GET"]}}],"collection":[{"href":"https:\/\/icoca.ch\/fr\/wp-json\/wp\/v2\/pages"}],"about":[{"href":"https:\/\/icoca.ch\/fr\/wp-json\/wp\/v2\/types\/page"}],"author":[{"embeddable":true,"href":"https:\/\/icoca.ch\/fr\/wp-json\/wp\/v2\/users\/5"}],"replies":[{"embeddable":true,"href":"https:\/\/icoca.ch\/fr\/wp-json\/wp\/v2\/comments?post=65013"}],"version-history":[{"count":0,"href":"https:\/\/icoca.ch\/fr\/wp-json\/wp\/v2\/pages\/65013\/revisions"}],"up":[{"embeddable":true,"href":"https:\/\/icoca.ch\/fr\/wp-json\/wp\/v2\/pages\/2735"}],"wp:attachment":[{"href":"https:\/\/icoca.ch\/fr\/wp-json\/wp\/v2\/media?parent=65013"}],"curies":[{"name":"wp","href":"https:\/\/api.w.org\/{rel}","templated":true}]}}