{"id":65011,"date":"2024-02-27T14:31:33","date_gmt":"2024-02-27T14:31:33","guid":{"rendered":"https:\/\/icoca.ch\/the-secretariat\/antoine-perret\/"},"modified":"2025-08-13T13:38:04","modified_gmt":"2025-08-13T13:38:04","slug":"antoine-perret","status":"publish","type":"page","link":"https:\/\/icoca.ch\/fr\/the-secretariat\/antoine-perret\/","title":{"rendered":"Antoine Perret"},"content":{"rendered":"<table style=\"border-collapse: collapse; width: 100%;\">\n<tbody>\n<tr>\n<td style=\"width: 26.1421%;\"><img loading=\"lazy\" decoding=\"async\" class=\"alignnone size-medium wp-image-64718\" src=\"https:\/\/icoca.ch\/wp-content\/uploads\/2024\/02\/Antoine-Round-Photo-300x300.jpg\" alt=\"\" width=\"300\" height=\"300\" srcset=\"https:\/\/icoca.ch\/wp-content\/uploads\/2024\/02\/Antoine-Round-Photo-300x300.jpg 300w, https:\/\/icoca.ch\/wp-content\/uploads\/2024\/02\/Antoine-Round-Photo-1024x1024.jpg 1024w, https:\/\/icoca.ch\/wp-content\/uploads\/2024\/02\/Antoine-Round-Photo-150x150.jpg 150w, https:\/\/icoca.ch\/wp-content\/uploads\/2024\/02\/Antoine-Round-Photo-768x768.jpg 768w, https:\/\/icoca.ch\/wp-content\/uploads\/2024\/02\/Antoine-Round-Photo-333x333.jpg 333w, https:\/\/icoca.ch\/wp-content\/uploads\/2024\/02\/Antoine-Round-Photo.jpg 1080w\" sizes=\"auto, (max-width: 300px) 100vw, 300px\" \/><\/td>\n<td style=\"width: 73.8579%;\">\n<h1>Antoine Perret<\/h1>\n<p><em>Responsable des Programmes<\/em><\/p>\n<p>&nbsp;<\/p>\n<p style=\"line-height: 18.75pt; background: white;\"><span style=\"font-family: 'Open Sans',serif; color: #303030;\">Antoine Perret a a pour mission de d\u00e9velopper le pilier de la soci\u00e9t\u00e9 civile et de soutenir les OSC Membres, en d\u00e9veloppant leur capacit\u00e9 \u00e0 mettre en place des m\u00e9canismes de responsabilit\u00e9 efficaces et en plaidant en faveur d&rsquo;une s\u00e9curit\u00e9 priv\u00e9e responsable. Avant de rejoindre ICoCA, Antoine a travaill\u00e9 au sein de la Division Affaires et S\u00e9curit\u00e9 du Centre de Gen\u00e8ve pour la Gouvernance de la S\u00e9curit\u00e9 (DCAF), o\u00f9 il a g\u00e9r\u00e9 des projets et men\u00e9 des recherches sur la gouvernance de la s\u00e9curit\u00e9 priv\u00e9e. Avant cela, il \u00e9tait bas\u00e9 au Panama o\u00f9 il travaillait sur la lutte contre le blanchiment d&rsquo;argent et le financement du terrorisme et dirigeait un projet r\u00e9gional sur la cartographie des activit\u00e9s du crime organis\u00e9 en Am\u00e9rique latine. Antoine a commenc\u00e9 sa carri\u00e8re dans les milieux universitaires en tant que chercheur associ\u00e9 \u00e0 l&rsquo;Universidad de Los Andes (Bogota, Colombie), chercheur associ\u00e9 \u00e0 l&rsquo;Universit\u00e9 Columbia (New York, \u00c9tats-Unis) et \u00e0 l&rsquo;American University (Washington DC, \u00c9tats-Unis). Il a enseign\u00e9 \u00e0 l&rsquo;Universidad Externado de Colombia et a collabor\u00e9 avec des agences des Nations Unies sur des questions de s\u00e9curit\u00e9 et de droits humains.<\/span><\/p>\n<p style=\"line-height: 18.75pt; background: white;\"><span style=\"font-family: 'Open Sans',serif; color: #303030;\">Antoine est titulaire d&rsquo;un Doctorat en Droit et d&rsquo;un LLM de l&rsquo;Institut Universitaire Europ\u00e9en (Florence, Italie) ; d&rsquo;un Master en Affaires Internationales de l&rsquo;Universidad Externado de Colombia (Bogota, Colombie) &#8211; en collaboration avec Columbia University et Science Po, Paris ; et d&rsquo;une Licence en Relations Internationales de l&rsquo;Institut de Hautes \u00c9tudes Internationales et du D\u00e9veloppement \u00e0 Gen\u00e8ve, Suisse. Il a publi\u00e9 plusieurs ouvrages et articles sur la r\u00e9glementation de la s\u00e9curit\u00e9 priv\u00e9e.<\/span><\/p>\n<\/td>\n<\/tr>\n<\/tbody>\n<\/table>\n","protected":false},"excerpt":{"rendered":"<p>Antoine Perret Responsable des Programmes &nbsp; Antoine Perret a a pour mission de d\u00e9velopper le pilier de la soci\u00e9t\u00e9 civile et de soutenir les OSC Membres, en d\u00e9veloppant leur capacit\u00e9 \u00e0 mettre en place des m\u00e9canismes de responsabilit\u00e9 efficaces et en plaidant en faveur d&rsquo;une s\u00e9curit\u00e9 priv\u00e9e responsable. Avant de rejoindre ICoCA, Antoine a travaill\u00e9 [&hellip;]<\/p>\n","protected":false},"author":5,"featured_media":0,"parent":2735,"menu_order":0,"comment_status":"closed","ping_status":"closed","template":"","meta":{"_acf_changed":false,"give_campaign_id":0,"footnotes":""},"class_list":["post-65011","page","type-page","status-publish","hentry"],"acf":[],"yoast_head":"<!-- This site is optimized with the Yoast SEO plugin v26.5 - https:\/\/yoast.com\/wordpress\/plugins\/seo\/ -->\n<title>Antoine Perret - ICoCA - International Code of Conduct Association<\/title>\n<meta name=\"robots\" content=\"index, follow, max-snippet:-1, max-image-preview:large, max-video-preview:-1\" \/>\n<link rel=\"canonical\" href=\"https:\/\/icoca.ch\/fr\/the-secretariat\/antoine-perret\/\" \/>\n<meta property=\"og:locale\" content=\"fr_FR\" \/>\n<meta property=\"og:type\" content=\"article\" \/>\n<meta property=\"og:title\" content=\"Antoine Perret - ICoCA - International Code of Conduct Association\" \/>\n<meta property=\"og:description\" content=\"Antoine Perret Responsable des Programmes &nbsp; Antoine Perret a a pour mission de d\u00e9velopper le pilier de la soci\u00e9t\u00e9 civile et de soutenir les OSC Membres, en d\u00e9veloppant leur capacit\u00e9 \u00e0 mettre en place des m\u00e9canismes de responsabilit\u00e9 efficaces et en plaidant en faveur d&rsquo;une s\u00e9curit\u00e9 priv\u00e9e responsable. Avant de rejoindre ICoCA, Antoine a travaill\u00e9 [&hellip;]\" \/>\n<meta property=\"og:url\" content=\"https:\/\/icoca.ch\/fr\/the-secretariat\/antoine-perret\/\" \/>\n<meta property=\"og:site_name\" content=\"ICoCA - International Code of Conduct Association\" \/>\n<meta property=\"article:modified_time\" content=\"2025-08-13T13:38:04+00:00\" \/>\n<meta property=\"og:image\" content=\"https:\/\/icoca.ch\/wp-content\/uploads\/2024\/02\/Antoine-Round-Photo.jpg\" \/>\n\t<meta property=\"og:image:width\" content=\"1080\" \/>\n\t<meta property=\"og:image:height\" content=\"1080\" \/>\n\t<meta property=\"og:image:type\" content=\"image\/jpeg\" \/>\n<meta name=\"twitter:card\" content=\"summary_large_image\" \/>\n<meta name=\"twitter:label1\" content=\"Dur\u00e9e de lecture estim\u00e9e\" \/>\n\t<meta name=\"twitter:data1\" content=\"2 minutes\" \/>\n<script type=\"application\/ld+json\" class=\"yoast-schema-graph\">{\"@context\":\"https:\/\/schema.org\",\"@graph\":[{\"@type\":\"WebPage\",\"@id\":\"https:\/\/icoca.ch\/fr\/the-secretariat\/antoine-perret\/\",\"url\":\"https:\/\/icoca.ch\/fr\/the-secretariat\/antoine-perret\/\",\"name\":\"Antoine Perret - ICoCA - International Code of Conduct Association\",\"isPartOf\":{\"@id\":\"https:\/\/icoca.ch\/fr\/#website\"},\"primaryImageOfPage\":{\"@id\":\"https:\/\/icoca.ch\/fr\/the-secretariat\/antoine-perret\/#primaryimage\"},\"image\":{\"@id\":\"https:\/\/icoca.ch\/fr\/the-secretariat\/antoine-perret\/#primaryimage\"},\"thumbnailUrl\":\"https:\/\/icoca.ch\/wp-content\/uploads\/2024\/02\/Antoine-Round-Photo-300x300.jpg\",\"datePublished\":\"2024-02-27T14:31:33+00:00\",\"dateModified\":\"2025-08-13T13:38:04+00:00\",\"breadcrumb\":{\"@id\":\"https:\/\/icoca.ch\/fr\/the-secretariat\/antoine-perret\/#breadcrumb\"},\"inLanguage\":\"fr-FR\",\"potentialAction\":[{\"@type\":\"ReadAction\",\"target\":[\"https:\/\/icoca.ch\/fr\/the-secretariat\/antoine-perret\/\"]}]},{\"@type\":\"ImageObject\",\"inLanguage\":\"fr-FR\",\"@id\":\"https:\/\/icoca.ch\/fr\/the-secretariat\/antoine-perret\/#primaryimage\",\"url\":\"https:\/\/icoca.ch\/wp-content\/uploads\/2024\/02\/Antoine-Round-Photo-300x300.jpg\",\"contentUrl\":\"https:\/\/icoca.ch\/wp-content\/uploads\/2024\/02\/Antoine-Round-Photo-300x300.jpg\"},{\"@type\":\"BreadcrumbList\",\"@id\":\"https:\/\/icoca.ch\/fr\/the-secretariat\/antoine-perret\/#breadcrumb\",\"itemListElement\":[{\"@type\":\"ListItem\",\"position\":1,\"name\":\"Home\",\"item\":\"https:\/\/icoca.ch\/fr\/\"},{\"@type\":\"ListItem\",\"position\":2,\"name\":\"Le Secr\u00e9tariat\",\"item\":\"https:\/\/icoca.ch\/fr\/the-secretariat\/\"},{\"@type\":\"ListItem\",\"position\":3,\"name\":\"Antoine Perret\"}]},{\"@type\":\"WebSite\",\"@id\":\"https:\/\/icoca.ch\/fr\/#website\",\"url\":\"https:\/\/icoca.ch\/fr\/\",\"name\":\"ICoCA - International Code of Conduct Association\",\"description\":\"Promoting responsible private security\",\"publisher\":{\"@id\":\"https:\/\/icoca.ch\/fr\/#organization\"},\"potentialAction\":[{\"@type\":\"SearchAction\",\"target\":{\"@type\":\"EntryPoint\",\"urlTemplate\":\"https:\/\/icoca.ch\/fr\/?s={search_term_string}\"},\"query-input\":{\"@type\":\"PropertyValueSpecification\",\"valueRequired\":true,\"valueName\":\"search_term_string\"}}],\"inLanguage\":\"fr-FR\"},{\"@type\":\"Organization\",\"@id\":\"https:\/\/icoca.ch\/fr\/#organization\",\"name\":\"ICoCA - International Code of Conduct Association\",\"url\":\"https:\/\/icoca.ch\/fr\/\",\"logo\":{\"@type\":\"ImageObject\",\"inLanguage\":\"fr-FR\",\"@id\":\"https:\/\/icoca.ch\/fr\/#\/schema\/logo\/image\/\",\"url\":\"https:\/\/icoca.ch\/wp-content\/uploads\/2024\/05\/ICoCA_2022_Full-White-Text@3x.png\",\"contentUrl\":\"https:\/\/icoca.ch\/wp-content\/uploads\/2024\/05\/ICoCA_2022_Full-White-Text@3x.png\",\"width\":9588,\"height\":4297,\"caption\":\"ICoCA - International Code of Conduct Association\"},\"image\":{\"@id\":\"https:\/\/icoca.ch\/fr\/#\/schema\/logo\/image\/\"}}]}<\/script>\n<!-- \/ Yoast SEO plugin. -->","yoast_head_json":{"title":"Antoine Perret - ICoCA - International Code of Conduct Association","robots":{"index":"index","follow":"follow","max-snippet":"max-snippet:-1","max-image-preview":"max-image-preview:large","max-video-preview":"max-video-preview:-1"},"canonical":"https:\/\/icoca.ch\/fr\/the-secretariat\/antoine-perret\/","og_locale":"fr_FR","og_type":"article","og_title":"Antoine Perret - ICoCA - International Code of Conduct Association","og_description":"Antoine Perret Responsable des Programmes &nbsp; Antoine Perret a a pour mission de d\u00e9velopper le pilier de la soci\u00e9t\u00e9 civile et de soutenir les OSC Membres, en d\u00e9veloppant leur capacit\u00e9 \u00e0 mettre en place des m\u00e9canismes de responsabilit\u00e9 efficaces et en plaidant en faveur d&rsquo;une s\u00e9curit\u00e9 priv\u00e9e responsable. Avant de rejoindre ICoCA, Antoine a travaill\u00e9 [&hellip;]","og_url":"https:\/\/icoca.ch\/fr\/the-secretariat\/antoine-perret\/","og_site_name":"ICoCA - International Code of Conduct Association","article_modified_time":"2025-08-13T13:38:04+00:00","og_image":[{"width":1080,"height":1080,"url":"https:\/\/icoca.ch\/wp-content\/uploads\/2024\/02\/Antoine-Round-Photo.jpg","type":"image\/jpeg"}],"twitter_card":"summary_large_image","twitter_misc":{"Dur\u00e9e de lecture estim\u00e9e":"2 minutes"},"schema":{"@context":"https:\/\/schema.org","@graph":[{"@type":"WebPage","@id":"https:\/\/icoca.ch\/fr\/the-secretariat\/antoine-perret\/","url":"https:\/\/icoca.ch\/fr\/the-secretariat\/antoine-perret\/","name":"Antoine Perret - ICoCA - International Code of Conduct Association","isPartOf":{"@id":"https:\/\/icoca.ch\/fr\/#website"},"primaryImageOfPage":{"@id":"https:\/\/icoca.ch\/fr\/the-secretariat\/antoine-perret\/#primaryimage"},"image":{"@id":"https:\/\/icoca.ch\/fr\/the-secretariat\/antoine-perret\/#primaryimage"},"thumbnailUrl":"https:\/\/icoca.ch\/wp-content\/uploads\/2024\/02\/Antoine-Round-Photo-300x300.jpg","datePublished":"2024-02-27T14:31:33+00:00","dateModified":"2025-08-13T13:38:04+00:00","breadcrumb":{"@id":"https:\/\/icoca.ch\/fr\/the-secretariat\/antoine-perret\/#breadcrumb"},"inLanguage":"fr-FR","potentialAction":[{"@type":"ReadAction","target":["https:\/\/icoca.ch\/fr\/the-secretariat\/antoine-perret\/"]}]},{"@type":"ImageObject","inLanguage":"fr-FR","@id":"https:\/\/icoca.ch\/fr\/the-secretariat\/antoine-perret\/#primaryimage","url":"https:\/\/icoca.ch\/wp-content\/uploads\/2024\/02\/Antoine-Round-Photo-300x300.jpg","contentUrl":"https:\/\/icoca.ch\/wp-content\/uploads\/2024\/02\/Antoine-Round-Photo-300x300.jpg"},{"@type":"BreadcrumbList","@id":"https:\/\/icoca.ch\/fr\/the-secretariat\/antoine-perret\/#breadcrumb","itemListElement":[{"@type":"ListItem","position":1,"name":"Home","item":"https:\/\/icoca.ch\/fr\/"},{"@type":"ListItem","position":2,"name":"Le Secr\u00e9tariat","item":"https:\/\/icoca.ch\/fr\/the-secretariat\/"},{"@type":"ListItem","position":3,"name":"Antoine Perret"}]},{"@type":"WebSite","@id":"https:\/\/icoca.ch\/fr\/#website","url":"https:\/\/icoca.ch\/fr\/","name":"ICoCA - International Code of Conduct Association","description":"Promoting responsible private security","publisher":{"@id":"https:\/\/icoca.ch\/fr\/#organization"},"potentialAction":[{"@type":"SearchAction","target":{"@type":"EntryPoint","urlTemplate":"https:\/\/icoca.ch\/fr\/?s={search_term_string}"},"query-input":{"@type":"PropertyValueSpecification","valueRequired":true,"valueName":"search_term_string"}}],"inLanguage":"fr-FR"},{"@type":"Organization","@id":"https:\/\/icoca.ch\/fr\/#organization","name":"ICoCA - International Code of Conduct Association","url":"https:\/\/icoca.ch\/fr\/","logo":{"@type":"ImageObject","inLanguage":"fr-FR","@id":"https:\/\/icoca.ch\/fr\/#\/schema\/logo\/image\/","url":"https:\/\/icoca.ch\/wp-content\/uploads\/2024\/05\/ICoCA_2022_Full-White-Text@3x.png","contentUrl":"https:\/\/icoca.ch\/wp-content\/uploads\/2024\/05\/ICoCA_2022_Full-White-Text@3x.png","width":9588,"height":4297,"caption":"ICoCA - International Code of Conduct Association"},"image":{"@id":"https:\/\/icoca.ch\/fr\/#\/schema\/logo\/image\/"}}]}},"campaignId":"","_links":{"self":[{"href":"https:\/\/icoca.ch\/fr\/wp-json\/wp\/v2\/pages\/65011","targetHints":{"allow":["GET"]}}],"collection":[{"href":"https:\/\/icoca.ch\/fr\/wp-json\/wp\/v2\/pages"}],"about":[{"href":"https:\/\/icoca.ch\/fr\/wp-json\/wp\/v2\/types\/page"}],"author":[{"embeddable":true,"href":"https:\/\/icoca.ch\/fr\/wp-json\/wp\/v2\/users\/5"}],"replies":[{"embeddable":true,"href":"https:\/\/icoca.ch\/fr\/wp-json\/wp\/v2\/comments?post=65011"}],"version-history":[{"count":0,"href":"https:\/\/icoca.ch\/fr\/wp-json\/wp\/v2\/pages\/65011\/revisions"}],"up":[{"embeddable":true,"href":"https:\/\/icoca.ch\/fr\/wp-json\/wp\/v2\/pages\/2735"}],"wp:attachment":[{"href":"https:\/\/icoca.ch\/fr\/wp-json\/wp\/v2\/media?parent=65011"}],"curies":[{"name":"wp","href":"https:\/\/api.w.org\/{rel}","templated":true}]}}