{"id":63148,"date":"2023-09-21T17:44:10","date_gmt":"2023-09-21T17:44:10","guid":{"rendered":"https:\/\/icoca.ch\/esg\/"},"modified":"2026-01-22T14:58:14","modified_gmt":"2026-01-22T14:58:14","slug":"esg","status":"publish","type":"page","link":"https:\/\/icoca.ch\/fr\/esg\/","title":{"rendered":"LE \u00ab\u00a0S\u00a0\u00bb CACH\u00c9 DE L&rsquo;ESG"},"content":{"rendered":"<p>Les consid\u00e9rations Environnementales, Sociales et de Gouvernance (ESG) sont utilis\u00e9es par les investisseurs, les gestionnaires d&rsquo;actifs et d&rsquo;autres acteurs pour \u00e9valuer la durabilit\u00e9 et la viabilit\u00e9 \u00e0 long terme d&rsquo;une entreprise. ICoCA cherche \u00e0 partager les meilleures pratiques et les strat\u00e9gies permettant aux investisseurs de promouvoir activement la conduite responsable des entreprises et les droits humains au sein de leurs portefeuilles d&rsquo;investissement.<\/p>\n","protected":false},"excerpt":{"rendered":"<p>Les consid\u00e9rations Environnementales, Sociales et de Gouvernance (ESG) sont utilis\u00e9es par les investisseurs, les gestionnaires d&rsquo;actifs et d&rsquo;autres acteurs pour \u00e9valuer la durabilit\u00e9 et la viabilit\u00e9 \u00e0 long terme d&rsquo;une entreprise. ICoCA cherche \u00e0 partager les meilleures pratiques et les strat\u00e9gies permettant aux investisseurs de promouvoir activement la conduite responsable des entreprises et les droits [&hellip;]<\/p>\n","protected":false},"author":5,"featured_media":66283,"parent":0,"menu_order":0,"comment_status":"closed","ping_status":"closed","template":"page-client-services.php","meta":{"_acf_changed":false,"give_campaign_id":0,"footnotes":""},"class_list":["post-63148","page","type-page","status-publish","has-post-thumbnail","hentry"],"acf":[],"yoast_head":"<!-- This site is optimized with the Yoast SEO plugin v26.5 - https:\/\/yoast.com\/wordpress\/plugins\/seo\/ -->\n<title>LE &quot;S&quot; CACH\u00c9 DE L&#039;ESG - ICoCA - International Code of Conduct Association<\/title>\n<meta name=\"robots\" content=\"index, follow, max-snippet:-1, max-image-preview:large, max-video-preview:-1\" \/>\n<link rel=\"canonical\" href=\"https:\/\/icoca.ch\/fr\/esg\/\" \/>\n<meta property=\"og:locale\" content=\"fr_FR\" \/>\n<meta property=\"og:type\" content=\"article\" \/>\n<meta property=\"og:title\" content=\"LE &quot;S&quot; CACH\u00c9 DE L&#039;ESG - ICoCA - International Code of Conduct Association\" \/>\n<meta property=\"og:description\" content=\"Les consid\u00e9rations Environnementales, Sociales et de Gouvernance (ESG) sont utilis\u00e9es par les investisseurs, les gestionnaires d&rsquo;actifs et d&rsquo;autres acteurs pour \u00e9valuer la durabilit\u00e9 et la viabilit\u00e9 \u00e0 long terme d&rsquo;une entreprise. ICoCA cherche \u00e0 partager les meilleures pratiques et les strat\u00e9gies permettant aux investisseurs de promouvoir activement la conduite responsable des entreprises et les droits [&hellip;]\" \/>\n<meta property=\"og:url\" content=\"https:\/\/icoca.ch\/fr\/esg\/\" \/>\n<meta property=\"og:site_name\" content=\"ICoCA - International Code of Conduct Association\" \/>\n<meta property=\"article:modified_time\" content=\"2026-01-22T14:58:14+00:00\" \/>\n<meta property=\"og:image\" content=\"https:\/\/icoca.ch\/wp-content\/uploads\/2024\/05\/ESG-Featured-Image.jpg\" \/>\n\t<meta property=\"og:image:width\" content=\"1440\" \/>\n\t<meta property=\"og:image:height\" content=\"475\" \/>\n\t<meta property=\"og:image:type\" content=\"image\/jpeg\" \/>\n<meta name=\"twitter:card\" content=\"summary_large_image\" \/>\n<meta name=\"twitter:label1\" content=\"Dur\u00e9e de lecture estim\u00e9e\" \/>\n\t<meta name=\"twitter:data1\" content=\"1 minute\" \/>\n<script type=\"application\/ld+json\" class=\"yoast-schema-graph\">{\"@context\":\"https:\/\/schema.org\",\"@graph\":[{\"@type\":\"WebPage\",\"@id\":\"https:\/\/icoca.ch\/fr\/esg\/\",\"url\":\"https:\/\/icoca.ch\/fr\/esg\/\",\"name\":\"LE \\\"S\\\" CACH\u00c9 DE L'ESG - ICoCA - International Code of Conduct Association\",\"isPartOf\":{\"@id\":\"https:\/\/icoca.ch\/fr\/#website\"},\"primaryImageOfPage\":{\"@id\":\"https:\/\/icoca.ch\/fr\/esg\/#primaryimage\"},\"image\":{\"@id\":\"https:\/\/icoca.ch\/fr\/esg\/#primaryimage\"},\"thumbnailUrl\":\"https:\/\/icoca.ch\/wp-content\/uploads\/2024\/05\/ESG-Featured-Image.jpg\",\"datePublished\":\"2023-09-21T17:44:10+00:00\",\"dateModified\":\"2026-01-22T14:58:14+00:00\",\"breadcrumb\":{\"@id\":\"https:\/\/icoca.ch\/fr\/esg\/#breadcrumb\"},\"inLanguage\":\"fr-FR\",\"potentialAction\":[{\"@type\":\"ReadAction\",\"target\":[\"https:\/\/icoca.ch\/fr\/esg\/\"]}]},{\"@type\":\"ImageObject\",\"inLanguage\":\"fr-FR\",\"@id\":\"https:\/\/icoca.ch\/fr\/esg\/#primaryimage\",\"url\":\"https:\/\/icoca.ch\/wp-content\/uploads\/2024\/05\/ESG-Featured-Image.jpg\",\"contentUrl\":\"https:\/\/icoca.ch\/wp-content\/uploads\/2024\/05\/ESG-Featured-Image.jpg\",\"width\":1440,\"height\":475},{\"@type\":\"BreadcrumbList\",\"@id\":\"https:\/\/icoca.ch\/fr\/esg\/#breadcrumb\",\"itemListElement\":[{\"@type\":\"ListItem\",\"position\":1,\"name\":\"Home\",\"item\":\"https:\/\/icoca.ch\/fr\/\"},{\"@type\":\"ListItem\",\"position\":2,\"name\":\"LE &#8220;S&#8221; CACH\u00c9 DE L&#8217;ESG\"}]},{\"@type\":\"WebSite\",\"@id\":\"https:\/\/icoca.ch\/fr\/#website\",\"url\":\"https:\/\/icoca.ch\/fr\/\",\"name\":\"ICoCA - International Code of Conduct Association\",\"description\":\"Promoting responsible private security\",\"publisher\":{\"@id\":\"https:\/\/icoca.ch\/fr\/#organization\"},\"potentialAction\":[{\"@type\":\"SearchAction\",\"target\":{\"@type\":\"EntryPoint\",\"urlTemplate\":\"https:\/\/icoca.ch\/fr\/?s={search_term_string}\"},\"query-input\":{\"@type\":\"PropertyValueSpecification\",\"valueRequired\":true,\"valueName\":\"search_term_string\"}}],\"inLanguage\":\"fr-FR\"},{\"@type\":\"Organization\",\"@id\":\"https:\/\/icoca.ch\/fr\/#organization\",\"name\":\"ICoCA - International Code of Conduct Association\",\"url\":\"https:\/\/icoca.ch\/fr\/\",\"logo\":{\"@type\":\"ImageObject\",\"inLanguage\":\"fr-FR\",\"@id\":\"https:\/\/icoca.ch\/fr\/#\/schema\/logo\/image\/\",\"url\":\"https:\/\/icoca.ch\/wp-content\/uploads\/2024\/05\/ICoCA_2022_Full-White-Text@3x.png\",\"contentUrl\":\"https:\/\/icoca.ch\/wp-content\/uploads\/2024\/05\/ICoCA_2022_Full-White-Text@3x.png\",\"width\":9588,\"height\":4297,\"caption\":\"ICoCA - International Code of Conduct Association\"},\"image\":{\"@id\":\"https:\/\/icoca.ch\/fr\/#\/schema\/logo\/image\/\"}}]}<\/script>\n<!-- \/ Yoast SEO plugin. -->","yoast_head_json":{"title":"LE \"S\" CACH\u00c9 DE L'ESG - ICoCA - International Code of Conduct Association","robots":{"index":"index","follow":"follow","max-snippet":"max-snippet:-1","max-image-preview":"max-image-preview:large","max-video-preview":"max-video-preview:-1"},"canonical":"https:\/\/icoca.ch\/fr\/esg\/","og_locale":"fr_FR","og_type":"article","og_title":"LE \"S\" CACH\u00c9 DE L'ESG - ICoCA - International Code of Conduct Association","og_description":"Les consid\u00e9rations Environnementales, Sociales et de Gouvernance (ESG) sont utilis\u00e9es par les investisseurs, les gestionnaires d&rsquo;actifs et d&rsquo;autres acteurs pour \u00e9valuer la durabilit\u00e9 et la viabilit\u00e9 \u00e0 long terme d&rsquo;une entreprise. ICoCA cherche \u00e0 partager les meilleures pratiques et les strat\u00e9gies permettant aux investisseurs de promouvoir activement la conduite responsable des entreprises et les droits [&hellip;]","og_url":"https:\/\/icoca.ch\/fr\/esg\/","og_site_name":"ICoCA - International Code of Conduct Association","article_modified_time":"2026-01-22T14:58:14+00:00","og_image":[{"width":1440,"height":475,"url":"https:\/\/icoca.ch\/wp-content\/uploads\/2024\/05\/ESG-Featured-Image.jpg","type":"image\/jpeg"}],"twitter_card":"summary_large_image","twitter_misc":{"Dur\u00e9e de lecture estim\u00e9e":"1 minute"},"schema":{"@context":"https:\/\/schema.org","@graph":[{"@type":"WebPage","@id":"https:\/\/icoca.ch\/fr\/esg\/","url":"https:\/\/icoca.ch\/fr\/esg\/","name":"LE \"S\" CACH\u00c9 DE L'ESG - ICoCA - International Code of Conduct Association","isPartOf":{"@id":"https:\/\/icoca.ch\/fr\/#website"},"primaryImageOfPage":{"@id":"https:\/\/icoca.ch\/fr\/esg\/#primaryimage"},"image":{"@id":"https:\/\/icoca.ch\/fr\/esg\/#primaryimage"},"thumbnailUrl":"https:\/\/icoca.ch\/wp-content\/uploads\/2024\/05\/ESG-Featured-Image.jpg","datePublished":"2023-09-21T17:44:10+00:00","dateModified":"2026-01-22T14:58:14+00:00","breadcrumb":{"@id":"https:\/\/icoca.ch\/fr\/esg\/#breadcrumb"},"inLanguage":"fr-FR","potentialAction":[{"@type":"ReadAction","target":["https:\/\/icoca.ch\/fr\/esg\/"]}]},{"@type":"ImageObject","inLanguage":"fr-FR","@id":"https:\/\/icoca.ch\/fr\/esg\/#primaryimage","url":"https:\/\/icoca.ch\/wp-content\/uploads\/2024\/05\/ESG-Featured-Image.jpg","contentUrl":"https:\/\/icoca.ch\/wp-content\/uploads\/2024\/05\/ESG-Featured-Image.jpg","width":1440,"height":475},{"@type":"BreadcrumbList","@id":"https:\/\/icoca.ch\/fr\/esg\/#breadcrumb","itemListElement":[{"@type":"ListItem","position":1,"name":"Home","item":"https:\/\/icoca.ch\/fr\/"},{"@type":"ListItem","position":2,"name":"LE &#8220;S&#8221; CACH\u00c9 DE L&#8217;ESG"}]},{"@type":"WebSite","@id":"https:\/\/icoca.ch\/fr\/#website","url":"https:\/\/icoca.ch\/fr\/","name":"ICoCA - International Code of Conduct Association","description":"Promoting responsible private security","publisher":{"@id":"https:\/\/icoca.ch\/fr\/#organization"},"potentialAction":[{"@type":"SearchAction","target":{"@type":"EntryPoint","urlTemplate":"https:\/\/icoca.ch\/fr\/?s={search_term_string}"},"query-input":{"@type":"PropertyValueSpecification","valueRequired":true,"valueName":"search_term_string"}}],"inLanguage":"fr-FR"},{"@type":"Organization","@id":"https:\/\/icoca.ch\/fr\/#organization","name":"ICoCA - International Code of Conduct Association","url":"https:\/\/icoca.ch\/fr\/","logo":{"@type":"ImageObject","inLanguage":"fr-FR","@id":"https:\/\/icoca.ch\/fr\/#\/schema\/logo\/image\/","url":"https:\/\/icoca.ch\/wp-content\/uploads\/2024\/05\/ICoCA_2022_Full-White-Text@3x.png","contentUrl":"https:\/\/icoca.ch\/wp-content\/uploads\/2024\/05\/ICoCA_2022_Full-White-Text@3x.png","width":9588,"height":4297,"caption":"ICoCA - International Code of Conduct Association"},"image":{"@id":"https:\/\/icoca.ch\/fr\/#\/schema\/logo\/image\/"}}]}},"campaignId":"","_links":{"self":[{"href":"https:\/\/icoca.ch\/fr\/wp-json\/wp\/v2\/pages\/63148","targetHints":{"allow":["GET"]}}],"collection":[{"href":"https:\/\/icoca.ch\/fr\/wp-json\/wp\/v2\/pages"}],"about":[{"href":"https:\/\/icoca.ch\/fr\/wp-json\/wp\/v2\/types\/page"}],"author":[{"embeddable":true,"href":"https:\/\/icoca.ch\/fr\/wp-json\/wp\/v2\/users\/5"}],"replies":[{"embeddable":true,"href":"https:\/\/icoca.ch\/fr\/wp-json\/wp\/v2\/comments?post=63148"}],"version-history":[{"count":1,"href":"https:\/\/icoca.ch\/fr\/wp-json\/wp\/v2\/pages\/63148\/revisions"}],"predecessor-version":[{"id":81437,"href":"https:\/\/icoca.ch\/fr\/wp-json\/wp\/v2\/pages\/63148\/revisions\/81437"}],"wp:featuredmedia":[{"embeddable":true,"href":"https:\/\/icoca.ch\/fr\/wp-json\/wp\/v2\/media\/66283"}],"wp:attachment":[{"href":"https:\/\/icoca.ch\/fr\/wp-json\/wp\/v2\/media?parent=63148"}],"curies":[{"name":"wp","href":"https:\/\/api.w.org\/{rel}","templated":true}]}}