{"id":4522,"date":"2020-10-15T16:59:58","date_gmt":"2020-10-15T16:59:58","guid":{"rendered":"https:\/\/icoca.ch\/gardaworld-commitment-to-the-sdgs\/"},"modified":"2020-11-02T07:51:28","modified_gmt":"2020-11-02T07:51:28","slug":"gardaworld-commitment-to-the-sdgs","status":"publish","type":"page","link":"https:\/\/icoca.ch\/fr\/gardaworld-commitment-to-the-sdgs\/","title":{"rendered":"L&rsquo;ENGAGEMENT DE GARDAWORLD ENVERS LES SDGs"},"content":{"rendered":"<p>Le maintien de solides pratiques environnementales, sociales et de gouvernance (ESG) est important pour la fa\u00e7on dont nous op\u00e9rons chez GardaWorld, et est soutenu par notre engagement envers les objectifs de d\u00e9veloppement durable (SDG) des Nations Unies (ONU). Cet engagement est \u00e9tay\u00e9 par notre respect du Code, qui reconna\u00eet et soutient le r\u00f4le que nous jouons en tant qu&rsquo;entreprise de s\u00e9curit\u00e9 priv\u00e9e mondiale responsable.<\/p>\n<p>GardaWorld s&rsquo;engage \u00e0 respecter et \u00e0 faire respecter les droits humains de tous ceux qui peuvent \u00eatre affect\u00e9s par nos activit\u00e9s commerciales, et nous nous effor\u00e7ons d&rsquo;aligner nos actions et nos politiques sur les objectifs identifi\u00e9s dans les SDG des Nations Unies. En promouvant l&rsquo;objectif 8 sur le travail d\u00e9cent et la croissance \u00e9conomique, GardaWorld entreprend un processus de recrutement soutenu par des mesures non discriminatoires et la r\u00e9alisation de la parit\u00e9 des sexes dans la mesure du possible, maintient une politique de recrutement local en premier lieu et entreprend une \u00e9valuation comparative des salaires dans tous les domaines d&rsquo;activit\u00e9.\u00a0 Nous soutenons et sommes guid\u00e9s par la loi britannique sur l&rsquo;esclavage moderne (Modern Slavery Act, MSA) et nous publions notre d\u00e9claration MSA sur notre site internet.<\/p>\n<p>En soutenant l&rsquo;objectif 16, qui promeut la paix, la justice et des institutions fortes, GardaWorld maintient des politiques strictes concernant les r\u00e8gles pour l&rsquo;utilisation de la force (RUF), la lutte contre la corruption et les comportements violents. Ces niveaux \u00e9lev\u00e9s de professionnalisme sont contr\u00f4l\u00e9s et maintenus par les \u00e9quipes de conformit\u00e9 et d&rsquo;assurance de l&rsquo;entreprise et par le comit\u00e9 de conformit\u00e9 sup\u00e9rieur, le Conseil de surveillance.<\/p>\n<p>In supporting Goal 16, which promotes Peace, Justice and Strong Institutions, GardaWorld upholds strict policies surrounding the Rules for the Use of Force (RUF), anti-bribery and corruption, and violent behaviour. These high levels of professionalism are monitored and maintained through the Company\u2019s Compliance and Assurance Teams and the senior compliance committee, the Oversight Board.<\/p>\n<p style=\"text-align: left;\"><img loading=\"lazy\" decoding=\"async\" class=\" wp-image-4204 alignright\" src=\"https:\/\/icoca.ch\/wp-content\/uploads\/2020\/10\/Garda-Photo-2-300x202.jpg\" alt=\"\" width=\"300\" height=\"202\" srcset=\"https:\/\/icoca.ch\/wp-content\/uploads\/2020\/10\/Garda-Photo-2-300x202.jpg 300w, https:\/\/icoca.ch\/wp-content\/uploads\/2020\/10\/Garda-Photo-2.jpg 326w\" sizes=\"auto, (max-width: 300px) 100vw, 300px\" \/><\/p>\n<p>Notre engagement envers les principes et pratiques ESG des Nations unies va au-del\u00e0 de nos activit\u00e9s principales, notamment par le biais de notre programme de responsabilit\u00e9 sociale des entreprises, qui est vari\u00e9 et ax\u00e9 sur les besoins. Gr\u00e2ce \u00e0 un partenariat avec le village d&rsquo;enfants Shamsa \u00e0 Kaboul, en Afghanistan, nous soutenons le d\u00e9veloppement et l&rsquo;\u00e9ducation de plus de 100 orphelins dans un environnement familial permanent et chaleureux.\u00a0Au Kurdistan, en\u00a0Irak, gr\u00e2ce \u00e0 l&rsquo;apport de ressources financi\u00e8res et en nature, nous sommes en mesure de soutenir le travail vital de la Fondation SEED, <img loading=\"lazy\" decoding=\"async\" class=\"wp-image-4206 alignleft\" src=\"https:\/\/icoca.ch\/wp-content\/uploads\/2020\/10\/Garda-Photo-1.jpg\" alt=\"\" width=\"293\" height=\"190\" srcset=\"https:\/\/icoca.ch\/wp-content\/uploads\/2020\/10\/Garda-Photo-1.jpg 516w, https:\/\/icoca.ch\/wp-content\/uploads\/2020\/10\/Garda-Photo-1-300x194.jpg 300w, https:\/\/icoca.ch\/wp-content\/uploads\/2020\/10\/Garda-Photo-1-500x324.jpg 500w\" sizes=\"auto, (max-width: 293px) 100vw, 293px\" \/>notamment son programme de lutte contre la traite des \u00eatres humains, et la fourniture de services de sant\u00e9 mentale et de services psychosociaux aux survivants de la violence et de la traite. Gr\u00e2ce \u00e0 ces efforts et \u00e0 nos conseils et w\u00e9binaires sur la pr\u00e9vention de l&rsquo;exploitation et des abus sexuels (PSEA), nous pouvons contribuer directement \u00e0 la r\u00e9alisation de la SDG 5 sur l&rsquo;\u00e9galit\u00e9 des sexes et l&rsquo;autonomisation des femmes, entre autres.<\/p>\n<p>En tant que signataire du Code et membre certifi\u00e9 de l&rsquo;ICoCA, et en tant que membre qui soutient les principes directeurs des Nations Unies et qui fonctionne selon les crit\u00e8res ESG, GardaWorld a pu d\u00e9velopper une culture de meilleures pratiques et un comportement \u00e9thique fort. Notre travail avec l&rsquo;ICoCA, y compris l&rsquo;utilisation de ses conseils et de ses outils, s&rsquo;est av\u00e9r\u00e9 inestimable pour promouvoir ces normes \u00e9thiques et r\u00e9glementaires \u00e9lev\u00e9es. En outre, l&rsquo;obligation de prouver la conformit\u00e9 au Code pour \u00eatre \u00e9ligible \u00e0 de nombreux contrats de s\u00e9curit\u00e9 d\u2019\u00c9tats a permis \u00e0 GardaWorld d&rsquo;\u00eatre un leader dans la fourniture de s\u00e9curit\u00e9 pour les secteurs de la diplomatie et de l&rsquo;aide humanitaire.<\/p>\n<p>Enfin, GardaWorld se f\u00e9licite de la contribution des membres gouvernementaux aux travaux de l&rsquo;ICoCA et estime que la croissance de l\u2019adh\u00e9sion dans ce pilier contribuerait grandement \u00e0 \u00e9lever les normes du secteur de la s\u00e9curit\u00e9 priv\u00e9e dans le monde.<\/p>\n<p><img loading=\"lazy\" decoding=\"async\" class=\"aligncenter wp-image-4208\" src=\"https:\/\/icoca.ch\/wp-content\/uploads\/2020\/10\/Garda-Photo-3.jpg\" alt=\"\" width=\"553\" height=\"175\" srcset=\"https:\/\/icoca.ch\/wp-content\/uploads\/2020\/10\/Garda-Photo-3.jpg 796w, https:\/\/icoca.ch\/wp-content\/uploads\/2020\/10\/Garda-Photo-3-300x95.jpg 300w, https:\/\/icoca.ch\/wp-content\/uploads\/2020\/10\/Garda-Photo-3-768x243.jpg 768w, https:\/\/icoca.ch\/wp-content\/uploads\/2020\/10\/Garda-Photo-3-500x158.jpg 500w\" sizes=\"auto, (max-width: 553px) 100vw, 553px\" \/><\/p>\n<p>&nbsp;<\/p>\n","protected":false},"excerpt":{"rendered":"<p>Le maintien de solides pratiques environnementales, sociales et de gouvernance (ESG) est important pour la fa\u00e7on dont nous op\u00e9rons chez GardaWorld, et est soutenu par notre engagement envers les objectifs de d\u00e9veloppement durable (SDG) des Nations Unies (ONU). Cet engagement est \u00e9tay\u00e9 par notre respect du Code, qui reconna\u00eet et soutient le r\u00f4le que nous [&hellip;]<\/p>\n","protected":false},"author":3,"featured_media":0,"parent":0,"menu_order":0,"comment_status":"closed","ping_status":"closed","template":"","meta":{"_acf_changed":false,"give_campaign_id":0,"footnotes":""},"class_list":["post-4522","page","type-page","status-publish","hentry"],"acf":[],"yoast_head":"<!-- This site is optimized with the Yoast SEO plugin v26.5 - https:\/\/yoast.com\/wordpress\/plugins\/seo\/ -->\n<title>L&#039;ENGAGEMENT DE GARDAWORLD ENVERS LES SDGs - ICoCA - International Code of Conduct Association<\/title>\n<meta name=\"robots\" content=\"index, follow, max-snippet:-1, max-image-preview:large, max-video-preview:-1\" \/>\n<link rel=\"canonical\" href=\"https:\/\/icoca.ch\/fr\/gardaworld-commitment-to-the-sdgs\/\" \/>\n<meta property=\"og:locale\" content=\"fr_FR\" \/>\n<meta property=\"og:type\" content=\"article\" \/>\n<meta property=\"og:title\" content=\"L&#039;ENGAGEMENT DE GARDAWORLD ENVERS LES SDGs - ICoCA - International Code of Conduct Association\" \/>\n<meta property=\"og:description\" content=\"Le maintien de solides pratiques environnementales, sociales et de gouvernance (ESG) est important pour la fa\u00e7on dont nous op\u00e9rons chez GardaWorld, et est soutenu par notre engagement envers les objectifs de d\u00e9veloppement durable (SDG) des Nations Unies (ONU). Cet engagement est \u00e9tay\u00e9 par notre respect du Code, qui reconna\u00eet et soutient le r\u00f4le que nous [&hellip;]\" \/>\n<meta property=\"og:url\" content=\"https:\/\/icoca.ch\/fr\/gardaworld-commitment-to-the-sdgs\/\" \/>\n<meta property=\"og:site_name\" content=\"ICoCA - International Code of Conduct Association\" \/>\n<meta property=\"article:modified_time\" content=\"2020-11-02T07:51:28+00:00\" \/>\n<meta property=\"og:image\" content=\"https:\/\/icoca.ch\/wp-content\/uploads\/2020\/10\/Garda-Photo-2-300x202.jpg\" \/>\n<meta name=\"twitter:card\" content=\"summary_large_image\" \/>\n<meta name=\"twitter:label1\" content=\"Dur\u00e9e de lecture estim\u00e9e\" \/>\n\t<meta name=\"twitter:data1\" content=\"3 minutes\" \/>\n<script type=\"application\/ld+json\" class=\"yoast-schema-graph\">{\"@context\":\"https:\/\/schema.org\",\"@graph\":[{\"@type\":\"WebPage\",\"@id\":\"https:\/\/icoca.ch\/fr\/gardaworld-commitment-to-the-sdgs\/\",\"url\":\"https:\/\/icoca.ch\/fr\/gardaworld-commitment-to-the-sdgs\/\",\"name\":\"L'ENGAGEMENT DE GARDAWORLD ENVERS LES SDGs - ICoCA - International Code of Conduct Association\",\"isPartOf\":{\"@id\":\"https:\/\/icoca.ch\/fr\/#website\"},\"primaryImageOfPage\":{\"@id\":\"https:\/\/icoca.ch\/fr\/gardaworld-commitment-to-the-sdgs\/#primaryimage\"},\"image\":{\"@id\":\"https:\/\/icoca.ch\/fr\/gardaworld-commitment-to-the-sdgs\/#primaryimage\"},\"thumbnailUrl\":\"https:\/\/icoca.ch\/wp-content\/uploads\/2020\/10\/Garda-Photo-2-300x202.jpg\",\"datePublished\":\"2020-10-15T16:59:58+00:00\",\"dateModified\":\"2020-11-02T07:51:28+00:00\",\"breadcrumb\":{\"@id\":\"https:\/\/icoca.ch\/fr\/gardaworld-commitment-to-the-sdgs\/#breadcrumb\"},\"inLanguage\":\"fr-FR\",\"potentialAction\":[{\"@type\":\"ReadAction\",\"target\":[\"https:\/\/icoca.ch\/fr\/gardaworld-commitment-to-the-sdgs\/\"]}]},{\"@type\":\"ImageObject\",\"inLanguage\":\"fr-FR\",\"@id\":\"https:\/\/icoca.ch\/fr\/gardaworld-commitment-to-the-sdgs\/#primaryimage\",\"url\":\"https:\/\/icoca.ch\/wp-content\/uploads\/2020\/10\/Garda-Photo-2-300x202.jpg\",\"contentUrl\":\"https:\/\/icoca.ch\/wp-content\/uploads\/2020\/10\/Garda-Photo-2-300x202.jpg\"},{\"@type\":\"BreadcrumbList\",\"@id\":\"https:\/\/icoca.ch\/fr\/gardaworld-commitment-to-the-sdgs\/#breadcrumb\",\"itemListElement\":[{\"@type\":\"ListItem\",\"position\":1,\"name\":\"Home\",\"item\":\"https:\/\/icoca.ch\/fr\/\"},{\"@type\":\"ListItem\",\"position\":2,\"name\":\"L&rsquo;ENGAGEMENT DE GARDAWORLD ENVERS LES SDGs\"}]},{\"@type\":\"WebSite\",\"@id\":\"https:\/\/icoca.ch\/fr\/#website\",\"url\":\"https:\/\/icoca.ch\/fr\/\",\"name\":\"ICoCA - International Code of Conduct Association\",\"description\":\"Promoting responsible private security\",\"publisher\":{\"@id\":\"https:\/\/icoca.ch\/fr\/#organization\"},\"potentialAction\":[{\"@type\":\"SearchAction\",\"target\":{\"@type\":\"EntryPoint\",\"urlTemplate\":\"https:\/\/icoca.ch\/fr\/?s={search_term_string}\"},\"query-input\":{\"@type\":\"PropertyValueSpecification\",\"valueRequired\":true,\"valueName\":\"search_term_string\"}}],\"inLanguage\":\"fr-FR\"},{\"@type\":\"Organization\",\"@id\":\"https:\/\/icoca.ch\/fr\/#organization\",\"name\":\"ICoCA - International Code of Conduct Association\",\"url\":\"https:\/\/icoca.ch\/fr\/\",\"logo\":{\"@type\":\"ImageObject\",\"inLanguage\":\"fr-FR\",\"@id\":\"https:\/\/icoca.ch\/fr\/#\/schema\/logo\/image\/\",\"url\":\"https:\/\/icoca.ch\/wp-content\/uploads\/2024\/05\/ICoCA_2022_Full-White-Text@3x.png\",\"contentUrl\":\"https:\/\/icoca.ch\/wp-content\/uploads\/2024\/05\/ICoCA_2022_Full-White-Text@3x.png\",\"width\":9588,\"height\":4297,\"caption\":\"ICoCA - International Code of Conduct Association\"},\"image\":{\"@id\":\"https:\/\/icoca.ch\/fr\/#\/schema\/logo\/image\/\"}}]}<\/script>\n<!-- \/ Yoast SEO plugin. -->","yoast_head_json":{"title":"L'ENGAGEMENT DE GARDAWORLD ENVERS LES SDGs - ICoCA - International Code of Conduct Association","robots":{"index":"index","follow":"follow","max-snippet":"max-snippet:-1","max-image-preview":"max-image-preview:large","max-video-preview":"max-video-preview:-1"},"canonical":"https:\/\/icoca.ch\/fr\/gardaworld-commitment-to-the-sdgs\/","og_locale":"fr_FR","og_type":"article","og_title":"L'ENGAGEMENT DE GARDAWORLD ENVERS LES SDGs - ICoCA - International Code of Conduct Association","og_description":"Le maintien de solides pratiques environnementales, sociales et de gouvernance (ESG) est important pour la fa\u00e7on dont nous op\u00e9rons chez GardaWorld, et est soutenu par notre engagement envers les objectifs de d\u00e9veloppement durable (SDG) des Nations Unies (ONU). Cet engagement est \u00e9tay\u00e9 par notre respect du Code, qui reconna\u00eet et soutient le r\u00f4le que nous [&hellip;]","og_url":"https:\/\/icoca.ch\/fr\/gardaworld-commitment-to-the-sdgs\/","og_site_name":"ICoCA - International Code of Conduct Association","article_modified_time":"2020-11-02T07:51:28+00:00","og_image":[{"url":"https:\/\/icoca.ch\/wp-content\/uploads\/2020\/10\/Garda-Photo-2-300x202.jpg","type":"","width":"","height":""}],"twitter_card":"summary_large_image","twitter_misc":{"Dur\u00e9e de lecture estim\u00e9e":"3 minutes"},"schema":{"@context":"https:\/\/schema.org","@graph":[{"@type":"WebPage","@id":"https:\/\/icoca.ch\/fr\/gardaworld-commitment-to-the-sdgs\/","url":"https:\/\/icoca.ch\/fr\/gardaworld-commitment-to-the-sdgs\/","name":"L'ENGAGEMENT DE GARDAWORLD ENVERS LES SDGs - ICoCA - International Code of Conduct Association","isPartOf":{"@id":"https:\/\/icoca.ch\/fr\/#website"},"primaryImageOfPage":{"@id":"https:\/\/icoca.ch\/fr\/gardaworld-commitment-to-the-sdgs\/#primaryimage"},"image":{"@id":"https:\/\/icoca.ch\/fr\/gardaworld-commitment-to-the-sdgs\/#primaryimage"},"thumbnailUrl":"https:\/\/icoca.ch\/wp-content\/uploads\/2020\/10\/Garda-Photo-2-300x202.jpg","datePublished":"2020-10-15T16:59:58+00:00","dateModified":"2020-11-02T07:51:28+00:00","breadcrumb":{"@id":"https:\/\/icoca.ch\/fr\/gardaworld-commitment-to-the-sdgs\/#breadcrumb"},"inLanguage":"fr-FR","potentialAction":[{"@type":"ReadAction","target":["https:\/\/icoca.ch\/fr\/gardaworld-commitment-to-the-sdgs\/"]}]},{"@type":"ImageObject","inLanguage":"fr-FR","@id":"https:\/\/icoca.ch\/fr\/gardaworld-commitment-to-the-sdgs\/#primaryimage","url":"https:\/\/icoca.ch\/wp-content\/uploads\/2020\/10\/Garda-Photo-2-300x202.jpg","contentUrl":"https:\/\/icoca.ch\/wp-content\/uploads\/2020\/10\/Garda-Photo-2-300x202.jpg"},{"@type":"BreadcrumbList","@id":"https:\/\/icoca.ch\/fr\/gardaworld-commitment-to-the-sdgs\/#breadcrumb","itemListElement":[{"@type":"ListItem","position":1,"name":"Home","item":"https:\/\/icoca.ch\/fr\/"},{"@type":"ListItem","position":2,"name":"L&rsquo;ENGAGEMENT DE GARDAWORLD ENVERS LES SDGs"}]},{"@type":"WebSite","@id":"https:\/\/icoca.ch\/fr\/#website","url":"https:\/\/icoca.ch\/fr\/","name":"ICoCA - International Code of Conduct Association","description":"Promoting responsible private security","publisher":{"@id":"https:\/\/icoca.ch\/fr\/#organization"},"potentialAction":[{"@type":"SearchAction","target":{"@type":"EntryPoint","urlTemplate":"https:\/\/icoca.ch\/fr\/?s={search_term_string}"},"query-input":{"@type":"PropertyValueSpecification","valueRequired":true,"valueName":"search_term_string"}}],"inLanguage":"fr-FR"},{"@type":"Organization","@id":"https:\/\/icoca.ch\/fr\/#organization","name":"ICoCA - International Code of Conduct Association","url":"https:\/\/icoca.ch\/fr\/","logo":{"@type":"ImageObject","inLanguage":"fr-FR","@id":"https:\/\/icoca.ch\/fr\/#\/schema\/logo\/image\/","url":"https:\/\/icoca.ch\/wp-content\/uploads\/2024\/05\/ICoCA_2022_Full-White-Text@3x.png","contentUrl":"https:\/\/icoca.ch\/wp-content\/uploads\/2024\/05\/ICoCA_2022_Full-White-Text@3x.png","width":9588,"height":4297,"caption":"ICoCA - International Code of Conduct Association"},"image":{"@id":"https:\/\/icoca.ch\/fr\/#\/schema\/logo\/image\/"}}]}},"campaignId":"","_links":{"self":[{"href":"https:\/\/icoca.ch\/fr\/wp-json\/wp\/v2\/pages\/4522","targetHints":{"allow":["GET"]}}],"collection":[{"href":"https:\/\/icoca.ch\/fr\/wp-json\/wp\/v2\/pages"}],"about":[{"href":"https:\/\/icoca.ch\/fr\/wp-json\/wp\/v2\/types\/page"}],"author":[{"embeddable":true,"href":"https:\/\/icoca.ch\/fr\/wp-json\/wp\/v2\/users\/3"}],"replies":[{"embeddable":true,"href":"https:\/\/icoca.ch\/fr\/wp-json\/wp\/v2\/comments?post=4522"}],"version-history":[{"count":0,"href":"https:\/\/icoca.ch\/fr\/wp-json\/wp\/v2\/pages\/4522\/revisions"}],"wp:attachment":[{"href":"https:\/\/icoca.ch\/fr\/wp-json\/wp\/v2\/media?parent=4522"}],"curies":[{"name":"wp","href":"https:\/\/api.w.org\/{rel}","templated":true}]}}