{"id":2735,"date":"2020-09-01T09:09:48","date_gmt":"2020-09-01T09:09:48","guid":{"rendered":"https:\/\/icoca.ch\/the-secretariat\/"},"modified":"2026-03-04T11:49:13","modified_gmt":"2026-03-04T11:49:13","slug":"the-secretariat","status":"publish","type":"page","link":"https:\/\/icoca.ch\/fr\/the-secretariat\/","title":{"rendered":"Le Secr\u00e9tariat"},"content":{"rendered":"<table style=\"border-collapse: collapse; width: 100%; height: 1260px;\">\n<tbody>\n<tr style=\"height: 436px;\">\n<td style=\"width: 25%; height: 436px;\"><a href=\"https:\/\/icoca.ch\/fr\/the-secretariat\/antoine-perret\/\"><img loading=\"lazy\" decoding=\"async\" class=\"size-medium wp-image-64718 aligncenter\" src=\"https:\/\/icoca.ch\/wp-content\/uploads\/2024\/02\/Antoine-Round-Photo-300x300.jpg\" alt=\"\" width=\"300\" height=\"300\" srcset=\"https:\/\/icoca.ch\/wp-content\/uploads\/2024\/02\/Antoine-Round-Photo-300x300.jpg 300w, https:\/\/icoca.ch\/wp-content\/uploads\/2024\/02\/Antoine-Round-Photo-1024x1024.jpg 1024w, https:\/\/icoca.ch\/wp-content\/uploads\/2024\/02\/Antoine-Round-Photo-150x150.jpg 150w, https:\/\/icoca.ch\/wp-content\/uploads\/2024\/02\/Antoine-Round-Photo-768x768.jpg 768w, https:\/\/icoca.ch\/wp-content\/uploads\/2024\/02\/Antoine-Round-Photo-333x333.jpg 333w, https:\/\/icoca.ch\/wp-content\/uploads\/2024\/02\/Antoine-Round-Photo.jpg 1080w\" sizes=\"auto, (max-width: 300px) 100vw, 300px\" \/><\/a><\/p>\n<p style=\"text-align: center;\"><a href=\"https:\/\/icoca.ch\/fr\/the-secretariat\/antoine-perret\/\"><strong>Antoine Perret<\/strong><\/a><\/p>\n<p style=\"text-align: center;\">Responsable des programmes<\/p>\n<\/td>\n<td style=\"width: 25%; height: 436px;\"><a href=\"https:\/\/icoca.ch\/fr\/the-secretariat\/charline-cretin\/\"><img loading=\"lazy\" decoding=\"async\" class=\"alignnone size-medium wp-image-82091 aligncenter\" src=\"https:\/\/icoca.ch\/wp-content\/uploads\/2026\/03\/Charline-Cretin-Round-Photo-300x300.jpg\" alt=\"\" width=\"300\" height=\"300\" srcset=\"https:\/\/icoca.ch\/wp-content\/uploads\/2026\/03\/Charline-Cretin-Round-Photo-300x300.jpg 300w, https:\/\/icoca.ch\/wp-content\/uploads\/2026\/03\/Charline-Cretin-Round-Photo-1024x1024.jpg 1024w, https:\/\/icoca.ch\/wp-content\/uploads\/2026\/03\/Charline-Cretin-Round-Photo-150x150.jpg 150w, https:\/\/icoca.ch\/wp-content\/uploads\/2026\/03\/Charline-Cretin-Round-Photo-768x768.jpg 768w, https:\/\/icoca.ch\/wp-content\/uploads\/2026\/03\/Charline-Cretin-Round-Photo-333x333.jpg 333w, https:\/\/icoca.ch\/wp-content\/uploads\/2026\/03\/Charline-Cretin-Round-Photo.jpg 1080w\" sizes=\"auto, (max-width: 300px) 100vw, 300px\" \/><\/a><\/p>\n<p style=\"text-align: center;\"><a href=\"https:\/\/icoca.ch\/fr\/the-secretariat\/charline-cretin\/\"><strong>Charline Cr\u00e9tin<\/strong><\/a><\/p>\n<p style=\"text-align: center;\">Charg\u00e9e de programmes et des adh\u00e9sions<\/p>\n<\/td>\n<td style=\"width: 25%; height: 436px;\"><a href=\"https:\/\/icoca.ch\/fr\/the-secretariat\/chris-galvin\/\"><img loading=\"lazy\" decoding=\"async\" class=\"size-medium wp-image-64723 aligncenter\" src=\"https:\/\/icoca.ch\/wp-content\/uploads\/2024\/02\/Chris-Round-Photo-300x300.jpg\" alt=\"\" width=\"300\" height=\"300\" srcset=\"https:\/\/icoca.ch\/wp-content\/uploads\/2024\/02\/Chris-Round-Photo-300x300.jpg 300w, https:\/\/icoca.ch\/wp-content\/uploads\/2024\/02\/Chris-Round-Photo-1024x1024.jpg 1024w, https:\/\/icoca.ch\/wp-content\/uploads\/2024\/02\/Chris-Round-Photo-150x150.jpg 150w, https:\/\/icoca.ch\/wp-content\/uploads\/2024\/02\/Chris-Round-Photo-768x768.jpg 768w, https:\/\/icoca.ch\/wp-content\/uploads\/2024\/02\/Chris-Round-Photo-333x333.jpg 333w, https:\/\/icoca.ch\/wp-content\/uploads\/2024\/02\/Chris-Round-Photo.jpg 1080w\" sizes=\"auto, (max-width: 300px) 100vw, 300px\" \/><\/a><\/p>\n<p style=\"text-align: center;\"><a href=\"https:\/\/icoca.ch\/fr\/the-secretariat\/chris-galvin\/\"><strong>Chris Galvin<\/strong><\/a><\/p>\n<p style=\"text-align: center;\">Responsable communication et sensibilisation<\/p>\n<\/td>\n<td style=\"width: 25%; height: 436px;\"><a href=\"https:\/\/icoca.ch\/fr\/the-secretariat\/dina-chantre\/\"><img loading=\"lazy\" decoding=\"async\" class=\"size-medium wp-image-64726 aligncenter\" src=\"https:\/\/icoca.ch\/wp-content\/uploads\/2024\/02\/Dina-Round-Photo-300x300.jpg\" alt=\"\" width=\"300\" height=\"300\" srcset=\"https:\/\/icoca.ch\/wp-content\/uploads\/2024\/02\/Dina-Round-Photo-300x300.jpg 300w, https:\/\/icoca.ch\/wp-content\/uploads\/2024\/02\/Dina-Round-Photo-1024x1024.jpg 1024w, https:\/\/icoca.ch\/wp-content\/uploads\/2024\/02\/Dina-Round-Photo-150x150.jpg 150w, https:\/\/icoca.ch\/wp-content\/uploads\/2024\/02\/Dina-Round-Photo-768x768.jpg 768w, https:\/\/icoca.ch\/wp-content\/uploads\/2024\/02\/Dina-Round-Photo-333x333.jpg 333w, https:\/\/icoca.ch\/wp-content\/uploads\/2024\/02\/Dina-Round-Photo.jpg 1080w\" sizes=\"auto, (max-width: 300px) 100vw, 300px\" \/><\/a><\/p>\n<p style=\"text-align: center;\"><a href=\"https:\/\/icoca.ch\/fr\/the-secretariat\/dina-chantre\/\"><strong>Dina Chantre<\/strong><\/a><\/p>\n<p style=\"text-align: center;\">Responsable RH et administratif<\/p>\n<\/td>\n<\/tr>\n<tr style=\"height: 412px;\">\n<td style=\"width: 25%; height: 412px;\"><a href=\"https:\/\/icoca.ch\/fr\/the-secretariat\/florie-barbotte\/\"><img loading=\"lazy\" decoding=\"async\" class=\"size-medium wp-image-64734 aligncenter\" src=\"https:\/\/icoca.ch\/wp-content\/uploads\/2024\/02\/Florie-Round-Photo-300x300.jpg\" alt=\"\" width=\"300\" height=\"300\" srcset=\"https:\/\/icoca.ch\/wp-content\/uploads\/2024\/02\/Florie-Round-Photo-300x300.jpg 300w, https:\/\/icoca.ch\/wp-content\/uploads\/2024\/02\/Florie-Round-Photo-1024x1024.jpg 1024w, https:\/\/icoca.ch\/wp-content\/uploads\/2024\/02\/Florie-Round-Photo-150x150.jpg 150w, https:\/\/icoca.ch\/wp-content\/uploads\/2024\/02\/Florie-Round-Photo-768x768.jpg 768w, https:\/\/icoca.ch\/wp-content\/uploads\/2024\/02\/Florie-Round-Photo-333x333.jpg 333w, https:\/\/icoca.ch\/wp-content\/uploads\/2024\/02\/Florie-Round-Photo.jpg 1080w\" sizes=\"auto, (max-width: 300px) 100vw, 300px\" \/><\/a><\/p>\n<p style=\"text-align: center;\"><a href=\"https:\/\/icoca.ch\/fr\/the-secretariat\/florie-barbotte\/\"><strong>Florie Barbotte<\/strong><\/a><\/p>\n<p style=\"text-align: center;\">Charg\u00e9e de communication et marketing<\/p>\n<\/td>\n<td style=\"width: 25%; height: 412px;\">&nbsp;<\/p>\n<p>&nbsp;<\/p>\n<p>&nbsp;<\/p>\n<p>&nbsp;<\/p>\n<p>&nbsp;<\/p>\n<p>&nbsp;<\/p>\n<p>&nbsp;<\/p>\n<p>&nbsp;<\/p>\n<p style=\"text-align: center;\"><strong>Hanif Dewi<\/strong><\/p>\n<p style=\"text-align: center;\">Responsable des finances<\/p>\n<\/td>\n<td style=\"width: 25%; height: 412px;\"><a href=\"https:\/\/icoca.ch\/fr\/the-secretariat\/jamie-williamson\/\"><img loading=\"lazy\" decoding=\"async\" class=\"size-medium wp-image-64739 aligncenter\" src=\"https:\/\/icoca.ch\/wp-content\/uploads\/2024\/02\/Jamie-Round-Photo-300x300.jpg\" alt=\"\" width=\"300\" height=\"300\" srcset=\"https:\/\/icoca.ch\/wp-content\/uploads\/2024\/02\/Jamie-Round-Photo-300x300.jpg 300w, https:\/\/icoca.ch\/wp-content\/uploads\/2024\/02\/Jamie-Round-Photo-1024x1024.jpg 1024w, https:\/\/icoca.ch\/wp-content\/uploads\/2024\/02\/Jamie-Round-Photo-150x150.jpg 150w, https:\/\/icoca.ch\/wp-content\/uploads\/2024\/02\/Jamie-Round-Photo-768x768.jpg 768w, https:\/\/icoca.ch\/wp-content\/uploads\/2024\/02\/Jamie-Round-Photo-333x333.jpg 333w, https:\/\/icoca.ch\/wp-content\/uploads\/2024\/02\/Jamie-Round-Photo.jpg 1080w\" sizes=\"auto, (max-width: 300px) 100vw, 300px\" \/><\/a><\/p>\n<p style=\"text-align: center;\"><a href=\"https:\/\/icoca.ch\/fr\/the-secretariat\/jamie-williamson\/\"><strong>Jamie Williamson<\/strong><\/a><\/p>\n<p style=\"text-align: center;\">Directeur ex\u00e9cutif<\/p>\n<\/td>\n<td style=\"width: 25%; height: 412px;\"><a href=\"https:\/\/icoca.ch\/fr\/the-secretariat\/jonathan-ondo\/\"><img loading=\"lazy\" decoding=\"async\" class=\"alignnone wp-image-67561 size-medium aligncenter\" src=\"https:\/\/icoca.ch\/wp-content\/uploads\/2024\/10\/Jonathan-Round-Photo-300x300.png\" alt=\"\" width=\"300\" height=\"300\" srcset=\"https:\/\/icoca.ch\/wp-content\/uploads\/2024\/10\/Jonathan-Round-Photo-300x300.png 300w, https:\/\/icoca.ch\/wp-content\/uploads\/2024\/10\/Jonathan-Round-Photo-1024x1024.png 1024w, https:\/\/icoca.ch\/wp-content\/uploads\/2024\/10\/Jonathan-Round-Photo-150x150.png 150w, https:\/\/icoca.ch\/wp-content\/uploads\/2024\/10\/Jonathan-Round-Photo-768x768.png 768w, https:\/\/icoca.ch\/wp-content\/uploads\/2024\/10\/Jonathan-Round-Photo-333x333.png 333w, https:\/\/icoca.ch\/wp-content\/uploads\/2024\/10\/Jonathan-Round-Photo.png 1080w\" sizes=\"auto, (max-width: 300px) 100vw, 300px\" \/><\/a><\/p>\n<p style=\"text-align: center;\"><a href=\"https:\/\/icoca.ch\/fr\/the-secretariat\/jonathan-ondo\/\"><b>Jonathan Ondo<\/b><\/a><\/p>\n<p style=\"text-align: center;\">Assistant administratif et financier<\/p>\n<\/td>\n<\/tr>\n<tr style=\"height: 412px;\">\n<td style=\"width: 25%; height: 412px;\"><a href=\"https:\/\/icoca.ch\/fr\/the-secretariat\/madeleine-thill\/\"><img loading=\"lazy\" decoding=\"async\" class=\"size-medium wp-image-81650 aligncenter\" src=\"https:\/\/icoca.ch\/wp-content\/uploads\/2026\/02\/Madeleine-Thill-Round-Photo-300x300.jpg\" alt=\"\" width=\"300\" height=\"300\" srcset=\"https:\/\/icoca.ch\/wp-content\/uploads\/2026\/02\/Madeleine-Thill-Round-Photo-300x300.jpg 300w, https:\/\/icoca.ch\/wp-content\/uploads\/2026\/02\/Madeleine-Thill-Round-Photo-1024x1024.jpg 1024w, https:\/\/icoca.ch\/wp-content\/uploads\/2026\/02\/Madeleine-Thill-Round-Photo-150x150.jpg 150w, https:\/\/icoca.ch\/wp-content\/uploads\/2026\/02\/Madeleine-Thill-Round-Photo-768x768.jpg 768w, https:\/\/icoca.ch\/wp-content\/uploads\/2026\/02\/Madeleine-Thill-Round-Photo-333x333.jpg 333w, https:\/\/icoca.ch\/wp-content\/uploads\/2026\/02\/Madeleine-Thill-Round-Photo.jpg 1080w\" sizes=\"auto, (max-width: 300px) 100vw, 300px\" \/><\/a><\/p>\n<p style=\"text-align: center;\"><a href=\"https:\/\/icoca.ch\/fr\/the-secretariat\/madeleine-thill\/\"><b>Madeleine Thill<\/b><\/a><\/p>\n<p style=\"text-align: center;\">Charg\u00e9e de projets et de plaidoyer junior<\/p>\n<\/td>\n<td style=\"width: 25%; height: 412px;\"><a href=\"https:\/\/icoca.ch\/fr\/the-secretariat\/nada-bessassi\/\"><img loading=\"lazy\" decoding=\"async\" class=\"size-medium wp-image-64742 aligncenter\" src=\"https:\/\/icoca.ch\/wp-content\/uploads\/2024\/02\/Nada-Round-Photo-300x300.jpg\" alt=\"\" width=\"300\" height=\"300\" srcset=\"https:\/\/icoca.ch\/wp-content\/uploads\/2024\/02\/Nada-Round-Photo-300x300.jpg 300w, https:\/\/icoca.ch\/wp-content\/uploads\/2024\/02\/Nada-Round-Photo-1024x1024.jpg 1024w, https:\/\/icoca.ch\/wp-content\/uploads\/2024\/02\/Nada-Round-Photo-150x150.jpg 150w, https:\/\/icoca.ch\/wp-content\/uploads\/2024\/02\/Nada-Round-Photo-768x768.jpg 768w, https:\/\/icoca.ch\/wp-content\/uploads\/2024\/02\/Nada-Round-Photo-333x333.jpg 333w, https:\/\/icoca.ch\/wp-content\/uploads\/2024\/02\/Nada-Round-Photo.jpg 1080w\" sizes=\"auto, (max-width: 300px) 100vw, 300px\" \/><\/a><\/p>\n<p style=\"text-align: center;\"><a href=\"https:\/\/icoca.ch\/fr\/the-secretariat\/nada-bessassi\/\"><strong>Nada Bessassi<\/strong><\/a><\/p>\n<p style=\"text-align: center;\">Charg\u00e9e des adh\u00e9sions et de la certification<\/p>\n<\/td>\n<td style=\"width: 25%; height: 412px;\"><a href=\"https:\/\/icoca.ch\/fr\/the-secretariat\/tom-mather\/\"><img loading=\"lazy\" decoding=\"async\" class=\"alignnone size-medium wp-image-64747 aligncenter\" src=\"https:\/\/icoca.ch\/wp-content\/uploads\/2024\/02\/Tom-Round-Photo-300x300.jpg\" alt=\"\" width=\"300\" height=\"300\" srcset=\"https:\/\/icoca.ch\/wp-content\/uploads\/2024\/02\/Tom-Round-Photo-300x300.jpg 300w, https:\/\/icoca.ch\/wp-content\/uploads\/2024\/02\/Tom-Round-Photo-1024x1024.jpg 1024w, https:\/\/icoca.ch\/wp-content\/uploads\/2024\/02\/Tom-Round-Photo-150x150.jpg 150w, https:\/\/icoca.ch\/wp-content\/uploads\/2024\/02\/Tom-Round-Photo-768x768.jpg 768w, https:\/\/icoca.ch\/wp-content\/uploads\/2024\/02\/Tom-Round-Photo-333x333.jpg 333w, https:\/\/icoca.ch\/wp-content\/uploads\/2024\/02\/Tom-Round-Photo.jpg 1080w\" sizes=\"auto, (max-width: 300px) 100vw, 300px\" \/><\/a><\/p>\n<p style=\"text-align: center;\"><a href=\"https:\/\/icoca.ch\/fr\/the-secretariat\/tom-mather\/\"><strong>Tom Mather<\/strong><\/a><\/p>\n<p style=\"text-align: center;\">Responsable de la conformit\u00e9<\/p>\n<\/td>\n<td style=\"width: 25%; height: 412px;\"><a href=\"https:\/\/icoca.ch\/fr\/the-secretariat\/valentina-potapova\/\"><img loading=\"lazy\" decoding=\"async\" class=\"size-medium wp-image-64750 aligncenter\" src=\"https:\/\/icoca.ch\/wp-content\/uploads\/2024\/02\/Valentina-Round-Photo-300x300.jpg\" alt=\"\" width=\"300\" height=\"300\" srcset=\"https:\/\/icoca.ch\/wp-content\/uploads\/2024\/02\/Valentina-Round-Photo-300x300.jpg 300w, https:\/\/icoca.ch\/wp-content\/uploads\/2024\/02\/Valentina-Round-Photo-1024x1024.jpg 1024w, https:\/\/icoca.ch\/wp-content\/uploads\/2024\/02\/Valentina-Round-Photo-150x150.jpg 150w, https:\/\/icoca.ch\/wp-content\/uploads\/2024\/02\/Valentina-Round-Photo-768x768.jpg 768w, https:\/\/icoca.ch\/wp-content\/uploads\/2024\/02\/Valentina-Round-Photo-333x333.jpg 333w, https:\/\/icoca.ch\/wp-content\/uploads\/2024\/02\/Valentina-Round-Photo.jpg 1080w\" sizes=\"auto, (max-width: 300px) 100vw, 300px\" \/><\/a><\/p>\n<p style=\"text-align: center;\"><a href=\"https:\/\/icoca.ch\/fr\/the-secretariat\/valentina-potapova\/\"><strong>Valentina Potapova<\/strong><\/a><\/p>\n<p style=\"text-align: center;\">Responsable des adh\u00e9sions et du d\u00e9veloppement<\/p>\n<\/td>\n<\/tr>\n<\/tbody>\n<\/table>\n<p>&nbsp;<\/p>\n","protected":false},"excerpt":{"rendered":"<p>Antoine Perret Responsable des programmes Charline Cr\u00e9tin Charg\u00e9e de programmes et des adh\u00e9sions Chris Galvin Responsable communication et sensibilisation Dina Chantre Responsable RH et administratif Florie Barbotte Charg\u00e9e de communication et marketing &nbsp; &nbsp; &nbsp; &nbsp; &nbsp; &nbsp; &nbsp; &nbsp; Hanif Dewi Responsable des finances Jamie Williamson Directeur ex\u00e9cutif Jonathan Ondo Assistant administratif et financier [&hellip;]<\/p>\n","protected":false},"author":3,"featured_media":81645,"parent":0,"menu_order":0,"comment_status":"closed","ping_status":"closed","template":"page-board-of-directors.php","meta":{"_acf_changed":false,"give_campaign_id":0,"footnotes":""},"class_list":["post-2735","page","type-page","status-publish","has-post-thumbnail","hentry"],"acf":[],"yoast_head":"<!-- This site is optimized with the Yoast SEO plugin v26.5 - https:\/\/yoast.com\/wordpress\/plugins\/seo\/ -->\n<title>Le Secr\u00e9tariat - ICoCA - International Code of Conduct Association<\/title>\n<meta name=\"robots\" content=\"index, follow, max-snippet:-1, max-image-preview:large, max-video-preview:-1\" \/>\n<link rel=\"canonical\" href=\"https:\/\/icoca.ch\/fr\/the-secretariat\/\" \/>\n<meta property=\"og:locale\" content=\"fr_FR\" \/>\n<meta property=\"og:type\" content=\"article\" \/>\n<meta property=\"og:title\" content=\"Le Secr\u00e9tariat - ICoCA - International Code of Conduct Association\" \/>\n<meta property=\"og:description\" content=\"Antoine Perret Responsable des programmes Charline Cr\u00e9tin Charg\u00e9e de programmes et des adh\u00e9sions Chris Galvin Responsable communication et sensibilisation Dina Chantre Responsable RH et administratif Florie Barbotte Charg\u00e9e de communication et marketing &nbsp; &nbsp; &nbsp; &nbsp; &nbsp; &nbsp; &nbsp; &nbsp; Hanif Dewi Responsable des finances Jamie Williamson Directeur ex\u00e9cutif Jonathan Ondo Assistant administratif et financier [&hellip;]\" \/>\n<meta property=\"og:url\" content=\"https:\/\/icoca.ch\/fr\/the-secretariat\/\" \/>\n<meta property=\"og:site_name\" content=\"ICoCA - International Code of Conduct Association\" \/>\n<meta property=\"article:modified_time\" content=\"2026-03-04T11:49:13+00:00\" \/>\n<meta property=\"og:image\" content=\"https:\/\/icoca.ch\/wp-content\/uploads\/2026\/02\/Team-2026-Featured-Image.jpg\" \/>\n\t<meta property=\"og:image:width\" content=\"1440\" \/>\n\t<meta property=\"og:image:height\" content=\"475\" \/>\n\t<meta property=\"og:image:type\" content=\"image\/jpeg\" \/>\n<meta name=\"twitter:card\" content=\"summary_large_image\" \/>\n<meta name=\"twitter:label1\" content=\"Dur\u00e9e de lecture estim\u00e9e\" \/>\n\t<meta name=\"twitter:data1\" content=\"3 minutes\" \/>\n<script type=\"application\/ld+json\" class=\"yoast-schema-graph\">{\"@context\":\"https:\/\/schema.org\",\"@graph\":[{\"@type\":\"WebPage\",\"@id\":\"https:\/\/icoca.ch\/fr\/the-secretariat\/\",\"url\":\"https:\/\/icoca.ch\/fr\/the-secretariat\/\",\"name\":\"Le Secr\u00e9tariat - ICoCA - International Code of Conduct Association\",\"isPartOf\":{\"@id\":\"https:\/\/icoca.ch\/fr\/#website\"},\"primaryImageOfPage\":{\"@id\":\"https:\/\/icoca.ch\/fr\/the-secretariat\/#primaryimage\"},\"image\":{\"@id\":\"https:\/\/icoca.ch\/fr\/the-secretariat\/#primaryimage\"},\"thumbnailUrl\":\"https:\/\/icoca.ch\/wp-content\/uploads\/2026\/02\/Team-2026-Featured-Image.jpg\",\"datePublished\":\"2020-09-01T09:09:48+00:00\",\"dateModified\":\"2026-03-04T11:49:13+00:00\",\"breadcrumb\":{\"@id\":\"https:\/\/icoca.ch\/fr\/the-secretariat\/#breadcrumb\"},\"inLanguage\":\"fr-FR\",\"potentialAction\":[{\"@type\":\"ReadAction\",\"target\":[\"https:\/\/icoca.ch\/fr\/the-secretariat\/\"]}]},{\"@type\":\"ImageObject\",\"inLanguage\":\"fr-FR\",\"@id\":\"https:\/\/icoca.ch\/fr\/the-secretariat\/#primaryimage\",\"url\":\"https:\/\/icoca.ch\/wp-content\/uploads\/2026\/02\/Team-2026-Featured-Image.jpg\",\"contentUrl\":\"https:\/\/icoca.ch\/wp-content\/uploads\/2026\/02\/Team-2026-Featured-Image.jpg\",\"width\":1440,\"height\":475},{\"@type\":\"BreadcrumbList\",\"@id\":\"https:\/\/icoca.ch\/fr\/the-secretariat\/#breadcrumb\",\"itemListElement\":[{\"@type\":\"ListItem\",\"position\":1,\"name\":\"Home\",\"item\":\"https:\/\/icoca.ch\/fr\/\"},{\"@type\":\"ListItem\",\"position\":2,\"name\":\"Le Secr\u00e9tariat\"}]},{\"@type\":\"WebSite\",\"@id\":\"https:\/\/icoca.ch\/fr\/#website\",\"url\":\"https:\/\/icoca.ch\/fr\/\",\"name\":\"ICoCA - International Code of Conduct Association\",\"description\":\"Promoting responsible private security\",\"publisher\":{\"@id\":\"https:\/\/icoca.ch\/fr\/#organization\"},\"potentialAction\":[{\"@type\":\"SearchAction\",\"target\":{\"@type\":\"EntryPoint\",\"urlTemplate\":\"https:\/\/icoca.ch\/fr\/?s={search_term_string}\"},\"query-input\":{\"@type\":\"PropertyValueSpecification\",\"valueRequired\":true,\"valueName\":\"search_term_string\"}}],\"inLanguage\":\"fr-FR\"},{\"@type\":\"Organization\",\"@id\":\"https:\/\/icoca.ch\/fr\/#organization\",\"name\":\"ICoCA - International Code of Conduct Association\",\"url\":\"https:\/\/icoca.ch\/fr\/\",\"logo\":{\"@type\":\"ImageObject\",\"inLanguage\":\"fr-FR\",\"@id\":\"https:\/\/icoca.ch\/fr\/#\/schema\/logo\/image\/\",\"url\":\"https:\/\/icoca.ch\/wp-content\/uploads\/2024\/05\/ICoCA_2022_Full-White-Text@3x.png\",\"contentUrl\":\"https:\/\/icoca.ch\/wp-content\/uploads\/2024\/05\/ICoCA_2022_Full-White-Text@3x.png\",\"width\":9588,\"height\":4297,\"caption\":\"ICoCA - International Code of Conduct Association\"},\"image\":{\"@id\":\"https:\/\/icoca.ch\/fr\/#\/schema\/logo\/image\/\"}}]}<\/script>\n<!-- \/ Yoast SEO plugin. -->","yoast_head_json":{"title":"Le Secr\u00e9tariat - ICoCA - International Code of Conduct Association","robots":{"index":"index","follow":"follow","max-snippet":"max-snippet:-1","max-image-preview":"max-image-preview:large","max-video-preview":"max-video-preview:-1"},"canonical":"https:\/\/icoca.ch\/fr\/the-secretariat\/","og_locale":"fr_FR","og_type":"article","og_title":"Le Secr\u00e9tariat - ICoCA - International Code of Conduct Association","og_description":"Antoine Perret Responsable des programmes Charline Cr\u00e9tin Charg\u00e9e de programmes et des adh\u00e9sions Chris Galvin Responsable communication et sensibilisation Dina Chantre Responsable RH et administratif Florie Barbotte Charg\u00e9e de communication et marketing &nbsp; &nbsp; &nbsp; &nbsp; &nbsp; &nbsp; &nbsp; &nbsp; Hanif Dewi Responsable des finances Jamie Williamson Directeur ex\u00e9cutif Jonathan Ondo Assistant administratif et financier [&hellip;]","og_url":"https:\/\/icoca.ch\/fr\/the-secretariat\/","og_site_name":"ICoCA - International Code of Conduct Association","article_modified_time":"2026-03-04T11:49:13+00:00","og_image":[{"width":1440,"height":475,"url":"https:\/\/icoca.ch\/wp-content\/uploads\/2026\/02\/Team-2026-Featured-Image.jpg","type":"image\/jpeg"}],"twitter_card":"summary_large_image","twitter_misc":{"Dur\u00e9e de lecture estim\u00e9e":"3 minutes"},"schema":{"@context":"https:\/\/schema.org","@graph":[{"@type":"WebPage","@id":"https:\/\/icoca.ch\/fr\/the-secretariat\/","url":"https:\/\/icoca.ch\/fr\/the-secretariat\/","name":"Le Secr\u00e9tariat - ICoCA - International Code of Conduct Association","isPartOf":{"@id":"https:\/\/icoca.ch\/fr\/#website"},"primaryImageOfPage":{"@id":"https:\/\/icoca.ch\/fr\/the-secretariat\/#primaryimage"},"image":{"@id":"https:\/\/icoca.ch\/fr\/the-secretariat\/#primaryimage"},"thumbnailUrl":"https:\/\/icoca.ch\/wp-content\/uploads\/2026\/02\/Team-2026-Featured-Image.jpg","datePublished":"2020-09-01T09:09:48+00:00","dateModified":"2026-03-04T11:49:13+00:00","breadcrumb":{"@id":"https:\/\/icoca.ch\/fr\/the-secretariat\/#breadcrumb"},"inLanguage":"fr-FR","potentialAction":[{"@type":"ReadAction","target":["https:\/\/icoca.ch\/fr\/the-secretariat\/"]}]},{"@type":"ImageObject","inLanguage":"fr-FR","@id":"https:\/\/icoca.ch\/fr\/the-secretariat\/#primaryimage","url":"https:\/\/icoca.ch\/wp-content\/uploads\/2026\/02\/Team-2026-Featured-Image.jpg","contentUrl":"https:\/\/icoca.ch\/wp-content\/uploads\/2026\/02\/Team-2026-Featured-Image.jpg","width":1440,"height":475},{"@type":"BreadcrumbList","@id":"https:\/\/icoca.ch\/fr\/the-secretariat\/#breadcrumb","itemListElement":[{"@type":"ListItem","position":1,"name":"Home","item":"https:\/\/icoca.ch\/fr\/"},{"@type":"ListItem","position":2,"name":"Le Secr\u00e9tariat"}]},{"@type":"WebSite","@id":"https:\/\/icoca.ch\/fr\/#website","url":"https:\/\/icoca.ch\/fr\/","name":"ICoCA - International Code of Conduct Association","description":"Promoting responsible private security","publisher":{"@id":"https:\/\/icoca.ch\/fr\/#organization"},"potentialAction":[{"@type":"SearchAction","target":{"@type":"EntryPoint","urlTemplate":"https:\/\/icoca.ch\/fr\/?s={search_term_string}"},"query-input":{"@type":"PropertyValueSpecification","valueRequired":true,"valueName":"search_term_string"}}],"inLanguage":"fr-FR"},{"@type":"Organization","@id":"https:\/\/icoca.ch\/fr\/#organization","name":"ICoCA - International Code of Conduct Association","url":"https:\/\/icoca.ch\/fr\/","logo":{"@type":"ImageObject","inLanguage":"fr-FR","@id":"https:\/\/icoca.ch\/fr\/#\/schema\/logo\/image\/","url":"https:\/\/icoca.ch\/wp-content\/uploads\/2024\/05\/ICoCA_2022_Full-White-Text@3x.png","contentUrl":"https:\/\/icoca.ch\/wp-content\/uploads\/2024\/05\/ICoCA_2022_Full-White-Text@3x.png","width":9588,"height":4297,"caption":"ICoCA - International Code of Conduct Association"},"image":{"@id":"https:\/\/icoca.ch\/fr\/#\/schema\/logo\/image\/"}}]}},"campaignId":"","_links":{"self":[{"href":"https:\/\/icoca.ch\/fr\/wp-json\/wp\/v2\/pages\/2735","targetHints":{"allow":["GET"]}}],"collection":[{"href":"https:\/\/icoca.ch\/fr\/wp-json\/wp\/v2\/pages"}],"about":[{"href":"https:\/\/icoca.ch\/fr\/wp-json\/wp\/v2\/types\/page"}],"author":[{"embeddable":true,"href":"https:\/\/icoca.ch\/fr\/wp-json\/wp\/v2\/users\/3"}],"replies":[{"embeddable":true,"href":"https:\/\/icoca.ch\/fr\/wp-json\/wp\/v2\/comments?post=2735"}],"version-history":[{"count":12,"href":"https:\/\/icoca.ch\/fr\/wp-json\/wp\/v2\/pages\/2735\/revisions"}],"predecessor-version":[{"id":82119,"href":"https:\/\/icoca.ch\/fr\/wp-json\/wp\/v2\/pages\/2735\/revisions\/82119"}],"wp:featuredmedia":[{"embeddable":true,"href":"https:\/\/icoca.ch\/fr\/wp-json\/wp\/v2\/media\/81645"}],"wp:attachment":[{"href":"https:\/\/icoca.ch\/fr\/wp-json\/wp\/v2\/media?parent=2735"}],"curies":[{"name":"wp","href":"https:\/\/api.w.org\/{rel}","templated":true}]}}