{"id":2666,"date":"2020-07-03T12:58:17","date_gmt":"2020-07-03T12:58:17","guid":{"rendered":"https:\/\/icoca.ch\/governments\/"},"modified":"2026-04-21T08:26:26","modified_gmt":"2026-04-21T08:26:26","slug":"governments","status":"publish","type":"page","link":"https:\/\/icoca.ch\/fr\/governments\/","title":{"rendered":"LES \u00c9TATS"},"content":{"rendered":"<p>Les \u00c9tats jouent un r\u00f4le de premier plan au niveau mondial pour promouvoir des services de s\u00e9curit\u00e9 priv\u00e9e responsables en tant qu\u2019autorit\u00e9s de r\u00e9glementation, bailleurs de fonds et clients.<\/p>\n","protected":false},"excerpt":{"rendered":"<p>Les \u00c9tats jouent un r\u00f4le de premier plan au niveau mondial pour promouvoir des services de s\u00e9curit\u00e9 priv\u00e9e responsables en tant qu\u2019autorit\u00e9s de r\u00e9glementation, bailleurs de fonds et clients.<\/p>\n","protected":false},"author":3,"featured_media":2071,"parent":0,"menu_order":0,"comment_status":"closed","ping_status":"closed","template":"page-member-type.php","meta":{"_acf_changed":false,"give_campaign_id":0,"footnotes":""},"class_list":["post-2666","page","type-page","status-publish","has-post-thumbnail","hentry"],"acf":[],"yoast_head":"<!-- This site is optimized with the Yoast SEO plugin v26.5 - https:\/\/yoast.com\/wordpress\/plugins\/seo\/ -->\n<title>LES \u00c9TATS - ICoCA - International Code of Conduct Association<\/title>\n<meta name=\"robots\" content=\"index, follow, max-snippet:-1, max-image-preview:large, max-video-preview:-1\" \/>\n<link rel=\"canonical\" href=\"https:\/\/icoca.ch\/fr\/governments\/\" \/>\n<meta property=\"og:locale\" content=\"fr_FR\" \/>\n<meta property=\"og:type\" content=\"article\" \/>\n<meta property=\"og:title\" content=\"LES \u00c9TATS - ICoCA - International Code of Conduct Association\" \/>\n<meta property=\"og:description\" content=\"Les \u00c9tats jouent un r\u00f4le de premier plan au niveau mondial pour promouvoir des services de s\u00e9curit\u00e9 priv\u00e9e responsables en tant qu\u2019autorit\u00e9s de r\u00e9glementation, bailleurs de fonds et clients.\" \/>\n<meta property=\"og:url\" content=\"https:\/\/icoca.ch\/fr\/governments\/\" \/>\n<meta property=\"og:site_name\" content=\"ICoCA - International Code of Conduct Association\" \/>\n<meta property=\"article:modified_time\" content=\"2026-04-21T08:26:26+00:00\" \/>\n<meta property=\"og:image\" content=\"https:\/\/icoca.ch\/wp-content\/uploads\/2020\/07\/Governments-Hero-image.jpg\" \/>\n\t<meta property=\"og:image:width\" content=\"1440\" \/>\n\t<meta property=\"og:image:height\" content=\"474\" \/>\n\t<meta property=\"og:image:type\" content=\"image\/jpeg\" \/>\n<meta name=\"twitter:card\" content=\"summary_large_image\" \/>\n<meta name=\"twitter:label1\" content=\"Dur\u00e9e de lecture estim\u00e9e\" \/>\n\t<meta name=\"twitter:data1\" content=\"1 minute\" \/>\n<script type=\"application\/ld+json\" class=\"yoast-schema-graph\">{\"@context\":\"https:\/\/schema.org\",\"@graph\":[{\"@type\":\"WebPage\",\"@id\":\"https:\/\/icoca.ch\/fr\/governments\/\",\"url\":\"https:\/\/icoca.ch\/fr\/governments\/\",\"name\":\"LES \u00c9TATS - ICoCA - International Code of Conduct Association\",\"isPartOf\":{\"@id\":\"https:\/\/icoca.ch\/fr\/#website\"},\"primaryImageOfPage\":{\"@id\":\"https:\/\/icoca.ch\/fr\/governments\/#primaryimage\"},\"image\":{\"@id\":\"https:\/\/icoca.ch\/fr\/governments\/#primaryimage\"},\"thumbnailUrl\":\"https:\/\/icoca.ch\/wp-content\/uploads\/2020\/07\/Governments-Hero-image.jpg\",\"datePublished\":\"2020-07-03T12:58:17+00:00\",\"dateModified\":\"2026-04-21T08:26:26+00:00\",\"breadcrumb\":{\"@id\":\"https:\/\/icoca.ch\/fr\/governments\/#breadcrumb\"},\"inLanguage\":\"fr-FR\",\"potentialAction\":[{\"@type\":\"ReadAction\",\"target\":[\"https:\/\/icoca.ch\/fr\/governments\/\"]}]},{\"@type\":\"ImageObject\",\"inLanguage\":\"fr-FR\",\"@id\":\"https:\/\/icoca.ch\/fr\/governments\/#primaryimage\",\"url\":\"https:\/\/icoca.ch\/wp-content\/uploads\/2020\/07\/Governments-Hero-image.jpg\",\"contentUrl\":\"https:\/\/icoca.ch\/wp-content\/uploads\/2020\/07\/Governments-Hero-image.jpg\",\"width\":1440,\"height\":474},{\"@type\":\"BreadcrumbList\",\"@id\":\"https:\/\/icoca.ch\/fr\/governments\/#breadcrumb\",\"itemListElement\":[{\"@type\":\"ListItem\",\"position\":1,\"name\":\"Home\",\"item\":\"https:\/\/icoca.ch\/fr\/\"},{\"@type\":\"ListItem\",\"position\":2,\"name\":\"LES \u00c9TATS\"}]},{\"@type\":\"WebSite\",\"@id\":\"https:\/\/icoca.ch\/fr\/#website\",\"url\":\"https:\/\/icoca.ch\/fr\/\",\"name\":\"ICoCA - International Code of Conduct Association\",\"description\":\"Promoting responsible private security\",\"publisher\":{\"@id\":\"https:\/\/icoca.ch\/fr\/#organization\"},\"potentialAction\":[{\"@type\":\"SearchAction\",\"target\":{\"@type\":\"EntryPoint\",\"urlTemplate\":\"https:\/\/icoca.ch\/fr\/?s={search_term_string}\"},\"query-input\":{\"@type\":\"PropertyValueSpecification\",\"valueRequired\":true,\"valueName\":\"search_term_string\"}}],\"inLanguage\":\"fr-FR\"},{\"@type\":\"Organization\",\"@id\":\"https:\/\/icoca.ch\/fr\/#organization\",\"name\":\"ICoCA - International Code of Conduct Association\",\"url\":\"https:\/\/icoca.ch\/fr\/\",\"logo\":{\"@type\":\"ImageObject\",\"inLanguage\":\"fr-FR\",\"@id\":\"https:\/\/icoca.ch\/fr\/#\/schema\/logo\/image\/\",\"url\":\"https:\/\/icoca.ch\/wp-content\/uploads\/2024\/05\/ICoCA_2022_Full-White-Text@3x.png\",\"contentUrl\":\"https:\/\/icoca.ch\/wp-content\/uploads\/2024\/05\/ICoCA_2022_Full-White-Text@3x.png\",\"width\":9588,\"height\":4297,\"caption\":\"ICoCA - International Code of Conduct Association\"},\"image\":{\"@id\":\"https:\/\/icoca.ch\/fr\/#\/schema\/logo\/image\/\"}}]}<\/script>\n<!-- \/ Yoast SEO plugin. -->","yoast_head_json":{"title":"LES \u00c9TATS - ICoCA - International Code of Conduct Association","robots":{"index":"index","follow":"follow","max-snippet":"max-snippet:-1","max-image-preview":"max-image-preview:large","max-video-preview":"max-video-preview:-1"},"canonical":"https:\/\/icoca.ch\/fr\/governments\/","og_locale":"fr_FR","og_type":"article","og_title":"LES \u00c9TATS - ICoCA - International Code of Conduct Association","og_description":"Les \u00c9tats jouent un r\u00f4le de premier plan au niveau mondial pour promouvoir des services de s\u00e9curit\u00e9 priv\u00e9e responsables en tant qu\u2019autorit\u00e9s de r\u00e9glementation, bailleurs de fonds et clients.","og_url":"https:\/\/icoca.ch\/fr\/governments\/","og_site_name":"ICoCA - International Code of Conduct Association","article_modified_time":"2026-04-21T08:26:26+00:00","og_image":[{"width":1440,"height":474,"url":"https:\/\/icoca.ch\/wp-content\/uploads\/2020\/07\/Governments-Hero-image.jpg","type":"image\/jpeg"}],"twitter_card":"summary_large_image","twitter_misc":{"Dur\u00e9e de lecture estim\u00e9e":"1 minute"},"schema":{"@context":"https:\/\/schema.org","@graph":[{"@type":"WebPage","@id":"https:\/\/icoca.ch\/fr\/governments\/","url":"https:\/\/icoca.ch\/fr\/governments\/","name":"LES \u00c9TATS - ICoCA - International Code of Conduct Association","isPartOf":{"@id":"https:\/\/icoca.ch\/fr\/#website"},"primaryImageOfPage":{"@id":"https:\/\/icoca.ch\/fr\/governments\/#primaryimage"},"image":{"@id":"https:\/\/icoca.ch\/fr\/governments\/#primaryimage"},"thumbnailUrl":"https:\/\/icoca.ch\/wp-content\/uploads\/2020\/07\/Governments-Hero-image.jpg","datePublished":"2020-07-03T12:58:17+00:00","dateModified":"2026-04-21T08:26:26+00:00","breadcrumb":{"@id":"https:\/\/icoca.ch\/fr\/governments\/#breadcrumb"},"inLanguage":"fr-FR","potentialAction":[{"@type":"ReadAction","target":["https:\/\/icoca.ch\/fr\/governments\/"]}]},{"@type":"ImageObject","inLanguage":"fr-FR","@id":"https:\/\/icoca.ch\/fr\/governments\/#primaryimage","url":"https:\/\/icoca.ch\/wp-content\/uploads\/2020\/07\/Governments-Hero-image.jpg","contentUrl":"https:\/\/icoca.ch\/wp-content\/uploads\/2020\/07\/Governments-Hero-image.jpg","width":1440,"height":474},{"@type":"BreadcrumbList","@id":"https:\/\/icoca.ch\/fr\/governments\/#breadcrumb","itemListElement":[{"@type":"ListItem","position":1,"name":"Home","item":"https:\/\/icoca.ch\/fr\/"},{"@type":"ListItem","position":2,"name":"LES \u00c9TATS"}]},{"@type":"WebSite","@id":"https:\/\/icoca.ch\/fr\/#website","url":"https:\/\/icoca.ch\/fr\/","name":"ICoCA - International Code of Conduct Association","description":"Promoting responsible private security","publisher":{"@id":"https:\/\/icoca.ch\/fr\/#organization"},"potentialAction":[{"@type":"SearchAction","target":{"@type":"EntryPoint","urlTemplate":"https:\/\/icoca.ch\/fr\/?s={search_term_string}"},"query-input":{"@type":"PropertyValueSpecification","valueRequired":true,"valueName":"search_term_string"}}],"inLanguage":"fr-FR"},{"@type":"Organization","@id":"https:\/\/icoca.ch\/fr\/#organization","name":"ICoCA - International Code of Conduct Association","url":"https:\/\/icoca.ch\/fr\/","logo":{"@type":"ImageObject","inLanguage":"fr-FR","@id":"https:\/\/icoca.ch\/fr\/#\/schema\/logo\/image\/","url":"https:\/\/icoca.ch\/wp-content\/uploads\/2024\/05\/ICoCA_2022_Full-White-Text@3x.png","contentUrl":"https:\/\/icoca.ch\/wp-content\/uploads\/2024\/05\/ICoCA_2022_Full-White-Text@3x.png","width":9588,"height":4297,"caption":"ICoCA - International Code of Conduct Association"},"image":{"@id":"https:\/\/icoca.ch\/fr\/#\/schema\/logo\/image\/"}}]}},"campaignId":"","_links":{"self":[{"href":"https:\/\/icoca.ch\/fr\/wp-json\/wp\/v2\/pages\/2666","targetHints":{"allow":["GET"]}}],"collection":[{"href":"https:\/\/icoca.ch\/fr\/wp-json\/wp\/v2\/pages"}],"about":[{"href":"https:\/\/icoca.ch\/fr\/wp-json\/wp\/v2\/types\/page"}],"author":[{"embeddable":true,"href":"https:\/\/icoca.ch\/fr\/wp-json\/wp\/v2\/users\/3"}],"replies":[{"embeddable":true,"href":"https:\/\/icoca.ch\/fr\/wp-json\/wp\/v2\/comments?post=2666"}],"version-history":[{"count":1,"href":"https:\/\/icoca.ch\/fr\/wp-json\/wp\/v2\/pages\/2666\/revisions"}],"predecessor-version":[{"id":82710,"href":"https:\/\/icoca.ch\/fr\/wp-json\/wp\/v2\/pages\/2666\/revisions\/82710"}],"wp:featuredmedia":[{"embeddable":true,"href":"https:\/\/icoca.ch\/fr\/wp-json\/wp\/v2\/media\/2071"}],"wp:attachment":[{"href":"https:\/\/icoca.ch\/fr\/wp-json\/wp\/v2\/media?parent=2666"}],"curies":[{"name":"wp","href":"https:\/\/api.w.org\/{rel}","templated":true}]}}