{"id":2658,"date":"2020-06-10T10:08:35","date_gmt":"2020-06-10T10:08:35","guid":{"rendered":"https:\/\/icoca.ch\/about\/"},"modified":"2026-01-28T14:32:26","modified_gmt":"2026-01-28T14:32:26","slug":"about","status":"publish","type":"page","link":"https:\/\/icoca.ch\/fr\/about\/","title":{"rendered":"\u00c0 propos"},"content":{"rendered":"<p>Apprenez \u00e0 nous conna\u00eetre et d\u00e9couvrez comment nous pouvons vous aider<\/p>\n","protected":false},"excerpt":{"rendered":"<p>Apprenez \u00e0 nous conna\u00eetre et d\u00e9couvrez comment nous pouvons vous aider<\/p>\n","protected":false},"author":3,"featured_media":1830,"parent":0,"menu_order":0,"comment_status":"closed","ping_status":"closed","template":"page-about.php","meta":{"_acf_changed":false,"give_campaign_id":0,"footnotes":""},"class_list":["post-2658","page","type-page","status-publish","has-post-thumbnail","hentry"],"acf":{"logo_rotator_section_gray_background":false,"logo_rotator_section_title":"Donors","logo_rotator_section_text":"ICoCA est reconnaissant du soutien de ses donateurs","logos":[{"image":6887,"title":"","link_type":"None","member_link":null,"custom_url":""},{"image":6885,"title":"","link_type":"None","member_link":null,"custom_url":""},{"image":6881,"title":"","link_type":"None","member_link":null,"custom_url":""},{"image":81559,"title":"","link_type":"None","member_link":null,"custom_url":""}]},"yoast_head":"<!-- This site is optimized with the Yoast SEO plugin v26.5 - https:\/\/yoast.com\/wordpress\/plugins\/seo\/ -->\n<title>\u00c0 propos - ICoCA - International Code of Conduct Association<\/title>\n<meta name=\"robots\" content=\"index, follow, max-snippet:-1, max-image-preview:large, max-video-preview:-1\" \/>\n<link rel=\"canonical\" href=\"https:\/\/icoca.ch\/fr\/about\/\" \/>\n<meta property=\"og:locale\" content=\"fr_FR\" \/>\n<meta property=\"og:type\" content=\"article\" \/>\n<meta property=\"og:title\" content=\"\u00c0 propos - ICoCA - International Code of Conduct Association\" \/>\n<meta property=\"og:description\" content=\"Apprenez \u00e0 nous conna\u00eetre et d\u00e9couvrez comment nous pouvons vous aider\" \/>\n<meta property=\"og:url\" content=\"https:\/\/icoca.ch\/fr\/about\/\" \/>\n<meta property=\"og:site_name\" content=\"ICoCA - International Code of Conduct Association\" \/>\n<meta property=\"article:modified_time\" content=\"2026-01-28T14:32:26+00:00\" \/>\n<meta property=\"og:image\" content=\"https:\/\/icoca.ch\/wp-content\/uploads\/2020\/06\/about-us-header.jpg\" \/>\n\t<meta property=\"og:image:width\" content=\"1440\" \/>\n\t<meta property=\"og:image:height\" content=\"474\" \/>\n\t<meta property=\"og:image:type\" content=\"image\/jpeg\" \/>\n<meta name=\"twitter:card\" content=\"summary_large_image\" \/>\n<meta name=\"twitter:label1\" content=\"Dur\u00e9e de lecture estim\u00e9e\" \/>\n\t<meta name=\"twitter:data1\" content=\"1 minute\" \/>\n<script type=\"application\/ld+json\" class=\"yoast-schema-graph\">{\"@context\":\"https:\/\/schema.org\",\"@graph\":[{\"@type\":\"WebPage\",\"@id\":\"https:\/\/icoca.ch\/fr\/about\/\",\"url\":\"https:\/\/icoca.ch\/fr\/about\/\",\"name\":\"\u00c0 propos - ICoCA - International Code of Conduct Association\",\"isPartOf\":{\"@id\":\"https:\/\/icoca.ch\/fr\/#website\"},\"primaryImageOfPage\":{\"@id\":\"https:\/\/icoca.ch\/fr\/about\/#primaryimage\"},\"image\":{\"@id\":\"https:\/\/icoca.ch\/fr\/about\/#primaryimage\"},\"thumbnailUrl\":\"https:\/\/icoca.ch\/wp-content\/uploads\/2020\/06\/about-us-header.jpg\",\"datePublished\":\"2020-06-10T10:08:35+00:00\",\"dateModified\":\"2026-01-28T14:32:26+00:00\",\"breadcrumb\":{\"@id\":\"https:\/\/icoca.ch\/fr\/about\/#breadcrumb\"},\"inLanguage\":\"fr-FR\",\"potentialAction\":[{\"@type\":\"ReadAction\",\"target\":[\"https:\/\/icoca.ch\/fr\/about\/\"]}]},{\"@type\":\"ImageObject\",\"inLanguage\":\"fr-FR\",\"@id\":\"https:\/\/icoca.ch\/fr\/about\/#primaryimage\",\"url\":\"https:\/\/icoca.ch\/wp-content\/uploads\/2020\/06\/about-us-header.jpg\",\"contentUrl\":\"https:\/\/icoca.ch\/wp-content\/uploads\/2020\/06\/about-us-header.jpg\",\"width\":1440,\"height\":474},{\"@type\":\"BreadcrumbList\",\"@id\":\"https:\/\/icoca.ch\/fr\/about\/#breadcrumb\",\"itemListElement\":[{\"@type\":\"ListItem\",\"position\":1,\"name\":\"Home\",\"item\":\"https:\/\/icoca.ch\/fr\/\"},{\"@type\":\"ListItem\",\"position\":2,\"name\":\"\u00c0 propos\"}]},{\"@type\":\"WebSite\",\"@id\":\"https:\/\/icoca.ch\/fr\/#website\",\"url\":\"https:\/\/icoca.ch\/fr\/\",\"name\":\"ICoCA - International Code of Conduct Association\",\"description\":\"Promoting responsible private security\",\"publisher\":{\"@id\":\"https:\/\/icoca.ch\/fr\/#organization\"},\"potentialAction\":[{\"@type\":\"SearchAction\",\"target\":{\"@type\":\"EntryPoint\",\"urlTemplate\":\"https:\/\/icoca.ch\/fr\/?s={search_term_string}\"},\"query-input\":{\"@type\":\"PropertyValueSpecification\",\"valueRequired\":true,\"valueName\":\"search_term_string\"}}],\"inLanguage\":\"fr-FR\"},{\"@type\":\"Organization\",\"@id\":\"https:\/\/icoca.ch\/fr\/#organization\",\"name\":\"ICoCA - International Code of Conduct Association\",\"url\":\"https:\/\/icoca.ch\/fr\/\",\"logo\":{\"@type\":\"ImageObject\",\"inLanguage\":\"fr-FR\",\"@id\":\"https:\/\/icoca.ch\/fr\/#\/schema\/logo\/image\/\",\"url\":\"https:\/\/icoca.ch\/wp-content\/uploads\/2024\/05\/ICoCA_2022_Full-White-Text@3x.png\",\"contentUrl\":\"https:\/\/icoca.ch\/wp-content\/uploads\/2024\/05\/ICoCA_2022_Full-White-Text@3x.png\",\"width\":9588,\"height\":4297,\"caption\":\"ICoCA - International Code of Conduct Association\"},\"image\":{\"@id\":\"https:\/\/icoca.ch\/fr\/#\/schema\/logo\/image\/\"}}]}<\/script>\n<!-- \/ Yoast SEO plugin. -->","yoast_head_json":{"title":"\u00c0 propos - ICoCA - International Code of Conduct Association","robots":{"index":"index","follow":"follow","max-snippet":"max-snippet:-1","max-image-preview":"max-image-preview:large","max-video-preview":"max-video-preview:-1"},"canonical":"https:\/\/icoca.ch\/fr\/about\/","og_locale":"fr_FR","og_type":"article","og_title":"\u00c0 propos - ICoCA - International Code of Conduct Association","og_description":"Apprenez \u00e0 nous conna\u00eetre et d\u00e9couvrez comment nous pouvons vous aider","og_url":"https:\/\/icoca.ch\/fr\/about\/","og_site_name":"ICoCA - International Code of Conduct Association","article_modified_time":"2026-01-28T14:32:26+00:00","og_image":[{"width":1440,"height":474,"url":"https:\/\/icoca.ch\/wp-content\/uploads\/2020\/06\/about-us-header.jpg","type":"image\/jpeg"}],"twitter_card":"summary_large_image","twitter_misc":{"Dur\u00e9e de lecture estim\u00e9e":"1 minute"},"schema":{"@context":"https:\/\/schema.org","@graph":[{"@type":"WebPage","@id":"https:\/\/icoca.ch\/fr\/about\/","url":"https:\/\/icoca.ch\/fr\/about\/","name":"\u00c0 propos - ICoCA - International Code of Conduct Association","isPartOf":{"@id":"https:\/\/icoca.ch\/fr\/#website"},"primaryImageOfPage":{"@id":"https:\/\/icoca.ch\/fr\/about\/#primaryimage"},"image":{"@id":"https:\/\/icoca.ch\/fr\/about\/#primaryimage"},"thumbnailUrl":"https:\/\/icoca.ch\/wp-content\/uploads\/2020\/06\/about-us-header.jpg","datePublished":"2020-06-10T10:08:35+00:00","dateModified":"2026-01-28T14:32:26+00:00","breadcrumb":{"@id":"https:\/\/icoca.ch\/fr\/about\/#breadcrumb"},"inLanguage":"fr-FR","potentialAction":[{"@type":"ReadAction","target":["https:\/\/icoca.ch\/fr\/about\/"]}]},{"@type":"ImageObject","inLanguage":"fr-FR","@id":"https:\/\/icoca.ch\/fr\/about\/#primaryimage","url":"https:\/\/icoca.ch\/wp-content\/uploads\/2020\/06\/about-us-header.jpg","contentUrl":"https:\/\/icoca.ch\/wp-content\/uploads\/2020\/06\/about-us-header.jpg","width":1440,"height":474},{"@type":"BreadcrumbList","@id":"https:\/\/icoca.ch\/fr\/about\/#breadcrumb","itemListElement":[{"@type":"ListItem","position":1,"name":"Home","item":"https:\/\/icoca.ch\/fr\/"},{"@type":"ListItem","position":2,"name":"\u00c0 propos"}]},{"@type":"WebSite","@id":"https:\/\/icoca.ch\/fr\/#website","url":"https:\/\/icoca.ch\/fr\/","name":"ICoCA - International Code of Conduct Association","description":"Promoting responsible private security","publisher":{"@id":"https:\/\/icoca.ch\/fr\/#organization"},"potentialAction":[{"@type":"SearchAction","target":{"@type":"EntryPoint","urlTemplate":"https:\/\/icoca.ch\/fr\/?s={search_term_string}"},"query-input":{"@type":"PropertyValueSpecification","valueRequired":true,"valueName":"search_term_string"}}],"inLanguage":"fr-FR"},{"@type":"Organization","@id":"https:\/\/icoca.ch\/fr\/#organization","name":"ICoCA - International Code of Conduct Association","url":"https:\/\/icoca.ch\/fr\/","logo":{"@type":"ImageObject","inLanguage":"fr-FR","@id":"https:\/\/icoca.ch\/fr\/#\/schema\/logo\/image\/","url":"https:\/\/icoca.ch\/wp-content\/uploads\/2024\/05\/ICoCA_2022_Full-White-Text@3x.png","contentUrl":"https:\/\/icoca.ch\/wp-content\/uploads\/2024\/05\/ICoCA_2022_Full-White-Text@3x.png","width":9588,"height":4297,"caption":"ICoCA - International Code of Conduct Association"},"image":{"@id":"https:\/\/icoca.ch\/fr\/#\/schema\/logo\/image\/"}}]}},"campaignId":"","_links":{"self":[{"href":"https:\/\/icoca.ch\/fr\/wp-json\/wp\/v2\/pages\/2658","targetHints":{"allow":["GET"]}}],"collection":[{"href":"https:\/\/icoca.ch\/fr\/wp-json\/wp\/v2\/pages"}],"about":[{"href":"https:\/\/icoca.ch\/fr\/wp-json\/wp\/v2\/types\/page"}],"author":[{"embeddable":true,"href":"https:\/\/icoca.ch\/fr\/wp-json\/wp\/v2\/users\/3"}],"replies":[{"embeddable":true,"href":"https:\/\/icoca.ch\/fr\/wp-json\/wp\/v2\/comments?post=2658"}],"version-history":[{"count":1,"href":"https:\/\/icoca.ch\/fr\/wp-json\/wp\/v2\/pages\/2658\/revisions"}],"predecessor-version":[{"id":81562,"href":"https:\/\/icoca.ch\/fr\/wp-json\/wp\/v2\/pages\/2658\/revisions\/81562"}],"wp:featuredmedia":[{"embeddable":true,"href":"https:\/\/icoca.ch\/fr\/wp-json\/wp\/v2\/media\/1830"}],"wp:attachment":[{"href":"https:\/\/icoca.ch\/fr\/wp-json\/wp\/v2\/media?parent=2658"}],"curies":[{"name":"wp","href":"https:\/\/api.w.org\/{rel}","templated":true}]}}