{"id":1665,"date":"2020-06-09T12:57:29","date_gmt":"2020-06-09T12:57:29","guid":{"rendered":"https:\/\/icoca.ch\/home\/"},"modified":"2026-04-14T15:32:25","modified_gmt":"2026-04-14T15:32:25","slug":"home","status":"publish","type":"page","link":"https:\/\/icoca.ch\/fr\/","title":{"rendered":"Home"},"content":{"rendered":"<p style=\"text-align: center;\">PROMOUVOIR UNE S\u00c9CURIT\u00c9<br \/>\nPRIV\u00c9E RESPONSABLE<\/p>\n","protected":false},"excerpt":{"rendered":"<p>PROMOUVOIR UNE S\u00c9CURIT\u00c9 PRIV\u00c9E RESPONSABLE<\/p>\n","protected":false},"author":3,"featured_media":0,"parent":0,"menu_order":0,"comment_status":"closed","ping_status":"closed","template":"","meta":{"_acf_changed":false,"give_campaign_id":0,"footnotes":""},"class_list":["post-1665","page","type-page","status-publish","hentry"],"acf":{"logo_rotator_section_gray_background":false,"logo_rotator_section_title":"Qui fait appel \u00e0 ICoCA","logo_rotator_section_text":"Les organisations ci-dessous font appel \u00e0 ICoCA pour minimiser les risques et garantir une diligence raisonnable en mati\u00e8re de droits humains \u00e0 l'\u00e9gard des prestataires de services de s\u00e9curit\u00e9 priv\u00e9e.","logos":[{"image":67971,"title":"","link_type":"Custom URL","member_link":null,"custom_url":"https:\/\/totalenergies.com\/sustainability"},{"image":6897,"title":"","link_type":"Custom URL","member_link":null,"custom_url":"https:\/\/sam.gov\/opp\/92db1905ea794aaba25d5ccb5f805634\/view?keywords=Venture%20Sale"},{"image":67967,"title":"","link_type":"Custom URL","member_link":null,"custom_url":"https:\/\/www.anglogoldashanti.com\/sustainability\/"},{"image":6899,"title":"","link_type":"Custom URL","member_link":null,"custom_url":"https:\/\/www.eda.admin.ch\/dam\/eda\/en\/documents\/aussenpolitik\/sicherheitspolitik\/Bundesgesetz-ueber-die-im-Ausland-erbrachten-privaten-Sicherheitsdienstleistungen-BPS_EN.pdf"},{"image":6891,"title":"","link_type":"Custom URL","member_link":null,"custom_url":"https:\/\/www.abnamro.com\/en\/about-abn-amro\/product\/exclusion-list"},{"image":6901,"title":"","link_type":"Custom URL","member_link":null,"custom_url":"https:\/\/www.syngenta.com\/sites\/syngenta\/files\/sustainability\/reporting-sustainability\/Syngenta-ESG-Report-2020.pdf#page=57"},{"image":7001,"title":"","link_type":"Custom URL","member_link":null,"custom_url":"https:\/\/www.holcim.com\/sites\/holcim\/files\/atoms\/files\/2021_coc_a5_english-final.pdf"},{"image":68571,"title":"","link_type":"Custom URL","member_link":null,"custom_url":"https:\/\/www.panamericansilver.com\/news\/pan-american-silver-joins-voluntary-principles-on-security-and-human-rights\/"},{"image":67980,"title":"","link_type":"Custom URL","member_link":null,"custom_url":"https:\/\/www.petrochina.co.id\/health-safety-environment"},{"image":6893,"title":"","link_type":"Custom URL","member_link":null,"custom_url":"https:\/\/www.natwestgroup.com\/our-purpose\/our-approach\/ese-and-reputational-risk-management.html"},{"image":6895,"title":"","link_type":"Custom URL","member_link":null,"custom_url":"https:\/\/www.pmi.com\/sustainability\/reporting-on-sustainability\/respect-for-human-rights-progress-2020"}]},"yoast_head":"<!-- This site is optimized with the Yoast SEO plugin v26.5 - https:\/\/yoast.com\/wordpress\/plugins\/seo\/ -->\n<title>Home - ICoCA - International Code of Conduct Association<\/title>\n<meta name=\"robots\" content=\"index, follow, max-snippet:-1, max-image-preview:large, max-video-preview:-1\" \/>\n<link rel=\"canonical\" href=\"https:\/\/icoca.ch\/fr\/\" \/>\n<meta property=\"og:locale\" content=\"fr_FR\" \/>\n<meta property=\"og:type\" content=\"article\" \/>\n<meta property=\"og:title\" content=\"Home - ICoCA - International Code of Conduct Association\" \/>\n<meta property=\"og:description\" content=\"PROMOUVOIR UNE S\u00c9CURIT\u00c9 PRIV\u00c9E RESPONSABLE\" \/>\n<meta property=\"og:url\" content=\"https:\/\/icoca.ch\/fr\/\" \/>\n<meta property=\"og:site_name\" content=\"ICoCA - International Code of Conduct Association\" \/>\n<meta property=\"article:modified_time\" content=\"2026-04-14T15:32:25+00:00\" \/>\n<meta name=\"twitter:card\" content=\"summary_large_image\" \/>\n<meta name=\"twitter:label1\" content=\"Dur\u00e9e de lecture estim\u00e9e\" \/>\n\t<meta name=\"twitter:data1\" content=\"1 minute\" \/>\n<script type=\"application\/ld+json\" class=\"yoast-schema-graph\">{\"@context\":\"https:\/\/schema.org\",\"@graph\":[{\"@type\":\"WebPage\",\"@id\":\"https:\/\/icoca.ch\/fr\/\",\"url\":\"https:\/\/icoca.ch\/fr\/\",\"name\":\"Home - ICoCA - International Code of Conduct Association\",\"isPartOf\":{\"@id\":\"https:\/\/icoca.ch\/fr\/#website\"},\"datePublished\":\"2020-06-09T12:57:29+00:00\",\"dateModified\":\"2026-04-14T15:32:25+00:00\",\"breadcrumb\":{\"@id\":\"https:\/\/icoca.ch\/fr\/#breadcrumb\"},\"inLanguage\":\"fr-FR\",\"potentialAction\":[{\"@type\":\"ReadAction\",\"target\":[\"https:\/\/icoca.ch\/fr\/\"]}]},{\"@type\":\"BreadcrumbList\",\"@id\":\"https:\/\/icoca.ch\/fr\/#breadcrumb\",\"itemListElement\":[{\"@type\":\"ListItem\",\"position\":1,\"name\":\"Home\",\"item\":\"https:\/\/icoca.ch\/fr\/\"},{\"@type\":\"ListItem\",\"position\":2,\"name\":\"Home\"}]},{\"@type\":\"WebSite\",\"@id\":\"https:\/\/icoca.ch\/fr\/#website\",\"url\":\"https:\/\/icoca.ch\/fr\/\",\"name\":\"ICoCA - International Code of Conduct Association\",\"description\":\"Promoting responsible private security\",\"publisher\":{\"@id\":\"https:\/\/icoca.ch\/fr\/#organization\"},\"potentialAction\":[{\"@type\":\"SearchAction\",\"target\":{\"@type\":\"EntryPoint\",\"urlTemplate\":\"https:\/\/icoca.ch\/fr\/?s={search_term_string}\"},\"query-input\":{\"@type\":\"PropertyValueSpecification\",\"valueRequired\":true,\"valueName\":\"search_term_string\"}}],\"inLanguage\":\"fr-FR\"},{\"@type\":\"Organization\",\"@id\":\"https:\/\/icoca.ch\/fr\/#organization\",\"name\":\"ICoCA - International Code of Conduct Association\",\"url\":\"https:\/\/icoca.ch\/fr\/\",\"logo\":{\"@type\":\"ImageObject\",\"inLanguage\":\"fr-FR\",\"@id\":\"https:\/\/icoca.ch\/fr\/#\/schema\/logo\/image\/\",\"url\":\"https:\/\/icoca.ch\/wp-content\/uploads\/2024\/05\/ICoCA_2022_Full-White-Text@3x.png\",\"contentUrl\":\"https:\/\/icoca.ch\/wp-content\/uploads\/2024\/05\/ICoCA_2022_Full-White-Text@3x.png\",\"width\":9588,\"height\":4297,\"caption\":\"ICoCA - International Code of Conduct Association\"},\"image\":{\"@id\":\"https:\/\/icoca.ch\/fr\/#\/schema\/logo\/image\/\"}}]}<\/script>\n<!-- \/ Yoast SEO plugin. -->","yoast_head_json":{"title":"Home - ICoCA - International Code of Conduct Association","robots":{"index":"index","follow":"follow","max-snippet":"max-snippet:-1","max-image-preview":"max-image-preview:large","max-video-preview":"max-video-preview:-1"},"canonical":"https:\/\/icoca.ch\/fr\/","og_locale":"fr_FR","og_type":"article","og_title":"Home - ICoCA - International Code of Conduct Association","og_description":"PROMOUVOIR UNE S\u00c9CURIT\u00c9 PRIV\u00c9E RESPONSABLE","og_url":"https:\/\/icoca.ch\/fr\/","og_site_name":"ICoCA - International Code of Conduct Association","article_modified_time":"2026-04-14T15:32:25+00:00","twitter_card":"summary_large_image","twitter_misc":{"Dur\u00e9e de lecture estim\u00e9e":"1 minute"},"schema":{"@context":"https:\/\/schema.org","@graph":[{"@type":"WebPage","@id":"https:\/\/icoca.ch\/fr\/","url":"https:\/\/icoca.ch\/fr\/","name":"Home - ICoCA - International Code of Conduct Association","isPartOf":{"@id":"https:\/\/icoca.ch\/fr\/#website"},"datePublished":"2020-06-09T12:57:29+00:00","dateModified":"2026-04-14T15:32:25+00:00","breadcrumb":{"@id":"https:\/\/icoca.ch\/fr\/#breadcrumb"},"inLanguage":"fr-FR","potentialAction":[{"@type":"ReadAction","target":["https:\/\/icoca.ch\/fr\/"]}]},{"@type":"BreadcrumbList","@id":"https:\/\/icoca.ch\/fr\/#breadcrumb","itemListElement":[{"@type":"ListItem","position":1,"name":"Home","item":"https:\/\/icoca.ch\/fr\/"},{"@type":"ListItem","position":2,"name":"Home"}]},{"@type":"WebSite","@id":"https:\/\/icoca.ch\/fr\/#website","url":"https:\/\/icoca.ch\/fr\/","name":"ICoCA - International Code of Conduct Association","description":"Promoting responsible private security","publisher":{"@id":"https:\/\/icoca.ch\/fr\/#organization"},"potentialAction":[{"@type":"SearchAction","target":{"@type":"EntryPoint","urlTemplate":"https:\/\/icoca.ch\/fr\/?s={search_term_string}"},"query-input":{"@type":"PropertyValueSpecification","valueRequired":true,"valueName":"search_term_string"}}],"inLanguage":"fr-FR"},{"@type":"Organization","@id":"https:\/\/icoca.ch\/fr\/#organization","name":"ICoCA - International Code of Conduct Association","url":"https:\/\/icoca.ch\/fr\/","logo":{"@type":"ImageObject","inLanguage":"fr-FR","@id":"https:\/\/icoca.ch\/fr\/#\/schema\/logo\/image\/","url":"https:\/\/icoca.ch\/wp-content\/uploads\/2024\/05\/ICoCA_2022_Full-White-Text@3x.png","contentUrl":"https:\/\/icoca.ch\/wp-content\/uploads\/2024\/05\/ICoCA_2022_Full-White-Text@3x.png","width":9588,"height":4297,"caption":"ICoCA - International Code of Conduct Association"},"image":{"@id":"https:\/\/icoca.ch\/fr\/#\/schema\/logo\/image\/"}}]}},"campaignId":"","_links":{"self":[{"href":"https:\/\/icoca.ch\/fr\/wp-json\/wp\/v2\/pages\/1665","targetHints":{"allow":["GET"]}}],"collection":[{"href":"https:\/\/icoca.ch\/fr\/wp-json\/wp\/v2\/pages"}],"about":[{"href":"https:\/\/icoca.ch\/fr\/wp-json\/wp\/v2\/types\/page"}],"author":[{"embeddable":true,"href":"https:\/\/icoca.ch\/fr\/wp-json\/wp\/v2\/users\/3"}],"replies":[{"embeddable":true,"href":"https:\/\/icoca.ch\/fr\/wp-json\/wp\/v2\/comments?post=1665"}],"version-history":[{"count":31,"href":"https:\/\/icoca.ch\/fr\/wp-json\/wp\/v2\/pages\/1665\/revisions"}],"predecessor-version":[{"id":82681,"href":"https:\/\/icoca.ch\/fr\/wp-json\/wp\/v2\/pages\/1665\/revisions\/82681"}],"wp:attachment":[{"href":"https:\/\/icoca.ch\/fr\/wp-json\/wp\/v2\/media?parent=1665"}],"curies":[{"name":"wp","href":"https:\/\/api.w.org\/{rel}","templated":true}]}}