{"id":80881,"date":"2025-11-05T13:37:00","date_gmt":"2025-11-05T13:37:00","guid":{"rendered":"https:\/\/icoca.ch\/the-secretariat\/madeleine-thill\/"},"modified":"2026-03-03T13:26:29","modified_gmt":"2026-03-03T13:26:29","slug":"madeleine-thill","status":"publish","type":"page","link":"https:\/\/icoca.ch\/es\/the-secretariat\/madeleine-thill\/","title":{"rendered":"Madeleine Thill"},"content":{"rendered":"<table style=\"border-collapse: collapse; width: 100%;\">\n<tbody>\n<tr>\n<td style=\"width: 26.1421%;\"><img loading=\"lazy\" decoding=\"async\" class=\"alignnone size-medium wp-image-81651\" src=\"https:\/\/icoca.ch\/wp-content\/uploads\/2026\/02\/Madeleine-Thill-Round-Photo-300x300.jpg\" alt=\"\" width=\"300\" height=\"300\" srcset=\"https:\/\/icoca.ch\/wp-content\/uploads\/2026\/02\/Madeleine-Thill-Round-Photo-300x300.jpg 300w, https:\/\/icoca.ch\/wp-content\/uploads\/2026\/02\/Madeleine-Thill-Round-Photo-1024x1024.jpg 1024w, https:\/\/icoca.ch\/wp-content\/uploads\/2026\/02\/Madeleine-Thill-Round-Photo-150x150.jpg 150w, https:\/\/icoca.ch\/wp-content\/uploads\/2026\/02\/Madeleine-Thill-Round-Photo-768x768.jpg 768w, https:\/\/icoca.ch\/wp-content\/uploads\/2026\/02\/Madeleine-Thill-Round-Photo-333x333.jpg 333w, https:\/\/icoca.ch\/wp-content\/uploads\/2026\/02\/Madeleine-Thill-Round-Photo.jpg 1080w\" sizes=\"auto, (max-width: 300px) 100vw, 300px\" \/><\/td>\n<td style=\"width: 73.8579%;\">\n<h1>Madeleine Thill<\/h1>\n<p><em>Oficial Junior de Proyectos y de Incidencia<\/em><\/p>\n<p>&nbsp;<\/p>\n<p data-start=\"163\" data-end=\"457\">Como Oficial Junior de Proyectos y de Incidencia en ICoCA, Madeleine apoya la labor de incidencia de la organizaci\u00f3n en los pa\u00edses prioritarios, coordina actividades, colabora con socios de la sociedad civil y trabaja para promover pr\u00e1cticas responsables en el sector de la seguridad privada. Tambi\u00e9n contribuye a la implementaci\u00f3n del proyecto financiado por la Uni\u00f3n Europea, asistiendo en el dise\u00f1o y la impartici\u00f3n de formaciones, as\u00ed como en la investigaci\u00f3n jur\u00eddica sobre los marcos normativos pertinentes.<\/p>\n<p data-start=\"683\" data-end=\"842\">Adem\u00e1s de su trabajo en incidencia y formaci\u00f3n, Madeleine posee un m\u00e1ster en Derecho Internacional Humanitario y Derechos Humanos por la Geneva Academy.<\/p>\n<\/td>\n<\/tr>\n<\/tbody>\n<\/table>\n","protected":false},"excerpt":{"rendered":"<p>Madeleine Thill Oficial Junior de Proyectos y de Incidencia &nbsp; Como Oficial Junior de Proyectos y de Incidencia en ICoCA, Madeleine apoya la labor de incidencia de la organizaci\u00f3n en los pa\u00edses prioritarios, coordina actividades, colabora con socios de la sociedad civil y trabaja para promover pr\u00e1cticas responsables en el sector de la seguridad privada. [&hellip;]<\/p>\n","protected":false},"author":5,"featured_media":0,"parent":11315,"menu_order":0,"comment_status":"closed","ping_status":"closed","template":"","meta":{"_acf_changed":false,"give_campaign_id":0,"footnotes":""},"class_list":["post-80881","page","type-page","status-publish","hentry"],"acf":[],"yoast_head":"<!-- This site is optimized with the Yoast SEO plugin v26.5 - https:\/\/yoast.com\/wordpress\/plugins\/seo\/ -->\n<title>Madeleine Thill - ICoCA - International Code of Conduct Association<\/title>\n<meta name=\"robots\" content=\"index, follow, max-snippet:-1, max-image-preview:large, max-video-preview:-1\" \/>\n<link rel=\"canonical\" href=\"https:\/\/icoca.ch\/es\/the-secretariat\/madeleine-thill\/\" \/>\n<meta property=\"og:locale\" content=\"es_ES\" \/>\n<meta property=\"og:type\" content=\"article\" \/>\n<meta property=\"og:title\" content=\"Madeleine Thill - ICoCA - International Code of Conduct Association\" \/>\n<meta property=\"og:description\" content=\"Madeleine Thill Oficial Junior de Proyectos y de Incidencia &nbsp; Como Oficial Junior de Proyectos y de Incidencia en ICoCA, Madeleine apoya la labor de incidencia de la organizaci\u00f3n en los pa\u00edses prioritarios, coordina actividades, colabora con socios de la sociedad civil y trabaja para promover pr\u00e1cticas responsables en el sector de la seguridad privada. [&hellip;]\" \/>\n<meta property=\"og:url\" content=\"https:\/\/icoca.ch\/es\/the-secretariat\/madeleine-thill\/\" \/>\n<meta property=\"og:site_name\" content=\"ICoCA - International Code of Conduct Association\" \/>\n<meta property=\"article:modified_time\" content=\"2026-03-03T13:26:29+00:00\" \/>\n<meta property=\"og:image\" content=\"https:\/\/icoca.ch\/wp-content\/uploads\/2026\/02\/Madeleine-Thill-Round-Photo.jpg\" \/>\n\t<meta property=\"og:image:width\" content=\"1080\" \/>\n\t<meta property=\"og:image:height\" content=\"1080\" \/>\n\t<meta property=\"og:image:type\" content=\"image\/jpeg\" \/>\n<meta name=\"twitter:card\" content=\"summary_large_image\" \/>\n<meta name=\"twitter:label1\" content=\"Tiempo de lectura\" \/>\n\t<meta name=\"twitter:data1\" content=\"1 minuto\" \/>\n<script type=\"application\/ld+json\" class=\"yoast-schema-graph\">{\"@context\":\"https:\/\/schema.org\",\"@graph\":[{\"@type\":\"WebPage\",\"@id\":\"https:\/\/icoca.ch\/es\/the-secretariat\/madeleine-thill\/\",\"url\":\"https:\/\/icoca.ch\/es\/the-secretariat\/madeleine-thill\/\",\"name\":\"Madeleine Thill - ICoCA - International Code of Conduct Association\",\"isPartOf\":{\"@id\":\"https:\/\/icoca.ch\/es\/#website\"},\"primaryImageOfPage\":{\"@id\":\"https:\/\/icoca.ch\/es\/the-secretariat\/madeleine-thill\/#primaryimage\"},\"image\":{\"@id\":\"https:\/\/icoca.ch\/es\/the-secretariat\/madeleine-thill\/#primaryimage\"},\"thumbnailUrl\":\"https:\/\/icoca.ch\/wp-content\/uploads\/2026\/02\/Madeleine-Thill-Round-Photo-300x300.jpg\",\"datePublished\":\"2025-11-05T13:37:00+00:00\",\"dateModified\":\"2026-03-03T13:26:29+00:00\",\"breadcrumb\":{\"@id\":\"https:\/\/icoca.ch\/es\/the-secretariat\/madeleine-thill\/#breadcrumb\"},\"inLanguage\":\"es\",\"potentialAction\":[{\"@type\":\"ReadAction\",\"target\":[\"https:\/\/icoca.ch\/es\/the-secretariat\/madeleine-thill\/\"]}]},{\"@type\":\"ImageObject\",\"inLanguage\":\"es\",\"@id\":\"https:\/\/icoca.ch\/es\/the-secretariat\/madeleine-thill\/#primaryimage\",\"url\":\"https:\/\/icoca.ch\/wp-content\/uploads\/2026\/02\/Madeleine-Thill-Round-Photo-300x300.jpg\",\"contentUrl\":\"https:\/\/icoca.ch\/wp-content\/uploads\/2026\/02\/Madeleine-Thill-Round-Photo-300x300.jpg\"},{\"@type\":\"BreadcrumbList\",\"@id\":\"https:\/\/icoca.ch\/es\/the-secretariat\/madeleine-thill\/#breadcrumb\",\"itemListElement\":[{\"@type\":\"ListItem\",\"position\":1,\"name\":\"Home\",\"item\":\"https:\/\/icoca.ch\/es\/\"},{\"@type\":\"ListItem\",\"position\":2,\"name\":\"La Secretar\u00eda\",\"item\":\"https:\/\/icoca.ch\/es\/the-secretariat\/\"},{\"@type\":\"ListItem\",\"position\":3,\"name\":\"Madeleine Thill\"}]},{\"@type\":\"WebSite\",\"@id\":\"https:\/\/icoca.ch\/es\/#website\",\"url\":\"https:\/\/icoca.ch\/es\/\",\"name\":\"ICoCA - International Code of Conduct Association\",\"description\":\"Promoting responsible private security\",\"publisher\":{\"@id\":\"https:\/\/icoca.ch\/es\/#organization\"},\"potentialAction\":[{\"@type\":\"SearchAction\",\"target\":{\"@type\":\"EntryPoint\",\"urlTemplate\":\"https:\/\/icoca.ch\/es\/?s={search_term_string}\"},\"query-input\":{\"@type\":\"PropertyValueSpecification\",\"valueRequired\":true,\"valueName\":\"search_term_string\"}}],\"inLanguage\":\"es\"},{\"@type\":\"Organization\",\"@id\":\"https:\/\/icoca.ch\/es\/#organization\",\"name\":\"ICoCA - International Code of Conduct Association\",\"url\":\"https:\/\/icoca.ch\/es\/\",\"logo\":{\"@type\":\"ImageObject\",\"inLanguage\":\"es\",\"@id\":\"https:\/\/icoca.ch\/es\/#\/schema\/logo\/image\/\",\"url\":\"https:\/\/icoca.ch\/wp-content\/uploads\/2024\/05\/ICoCA_2022_Full-White-Text@3x.png\",\"contentUrl\":\"https:\/\/icoca.ch\/wp-content\/uploads\/2024\/05\/ICoCA_2022_Full-White-Text@3x.png\",\"width\":9588,\"height\":4297,\"caption\":\"ICoCA - International Code of Conduct Association\"},\"image\":{\"@id\":\"https:\/\/icoca.ch\/es\/#\/schema\/logo\/image\/\"}}]}<\/script>\n<!-- \/ Yoast SEO plugin. -->","yoast_head_json":{"title":"Madeleine Thill - ICoCA - International Code of Conduct Association","robots":{"index":"index","follow":"follow","max-snippet":"max-snippet:-1","max-image-preview":"max-image-preview:large","max-video-preview":"max-video-preview:-1"},"canonical":"https:\/\/icoca.ch\/es\/the-secretariat\/madeleine-thill\/","og_locale":"es_ES","og_type":"article","og_title":"Madeleine Thill - ICoCA - International Code of Conduct Association","og_description":"Madeleine Thill Oficial Junior de Proyectos y de Incidencia &nbsp; Como Oficial Junior de Proyectos y de Incidencia en ICoCA, Madeleine apoya la labor de incidencia de la organizaci\u00f3n en los pa\u00edses prioritarios, coordina actividades, colabora con socios de la sociedad civil y trabaja para promover pr\u00e1cticas responsables en el sector de la seguridad privada. [&hellip;]","og_url":"https:\/\/icoca.ch\/es\/the-secretariat\/madeleine-thill\/","og_site_name":"ICoCA - International Code of Conduct Association","article_modified_time":"2026-03-03T13:26:29+00:00","og_image":[{"width":1080,"height":1080,"url":"https:\/\/icoca.ch\/wp-content\/uploads\/2026\/02\/Madeleine-Thill-Round-Photo.jpg","type":"image\/jpeg"}],"twitter_card":"summary_large_image","twitter_misc":{"Tiempo de lectura":"1 minuto"},"schema":{"@context":"https:\/\/schema.org","@graph":[{"@type":"WebPage","@id":"https:\/\/icoca.ch\/es\/the-secretariat\/madeleine-thill\/","url":"https:\/\/icoca.ch\/es\/the-secretariat\/madeleine-thill\/","name":"Madeleine Thill - ICoCA - International Code of Conduct Association","isPartOf":{"@id":"https:\/\/icoca.ch\/es\/#website"},"primaryImageOfPage":{"@id":"https:\/\/icoca.ch\/es\/the-secretariat\/madeleine-thill\/#primaryimage"},"image":{"@id":"https:\/\/icoca.ch\/es\/the-secretariat\/madeleine-thill\/#primaryimage"},"thumbnailUrl":"https:\/\/icoca.ch\/wp-content\/uploads\/2026\/02\/Madeleine-Thill-Round-Photo-300x300.jpg","datePublished":"2025-11-05T13:37:00+00:00","dateModified":"2026-03-03T13:26:29+00:00","breadcrumb":{"@id":"https:\/\/icoca.ch\/es\/the-secretariat\/madeleine-thill\/#breadcrumb"},"inLanguage":"es","potentialAction":[{"@type":"ReadAction","target":["https:\/\/icoca.ch\/es\/the-secretariat\/madeleine-thill\/"]}]},{"@type":"ImageObject","inLanguage":"es","@id":"https:\/\/icoca.ch\/es\/the-secretariat\/madeleine-thill\/#primaryimage","url":"https:\/\/icoca.ch\/wp-content\/uploads\/2026\/02\/Madeleine-Thill-Round-Photo-300x300.jpg","contentUrl":"https:\/\/icoca.ch\/wp-content\/uploads\/2026\/02\/Madeleine-Thill-Round-Photo-300x300.jpg"},{"@type":"BreadcrumbList","@id":"https:\/\/icoca.ch\/es\/the-secretariat\/madeleine-thill\/#breadcrumb","itemListElement":[{"@type":"ListItem","position":1,"name":"Home","item":"https:\/\/icoca.ch\/es\/"},{"@type":"ListItem","position":2,"name":"La Secretar\u00eda","item":"https:\/\/icoca.ch\/es\/the-secretariat\/"},{"@type":"ListItem","position":3,"name":"Madeleine Thill"}]},{"@type":"WebSite","@id":"https:\/\/icoca.ch\/es\/#website","url":"https:\/\/icoca.ch\/es\/","name":"ICoCA - International Code of Conduct Association","description":"Promoting responsible private security","publisher":{"@id":"https:\/\/icoca.ch\/es\/#organization"},"potentialAction":[{"@type":"SearchAction","target":{"@type":"EntryPoint","urlTemplate":"https:\/\/icoca.ch\/es\/?s={search_term_string}"},"query-input":{"@type":"PropertyValueSpecification","valueRequired":true,"valueName":"search_term_string"}}],"inLanguage":"es"},{"@type":"Organization","@id":"https:\/\/icoca.ch\/es\/#organization","name":"ICoCA - International Code of Conduct Association","url":"https:\/\/icoca.ch\/es\/","logo":{"@type":"ImageObject","inLanguage":"es","@id":"https:\/\/icoca.ch\/es\/#\/schema\/logo\/image\/","url":"https:\/\/icoca.ch\/wp-content\/uploads\/2024\/05\/ICoCA_2022_Full-White-Text@3x.png","contentUrl":"https:\/\/icoca.ch\/wp-content\/uploads\/2024\/05\/ICoCA_2022_Full-White-Text@3x.png","width":9588,"height":4297,"caption":"ICoCA - International Code of Conduct Association"},"image":{"@id":"https:\/\/icoca.ch\/es\/#\/schema\/logo\/image\/"}}]}},"campaignId":"","_links":{"self":[{"href":"https:\/\/icoca.ch\/es\/wp-json\/wp\/v2\/pages\/80881","targetHints":{"allow":["GET"]}}],"collection":[{"href":"https:\/\/icoca.ch\/es\/wp-json\/wp\/v2\/pages"}],"about":[{"href":"https:\/\/icoca.ch\/es\/wp-json\/wp\/v2\/types\/page"}],"author":[{"embeddable":true,"href":"https:\/\/icoca.ch\/es\/wp-json\/wp\/v2\/users\/5"}],"replies":[{"embeddable":true,"href":"https:\/\/icoca.ch\/es\/wp-json\/wp\/v2\/comments?post=80881"}],"version-history":[{"count":1,"href":"https:\/\/icoca.ch\/es\/wp-json\/wp\/v2\/pages\/80881\/revisions"}],"predecessor-version":[{"id":82089,"href":"https:\/\/icoca.ch\/es\/wp-json\/wp\/v2\/pages\/80881\/revisions\/82089"}],"up":[{"embeddable":true,"href":"https:\/\/icoca.ch\/es\/wp-json\/wp\/v2\/pages\/11315"}],"wp:attachment":[{"href":"https:\/\/icoca.ch\/es\/wp-json\/wp\/v2\/media?parent=80881"}],"curies":[{"name":"wp","href":"https:\/\/api.w.org\/{rel}","templated":true}]}}