{"id":69087,"date":"2025-07-22T20:09:20","date_gmt":"2025-07-22T20:09:20","guid":{"rendered":"https:\/\/icoca.ch\/?page_id=69087"},"modified":"2025-11-19T09:01:33","modified_gmt":"2025-11-19T09:01:33","slug":"icoca-accepted-certification-bodies","status":"publish","type":"page","link":"https:\/\/icoca.ch\/es\/what-we-do\/certification\/icoca-accepted-certification-bodies\/","title":{"rendered":"ICoCA Accepted Certification Bodies"},"content":{"rendered":"<p data-start=\"0\" data-end=\"36\"><strong data-start=\"0\" data-end=\"36\">Normas de certificaci\u00f3n de ICoCA<\/strong><\/p>\n<p>Para convertirse en Miembro Certificado de ICoCA, una empresa de seguridad privada (ESP) debe estar certificada conforme a una norma externa reconocida por ICoCA<a href=\"#_ftn1\" name=\"_ftnref1\">[1]<\/a> para efectos de certificaci\u00f3n. La certificaci\u00f3n tambi\u00e9n debe ser emitida por un organismo de certificaci\u00f3n aceptado. Actualmente, las siguientes normas reconocidas pueden utilizarse para la certificaci\u00f3n:<\/p>\n<ul>\n<li>ISO 18788<\/li>\n<li>PSC.1<\/li>\n<li>ISO 28007<a href=\"#_ftn2\" name=\"_ftnref2\">[2]<\/a><\/li>\n<\/ul>\n<p>Las empresas Miembros pueden proponer nuevas normas, y se prev\u00e9 que el n\u00famero de normas aceptadas para la certificaci\u00f3n aumente con el tiempo.<a href=\"#_ftn3\" name=\"_ftnref3\">[3]<\/a><\/p>\n<p data-start=\"0\" data-end=\"41\"><strong data-start=\"0\" data-end=\"41\">Organismos de certificaci\u00f3n aceptados<\/strong><\/p>\n<p data-start=\"43\" data-end=\"304\">ICoCA no acepta certificaciones emitidas por todos los organismos de certificaci\u00f3n, ya que muchos de ellos no operan conforme a normas rigurosas y exigentes, y por lo tanto, las certificaciones que emiten no son aceptables para la certificaci\u00f3n propia de ICoCA.<\/p>\n<p data-start=\"306\" data-end=\"379\">Un organismo de certificaci\u00f3n puede ser aceptado mediante dos mecanismos:<\/p>\n<ol>\n<li>El organismo de certificaci\u00f3n est\u00e1 acreditado conforme a una norma reconocida por ICoCA por un miembro del IAF-MLA. Los miembros del IAF-MLA pueden verificarse <a href=\"https:\/\/iaf.nu\/en\/accreditation-bodies\/\">aqu\u00ed<\/a>.\n<ol>\n<li>Actualmente solo <a href=\"https:\/\/www.ukas.com\/\">UKAS<\/a>, <a href=\"https:\/\/onac.org.co\/en\/home\/\">ONAC<\/a>,\u00a0<a href=\"https:\/\/www.cofrac.fr\/\">Cofrac<\/a> y EGAC est\u00e1n acreditando organismos de certificaci\u00f3n para la norma ISO 18788.<\/li>\n<li>Solo <a href=\"https:\/\/www.ukas.com\/\">UKAS<\/a> est\u00e1 acreditando organismos de certificaci\u00f3n para la norma ISO 28007.<\/li>\n<\/ol>\n<\/li>\n<li>El organismo de certificaci\u00f3n est\u00e1 acreditado conforme a la norma ISO 17021 por un miembro del IAF-MLA y ha superado las evaluaciones de competencia de ICoCA. Los miembros del IAF-MLA pueden verificarse <a href=\"https:\/\/iaf.nu\/en\/accreditation-bodies\/\">aqu\u00ed<\/a>.<\/li>\n<\/ol>\n<p data-start=\"0\" data-end=\"98\"><strong data-start=\"0\" data-end=\"98\">Organismos de certificaci\u00f3n acreditados directamente conforme a una norma reconocida por ICoCA<\/strong><\/p>\n<p>Los siguientes organismos de certificaci\u00f3n aceptados est\u00e1n acreditados directamente conforme a una norma reconocida:<\/p>\n<table class=\" aligncenter\" style=\"border-collapse: collapse; width: 25.9286%;\">\n<tbody>\n<tr>\n<td style=\"width: 7.07395%;\"><a href=\"https:\/\/www.aescol.com\/es\">AES<\/a><\/td>\n<td style=\"width: 7.82827%;\"><a href=\"https:\/\/ccs.org.co\/\">CCS<\/a><\/td>\n<td style=\"width: 7.78752%;\"><a href=\"https:\/\/www.icontec.org\/eval-conformidad\/certificacion-iso-18788-sistema-de-gestion-de-operaciones-de-seguridad-privada\/\">Icontec<\/a><\/td>\n<\/tr>\n<tr>\n<td style=\"width: 7.07395%;\"><a href=\"https:\/\/www.intertek.com\/assurance\/iso-18788-psc1\/\">Intertek<\/a><\/td>\n<td style=\"width: 7.82827%;\"><a href=\"http:\/\/www.iqs-egypt.com\">IQS Egypt<\/a><\/td>\n<td style=\"width: 7.78752%;\"><a href=\"https:\/\/www.mssglobal.com\/\">MSS Global<\/a><\/td>\n<\/tr>\n<\/tbody>\n<\/table>\n<p data-start=\"0\" data-end=\"73\"><strong data-start=\"0\" data-end=\"73\">Organismos de certificaci\u00f3n acreditados conforme a la norma ISO 17021<\/strong><\/p>\n<p>Los siguientes organismos de certificaci\u00f3n aceptados est\u00e1n acreditados conforme a la norma ISO 17021 y han superado las evaluaciones de competencia de ICoCA:<\/p>\n<table class=\" aligncenter\" style=\"width: 40.1192%;\">\n<tbody>\n<tr>\n<td style=\"text-align: center; width: 26.504%;\" width=\"200\"><a href=\"https:\/\/www.dnv.sg\/\">DNV<\/a><\/td>\n<td style=\"text-align: center; width: 32.3471%;\" width=\"200\"><a href=\"https:\/\/www.dqsglobal.com\/en-za\/certify\/iso-18788-certification\">DQS<\/a><\/td>\n<td style=\"text-align: center; width: 29.252%;\" width=\"200\"><a href=\"https:\/\/en.eurocert.group\/certifications\/iso-18788\">Eurocert<\/a><\/td>\n<\/tr>\n<tr>\n<td style=\"text-align: center; width: 26.504%;\" width=\"200\"><a href=\"https:\/\/www.ias-register.com\/en\/\">IAS Register<\/a><\/td>\n<td style=\"text-align: center; width: 32.3471%;\" width=\"200\"><a href=\"https:\/\/infinitycert.com\/\">Infinity Cert<\/a><\/td>\n<td style=\"text-align: center; width: 29.252%;\" width=\"200\"><a href=\"https:\/\/liberoassurance.org\/iso-18788-management-system-for-private-security-operations\/\">Libero Assurance<\/a><\/td>\n<\/tr>\n<tr>\n<td style=\"text-align: center; width: 26.504%;\" width=\"200\"><a href=\"https:\/\/qms.net\/iso-28007-12015\/\">QMS Global<\/a><\/td>\n<td style=\"text-align: center; width: 32.3471%;\" width=\"200\"><a href=\"https:\/\/smg-aw.com\/our-services\/certification\/security-operations\/iso-18788\/\">SMG<\/a><\/td>\n<td style=\"text-align: center; width: 29.252%;\" width=\"200\"><a href=\"https:\/\/tuvaustriahellas.gr\/iso-18788\/?lang=en\">TUV Austria Hellas<\/a><\/td>\n<\/tr>\n<tr>\n<td style=\"text-align: center; width: 26.504%;\" width=\"200\"><a href=\"https:\/\/www.unit.org.uy\/\">UNIT<\/a><\/td>\n<td style=\"text-align: center; width: 32.3471%;\" width=\"200\"><\/td>\n<td style=\"text-align: center; width: 29.252%;\" width=\"200\"><\/td>\n<\/tr>\n<\/tbody>\n<\/table>\n<p><strong>\u00bfCu\u00e1l es la diferencia entre un organismo de certificaci\u00f3n acreditado directamente seg\u00fan una norma reconocida y uno acreditado conforme a la norma ISO 17021 que ha superado las evaluaciones de competencia de ICoCA?<\/strong><\/p>\n<p>Un organismo de certificaci\u00f3n acreditado conforme a una norma reconocida es supervisado peri\u00f3dicamente por el organismo de acreditaci\u00f3n (miembro del IAF-MLA) para asegurar que las certificaciones emitidas cumplen con dicha norma. Adem\u00e1s, puede estar obligado a seguir directrices espec\u00edficas, como las <a href=\"https:\/\/www.ukas.com\/wp-content\/uploads\/2024\/07\/CIS-9-UKAS-guidance-for-Certification-Bodies-certifying-private-maritime-security-companies-against-ISO-28000-ISO-28007-1.pdf\">CIS 9<\/a> o <a href=\"https:\/\/www.ukas.com\/wp-content\/uploads\/2024\/07\/CIS-10-UKAS-guidance-for-Certification-Bodies-certifying-the-management-systems-of-private-security-companies-against-ANSI-ASIS.pdf\">CIS 10<\/a> de UKAS o el Gu\u00eda del EGAC para los organismos que ofrecen la certificaci\u00f3n del sistema de gesti\u00f3n ISO 18788 para operaciones de seguridad privada. Un organismo acreditado conforme a la norma ISO 18788 tambi\u00e9n debe estar acreditado conforme a la norma ISO 17021.<\/p>\n<p data-start=\"704\" data-end=\"1198\">Un organismo de certificaci\u00f3n acreditado conforme a la norma ISO 17021 (pero no acreditado seg\u00fan una norma reconocida) es supervisado regularmente por el organismo de acreditaci\u00f3n para garantizar que opera conforme a las mejores pr\u00e1cticas para organismos de certificaci\u00f3n. Esta supervisi\u00f3n incluye aspectos como competencia, coherencia, imparcialidad, independencia y fiabilidad. Sin embargo, este tipo de acreditaci\u00f3n no implica una evaluaci\u00f3n directa del cumplimiento con la norma reconocida.<\/p>\n<p data-start=\"1200\" data-end=\"1461\">Dado el mayor nivel de supervisi\u00f3n que implica la acreditaci\u00f3n conforme a una norma reconocida, ICoCA recomienda que todos los organismos de certificaci\u00f3n aceptados a trav\u00e9s de la v\u00eda de ISO 17021 busquen tambi\u00e9n la acreditaci\u00f3n conforme a una norma reconocida.<\/p>\n<p data-start=\"1463\" data-end=\"1891\">Los certificados emitidos a empresas de seguridad privada (PSC) por organismos acreditados conforme a una norma reconocida suelen ser visibles en la <a href=\"https:\/\/www.iafcertsearch.org\/\">base de datos de certificaciones<\/a> del IAF. Cabe se\u00f1alar, sin embargo, que el uso de esta base de datos por parte de los miembros del IAF podr\u00eda no ser universal, debido a preocupaciones relacionadas con la confidencialidad.<a href=\"#_ftn4\" name=\"_ftnref4\">[4]<\/a> En cambio, los certificados emitidos por organismos acreditados solo conforme a la norma ISO 17021 probablemente no figuren en esa base de datos, ya que no han sido acreditados para una norma reconocida por un miembro del IAF-MLA.<\/p>\n<p data-start=\"1893\" data-end=\"1979\" data-is-last-node=\"\" data-is-only-node=\"\">Puede encontrar m\u00e1s informaci\u00f3n sobre la certificaci\u00f3n ICoCA en el <a href=\"https:\/\/icoca.ch\/es\/\">sitio web de ICoCA<\/a>.<\/p>\n<p>&nbsp;<\/p>\n<p><strong><u>Preguntas<\/u><\/strong><\/p>\n<p><strong>\u00bfQu\u00e9 ocurre si mi organismo de certificaci\u00f3n est\u00e1 acreditado seg\u00fan la norma ISO 17021 por un miembro del IAF-MLA pero actualmente no est\u00e1 aceptado por ICoCA?<\/strong><\/p>\n<p>Por favor, p\u00f3ngase en contacto con la Secretar\u00eda de ICoCA escribiendo a <a class=\"cursor-pointer\" href=\"mailto:secretariat@icoca.ch\" rel=\"noopener\" data-start=\"251\" data-end=\"302\">secretariat@icoca.ch<\/a>. La Secretar\u00eda podr\u00e1 evaluar si el organismo de certificaci\u00f3n puede ser aceptado. Tenga en cuenta que, como parte del proceso de evaluaci\u00f3n, ser\u00e1 necesario entrevistar al personal del organismo de certificaci\u00f3n.<\/p>\n<p><strong>\u00bfQu\u00e9 ocurre si mi organismo de certificaci\u00f3n no est\u00e1 acreditado seg\u00fan la norma ISO 17021 por un miembro del IAF-MLA?<\/strong><\/p>\n<p data-start=\"516\" data-end=\"741\">Las certificaciones emitidas por tales organismos no pueden ser aceptadas para la certificaci\u00f3n ICoCA.<\/p>\n<p data-start=\"743\" data-end=\"847\" data-is-last-node=\"\" data-is-only-node=\"\"><strong>Para m\u00e1s informaci\u00f3n, por favor contacte a ICoCA en <a class=\"cursor-pointer\" href=\"mailto:secretariat@icoca.ch\" rel=\"noopener\" data-start=\"795\" data-end=\"846\">secretariat@icoca.ch<\/a>.<\/strong><\/p>\n<p>&nbsp;<\/p>\n<hr \/>\n<p><a href=\"#_ftnref1\" name=\"_ftn1\">[1]<\/a> T\u00e9cnicamente, la Junta Directiva de ICoCA, seg\u00fan los <a href=\"https:\/\/icoca.ch\/wp-content\/uploads\/2020\/10\/Art-11-Procedures.pdf\">procedimientos del Art\u00edculo 11<\/a>.<\/p>\n<p><a href=\"#_ftnref2\" name=\"_ftn2\">[2]<\/a> La certificaci\u00f3n se realiza conforme a ISO 28000 utilizando ISO 28007-1:2015, \u00abTecnolog\u00eda mar\u00edtima y naval \u2013 Directrices para Compa\u00f1\u00edas Privadas de Seguridad Mar\u00edtima (PMSC) que proporcionan personal armado contratado privado (PCASP) a bordo de buques, Parte 1 General\u00bb.<\/p>\n<p><a href=\"#_ftnref3\" name=\"_ftn3\">[3]<\/a> Para m\u00e1s detalles, por favor consulte los <a href=\"https:\/\/icoca.ch\/wp-content\/uploads\/2020\/10\/Art-11-Procedures.pdf\">procedimientos del Art\u00edculo 11<\/a> de ICoCA, especialmente III. Procedimiento de Certificaci\u00f3n de ICoCA, Reconocimiento de Normas por la Junta.<\/p>\n<p><a href=\"#_ftnref34\" name=\"_ftn4\">[4]<\/a> <a href=\"https:\/\/www.dakks.de\/en\/news\/no-obligation-to-use-the-iaf-certsearch-database.html\">El organismo nacional de acreditaci\u00f3n de Alemania, DAKKS, ha se\u00f1alado preocupaciones respecto a la base de datos<\/a>.<\/p>\n","protected":false},"excerpt":{"rendered":"<p>Normas de certificaci\u00f3n de ICoCA Para convertirse en Miembro Certificado de ICoCA, una empresa de seguridad privada (ESP) debe estar certificada conforme a una norma externa reconocida por ICoCA[1] para efectos de certificaci\u00f3n. La certificaci\u00f3n tambi\u00e9n debe ser emitida por un organismo de certificaci\u00f3n aceptado. Actualmente, las siguientes normas reconocidas pueden utilizarse para la certificaci\u00f3n: [&hellip;]<\/p>\n","protected":false},"author":15,"featured_media":0,"parent":11279,"menu_order":0,"comment_status":"closed","ping_status":"closed","template":"","meta":{"_acf_changed":false,"give_campaign_id":0,"footnotes":""},"class_list":["post-69087","page","type-page","status-publish","hentry"],"acf":[],"yoast_head":"<!-- This site is optimized with the Yoast SEO plugin v26.5 - https:\/\/yoast.com\/wordpress\/plugins\/seo\/ -->\n<title>ICoCA Accepted Certification Bodies - ICoCA - International Code of Conduct Association<\/title>\n<meta name=\"robots\" content=\"index, follow, max-snippet:-1, max-image-preview:large, max-video-preview:-1\" \/>\n<link rel=\"canonical\" href=\"https:\/\/icoca.ch\/es\/what-we-do\/certification\/icoca-accepted-certification-bodies\/\" \/>\n<meta property=\"og:locale\" content=\"es_ES\" \/>\n<meta property=\"og:type\" content=\"article\" \/>\n<meta property=\"og:title\" content=\"ICoCA Accepted Certification Bodies - ICoCA - International Code of Conduct Association\" \/>\n<meta property=\"og:description\" content=\"Normas de certificaci\u00f3n de ICoCA Para convertirse en Miembro Certificado de ICoCA, una empresa de seguridad privada (ESP) debe estar certificada conforme a una norma externa reconocida por ICoCA[1] para efectos de certificaci\u00f3n. La certificaci\u00f3n tambi\u00e9n debe ser emitida por un organismo de certificaci\u00f3n aceptado. Actualmente, las siguientes normas reconocidas pueden utilizarse para la certificaci\u00f3n: [&hellip;]\" \/>\n<meta property=\"og:url\" content=\"https:\/\/icoca.ch\/es\/what-we-do\/certification\/icoca-accepted-certification-bodies\/\" \/>\n<meta property=\"og:site_name\" content=\"ICoCA - International Code of Conduct Association\" \/>\n<meta property=\"article:modified_time\" content=\"2025-11-19T09:01:33+00:00\" \/>\n<meta name=\"twitter:card\" content=\"summary_large_image\" \/>\n<meta name=\"twitter:label1\" content=\"Tiempo de lectura\" \/>\n\t<meta name=\"twitter:data1\" content=\"4 minutos\" \/>\n<script type=\"application\/ld+json\" class=\"yoast-schema-graph\">{\"@context\":\"https:\/\/schema.org\",\"@graph\":[{\"@type\":\"WebPage\",\"@id\":\"https:\/\/icoca.ch\/es\/what-we-do\/certification\/icoca-accepted-certification-bodies\/\",\"url\":\"https:\/\/icoca.ch\/es\/what-we-do\/certification\/icoca-accepted-certification-bodies\/\",\"name\":\"ICoCA Accepted Certification Bodies - ICoCA - International Code of Conduct Association\",\"isPartOf\":{\"@id\":\"https:\/\/icoca.ch\/es\/#website\"},\"datePublished\":\"2025-07-22T20:09:20+00:00\",\"dateModified\":\"2025-11-19T09:01:33+00:00\",\"breadcrumb\":{\"@id\":\"https:\/\/icoca.ch\/es\/what-we-do\/certification\/icoca-accepted-certification-bodies\/#breadcrumb\"},\"inLanguage\":\"es\",\"potentialAction\":[{\"@type\":\"ReadAction\",\"target\":[\"https:\/\/icoca.ch\/es\/what-we-do\/certification\/icoca-accepted-certification-bodies\/\"]}]},{\"@type\":\"BreadcrumbList\",\"@id\":\"https:\/\/icoca.ch\/es\/what-we-do\/certification\/icoca-accepted-certification-bodies\/#breadcrumb\",\"itemListElement\":[{\"@type\":\"ListItem\",\"position\":1,\"name\":\"Home\",\"item\":\"https:\/\/icoca.ch\/es\/\"},{\"@type\":\"ListItem\",\"position\":2,\"name\":\"Qu\u00e9 hacemos\",\"item\":\"https:\/\/icoca.ch\/es\/what-we-do\/\"},{\"@type\":\"ListItem\",\"position\":3,\"name\":\"Certificaci\u00f3n\",\"item\":\"https:\/\/icoca.ch\/es\/what-we-do\/certification\/\"},{\"@type\":\"ListItem\",\"position\":4,\"name\":\"ICoCA Accepted Certification Bodies\"}]},{\"@type\":\"WebSite\",\"@id\":\"https:\/\/icoca.ch\/es\/#website\",\"url\":\"https:\/\/icoca.ch\/es\/\",\"name\":\"ICoCA - International Code of Conduct Association\",\"description\":\"Promoting responsible private security\",\"publisher\":{\"@id\":\"https:\/\/icoca.ch\/es\/#organization\"},\"potentialAction\":[{\"@type\":\"SearchAction\",\"target\":{\"@type\":\"EntryPoint\",\"urlTemplate\":\"https:\/\/icoca.ch\/es\/?s={search_term_string}\"},\"query-input\":{\"@type\":\"PropertyValueSpecification\",\"valueRequired\":true,\"valueName\":\"search_term_string\"}}],\"inLanguage\":\"es\"},{\"@type\":\"Organization\",\"@id\":\"https:\/\/icoca.ch\/es\/#organization\",\"name\":\"ICoCA - International Code of Conduct Association\",\"url\":\"https:\/\/icoca.ch\/es\/\",\"logo\":{\"@type\":\"ImageObject\",\"inLanguage\":\"es\",\"@id\":\"https:\/\/icoca.ch\/es\/#\/schema\/logo\/image\/\",\"url\":\"https:\/\/icoca.ch\/wp-content\/uploads\/2024\/05\/ICoCA_2022_Full-White-Text@3x.png\",\"contentUrl\":\"https:\/\/icoca.ch\/wp-content\/uploads\/2024\/05\/ICoCA_2022_Full-White-Text@3x.png\",\"width\":9588,\"height\":4297,\"caption\":\"ICoCA - International Code of Conduct Association\"},\"image\":{\"@id\":\"https:\/\/icoca.ch\/es\/#\/schema\/logo\/image\/\"}}]}<\/script>\n<!-- \/ Yoast SEO plugin. -->","yoast_head_json":{"title":"ICoCA Accepted Certification Bodies - ICoCA - International Code of Conduct Association","robots":{"index":"index","follow":"follow","max-snippet":"max-snippet:-1","max-image-preview":"max-image-preview:large","max-video-preview":"max-video-preview:-1"},"canonical":"https:\/\/icoca.ch\/es\/what-we-do\/certification\/icoca-accepted-certification-bodies\/","og_locale":"es_ES","og_type":"article","og_title":"ICoCA Accepted Certification Bodies - ICoCA - International Code of Conduct Association","og_description":"Normas de certificaci\u00f3n de ICoCA Para convertirse en Miembro Certificado de ICoCA, una empresa de seguridad privada (ESP) debe estar certificada conforme a una norma externa reconocida por ICoCA[1] para efectos de certificaci\u00f3n. La certificaci\u00f3n tambi\u00e9n debe ser emitida por un organismo de certificaci\u00f3n aceptado. Actualmente, las siguientes normas reconocidas pueden utilizarse para la certificaci\u00f3n: [&hellip;]","og_url":"https:\/\/icoca.ch\/es\/what-we-do\/certification\/icoca-accepted-certification-bodies\/","og_site_name":"ICoCA - International Code of Conduct Association","article_modified_time":"2025-11-19T09:01:33+00:00","twitter_card":"summary_large_image","twitter_misc":{"Tiempo de lectura":"4 minutos"},"schema":{"@context":"https:\/\/schema.org","@graph":[{"@type":"WebPage","@id":"https:\/\/icoca.ch\/es\/what-we-do\/certification\/icoca-accepted-certification-bodies\/","url":"https:\/\/icoca.ch\/es\/what-we-do\/certification\/icoca-accepted-certification-bodies\/","name":"ICoCA Accepted Certification Bodies - ICoCA - International Code of Conduct Association","isPartOf":{"@id":"https:\/\/icoca.ch\/es\/#website"},"datePublished":"2025-07-22T20:09:20+00:00","dateModified":"2025-11-19T09:01:33+00:00","breadcrumb":{"@id":"https:\/\/icoca.ch\/es\/what-we-do\/certification\/icoca-accepted-certification-bodies\/#breadcrumb"},"inLanguage":"es","potentialAction":[{"@type":"ReadAction","target":["https:\/\/icoca.ch\/es\/what-we-do\/certification\/icoca-accepted-certification-bodies\/"]}]},{"@type":"BreadcrumbList","@id":"https:\/\/icoca.ch\/es\/what-we-do\/certification\/icoca-accepted-certification-bodies\/#breadcrumb","itemListElement":[{"@type":"ListItem","position":1,"name":"Home","item":"https:\/\/icoca.ch\/es\/"},{"@type":"ListItem","position":2,"name":"Qu\u00e9 hacemos","item":"https:\/\/icoca.ch\/es\/what-we-do\/"},{"@type":"ListItem","position":3,"name":"Certificaci\u00f3n","item":"https:\/\/icoca.ch\/es\/what-we-do\/certification\/"},{"@type":"ListItem","position":4,"name":"ICoCA Accepted Certification Bodies"}]},{"@type":"WebSite","@id":"https:\/\/icoca.ch\/es\/#website","url":"https:\/\/icoca.ch\/es\/","name":"ICoCA - International Code of Conduct Association","description":"Promoting responsible private security","publisher":{"@id":"https:\/\/icoca.ch\/es\/#organization"},"potentialAction":[{"@type":"SearchAction","target":{"@type":"EntryPoint","urlTemplate":"https:\/\/icoca.ch\/es\/?s={search_term_string}"},"query-input":{"@type":"PropertyValueSpecification","valueRequired":true,"valueName":"search_term_string"}}],"inLanguage":"es"},{"@type":"Organization","@id":"https:\/\/icoca.ch\/es\/#organization","name":"ICoCA - International Code of Conduct Association","url":"https:\/\/icoca.ch\/es\/","logo":{"@type":"ImageObject","inLanguage":"es","@id":"https:\/\/icoca.ch\/es\/#\/schema\/logo\/image\/","url":"https:\/\/icoca.ch\/wp-content\/uploads\/2024\/05\/ICoCA_2022_Full-White-Text@3x.png","contentUrl":"https:\/\/icoca.ch\/wp-content\/uploads\/2024\/05\/ICoCA_2022_Full-White-Text@3x.png","width":9588,"height":4297,"caption":"ICoCA - International Code of Conduct Association"},"image":{"@id":"https:\/\/icoca.ch\/es\/#\/schema\/logo\/image\/"}}]}},"campaignId":"","_links":{"self":[{"href":"https:\/\/icoca.ch\/es\/wp-json\/wp\/v2\/pages\/69087","targetHints":{"allow":["GET"]}}],"collection":[{"href":"https:\/\/icoca.ch\/es\/wp-json\/wp\/v2\/pages"}],"about":[{"href":"https:\/\/icoca.ch\/es\/wp-json\/wp\/v2\/types\/page"}],"author":[{"embeddable":true,"href":"https:\/\/icoca.ch\/es\/wp-json\/wp\/v2\/users\/15"}],"replies":[{"embeddable":true,"href":"https:\/\/icoca.ch\/es\/wp-json\/wp\/v2\/comments?post=69087"}],"version-history":[{"count":3,"href":"https:\/\/icoca.ch\/es\/wp-json\/wp\/v2\/pages\/69087\/revisions"}],"predecessor-version":[{"id":80914,"href":"https:\/\/icoca.ch\/es\/wp-json\/wp\/v2\/pages\/69087\/revisions\/80914"}],"up":[{"embeddable":true,"href":"https:\/\/icoca.ch\/es\/wp-json\/wp\/v2\/pages\/11279"}],"wp:attachment":[{"href":"https:\/\/icoca.ch\/es\/wp-json\/wp\/v2\/media?parent=69087"}],"curies":[{"name":"wp","href":"https:\/\/api.w.org\/{rel}","templated":true}]}}