{"id":67479,"date":"2024-09-23T15:20:31","date_gmt":"2024-09-23T15:20:31","guid":{"rendered":"https:\/\/icoca.ch\/data-security-jotform\/"},"modified":"2024-09-24T10:21:11","modified_gmt":"2024-09-24T10:21:11","slug":"data-security-jotform","status":"publish","type":"page","link":"https:\/\/icoca.ch\/es\/data-security-jotform\/","title":{"rendered":"Seguridad de Datos: Jotform"},"content":{"rendered":"<p>ICoCA utiliza Jotform para recopilar de manera segura datos de las empresas solicitantes, Miembros y Afiliados, garantizando que su informaci\u00f3n sea manejada con el m\u00e1ximo cuidado y protecci\u00f3n. Jotform es una plataforma confiable que ofrece caracter\u00edsticas de seguridad robustas, incluida la capacidad de guardar su progreso y continuar m\u00e1s tarde, lo que le permite enviar informaci\u00f3n sensible de manera segura y a su conveniencia.<\/p>\n<p>Todas las presentaciones de formularios en Jotform est\u00e1n encriptadas en tr\u00e1nsito utilizando encriptaci\u00f3n SSL de 256 bits, el mismo nivel de seguridad empleado por las instituciones bancarias en l\u00ednea. Adem\u00e1s, Jotform ofrece opciones para la encriptaci\u00f3n de datos en reposo, lo que significa que sus datos se almacenan en un formato encriptado en sus servidores. Jotform cumple completamente con las principales regulaciones de protecci\u00f3n de datos, incluidas el GDPR, HIPAA y PCI DSS, asegurando que su informaci\u00f3n sea gestionada de acuerdo con los m\u00e1s altos est\u00e1ndares. Con estas protecciones en su lugar, puede cargar informaci\u00f3n sensible con confianza, sabiendo que est\u00e1 segura y accesible solo para personas autorizadas.<\/p>\n<p>La funci\u00f3n \u00abGuardar y Continuar M\u00e1s Tarde\u00bb de Jotform est\u00e1 dise\u00f1ada con la seguridad en mente para garantizar que sus datos permanezcan protegidos durante el proceso de llenado del formulario. Al usar esta funci\u00f3n, cualquier dato de formulario parcialmente completado se almacena temporalmente en los servidores seguros de Jotform, protegidos por la misma encriptaci\u00f3n SSL de 256 bits que salvaguarda todas las presentaciones. Los datos guardados son accesibles solo a trav\u00e9s de un enlace \u00fanico y encriptado enviado a la direcci\u00f3n de correo electr\u00f3nico que usted proporcione, asegurando que solo las personas autorizadas puedan reanudar y completar el formulario. Adem\u00e1s, estos datos no se almacenan de manera indefinida; permanecen seguros y privados hasta que el formulario se finalice y se env\u00ede, brind\u00e1ndole tranquilidad en cada paso.<\/p>\n<p>Si tiene alguna pregunta adicional, por favor contacte a <a class=\"c-link\" href=\"mailto:secretariat@icoca.ch\" target=\"_blank\" rel=\"noopener noreferrer\" data-stringify-link=\"mailto:secretariat@icoca.ch\" data-sk=\"tooltip_parent\" aria-haspopup=\"menu\">secretariat@icoca.ch<\/a>.<\/p>\n","protected":false},"excerpt":{"rendered":"<p>ICoCA utiliza Jotform para recopilar de manera segura datos de las empresas solicitantes, Miembros y Afiliados, garantizando que su informaci\u00f3n sea manejada con el m\u00e1ximo cuidado y protecci\u00f3n. Jotform es una plataforma confiable que ofrece caracter\u00edsticas de seguridad robustas, incluida la capacidad de guardar su progreso y continuar m\u00e1s tarde, lo que le permite enviar [&hellip;]<\/p>\n","protected":false},"author":5,"featured_media":0,"parent":0,"menu_order":0,"comment_status":"closed","ping_status":"closed","template":"","meta":{"_acf_changed":false,"give_campaign_id":0,"footnotes":""},"class_list":["post-67479","page","type-page","status-publish","hentry"],"acf":[],"yoast_head":"<!-- This site is optimized with the Yoast SEO plugin v26.5 - https:\/\/yoast.com\/wordpress\/plugins\/seo\/ -->\n<title>Seguridad de Datos: Jotform - ICoCA - International Code of Conduct Association<\/title>\n<meta name=\"robots\" content=\"index, follow, max-snippet:-1, max-image-preview:large, max-video-preview:-1\" \/>\n<link rel=\"canonical\" href=\"https:\/\/icoca.ch\/es\/data-security-jotform\/\" \/>\n<meta property=\"og:locale\" content=\"es_ES\" \/>\n<meta property=\"og:type\" content=\"article\" \/>\n<meta property=\"og:title\" content=\"Seguridad de Datos: Jotform - ICoCA - International Code of Conduct Association\" \/>\n<meta property=\"og:description\" content=\"ICoCA utiliza Jotform para recopilar de manera segura datos de las empresas solicitantes, Miembros y Afiliados, garantizando que su informaci\u00f3n sea manejada con el m\u00e1ximo cuidado y protecci\u00f3n. Jotform es una plataforma confiable que ofrece caracter\u00edsticas de seguridad robustas, incluida la capacidad de guardar su progreso y continuar m\u00e1s tarde, lo que le permite enviar [&hellip;]\" \/>\n<meta property=\"og:url\" content=\"https:\/\/icoca.ch\/es\/data-security-jotform\/\" \/>\n<meta property=\"og:site_name\" content=\"ICoCA - International Code of Conduct Association\" \/>\n<meta property=\"article:modified_time\" content=\"2024-09-24T10:21:11+00:00\" \/>\n<meta name=\"twitter:card\" content=\"summary_large_image\" \/>\n<meta name=\"twitter:label1\" content=\"Tiempo de lectura\" \/>\n\t<meta name=\"twitter:data1\" content=\"2 minutos\" \/>\n<script type=\"application\/ld+json\" class=\"yoast-schema-graph\">{\"@context\":\"https:\/\/schema.org\",\"@graph\":[{\"@type\":\"WebPage\",\"@id\":\"https:\/\/icoca.ch\/es\/data-security-jotform\/\",\"url\":\"https:\/\/icoca.ch\/es\/data-security-jotform\/\",\"name\":\"Seguridad de Datos: Jotform - ICoCA - International Code of Conduct Association\",\"isPartOf\":{\"@id\":\"https:\/\/icoca.ch\/es\/#website\"},\"datePublished\":\"2024-09-23T15:20:31+00:00\",\"dateModified\":\"2024-09-24T10:21:11+00:00\",\"breadcrumb\":{\"@id\":\"https:\/\/icoca.ch\/es\/data-security-jotform\/#breadcrumb\"},\"inLanguage\":\"es\",\"potentialAction\":[{\"@type\":\"ReadAction\",\"target\":[\"https:\/\/icoca.ch\/es\/data-security-jotform\/\"]}]},{\"@type\":\"BreadcrumbList\",\"@id\":\"https:\/\/icoca.ch\/es\/data-security-jotform\/#breadcrumb\",\"itemListElement\":[{\"@type\":\"ListItem\",\"position\":1,\"name\":\"Home\",\"item\":\"https:\/\/icoca.ch\/es\/\"},{\"@type\":\"ListItem\",\"position\":2,\"name\":\"Seguridad de Datos: Jotform\"}]},{\"@type\":\"WebSite\",\"@id\":\"https:\/\/icoca.ch\/es\/#website\",\"url\":\"https:\/\/icoca.ch\/es\/\",\"name\":\"ICoCA - International Code of Conduct Association\",\"description\":\"Promoting responsible private security\",\"publisher\":{\"@id\":\"https:\/\/icoca.ch\/es\/#organization\"},\"potentialAction\":[{\"@type\":\"SearchAction\",\"target\":{\"@type\":\"EntryPoint\",\"urlTemplate\":\"https:\/\/icoca.ch\/es\/?s={search_term_string}\"},\"query-input\":{\"@type\":\"PropertyValueSpecification\",\"valueRequired\":true,\"valueName\":\"search_term_string\"}}],\"inLanguage\":\"es\"},{\"@type\":\"Organization\",\"@id\":\"https:\/\/icoca.ch\/es\/#organization\",\"name\":\"ICoCA - International Code of Conduct Association\",\"url\":\"https:\/\/icoca.ch\/es\/\",\"logo\":{\"@type\":\"ImageObject\",\"inLanguage\":\"es\",\"@id\":\"https:\/\/icoca.ch\/es\/#\/schema\/logo\/image\/\",\"url\":\"https:\/\/icoca.ch\/wp-content\/uploads\/2024\/05\/ICoCA_2022_Full-White-Text@3x.png\",\"contentUrl\":\"https:\/\/icoca.ch\/wp-content\/uploads\/2024\/05\/ICoCA_2022_Full-White-Text@3x.png\",\"width\":9588,\"height\":4297,\"caption\":\"ICoCA - International Code of Conduct Association\"},\"image\":{\"@id\":\"https:\/\/icoca.ch\/es\/#\/schema\/logo\/image\/\"}}]}<\/script>\n<!-- \/ Yoast SEO plugin. -->","yoast_head_json":{"title":"Seguridad de Datos: Jotform - ICoCA - International Code of Conduct Association","robots":{"index":"index","follow":"follow","max-snippet":"max-snippet:-1","max-image-preview":"max-image-preview:large","max-video-preview":"max-video-preview:-1"},"canonical":"https:\/\/icoca.ch\/es\/data-security-jotform\/","og_locale":"es_ES","og_type":"article","og_title":"Seguridad de Datos: Jotform - ICoCA - International Code of Conduct Association","og_description":"ICoCA utiliza Jotform para recopilar de manera segura datos de las empresas solicitantes, Miembros y Afiliados, garantizando que su informaci\u00f3n sea manejada con el m\u00e1ximo cuidado y protecci\u00f3n. Jotform es una plataforma confiable que ofrece caracter\u00edsticas de seguridad robustas, incluida la capacidad de guardar su progreso y continuar m\u00e1s tarde, lo que le permite enviar [&hellip;]","og_url":"https:\/\/icoca.ch\/es\/data-security-jotform\/","og_site_name":"ICoCA - International Code of Conduct Association","article_modified_time":"2024-09-24T10:21:11+00:00","twitter_card":"summary_large_image","twitter_misc":{"Tiempo de lectura":"2 minutos"},"schema":{"@context":"https:\/\/schema.org","@graph":[{"@type":"WebPage","@id":"https:\/\/icoca.ch\/es\/data-security-jotform\/","url":"https:\/\/icoca.ch\/es\/data-security-jotform\/","name":"Seguridad de Datos: Jotform - ICoCA - International Code of Conduct Association","isPartOf":{"@id":"https:\/\/icoca.ch\/es\/#website"},"datePublished":"2024-09-23T15:20:31+00:00","dateModified":"2024-09-24T10:21:11+00:00","breadcrumb":{"@id":"https:\/\/icoca.ch\/es\/data-security-jotform\/#breadcrumb"},"inLanguage":"es","potentialAction":[{"@type":"ReadAction","target":["https:\/\/icoca.ch\/es\/data-security-jotform\/"]}]},{"@type":"BreadcrumbList","@id":"https:\/\/icoca.ch\/es\/data-security-jotform\/#breadcrumb","itemListElement":[{"@type":"ListItem","position":1,"name":"Home","item":"https:\/\/icoca.ch\/es\/"},{"@type":"ListItem","position":2,"name":"Seguridad de Datos: Jotform"}]},{"@type":"WebSite","@id":"https:\/\/icoca.ch\/es\/#website","url":"https:\/\/icoca.ch\/es\/","name":"ICoCA - International Code of Conduct Association","description":"Promoting responsible private security","publisher":{"@id":"https:\/\/icoca.ch\/es\/#organization"},"potentialAction":[{"@type":"SearchAction","target":{"@type":"EntryPoint","urlTemplate":"https:\/\/icoca.ch\/es\/?s={search_term_string}"},"query-input":{"@type":"PropertyValueSpecification","valueRequired":true,"valueName":"search_term_string"}}],"inLanguage":"es"},{"@type":"Organization","@id":"https:\/\/icoca.ch\/es\/#organization","name":"ICoCA - International Code of Conduct Association","url":"https:\/\/icoca.ch\/es\/","logo":{"@type":"ImageObject","inLanguage":"es","@id":"https:\/\/icoca.ch\/es\/#\/schema\/logo\/image\/","url":"https:\/\/icoca.ch\/wp-content\/uploads\/2024\/05\/ICoCA_2022_Full-White-Text@3x.png","contentUrl":"https:\/\/icoca.ch\/wp-content\/uploads\/2024\/05\/ICoCA_2022_Full-White-Text@3x.png","width":9588,"height":4297,"caption":"ICoCA - International Code of Conduct Association"},"image":{"@id":"https:\/\/icoca.ch\/es\/#\/schema\/logo\/image\/"}}]}},"campaignId":"","_links":{"self":[{"href":"https:\/\/icoca.ch\/es\/wp-json\/wp\/v2\/pages\/67479","targetHints":{"allow":["GET"]}}],"collection":[{"href":"https:\/\/icoca.ch\/es\/wp-json\/wp\/v2\/pages"}],"about":[{"href":"https:\/\/icoca.ch\/es\/wp-json\/wp\/v2\/types\/page"}],"author":[{"embeddable":true,"href":"https:\/\/icoca.ch\/es\/wp-json\/wp\/v2\/users\/5"}],"replies":[{"embeddable":true,"href":"https:\/\/icoca.ch\/es\/wp-json\/wp\/v2\/comments?post=67479"}],"version-history":[{"count":0,"href":"https:\/\/icoca.ch\/es\/wp-json\/wp\/v2\/pages\/67479\/revisions"}],"wp:attachment":[{"href":"https:\/\/icoca.ch\/es\/wp-json\/wp\/v2\/media?parent=67479"}],"curies":[{"name":"wp","href":"https:\/\/api.w.org\/{rel}","templated":true}]}}