{"id":65086,"date":"2024-02-27T14:36:13","date_gmt":"2024-02-27T14:36:13","guid":{"rendered":"https:\/\/icoca.ch\/the-secretariat\/tom-mather\/"},"modified":"2024-02-28T08:10:19","modified_gmt":"2024-02-28T08:10:19","slug":"tom-mather","status":"publish","type":"page","link":"https:\/\/icoca.ch\/es\/the-secretariat\/tom-mather\/","title":{"rendered":"Tom Mather"},"content":{"rendered":"<table style=\"border-collapse: collapse; width: 100%;\">\n<tbody>\n<tr>\n<td style=\"width: 26.1421%;\"><img loading=\"lazy\" decoding=\"async\" class=\"alignnone size-medium wp-image-64746\" src=\"https:\/\/icoca.ch\/wp-content\/uploads\/2024\/02\/Tom-Round-Photo-300x300.jpg\" alt=\"\" width=\"300\" height=\"300\" srcset=\"https:\/\/icoca.ch\/wp-content\/uploads\/2024\/02\/Tom-Round-Photo-300x300.jpg 300w, https:\/\/icoca.ch\/wp-content\/uploads\/2024\/02\/Tom-Round-Photo-1024x1024.jpg 1024w, https:\/\/icoca.ch\/wp-content\/uploads\/2024\/02\/Tom-Round-Photo-150x150.jpg 150w, https:\/\/icoca.ch\/wp-content\/uploads\/2024\/02\/Tom-Round-Photo-768x768.jpg 768w, https:\/\/icoca.ch\/wp-content\/uploads\/2024\/02\/Tom-Round-Photo-333x333.jpg 333w, https:\/\/icoca.ch\/wp-content\/uploads\/2024\/02\/Tom-Round-Photo.jpg 1080w\" sizes=\"auto, (max-width: 300px) 100vw, 300px\" \/><\/td>\n<td style=\"width: 73.8579%;\">\n<h1>Tom Mather<\/h1>\n<p><em>Director de Cumplimiento<\/em><\/p>\n<p>&nbsp;<\/p>\n<p style=\"line-height: 18.75pt; background: white;\">Como Director de Cumplimiento, Tom Mather supervisa el monitoreo, la certificaci\u00f3n y la capacitaci\u00f3n en la Asociaci\u00f3n.<\/p>\n<p style=\"line-height: 18.75pt; background: white;\">Tom tiene m\u00e1s de 15 a\u00f1os de experiencia en el campo de la seguridad, trabajando principalmente en el sector humanitario como gerente de seguridad operativa. Tom tiene experiencia en gesti\u00f3n de seguridad en el campo en m\u00e1s de 20 pa\u00edses, incluidos conflictos, posconflictos y entornos fr\u00e1giles.<\/p>\n<p style=\"line-height: 18.75pt; background: white;\">Tom tiene una Maestr\u00eda en Estudios de Seguridad de la Universidad de Georgetown (Estados Unidos).<\/p>\n<\/td>\n<\/tr>\n<\/tbody>\n<\/table>\n","protected":false},"excerpt":{"rendered":"<p>Tom Mather Director de Cumplimiento &nbsp; Como Director de Cumplimiento, Tom Mather supervisa el monitoreo, la certificaci\u00f3n y la capacitaci\u00f3n en la Asociaci\u00f3n. Tom tiene m\u00e1s de 15 a\u00f1os de experiencia en el campo de la seguridad, trabajando principalmente en el sector humanitario como gerente de seguridad operativa. Tom tiene experiencia en gesti\u00f3n de seguridad [&hellip;]<\/p>\n","protected":false},"author":5,"featured_media":0,"parent":11315,"menu_order":0,"comment_status":"closed","ping_status":"closed","template":"","meta":{"_acf_changed":false,"give_campaign_id":0,"footnotes":""},"class_list":["post-65086","page","type-page","status-publish","hentry"],"acf":[],"yoast_head":"<!-- This site is optimized with the Yoast SEO plugin v26.5 - https:\/\/yoast.com\/wordpress\/plugins\/seo\/ -->\n<title>Tom Mather - ICoCA - International Code of Conduct Association<\/title>\n<meta name=\"robots\" content=\"index, follow, max-snippet:-1, max-image-preview:large, max-video-preview:-1\" \/>\n<link rel=\"canonical\" href=\"https:\/\/icoca.ch\/es\/the-secretariat\/tom-mather\/\" \/>\n<meta property=\"og:locale\" content=\"es_ES\" \/>\n<meta property=\"og:type\" content=\"article\" \/>\n<meta property=\"og:title\" content=\"Tom Mather - ICoCA - International Code of Conduct Association\" \/>\n<meta property=\"og:description\" content=\"Tom Mather Director de Cumplimiento &nbsp; Como Director de Cumplimiento, Tom Mather supervisa el monitoreo, la certificaci\u00f3n y la capacitaci\u00f3n en la Asociaci\u00f3n. Tom tiene m\u00e1s de 15 a\u00f1os de experiencia en el campo de la seguridad, trabajando principalmente en el sector humanitario como gerente de seguridad operativa. Tom tiene experiencia en gesti\u00f3n de seguridad [&hellip;]\" \/>\n<meta property=\"og:url\" content=\"https:\/\/icoca.ch\/es\/the-secretariat\/tom-mather\/\" \/>\n<meta property=\"og:site_name\" content=\"ICoCA - International Code of Conduct Association\" \/>\n<meta property=\"article:modified_time\" content=\"2024-02-28T08:10:19+00:00\" \/>\n<meta property=\"og:image\" content=\"https:\/\/icoca.ch\/wp-content\/uploads\/2024\/02\/Tom-Round-Photo-300x300.jpg\" \/>\n<meta name=\"twitter:card\" content=\"summary_large_image\" \/>\n<meta name=\"twitter:label1\" content=\"Tiempo de lectura\" \/>\n\t<meta name=\"twitter:data1\" content=\"1 minuto\" \/>\n<script type=\"application\/ld+json\" class=\"yoast-schema-graph\">{\"@context\":\"https:\/\/schema.org\",\"@graph\":[{\"@type\":\"WebPage\",\"@id\":\"https:\/\/icoca.ch\/es\/the-secretariat\/tom-mather\/\",\"url\":\"https:\/\/icoca.ch\/es\/the-secretariat\/tom-mather\/\",\"name\":\"Tom Mather - ICoCA - International Code of Conduct Association\",\"isPartOf\":{\"@id\":\"https:\/\/icoca.ch\/es\/#website\"},\"primaryImageOfPage\":{\"@id\":\"https:\/\/icoca.ch\/es\/the-secretariat\/tom-mather\/#primaryimage\"},\"image\":{\"@id\":\"https:\/\/icoca.ch\/es\/the-secretariat\/tom-mather\/#primaryimage\"},\"thumbnailUrl\":\"https:\/\/icoca.ch\/wp-content\/uploads\/2024\/02\/Tom-Round-Photo-300x300.jpg\",\"datePublished\":\"2024-02-27T14:36:13+00:00\",\"dateModified\":\"2024-02-28T08:10:19+00:00\",\"breadcrumb\":{\"@id\":\"https:\/\/icoca.ch\/es\/the-secretariat\/tom-mather\/#breadcrumb\"},\"inLanguage\":\"es\",\"potentialAction\":[{\"@type\":\"ReadAction\",\"target\":[\"https:\/\/icoca.ch\/es\/the-secretariat\/tom-mather\/\"]}]},{\"@type\":\"ImageObject\",\"inLanguage\":\"es\",\"@id\":\"https:\/\/icoca.ch\/es\/the-secretariat\/tom-mather\/#primaryimage\",\"url\":\"https:\/\/icoca.ch\/wp-content\/uploads\/2024\/02\/Tom-Round-Photo-300x300.jpg\",\"contentUrl\":\"https:\/\/icoca.ch\/wp-content\/uploads\/2024\/02\/Tom-Round-Photo-300x300.jpg\"},{\"@type\":\"BreadcrumbList\",\"@id\":\"https:\/\/icoca.ch\/es\/the-secretariat\/tom-mather\/#breadcrumb\",\"itemListElement\":[{\"@type\":\"ListItem\",\"position\":1,\"name\":\"Home\",\"item\":\"https:\/\/icoca.ch\/es\/\"},{\"@type\":\"ListItem\",\"position\":2,\"name\":\"La Secretar\u00eda\",\"item\":\"https:\/\/icoca.ch\/es\/the-secretariat\/\"},{\"@type\":\"ListItem\",\"position\":3,\"name\":\"Tom Mather\"}]},{\"@type\":\"WebSite\",\"@id\":\"https:\/\/icoca.ch\/es\/#website\",\"url\":\"https:\/\/icoca.ch\/es\/\",\"name\":\"ICoCA - International Code of Conduct Association\",\"description\":\"Promoting responsible private security\",\"publisher\":{\"@id\":\"https:\/\/icoca.ch\/es\/#organization\"},\"potentialAction\":[{\"@type\":\"SearchAction\",\"target\":{\"@type\":\"EntryPoint\",\"urlTemplate\":\"https:\/\/icoca.ch\/es\/?s={search_term_string}\"},\"query-input\":{\"@type\":\"PropertyValueSpecification\",\"valueRequired\":true,\"valueName\":\"search_term_string\"}}],\"inLanguage\":\"es\"},{\"@type\":\"Organization\",\"@id\":\"https:\/\/icoca.ch\/es\/#organization\",\"name\":\"ICoCA - International Code of Conduct Association\",\"url\":\"https:\/\/icoca.ch\/es\/\",\"logo\":{\"@type\":\"ImageObject\",\"inLanguage\":\"es\",\"@id\":\"https:\/\/icoca.ch\/es\/#\/schema\/logo\/image\/\",\"url\":\"https:\/\/icoca.ch\/wp-content\/uploads\/2024\/05\/ICoCA_2022_Full-White-Text@3x.png\",\"contentUrl\":\"https:\/\/icoca.ch\/wp-content\/uploads\/2024\/05\/ICoCA_2022_Full-White-Text@3x.png\",\"width\":9588,\"height\":4297,\"caption\":\"ICoCA - International Code of Conduct Association\"},\"image\":{\"@id\":\"https:\/\/icoca.ch\/es\/#\/schema\/logo\/image\/\"}}]}<\/script>\n<!-- \/ Yoast SEO plugin. -->","yoast_head_json":{"title":"Tom Mather - ICoCA - International Code of Conduct Association","robots":{"index":"index","follow":"follow","max-snippet":"max-snippet:-1","max-image-preview":"max-image-preview:large","max-video-preview":"max-video-preview:-1"},"canonical":"https:\/\/icoca.ch\/es\/the-secretariat\/tom-mather\/","og_locale":"es_ES","og_type":"article","og_title":"Tom Mather - ICoCA - International Code of Conduct Association","og_description":"Tom Mather Director de Cumplimiento &nbsp; Como Director de Cumplimiento, Tom Mather supervisa el monitoreo, la certificaci\u00f3n y la capacitaci\u00f3n en la Asociaci\u00f3n. Tom tiene m\u00e1s de 15 a\u00f1os de experiencia en el campo de la seguridad, trabajando principalmente en el sector humanitario como gerente de seguridad operativa. Tom tiene experiencia en gesti\u00f3n de seguridad [&hellip;]","og_url":"https:\/\/icoca.ch\/es\/the-secretariat\/tom-mather\/","og_site_name":"ICoCA - International Code of Conduct Association","article_modified_time":"2024-02-28T08:10:19+00:00","og_image":[{"url":"https:\/\/icoca.ch\/wp-content\/uploads\/2024\/02\/Tom-Round-Photo-300x300.jpg","type":"","width":"","height":""}],"twitter_card":"summary_large_image","twitter_misc":{"Tiempo de lectura":"1 minuto"},"schema":{"@context":"https:\/\/schema.org","@graph":[{"@type":"WebPage","@id":"https:\/\/icoca.ch\/es\/the-secretariat\/tom-mather\/","url":"https:\/\/icoca.ch\/es\/the-secretariat\/tom-mather\/","name":"Tom Mather - ICoCA - International Code of Conduct Association","isPartOf":{"@id":"https:\/\/icoca.ch\/es\/#website"},"primaryImageOfPage":{"@id":"https:\/\/icoca.ch\/es\/the-secretariat\/tom-mather\/#primaryimage"},"image":{"@id":"https:\/\/icoca.ch\/es\/the-secretariat\/tom-mather\/#primaryimage"},"thumbnailUrl":"https:\/\/icoca.ch\/wp-content\/uploads\/2024\/02\/Tom-Round-Photo-300x300.jpg","datePublished":"2024-02-27T14:36:13+00:00","dateModified":"2024-02-28T08:10:19+00:00","breadcrumb":{"@id":"https:\/\/icoca.ch\/es\/the-secretariat\/tom-mather\/#breadcrumb"},"inLanguage":"es","potentialAction":[{"@type":"ReadAction","target":["https:\/\/icoca.ch\/es\/the-secretariat\/tom-mather\/"]}]},{"@type":"ImageObject","inLanguage":"es","@id":"https:\/\/icoca.ch\/es\/the-secretariat\/tom-mather\/#primaryimage","url":"https:\/\/icoca.ch\/wp-content\/uploads\/2024\/02\/Tom-Round-Photo-300x300.jpg","contentUrl":"https:\/\/icoca.ch\/wp-content\/uploads\/2024\/02\/Tom-Round-Photo-300x300.jpg"},{"@type":"BreadcrumbList","@id":"https:\/\/icoca.ch\/es\/the-secretariat\/tom-mather\/#breadcrumb","itemListElement":[{"@type":"ListItem","position":1,"name":"Home","item":"https:\/\/icoca.ch\/es\/"},{"@type":"ListItem","position":2,"name":"La Secretar\u00eda","item":"https:\/\/icoca.ch\/es\/the-secretariat\/"},{"@type":"ListItem","position":3,"name":"Tom Mather"}]},{"@type":"WebSite","@id":"https:\/\/icoca.ch\/es\/#website","url":"https:\/\/icoca.ch\/es\/","name":"ICoCA - International Code of Conduct Association","description":"Promoting responsible private security","publisher":{"@id":"https:\/\/icoca.ch\/es\/#organization"},"potentialAction":[{"@type":"SearchAction","target":{"@type":"EntryPoint","urlTemplate":"https:\/\/icoca.ch\/es\/?s={search_term_string}"},"query-input":{"@type":"PropertyValueSpecification","valueRequired":true,"valueName":"search_term_string"}}],"inLanguage":"es"},{"@type":"Organization","@id":"https:\/\/icoca.ch\/es\/#organization","name":"ICoCA - International Code of Conduct Association","url":"https:\/\/icoca.ch\/es\/","logo":{"@type":"ImageObject","inLanguage":"es","@id":"https:\/\/icoca.ch\/es\/#\/schema\/logo\/image\/","url":"https:\/\/icoca.ch\/wp-content\/uploads\/2024\/05\/ICoCA_2022_Full-White-Text@3x.png","contentUrl":"https:\/\/icoca.ch\/wp-content\/uploads\/2024\/05\/ICoCA_2022_Full-White-Text@3x.png","width":9588,"height":4297,"caption":"ICoCA - International Code of Conduct Association"},"image":{"@id":"https:\/\/icoca.ch\/es\/#\/schema\/logo\/image\/"}}]}},"campaignId":"","_links":{"self":[{"href":"https:\/\/icoca.ch\/es\/wp-json\/wp\/v2\/pages\/65086","targetHints":{"allow":["GET"]}}],"collection":[{"href":"https:\/\/icoca.ch\/es\/wp-json\/wp\/v2\/pages"}],"about":[{"href":"https:\/\/icoca.ch\/es\/wp-json\/wp\/v2\/types\/page"}],"author":[{"embeddable":true,"href":"https:\/\/icoca.ch\/es\/wp-json\/wp\/v2\/users\/5"}],"replies":[{"embeddable":true,"href":"https:\/\/icoca.ch\/es\/wp-json\/wp\/v2\/comments?post=65086"}],"version-history":[{"count":0,"href":"https:\/\/icoca.ch\/es\/wp-json\/wp\/v2\/pages\/65086\/revisions"}],"up":[{"embeddable":true,"href":"https:\/\/icoca.ch\/es\/wp-json\/wp\/v2\/pages\/11315"}],"wp:attachment":[{"href":"https:\/\/icoca.ch\/es\/wp-json\/wp\/v2\/media?parent=65086"}],"curies":[{"name":"wp","href":"https:\/\/api.w.org\/{rel}","templated":true}]}}