{"id":65077,"date":"2024-02-27T14:37:51","date_gmt":"2024-02-27T14:37:51","guid":{"rendered":"https:\/\/icoca.ch\/the-secretariat\/nada-bessassi\/"},"modified":"2024-02-28T08:04:06","modified_gmt":"2024-02-28T08:04:06","slug":"nada-bessassi","status":"publish","type":"page","link":"https:\/\/icoca.ch\/es\/the-secretariat\/nada-bessassi\/","title":{"rendered":"Nada Bessassi"},"content":{"rendered":"<table style=\"border-collapse: collapse; width: 100%;\">\n<tbody>\n<tr>\n<td style=\"width: 26.1421%;\"><img loading=\"lazy\" decoding=\"async\" class=\"alignnone size-medium wp-image-64742\" src=\"https:\/\/icoca.ch\/wp-content\/uploads\/2024\/02\/Nada-Round-Photo-300x300.jpg\" alt=\"\" width=\"300\" height=\"300\" srcset=\"https:\/\/icoca.ch\/wp-content\/uploads\/2024\/02\/Nada-Round-Photo-300x300.jpg 300w, https:\/\/icoca.ch\/wp-content\/uploads\/2024\/02\/Nada-Round-Photo-1024x1024.jpg 1024w, https:\/\/icoca.ch\/wp-content\/uploads\/2024\/02\/Nada-Round-Photo-150x150.jpg 150w, https:\/\/icoca.ch\/wp-content\/uploads\/2024\/02\/Nada-Round-Photo-768x768.jpg 768w, https:\/\/icoca.ch\/wp-content\/uploads\/2024\/02\/Nada-Round-Photo-333x333.jpg 333w, https:\/\/icoca.ch\/wp-content\/uploads\/2024\/02\/Nada-Round-Photo.jpg 1080w\" sizes=\"auto, (max-width: 300px) 100vw, 300px\" \/><\/td>\n<td style=\"width: 73.8579%;\">\n<h1>Nada Bessassi<\/h1>\n<p><em>Responsable de Afiliaci\u00f3n y Certificaci\u00f3n<\/em><\/p>\n<p>&nbsp;<\/p>\n<p style=\"line-height: 18.75pt; background: white;\">Como Responsable de Afiliaci\u00f3n y Certificaci\u00f3n, Nada Bessassi revisa las solicitudes de nuevos miembros y empresas afiliadas que desean unirse al ICoCA. Vela por que los procedimientos se ajusten a las mejores pr\u00e1cticas en materia de derechos humanos en el \u00e1mbito de la seguridad privada, tal y como se describen en el C\u00f3digo de Conducta internacional.<\/p>\n<p style=\"line-height: 18.75pt; background: white;\">Nada tiene experiencia trabajando en ONG como jurista y posee un m\u00e1ster en Derecho Internacional y Comparado por la Universidad de Lausana.<\/p>\n<\/td>\n<\/tr>\n<\/tbody>\n<\/table>\n","protected":false},"excerpt":{"rendered":"<p>Nada Bessassi Responsable de Afiliaci\u00f3n y Certificaci\u00f3n &nbsp; Como Responsable de Afiliaci\u00f3n y Certificaci\u00f3n, Nada Bessassi revisa las solicitudes de nuevos miembros y empresas afiliadas que desean unirse al ICoCA. Vela por que los procedimientos se ajusten a las mejores pr\u00e1cticas en materia de derechos humanos en el \u00e1mbito de la seguridad privada, tal y [&hellip;]<\/p>\n","protected":false},"author":5,"featured_media":0,"parent":11315,"menu_order":0,"comment_status":"closed","ping_status":"closed","template":"","meta":{"_acf_changed":false,"give_campaign_id":0,"footnotes":""},"class_list":["post-65077","page","type-page","status-publish","hentry"],"acf":[],"yoast_head":"<!-- This site is optimized with the Yoast SEO plugin v26.5 - https:\/\/yoast.com\/wordpress\/plugins\/seo\/ -->\n<title>Nada Bessassi - ICoCA - International Code of Conduct Association<\/title>\n<meta name=\"robots\" content=\"index, follow, max-snippet:-1, max-image-preview:large, max-video-preview:-1\" \/>\n<link rel=\"canonical\" href=\"https:\/\/icoca.ch\/es\/the-secretariat\/nada-bessassi\/\" \/>\n<meta property=\"og:locale\" content=\"es_ES\" \/>\n<meta property=\"og:type\" content=\"article\" \/>\n<meta property=\"og:title\" content=\"Nada Bessassi - ICoCA - International Code of Conduct Association\" \/>\n<meta property=\"og:description\" content=\"Nada Bessassi Responsable de Afiliaci\u00f3n y Certificaci\u00f3n &nbsp; Como Responsable de Afiliaci\u00f3n y Certificaci\u00f3n, Nada Bessassi revisa las solicitudes de nuevos miembros y empresas afiliadas que desean unirse al ICoCA. Vela por que los procedimientos se ajusten a las mejores pr\u00e1cticas en materia de derechos humanos en el \u00e1mbito de la seguridad privada, tal y [&hellip;]\" \/>\n<meta property=\"og:url\" content=\"https:\/\/icoca.ch\/es\/the-secretariat\/nada-bessassi\/\" \/>\n<meta property=\"og:site_name\" content=\"ICoCA - International Code of Conduct Association\" \/>\n<meta property=\"article:modified_time\" content=\"2024-02-28T08:04:06+00:00\" \/>\n<meta property=\"og:image\" content=\"https:\/\/icoca.ch\/wp-content\/uploads\/2024\/02\/Nada-Round-Photo-300x300.jpg\" \/>\n<meta name=\"twitter:card\" content=\"summary_large_image\" \/>\n<meta name=\"twitter:label1\" content=\"Tiempo de lectura\" \/>\n\t<meta name=\"twitter:data1\" content=\"1 minuto\" \/>\n<script type=\"application\/ld+json\" class=\"yoast-schema-graph\">{\"@context\":\"https:\/\/schema.org\",\"@graph\":[{\"@type\":\"WebPage\",\"@id\":\"https:\/\/icoca.ch\/es\/the-secretariat\/nada-bessassi\/\",\"url\":\"https:\/\/icoca.ch\/es\/the-secretariat\/nada-bessassi\/\",\"name\":\"Nada Bessassi - ICoCA - International Code of Conduct Association\",\"isPartOf\":{\"@id\":\"https:\/\/icoca.ch\/es\/#website\"},\"primaryImageOfPage\":{\"@id\":\"https:\/\/icoca.ch\/es\/the-secretariat\/nada-bessassi\/#primaryimage\"},\"image\":{\"@id\":\"https:\/\/icoca.ch\/es\/the-secretariat\/nada-bessassi\/#primaryimage\"},\"thumbnailUrl\":\"https:\/\/icoca.ch\/wp-content\/uploads\/2024\/02\/Nada-Round-Photo-300x300.jpg\",\"datePublished\":\"2024-02-27T14:37:51+00:00\",\"dateModified\":\"2024-02-28T08:04:06+00:00\",\"breadcrumb\":{\"@id\":\"https:\/\/icoca.ch\/es\/the-secretariat\/nada-bessassi\/#breadcrumb\"},\"inLanguage\":\"es\",\"potentialAction\":[{\"@type\":\"ReadAction\",\"target\":[\"https:\/\/icoca.ch\/es\/the-secretariat\/nada-bessassi\/\"]}]},{\"@type\":\"ImageObject\",\"inLanguage\":\"es\",\"@id\":\"https:\/\/icoca.ch\/es\/the-secretariat\/nada-bessassi\/#primaryimage\",\"url\":\"https:\/\/icoca.ch\/wp-content\/uploads\/2024\/02\/Nada-Round-Photo-300x300.jpg\",\"contentUrl\":\"https:\/\/icoca.ch\/wp-content\/uploads\/2024\/02\/Nada-Round-Photo-300x300.jpg\"},{\"@type\":\"BreadcrumbList\",\"@id\":\"https:\/\/icoca.ch\/es\/the-secretariat\/nada-bessassi\/#breadcrumb\",\"itemListElement\":[{\"@type\":\"ListItem\",\"position\":1,\"name\":\"Home\",\"item\":\"https:\/\/icoca.ch\/es\/\"},{\"@type\":\"ListItem\",\"position\":2,\"name\":\"La Secretar\u00eda\",\"item\":\"https:\/\/icoca.ch\/es\/the-secretariat\/\"},{\"@type\":\"ListItem\",\"position\":3,\"name\":\"Nada Bessassi\"}]},{\"@type\":\"WebSite\",\"@id\":\"https:\/\/icoca.ch\/es\/#website\",\"url\":\"https:\/\/icoca.ch\/es\/\",\"name\":\"ICoCA - International Code of Conduct Association\",\"description\":\"Promoting responsible private security\",\"publisher\":{\"@id\":\"https:\/\/icoca.ch\/es\/#organization\"},\"potentialAction\":[{\"@type\":\"SearchAction\",\"target\":{\"@type\":\"EntryPoint\",\"urlTemplate\":\"https:\/\/icoca.ch\/es\/?s={search_term_string}\"},\"query-input\":{\"@type\":\"PropertyValueSpecification\",\"valueRequired\":true,\"valueName\":\"search_term_string\"}}],\"inLanguage\":\"es\"},{\"@type\":\"Organization\",\"@id\":\"https:\/\/icoca.ch\/es\/#organization\",\"name\":\"ICoCA - International Code of Conduct Association\",\"url\":\"https:\/\/icoca.ch\/es\/\",\"logo\":{\"@type\":\"ImageObject\",\"inLanguage\":\"es\",\"@id\":\"https:\/\/icoca.ch\/es\/#\/schema\/logo\/image\/\",\"url\":\"https:\/\/icoca.ch\/wp-content\/uploads\/2024\/05\/ICoCA_2022_Full-White-Text@3x.png\",\"contentUrl\":\"https:\/\/icoca.ch\/wp-content\/uploads\/2024\/05\/ICoCA_2022_Full-White-Text@3x.png\",\"width\":9588,\"height\":4297,\"caption\":\"ICoCA - International Code of Conduct Association\"},\"image\":{\"@id\":\"https:\/\/icoca.ch\/es\/#\/schema\/logo\/image\/\"}}]}<\/script>\n<!-- \/ Yoast SEO plugin. -->","yoast_head_json":{"title":"Nada Bessassi - ICoCA - International Code of Conduct Association","robots":{"index":"index","follow":"follow","max-snippet":"max-snippet:-1","max-image-preview":"max-image-preview:large","max-video-preview":"max-video-preview:-1"},"canonical":"https:\/\/icoca.ch\/es\/the-secretariat\/nada-bessassi\/","og_locale":"es_ES","og_type":"article","og_title":"Nada Bessassi - ICoCA - International Code of Conduct Association","og_description":"Nada Bessassi Responsable de Afiliaci\u00f3n y Certificaci\u00f3n &nbsp; Como Responsable de Afiliaci\u00f3n y Certificaci\u00f3n, Nada Bessassi revisa las solicitudes de nuevos miembros y empresas afiliadas que desean unirse al ICoCA. Vela por que los procedimientos se ajusten a las mejores pr\u00e1cticas en materia de derechos humanos en el \u00e1mbito de la seguridad privada, tal y [&hellip;]","og_url":"https:\/\/icoca.ch\/es\/the-secretariat\/nada-bessassi\/","og_site_name":"ICoCA - International Code of Conduct Association","article_modified_time":"2024-02-28T08:04:06+00:00","og_image":[{"url":"https:\/\/icoca.ch\/wp-content\/uploads\/2024\/02\/Nada-Round-Photo-300x300.jpg","type":"","width":"","height":""}],"twitter_card":"summary_large_image","twitter_misc":{"Tiempo de lectura":"1 minuto"},"schema":{"@context":"https:\/\/schema.org","@graph":[{"@type":"WebPage","@id":"https:\/\/icoca.ch\/es\/the-secretariat\/nada-bessassi\/","url":"https:\/\/icoca.ch\/es\/the-secretariat\/nada-bessassi\/","name":"Nada Bessassi - ICoCA - International Code of Conduct Association","isPartOf":{"@id":"https:\/\/icoca.ch\/es\/#website"},"primaryImageOfPage":{"@id":"https:\/\/icoca.ch\/es\/the-secretariat\/nada-bessassi\/#primaryimage"},"image":{"@id":"https:\/\/icoca.ch\/es\/the-secretariat\/nada-bessassi\/#primaryimage"},"thumbnailUrl":"https:\/\/icoca.ch\/wp-content\/uploads\/2024\/02\/Nada-Round-Photo-300x300.jpg","datePublished":"2024-02-27T14:37:51+00:00","dateModified":"2024-02-28T08:04:06+00:00","breadcrumb":{"@id":"https:\/\/icoca.ch\/es\/the-secretariat\/nada-bessassi\/#breadcrumb"},"inLanguage":"es","potentialAction":[{"@type":"ReadAction","target":["https:\/\/icoca.ch\/es\/the-secretariat\/nada-bessassi\/"]}]},{"@type":"ImageObject","inLanguage":"es","@id":"https:\/\/icoca.ch\/es\/the-secretariat\/nada-bessassi\/#primaryimage","url":"https:\/\/icoca.ch\/wp-content\/uploads\/2024\/02\/Nada-Round-Photo-300x300.jpg","contentUrl":"https:\/\/icoca.ch\/wp-content\/uploads\/2024\/02\/Nada-Round-Photo-300x300.jpg"},{"@type":"BreadcrumbList","@id":"https:\/\/icoca.ch\/es\/the-secretariat\/nada-bessassi\/#breadcrumb","itemListElement":[{"@type":"ListItem","position":1,"name":"Home","item":"https:\/\/icoca.ch\/es\/"},{"@type":"ListItem","position":2,"name":"La Secretar\u00eda","item":"https:\/\/icoca.ch\/es\/the-secretariat\/"},{"@type":"ListItem","position":3,"name":"Nada Bessassi"}]},{"@type":"WebSite","@id":"https:\/\/icoca.ch\/es\/#website","url":"https:\/\/icoca.ch\/es\/","name":"ICoCA - International Code of Conduct Association","description":"Promoting responsible private security","publisher":{"@id":"https:\/\/icoca.ch\/es\/#organization"},"potentialAction":[{"@type":"SearchAction","target":{"@type":"EntryPoint","urlTemplate":"https:\/\/icoca.ch\/es\/?s={search_term_string}"},"query-input":{"@type":"PropertyValueSpecification","valueRequired":true,"valueName":"search_term_string"}}],"inLanguage":"es"},{"@type":"Organization","@id":"https:\/\/icoca.ch\/es\/#organization","name":"ICoCA - International Code of Conduct Association","url":"https:\/\/icoca.ch\/es\/","logo":{"@type":"ImageObject","inLanguage":"es","@id":"https:\/\/icoca.ch\/es\/#\/schema\/logo\/image\/","url":"https:\/\/icoca.ch\/wp-content\/uploads\/2024\/05\/ICoCA_2022_Full-White-Text@3x.png","contentUrl":"https:\/\/icoca.ch\/wp-content\/uploads\/2024\/05\/ICoCA_2022_Full-White-Text@3x.png","width":9588,"height":4297,"caption":"ICoCA - International Code of Conduct Association"},"image":{"@id":"https:\/\/icoca.ch\/es\/#\/schema\/logo\/image\/"}}]}},"campaignId":"","_links":{"self":[{"href":"https:\/\/icoca.ch\/es\/wp-json\/wp\/v2\/pages\/65077","targetHints":{"allow":["GET"]}}],"collection":[{"href":"https:\/\/icoca.ch\/es\/wp-json\/wp\/v2\/pages"}],"about":[{"href":"https:\/\/icoca.ch\/es\/wp-json\/wp\/v2\/types\/page"}],"author":[{"embeddable":true,"href":"https:\/\/icoca.ch\/es\/wp-json\/wp\/v2\/users\/5"}],"replies":[{"embeddable":true,"href":"https:\/\/icoca.ch\/es\/wp-json\/wp\/v2\/comments?post=65077"}],"version-history":[{"count":0,"href":"https:\/\/icoca.ch\/es\/wp-json\/wp\/v2\/pages\/65077\/revisions"}],"up":[{"embeddable":true,"href":"https:\/\/icoca.ch\/es\/wp-json\/wp\/v2\/pages\/11315"}],"wp:attachment":[{"href":"https:\/\/icoca.ch\/es\/wp-json\/wp\/v2\/media?parent=65077"}],"curies":[{"name":"wp","href":"https:\/\/api.w.org\/{rel}","templated":true}]}}