{"id":65067,"date":"2024-02-27T14:27:15","date_gmt":"2024-02-27T14:27:15","guid":{"rendered":"https:\/\/icoca.ch\/the-secretariat\/jamie-williamson\/"},"modified":"2024-02-28T08:13:05","modified_gmt":"2024-02-28T08:13:05","slug":"jamie-williamson","status":"publish","type":"page","link":"https:\/\/icoca.ch\/es\/the-secretariat\/jamie-williamson\/","title":{"rendered":"Jamie Williamson"},"content":{"rendered":"<table style=\"border-collapse: collapse; width: 100%;\">\n<tbody>\n<tr>\n<td style=\"width: 26.1421%;\"><img loading=\"lazy\" decoding=\"async\" class=\"alignnone size-medium wp-image-64738\" src=\"https:\/\/icoca.ch\/wp-content\/uploads\/2024\/02\/Jamie-Round-Photo-300x300.jpg\" alt=\"\" width=\"300\" height=\"300\" srcset=\"https:\/\/icoca.ch\/wp-content\/uploads\/2024\/02\/Jamie-Round-Photo-300x300.jpg 300w, https:\/\/icoca.ch\/wp-content\/uploads\/2024\/02\/Jamie-Round-Photo-1024x1024.jpg 1024w, https:\/\/icoca.ch\/wp-content\/uploads\/2024\/02\/Jamie-Round-Photo-150x150.jpg 150w, https:\/\/icoca.ch\/wp-content\/uploads\/2024\/02\/Jamie-Round-Photo-768x768.jpg 768w, https:\/\/icoca.ch\/wp-content\/uploads\/2024\/02\/Jamie-Round-Photo-333x333.jpg 333w, https:\/\/icoca.ch\/wp-content\/uploads\/2024\/02\/Jamie-Round-Photo.jpg 1080w\" sizes=\"auto, (max-width: 300px) 100vw, 300px\" \/><\/td>\n<td style=\"width: 73.8579%;\">\n<h1>Jamie Williamson<\/h1>\n<p><em>Director Ejecutivo<\/em><\/p>\n<p>&nbsp;<\/p>\n<p style=\"line-height: 18.75pt; background: white;\">Como Director Ejecutivo, Jamie Williamson dirige la Secretar\u00eda de la Asociaci\u00f3n del C\u00f3digo Internacional de Conducta (ICoCA). Jamie aporta a ICoCA una gran experiencia internacional, legal y de seguridad, y se uni\u00f3 a ICoCA en octubre de 2017 despu\u00e9s de varios a\u00f1os como jefe de la Unidad de Relaciones con los Portadores de Armas en el Comit\u00e9 Internacional de la Cruz Roja (CICR). En ese rol, Jamie dirigi\u00f3 un equipo de m\u00e1s de 50 delegados en el mundo, y fue responsable de la orientaci\u00f3n estrat\u00e9gica y la implementaci\u00f3n de los programas b\u00e1sicos, asesorando y capacitando a los portadores de armas estatales y no estatales, incluidas las fuerzas multinacionales, y los contratistas militares y de seguridad privados.<\/p>\n<p style=\"line-height: 18.75pt; background: white;\">Anteriormente, de 2008 a 2011, Jamie se desempe\u00f1\u00f3 como Asesor Jur\u00eddico del CICR en la delegaci\u00f3n del CICR en Washington D. C., prestando apoyo jur\u00eddico a las actividades del CICR en Estados Unidos y Canad\u00e1, con especial atenci\u00f3n a Guant\u00e1namo y las operaciones militares en Afganist\u00e1n e Irak. De 2005 a 2008, aport\u00f3 su experiencia y compromiso con el derecho humanitario y la justicia al CICR como Asesor Jur\u00eddico Regional con sede en Pretoria, Sud\u00e1frica. Aqu\u00ed, ayud\u00f3 a las autoridades estatales y organizaciones internacionales en la implementaci\u00f3n de tratados de armas, y continu\u00f3 abogando y legislando con \u00e9xito el derecho internacional humanitario.<\/p>\n<p style=\"line-height: 18.75pt; background: white;\">Antes de unirse al CICR, Jamie trabaj\u00f3 en los tribunales penales internacionales ad hoc de la ONU en Tanzania y los Pa\u00edses Bajos, y Sierra Leona, durante casi 9 a\u00f1os, donde trabaj\u00f3 en las primeras sentencias internacionales sobre genocidio y cr\u00edmenes de guerra en conflictos armados no internacionales. Jamie ha publicado una variedad art\u00edculos sobre la represi\u00f3n de cr\u00edmenes de guerra, la justicia internacional y los desaf\u00edos al derecho internacional humanitario en los conflictos modernos, y es parte de la facultad de verano de la Academia de Derechos Humanos y Derecho Humanitario de la Universidad Americana, en Washington D.C.<\/p>\n<\/td>\n<\/tr>\n<\/tbody>\n<\/table>\n","protected":false},"excerpt":{"rendered":"<p>Jamie Williamson Director Ejecutivo &nbsp; Como Director Ejecutivo, Jamie Williamson dirige la Secretar\u00eda de la Asociaci\u00f3n del C\u00f3digo Internacional de Conducta (ICoCA). Jamie aporta a ICoCA una gran experiencia internacional, legal y de seguridad, y se uni\u00f3 a ICoCA en octubre de 2017 despu\u00e9s de varios a\u00f1os como jefe de la Unidad de Relaciones con [&hellip;]<\/p>\n","protected":false},"author":5,"featured_media":0,"parent":11315,"menu_order":0,"comment_status":"closed","ping_status":"closed","template":"","meta":{"_acf_changed":false,"give_campaign_id":0,"footnotes":""},"class_list":["post-65067","page","type-page","status-publish","hentry"],"acf":[],"yoast_head":"<!-- This site is optimized with the Yoast SEO plugin v26.5 - https:\/\/yoast.com\/wordpress\/plugins\/seo\/ -->\n<title>Jamie Williamson - ICoCA - International Code of Conduct Association<\/title>\n<meta name=\"robots\" content=\"index, follow, max-snippet:-1, max-image-preview:large, max-video-preview:-1\" \/>\n<link rel=\"canonical\" href=\"https:\/\/icoca.ch\/es\/the-secretariat\/jamie-williamson\/\" \/>\n<meta property=\"og:locale\" content=\"es_ES\" \/>\n<meta property=\"og:type\" content=\"article\" \/>\n<meta property=\"og:title\" content=\"Jamie Williamson - ICoCA - International Code of Conduct Association\" \/>\n<meta property=\"og:description\" content=\"Jamie Williamson Director Ejecutivo &nbsp; Como Director Ejecutivo, Jamie Williamson dirige la Secretar\u00eda de la Asociaci\u00f3n del C\u00f3digo Internacional de Conducta (ICoCA). Jamie aporta a ICoCA una gran experiencia internacional, legal y de seguridad, y se uni\u00f3 a ICoCA en octubre de 2017 despu\u00e9s de varios a\u00f1os como jefe de la Unidad de Relaciones con [&hellip;]\" \/>\n<meta property=\"og:url\" content=\"https:\/\/icoca.ch\/es\/the-secretariat\/jamie-williamson\/\" \/>\n<meta property=\"og:site_name\" content=\"ICoCA - International Code of Conduct Association\" \/>\n<meta property=\"article:modified_time\" content=\"2024-02-28T08:13:05+00:00\" \/>\n<meta property=\"og:image\" content=\"https:\/\/icoca.ch\/wp-content\/uploads\/2024\/02\/Jamie-Round-Photo-300x300.jpg\" \/>\n<meta name=\"twitter:card\" content=\"summary_large_image\" \/>\n<meta name=\"twitter:label1\" content=\"Tiempo de lectura\" \/>\n\t<meta name=\"twitter:data1\" content=\"2 minutos\" \/>\n<script type=\"application\/ld+json\" class=\"yoast-schema-graph\">{\"@context\":\"https:\/\/schema.org\",\"@graph\":[{\"@type\":\"WebPage\",\"@id\":\"https:\/\/icoca.ch\/es\/the-secretariat\/jamie-williamson\/\",\"url\":\"https:\/\/icoca.ch\/es\/the-secretariat\/jamie-williamson\/\",\"name\":\"Jamie Williamson - ICoCA - International Code of Conduct Association\",\"isPartOf\":{\"@id\":\"https:\/\/icoca.ch\/es\/#website\"},\"primaryImageOfPage\":{\"@id\":\"https:\/\/icoca.ch\/es\/the-secretariat\/jamie-williamson\/#primaryimage\"},\"image\":{\"@id\":\"https:\/\/icoca.ch\/es\/the-secretariat\/jamie-williamson\/#primaryimage\"},\"thumbnailUrl\":\"https:\/\/icoca.ch\/wp-content\/uploads\/2024\/02\/Jamie-Round-Photo-300x300.jpg\",\"datePublished\":\"2024-02-27T14:27:15+00:00\",\"dateModified\":\"2024-02-28T08:13:05+00:00\",\"breadcrumb\":{\"@id\":\"https:\/\/icoca.ch\/es\/the-secretariat\/jamie-williamson\/#breadcrumb\"},\"inLanguage\":\"es\",\"potentialAction\":[{\"@type\":\"ReadAction\",\"target\":[\"https:\/\/icoca.ch\/es\/the-secretariat\/jamie-williamson\/\"]}]},{\"@type\":\"ImageObject\",\"inLanguage\":\"es\",\"@id\":\"https:\/\/icoca.ch\/es\/the-secretariat\/jamie-williamson\/#primaryimage\",\"url\":\"https:\/\/icoca.ch\/wp-content\/uploads\/2024\/02\/Jamie-Round-Photo-300x300.jpg\",\"contentUrl\":\"https:\/\/icoca.ch\/wp-content\/uploads\/2024\/02\/Jamie-Round-Photo-300x300.jpg\"},{\"@type\":\"BreadcrumbList\",\"@id\":\"https:\/\/icoca.ch\/es\/the-secretariat\/jamie-williamson\/#breadcrumb\",\"itemListElement\":[{\"@type\":\"ListItem\",\"position\":1,\"name\":\"Home\",\"item\":\"https:\/\/icoca.ch\/es\/\"},{\"@type\":\"ListItem\",\"position\":2,\"name\":\"La Secretar\u00eda\",\"item\":\"https:\/\/icoca.ch\/es\/the-secretariat\/\"},{\"@type\":\"ListItem\",\"position\":3,\"name\":\"Jamie Williamson\"}]},{\"@type\":\"WebSite\",\"@id\":\"https:\/\/icoca.ch\/es\/#website\",\"url\":\"https:\/\/icoca.ch\/es\/\",\"name\":\"ICoCA - International Code of Conduct Association\",\"description\":\"Promoting responsible private security\",\"publisher\":{\"@id\":\"https:\/\/icoca.ch\/es\/#organization\"},\"potentialAction\":[{\"@type\":\"SearchAction\",\"target\":{\"@type\":\"EntryPoint\",\"urlTemplate\":\"https:\/\/icoca.ch\/es\/?s={search_term_string}\"},\"query-input\":{\"@type\":\"PropertyValueSpecification\",\"valueRequired\":true,\"valueName\":\"search_term_string\"}}],\"inLanguage\":\"es\"},{\"@type\":\"Organization\",\"@id\":\"https:\/\/icoca.ch\/es\/#organization\",\"name\":\"ICoCA - International Code of Conduct Association\",\"url\":\"https:\/\/icoca.ch\/es\/\",\"logo\":{\"@type\":\"ImageObject\",\"inLanguage\":\"es\",\"@id\":\"https:\/\/icoca.ch\/es\/#\/schema\/logo\/image\/\",\"url\":\"https:\/\/icoca.ch\/wp-content\/uploads\/2024\/05\/ICoCA_2022_Full-White-Text@3x.png\",\"contentUrl\":\"https:\/\/icoca.ch\/wp-content\/uploads\/2024\/05\/ICoCA_2022_Full-White-Text@3x.png\",\"width\":9588,\"height\":4297,\"caption\":\"ICoCA - International Code of Conduct Association\"},\"image\":{\"@id\":\"https:\/\/icoca.ch\/es\/#\/schema\/logo\/image\/\"}}]}<\/script>\n<!-- \/ Yoast SEO plugin. -->","yoast_head_json":{"title":"Jamie Williamson - ICoCA - International Code of Conduct Association","robots":{"index":"index","follow":"follow","max-snippet":"max-snippet:-1","max-image-preview":"max-image-preview:large","max-video-preview":"max-video-preview:-1"},"canonical":"https:\/\/icoca.ch\/es\/the-secretariat\/jamie-williamson\/","og_locale":"es_ES","og_type":"article","og_title":"Jamie Williamson - ICoCA - International Code of Conduct Association","og_description":"Jamie Williamson Director Ejecutivo &nbsp; Como Director Ejecutivo, Jamie Williamson dirige la Secretar\u00eda de la Asociaci\u00f3n del C\u00f3digo Internacional de Conducta (ICoCA). Jamie aporta a ICoCA una gran experiencia internacional, legal y de seguridad, y se uni\u00f3 a ICoCA en octubre de 2017 despu\u00e9s de varios a\u00f1os como jefe de la Unidad de Relaciones con [&hellip;]","og_url":"https:\/\/icoca.ch\/es\/the-secretariat\/jamie-williamson\/","og_site_name":"ICoCA - International Code of Conduct Association","article_modified_time":"2024-02-28T08:13:05+00:00","og_image":[{"url":"https:\/\/icoca.ch\/wp-content\/uploads\/2024\/02\/Jamie-Round-Photo-300x300.jpg","type":"","width":"","height":""}],"twitter_card":"summary_large_image","twitter_misc":{"Tiempo de lectura":"2 minutos"},"schema":{"@context":"https:\/\/schema.org","@graph":[{"@type":"WebPage","@id":"https:\/\/icoca.ch\/es\/the-secretariat\/jamie-williamson\/","url":"https:\/\/icoca.ch\/es\/the-secretariat\/jamie-williamson\/","name":"Jamie Williamson - ICoCA - International Code of Conduct Association","isPartOf":{"@id":"https:\/\/icoca.ch\/es\/#website"},"primaryImageOfPage":{"@id":"https:\/\/icoca.ch\/es\/the-secretariat\/jamie-williamson\/#primaryimage"},"image":{"@id":"https:\/\/icoca.ch\/es\/the-secretariat\/jamie-williamson\/#primaryimage"},"thumbnailUrl":"https:\/\/icoca.ch\/wp-content\/uploads\/2024\/02\/Jamie-Round-Photo-300x300.jpg","datePublished":"2024-02-27T14:27:15+00:00","dateModified":"2024-02-28T08:13:05+00:00","breadcrumb":{"@id":"https:\/\/icoca.ch\/es\/the-secretariat\/jamie-williamson\/#breadcrumb"},"inLanguage":"es","potentialAction":[{"@type":"ReadAction","target":["https:\/\/icoca.ch\/es\/the-secretariat\/jamie-williamson\/"]}]},{"@type":"ImageObject","inLanguage":"es","@id":"https:\/\/icoca.ch\/es\/the-secretariat\/jamie-williamson\/#primaryimage","url":"https:\/\/icoca.ch\/wp-content\/uploads\/2024\/02\/Jamie-Round-Photo-300x300.jpg","contentUrl":"https:\/\/icoca.ch\/wp-content\/uploads\/2024\/02\/Jamie-Round-Photo-300x300.jpg"},{"@type":"BreadcrumbList","@id":"https:\/\/icoca.ch\/es\/the-secretariat\/jamie-williamson\/#breadcrumb","itemListElement":[{"@type":"ListItem","position":1,"name":"Home","item":"https:\/\/icoca.ch\/es\/"},{"@type":"ListItem","position":2,"name":"La Secretar\u00eda","item":"https:\/\/icoca.ch\/es\/the-secretariat\/"},{"@type":"ListItem","position":3,"name":"Jamie Williamson"}]},{"@type":"WebSite","@id":"https:\/\/icoca.ch\/es\/#website","url":"https:\/\/icoca.ch\/es\/","name":"ICoCA - International Code of Conduct Association","description":"Promoting responsible private security","publisher":{"@id":"https:\/\/icoca.ch\/es\/#organization"},"potentialAction":[{"@type":"SearchAction","target":{"@type":"EntryPoint","urlTemplate":"https:\/\/icoca.ch\/es\/?s={search_term_string}"},"query-input":{"@type":"PropertyValueSpecification","valueRequired":true,"valueName":"search_term_string"}}],"inLanguage":"es"},{"@type":"Organization","@id":"https:\/\/icoca.ch\/es\/#organization","name":"ICoCA - International Code of Conduct Association","url":"https:\/\/icoca.ch\/es\/","logo":{"@type":"ImageObject","inLanguage":"es","@id":"https:\/\/icoca.ch\/es\/#\/schema\/logo\/image\/","url":"https:\/\/icoca.ch\/wp-content\/uploads\/2024\/05\/ICoCA_2022_Full-White-Text@3x.png","contentUrl":"https:\/\/icoca.ch\/wp-content\/uploads\/2024\/05\/ICoCA_2022_Full-White-Text@3x.png","width":9588,"height":4297,"caption":"ICoCA - International Code of Conduct Association"},"image":{"@id":"https:\/\/icoca.ch\/es\/#\/schema\/logo\/image\/"}}]}},"campaignId":"","_links":{"self":[{"href":"https:\/\/icoca.ch\/es\/wp-json\/wp\/v2\/pages\/65067","targetHints":{"allow":["GET"]}}],"collection":[{"href":"https:\/\/icoca.ch\/es\/wp-json\/wp\/v2\/pages"}],"about":[{"href":"https:\/\/icoca.ch\/es\/wp-json\/wp\/v2\/types\/page"}],"author":[{"embeddable":true,"href":"https:\/\/icoca.ch\/es\/wp-json\/wp\/v2\/users\/5"}],"replies":[{"embeddable":true,"href":"https:\/\/icoca.ch\/es\/wp-json\/wp\/v2\/comments?post=65067"}],"version-history":[{"count":0,"href":"https:\/\/icoca.ch\/es\/wp-json\/wp\/v2\/pages\/65067\/revisions"}],"up":[{"embeddable":true,"href":"https:\/\/icoca.ch\/es\/wp-json\/wp\/v2\/pages\/11315"}],"wp:attachment":[{"href":"https:\/\/icoca.ch\/es\/wp-json\/wp\/v2\/media?parent=65067"}],"curies":[{"name":"wp","href":"https:\/\/api.w.org\/{rel}","templated":true}]}}