{"id":65048,"date":"2024-02-27T14:45:29","date_gmt":"2024-02-27T14:45:29","guid":{"rendered":"https:\/\/icoca.ch\/the-secretariat\/dina-chantre\/"},"modified":"2024-02-28T08:04:55","modified_gmt":"2024-02-28T08:04:55","slug":"dina-chantre","status":"publish","type":"page","link":"https:\/\/icoca.ch\/es\/the-secretariat\/dina-chantre\/","title":{"rendered":"Dina Chantre"},"content":{"rendered":"<table style=\"border-collapse: collapse; width: 100%;\">\n<tbody>\n<tr>\n<td style=\"width: 26.1421%;\"><img loading=\"lazy\" decoding=\"async\" class=\"alignnone size-medium wp-image-64726\" src=\"https:\/\/icoca.ch\/wp-content\/uploads\/2024\/02\/Dina-Round-Photo-300x300.jpg\" alt=\"\" width=\"300\" height=\"300\" srcset=\"https:\/\/icoca.ch\/wp-content\/uploads\/2024\/02\/Dina-Round-Photo-300x300.jpg 300w, https:\/\/icoca.ch\/wp-content\/uploads\/2024\/02\/Dina-Round-Photo-1024x1024.jpg 1024w, https:\/\/icoca.ch\/wp-content\/uploads\/2024\/02\/Dina-Round-Photo-150x150.jpg 150w, https:\/\/icoca.ch\/wp-content\/uploads\/2024\/02\/Dina-Round-Photo-768x768.jpg 768w, https:\/\/icoca.ch\/wp-content\/uploads\/2024\/02\/Dina-Round-Photo-333x333.jpg 333w, https:\/\/icoca.ch\/wp-content\/uploads\/2024\/02\/Dina-Round-Photo.jpg 1080w\" sizes=\"auto, (max-width: 300px) 100vw, 300px\" \/><\/td>\n<td style=\"width: 73.8579%;\">\n<h1>Dina Chantre<\/h1>\n<p><em>Responsable de RRHH y Oficina<\/em><\/p>\n<p>&nbsp;<\/p>\n<p style=\"line-height: 18.75pt; background: white;\">Como Responsable de RRHH y Oficina, Dina Chantre se ocupa de las funciones administrativas y de gesti\u00f3n de RRHH de la Asociaci\u00f3n.<\/p>\n<p style=\"line-height: 18.75pt; background: white;\">Antes de unirse a ICoCA, ocup\u00f3 varios cargos en el sector privado. Entre otros, trabaj\u00f3 durante m\u00e1s de seis a\u00f1os en un prestigioso spa de Ginebra donde gestion\u00f3 las actividades de recepci\u00f3n y respald\u00f3 al Director en Recursos Humanos y Funciones Administrativas.<\/p>\n<p style=\"line-height: 18.75pt; background: white;\">Dina tiene una formaci\u00f3n acad\u00e9mica en Administraci\u00f3n, gesti\u00f3n de recursos humanos y contabilidad (Certificado Federal de Competencia [CFC] en Negocios Comerciales).<\/p>\n<\/td>\n<\/tr>\n<\/tbody>\n<\/table>\n","protected":false},"excerpt":{"rendered":"<p>Dina Chantre Responsable de RRHH y Oficina &nbsp; Como Responsable de RRHH y Oficina, Dina Chantre se ocupa de las funciones administrativas y de gesti\u00f3n de RRHH de la Asociaci\u00f3n. Antes de unirse a ICoCA, ocup\u00f3 varios cargos en el sector privado. Entre otros, trabaj\u00f3 durante m\u00e1s de seis a\u00f1os en un prestigioso spa de [&hellip;]<\/p>\n","protected":false},"author":5,"featured_media":0,"parent":11315,"menu_order":0,"comment_status":"closed","ping_status":"closed","template":"","meta":{"_acf_changed":false,"give_campaign_id":0,"footnotes":""},"class_list":["post-65048","page","type-page","status-publish","hentry"],"acf":[],"yoast_head":"<!-- This site is optimized with the Yoast SEO plugin v26.5 - https:\/\/yoast.com\/wordpress\/plugins\/seo\/ -->\n<title>Dina Chantre - ICoCA - International Code of Conduct Association<\/title>\n<meta name=\"robots\" content=\"index, follow, max-snippet:-1, max-image-preview:large, max-video-preview:-1\" \/>\n<link rel=\"canonical\" href=\"https:\/\/icoca.ch\/es\/the-secretariat\/dina-chantre\/\" \/>\n<meta property=\"og:locale\" content=\"es_ES\" \/>\n<meta property=\"og:type\" content=\"article\" \/>\n<meta property=\"og:title\" content=\"Dina Chantre - ICoCA - International Code of Conduct Association\" \/>\n<meta property=\"og:description\" content=\"Dina Chantre Responsable de RRHH y Oficina &nbsp; Como Responsable de RRHH y Oficina, Dina Chantre se ocupa de las funciones administrativas y de gesti\u00f3n de RRHH de la Asociaci\u00f3n. Antes de unirse a ICoCA, ocup\u00f3 varios cargos en el sector privado. Entre otros, trabaj\u00f3 durante m\u00e1s de seis a\u00f1os en un prestigioso spa de [&hellip;]\" \/>\n<meta property=\"og:url\" content=\"https:\/\/icoca.ch\/es\/the-secretariat\/dina-chantre\/\" \/>\n<meta property=\"og:site_name\" content=\"ICoCA - International Code of Conduct Association\" \/>\n<meta property=\"article:modified_time\" content=\"2024-02-28T08:04:55+00:00\" \/>\n<meta property=\"og:image\" content=\"https:\/\/icoca.ch\/wp-content\/uploads\/2024\/02\/Dina-Round-Photo-300x300.jpg\" \/>\n<meta name=\"twitter:card\" content=\"summary_large_image\" \/>\n<meta name=\"twitter:label1\" content=\"Tiempo de lectura\" \/>\n\t<meta name=\"twitter:data1\" content=\"1 minuto\" \/>\n<script type=\"application\/ld+json\" class=\"yoast-schema-graph\">{\"@context\":\"https:\/\/schema.org\",\"@graph\":[{\"@type\":\"WebPage\",\"@id\":\"https:\/\/icoca.ch\/es\/the-secretariat\/dina-chantre\/\",\"url\":\"https:\/\/icoca.ch\/es\/the-secretariat\/dina-chantre\/\",\"name\":\"Dina Chantre - ICoCA - International Code of Conduct Association\",\"isPartOf\":{\"@id\":\"https:\/\/icoca.ch\/es\/#website\"},\"primaryImageOfPage\":{\"@id\":\"https:\/\/icoca.ch\/es\/the-secretariat\/dina-chantre\/#primaryimage\"},\"image\":{\"@id\":\"https:\/\/icoca.ch\/es\/the-secretariat\/dina-chantre\/#primaryimage\"},\"thumbnailUrl\":\"https:\/\/icoca.ch\/wp-content\/uploads\/2024\/02\/Dina-Round-Photo-300x300.jpg\",\"datePublished\":\"2024-02-27T14:45:29+00:00\",\"dateModified\":\"2024-02-28T08:04:55+00:00\",\"breadcrumb\":{\"@id\":\"https:\/\/icoca.ch\/es\/the-secretariat\/dina-chantre\/#breadcrumb\"},\"inLanguage\":\"es\",\"potentialAction\":[{\"@type\":\"ReadAction\",\"target\":[\"https:\/\/icoca.ch\/es\/the-secretariat\/dina-chantre\/\"]}]},{\"@type\":\"ImageObject\",\"inLanguage\":\"es\",\"@id\":\"https:\/\/icoca.ch\/es\/the-secretariat\/dina-chantre\/#primaryimage\",\"url\":\"https:\/\/icoca.ch\/wp-content\/uploads\/2024\/02\/Dina-Round-Photo-300x300.jpg\",\"contentUrl\":\"https:\/\/icoca.ch\/wp-content\/uploads\/2024\/02\/Dina-Round-Photo-300x300.jpg\"},{\"@type\":\"BreadcrumbList\",\"@id\":\"https:\/\/icoca.ch\/es\/the-secretariat\/dina-chantre\/#breadcrumb\",\"itemListElement\":[{\"@type\":\"ListItem\",\"position\":1,\"name\":\"Home\",\"item\":\"https:\/\/icoca.ch\/es\/\"},{\"@type\":\"ListItem\",\"position\":2,\"name\":\"La Secretar\u00eda\",\"item\":\"https:\/\/icoca.ch\/es\/the-secretariat\/\"},{\"@type\":\"ListItem\",\"position\":3,\"name\":\"Dina Chantre\"}]},{\"@type\":\"WebSite\",\"@id\":\"https:\/\/icoca.ch\/es\/#website\",\"url\":\"https:\/\/icoca.ch\/es\/\",\"name\":\"ICoCA - International Code of Conduct Association\",\"description\":\"Promoting responsible private security\",\"publisher\":{\"@id\":\"https:\/\/icoca.ch\/es\/#organization\"},\"potentialAction\":[{\"@type\":\"SearchAction\",\"target\":{\"@type\":\"EntryPoint\",\"urlTemplate\":\"https:\/\/icoca.ch\/es\/?s={search_term_string}\"},\"query-input\":{\"@type\":\"PropertyValueSpecification\",\"valueRequired\":true,\"valueName\":\"search_term_string\"}}],\"inLanguage\":\"es\"},{\"@type\":\"Organization\",\"@id\":\"https:\/\/icoca.ch\/es\/#organization\",\"name\":\"ICoCA - International Code of Conduct Association\",\"url\":\"https:\/\/icoca.ch\/es\/\",\"logo\":{\"@type\":\"ImageObject\",\"inLanguage\":\"es\",\"@id\":\"https:\/\/icoca.ch\/es\/#\/schema\/logo\/image\/\",\"url\":\"https:\/\/icoca.ch\/wp-content\/uploads\/2024\/05\/ICoCA_2022_Full-White-Text@3x.png\",\"contentUrl\":\"https:\/\/icoca.ch\/wp-content\/uploads\/2024\/05\/ICoCA_2022_Full-White-Text@3x.png\",\"width\":9588,\"height\":4297,\"caption\":\"ICoCA - International Code of Conduct Association\"},\"image\":{\"@id\":\"https:\/\/icoca.ch\/es\/#\/schema\/logo\/image\/\"}}]}<\/script>\n<!-- \/ Yoast SEO plugin. -->","yoast_head_json":{"title":"Dina Chantre - ICoCA - International Code of Conduct Association","robots":{"index":"index","follow":"follow","max-snippet":"max-snippet:-1","max-image-preview":"max-image-preview:large","max-video-preview":"max-video-preview:-1"},"canonical":"https:\/\/icoca.ch\/es\/the-secretariat\/dina-chantre\/","og_locale":"es_ES","og_type":"article","og_title":"Dina Chantre - ICoCA - International Code of Conduct Association","og_description":"Dina Chantre Responsable de RRHH y Oficina &nbsp; Como Responsable de RRHH y Oficina, Dina Chantre se ocupa de las funciones administrativas y de gesti\u00f3n de RRHH de la Asociaci\u00f3n. Antes de unirse a ICoCA, ocup\u00f3 varios cargos en el sector privado. Entre otros, trabaj\u00f3 durante m\u00e1s de seis a\u00f1os en un prestigioso spa de [&hellip;]","og_url":"https:\/\/icoca.ch\/es\/the-secretariat\/dina-chantre\/","og_site_name":"ICoCA - International Code of Conduct Association","article_modified_time":"2024-02-28T08:04:55+00:00","og_image":[{"url":"https:\/\/icoca.ch\/wp-content\/uploads\/2024\/02\/Dina-Round-Photo-300x300.jpg","type":"","width":"","height":""}],"twitter_card":"summary_large_image","twitter_misc":{"Tiempo de lectura":"1 minuto"},"schema":{"@context":"https:\/\/schema.org","@graph":[{"@type":"WebPage","@id":"https:\/\/icoca.ch\/es\/the-secretariat\/dina-chantre\/","url":"https:\/\/icoca.ch\/es\/the-secretariat\/dina-chantre\/","name":"Dina Chantre - ICoCA - International Code of Conduct Association","isPartOf":{"@id":"https:\/\/icoca.ch\/es\/#website"},"primaryImageOfPage":{"@id":"https:\/\/icoca.ch\/es\/the-secretariat\/dina-chantre\/#primaryimage"},"image":{"@id":"https:\/\/icoca.ch\/es\/the-secretariat\/dina-chantre\/#primaryimage"},"thumbnailUrl":"https:\/\/icoca.ch\/wp-content\/uploads\/2024\/02\/Dina-Round-Photo-300x300.jpg","datePublished":"2024-02-27T14:45:29+00:00","dateModified":"2024-02-28T08:04:55+00:00","breadcrumb":{"@id":"https:\/\/icoca.ch\/es\/the-secretariat\/dina-chantre\/#breadcrumb"},"inLanguage":"es","potentialAction":[{"@type":"ReadAction","target":["https:\/\/icoca.ch\/es\/the-secretariat\/dina-chantre\/"]}]},{"@type":"ImageObject","inLanguage":"es","@id":"https:\/\/icoca.ch\/es\/the-secretariat\/dina-chantre\/#primaryimage","url":"https:\/\/icoca.ch\/wp-content\/uploads\/2024\/02\/Dina-Round-Photo-300x300.jpg","contentUrl":"https:\/\/icoca.ch\/wp-content\/uploads\/2024\/02\/Dina-Round-Photo-300x300.jpg"},{"@type":"BreadcrumbList","@id":"https:\/\/icoca.ch\/es\/the-secretariat\/dina-chantre\/#breadcrumb","itemListElement":[{"@type":"ListItem","position":1,"name":"Home","item":"https:\/\/icoca.ch\/es\/"},{"@type":"ListItem","position":2,"name":"La Secretar\u00eda","item":"https:\/\/icoca.ch\/es\/the-secretariat\/"},{"@type":"ListItem","position":3,"name":"Dina Chantre"}]},{"@type":"WebSite","@id":"https:\/\/icoca.ch\/es\/#website","url":"https:\/\/icoca.ch\/es\/","name":"ICoCA - International Code of Conduct Association","description":"Promoting responsible private security","publisher":{"@id":"https:\/\/icoca.ch\/es\/#organization"},"potentialAction":[{"@type":"SearchAction","target":{"@type":"EntryPoint","urlTemplate":"https:\/\/icoca.ch\/es\/?s={search_term_string}"},"query-input":{"@type":"PropertyValueSpecification","valueRequired":true,"valueName":"search_term_string"}}],"inLanguage":"es"},{"@type":"Organization","@id":"https:\/\/icoca.ch\/es\/#organization","name":"ICoCA - International Code of Conduct Association","url":"https:\/\/icoca.ch\/es\/","logo":{"@type":"ImageObject","inLanguage":"es","@id":"https:\/\/icoca.ch\/es\/#\/schema\/logo\/image\/","url":"https:\/\/icoca.ch\/wp-content\/uploads\/2024\/05\/ICoCA_2022_Full-White-Text@3x.png","contentUrl":"https:\/\/icoca.ch\/wp-content\/uploads\/2024\/05\/ICoCA_2022_Full-White-Text@3x.png","width":9588,"height":4297,"caption":"ICoCA - International Code of Conduct Association"},"image":{"@id":"https:\/\/icoca.ch\/es\/#\/schema\/logo\/image\/"}}]}},"campaignId":"","_links":{"self":[{"href":"https:\/\/icoca.ch\/es\/wp-json\/wp\/v2\/pages\/65048","targetHints":{"allow":["GET"]}}],"collection":[{"href":"https:\/\/icoca.ch\/es\/wp-json\/wp\/v2\/pages"}],"about":[{"href":"https:\/\/icoca.ch\/es\/wp-json\/wp\/v2\/types\/page"}],"author":[{"embeddable":true,"href":"https:\/\/icoca.ch\/es\/wp-json\/wp\/v2\/users\/5"}],"replies":[{"embeddable":true,"href":"https:\/\/icoca.ch\/es\/wp-json\/wp\/v2\/comments?post=65048"}],"version-history":[{"count":0,"href":"https:\/\/icoca.ch\/es\/wp-json\/wp\/v2\/pages\/65048\/revisions"}],"up":[{"embeddable":true,"href":"https:\/\/icoca.ch\/es\/wp-json\/wp\/v2\/pages\/11315"}],"wp:attachment":[{"href":"https:\/\/icoca.ch\/es\/wp-json\/wp\/v2\/media?parent=65048"}],"curies":[{"name":"wp","href":"https:\/\/api.w.org\/{rel}","templated":true}]}}