{"id":65014,"date":"2024-02-27T14:29:37","date_gmt":"2024-02-27T14:29:37","guid":{"rendered":"https:\/\/icoca.ch\/the-secretariat\/chris-galvin\/"},"modified":"2024-02-28T08:06:58","modified_gmt":"2024-02-28T08:06:58","slug":"chris-galvin","status":"publish","type":"page","link":"https:\/\/icoca.ch\/es\/the-secretariat\/chris-galvin\/","title":{"rendered":"Chris Galvin"},"content":{"rendered":"<table style=\"border-collapse: collapse; width: 100%;\">\n<tbody>\n<tr>\n<td style=\"width: 26.1421%;\"><img loading=\"lazy\" decoding=\"async\" class=\"alignnone size-medium wp-image-64722\" src=\"https:\/\/icoca.ch\/wp-content\/uploads\/2024\/02\/Chris-Round-Photo-300x300.jpg\" alt=\"\" width=\"300\" height=\"300\" srcset=\"https:\/\/icoca.ch\/wp-content\/uploads\/2024\/02\/Chris-Round-Photo-300x300.jpg 300w, https:\/\/icoca.ch\/wp-content\/uploads\/2024\/02\/Chris-Round-Photo-1024x1024.jpg 1024w, https:\/\/icoca.ch\/wp-content\/uploads\/2024\/02\/Chris-Round-Photo-150x150.jpg 150w, https:\/\/icoca.ch\/wp-content\/uploads\/2024\/02\/Chris-Round-Photo-768x768.jpg 768w, https:\/\/icoca.ch\/wp-content\/uploads\/2024\/02\/Chris-Round-Photo-333x333.jpg 333w, https:\/\/icoca.ch\/wp-content\/uploads\/2024\/02\/Chris-Round-Photo.jpg 1080w\" sizes=\"auto, (max-width: 300px) 100vw, 300px\" \/><\/td>\n<td style=\"width: 73.8579%;\">\n<h1>Chris Galvin<\/h1>\n<p><em>Director de Comunicaciones y Divulgaci\u00f3n<\/em><\/p>\n<p>&nbsp;<\/p>\n<p style=\"line-height: 18.75pt; background: white;\">Como Director de Comunicaciones y Divulgaci\u00f3n, Chris Galvin lidera la estrategia de divulgaci\u00f3n y comunicaciones de la Asociaci\u00f3n y desarrolla la base de financiamiento de la Asociaci\u00f3n entre los estados y las fundaciones privadas.<\/p>\n<p style=\"line-height: 18.75pt; background: white;\">Chris tiene m\u00e1s de veinte a\u00f1os de experiencia trabajando tanto en el sector comercial como en el de organizaciones sin fines de lucro. Anteriormente, supervis\u00f3 la concesi\u00f3n de subvenciones a una variedad de organizaciones sin fines de lucro en todo el mundo como Oficial de Programas en la Fundaci\u00f3n Oak en Ginebra. Previamente, fue Jefe de Extensi\u00f3n para Educaci\u00f3n Ejecutiva en el Instituto de Graduados de Estudios Internacionales y de Desarrollo, Ginebra, donde fue responsable de todas las comunicaciones, marketing y desarrollo comercial de la divisi\u00f3n. De 2005 a 2015, Chris ocup\u00f3 varios cargos en la Universidad de Yale, donde gestion\u00f3 las \u00e1reas de asuntos p\u00fablicos, comunicaciones, participaci\u00f3n comunitaria y recaudaci\u00f3n de fondos. En su \u00faltimo cargo como Director General de Relaciones con Exalumnos en la Facultad de Administraci\u00f3n de Yale, dirigi\u00f3 la Asociaci\u00f3n de Exalumnos de la facultad.<\/p>\n<p style=\"line-height: 18.75pt; background: white;\">Antes de la transici\u00f3n al sector sin fines de lucro, Chris se desempe\u00f1\u00f3 en finanzas internacionales y como reclutador en Londres. Se educ\u00f3 en el Reino Unido y tiene maestr\u00edas del Instituto de Estudios de Desarrollo (IDS), la Universidad de Sussex y la Universidad de Edimburgo.<\/p>\n<\/td>\n<\/tr>\n<\/tbody>\n<\/table>\n","protected":false},"excerpt":{"rendered":"<p>Chris Galvin Director de Comunicaciones y Divulgaci\u00f3n &nbsp; Como Director de Comunicaciones y Divulgaci\u00f3n, Chris Galvin lidera la estrategia de divulgaci\u00f3n y comunicaciones de la Asociaci\u00f3n y desarrolla la base de financiamiento de la Asociaci\u00f3n entre los estados y las fundaciones privadas. Chris tiene m\u00e1s de veinte a\u00f1os de experiencia trabajando tanto en el sector [&hellip;]<\/p>\n","protected":false},"author":5,"featured_media":0,"parent":11315,"menu_order":0,"comment_status":"closed","ping_status":"closed","template":"","meta":{"_acf_changed":false,"give_campaign_id":0,"footnotes":""},"class_list":["post-65014","page","type-page","status-publish","hentry"],"acf":[],"yoast_head":"<!-- This site is optimized with the Yoast SEO plugin v26.5 - https:\/\/yoast.com\/wordpress\/plugins\/seo\/ -->\n<title>Chris Galvin - ICoCA - International Code of Conduct Association<\/title>\n<meta name=\"robots\" content=\"index, follow, max-snippet:-1, max-image-preview:large, max-video-preview:-1\" \/>\n<link rel=\"canonical\" href=\"https:\/\/icoca.ch\/es\/the-secretariat\/chris-galvin\/\" \/>\n<meta property=\"og:locale\" content=\"es_ES\" \/>\n<meta property=\"og:type\" content=\"article\" \/>\n<meta property=\"og:title\" content=\"Chris Galvin - ICoCA - International Code of Conduct Association\" \/>\n<meta property=\"og:description\" content=\"Chris Galvin Director de Comunicaciones y Divulgaci\u00f3n &nbsp; Como Director de Comunicaciones y Divulgaci\u00f3n, Chris Galvin lidera la estrategia de divulgaci\u00f3n y comunicaciones de la Asociaci\u00f3n y desarrolla la base de financiamiento de la Asociaci\u00f3n entre los estados y las fundaciones privadas. Chris tiene m\u00e1s de veinte a\u00f1os de experiencia trabajando tanto en el sector [&hellip;]\" \/>\n<meta property=\"og:url\" content=\"https:\/\/icoca.ch\/es\/the-secretariat\/chris-galvin\/\" \/>\n<meta property=\"og:site_name\" content=\"ICoCA - International Code of Conduct Association\" \/>\n<meta property=\"article:modified_time\" content=\"2024-02-28T08:06:58+00:00\" \/>\n<meta property=\"og:image\" content=\"https:\/\/icoca.ch\/wp-content\/uploads\/2024\/02\/Chris-Round-Photo-300x300.jpg\" \/>\n<meta name=\"twitter:card\" content=\"summary_large_image\" \/>\n<meta name=\"twitter:label1\" content=\"Tiempo de lectura\" \/>\n\t<meta name=\"twitter:data1\" content=\"2 minutos\" \/>\n<script type=\"application\/ld+json\" class=\"yoast-schema-graph\">{\"@context\":\"https:\/\/schema.org\",\"@graph\":[{\"@type\":\"WebPage\",\"@id\":\"https:\/\/icoca.ch\/es\/the-secretariat\/chris-galvin\/\",\"url\":\"https:\/\/icoca.ch\/es\/the-secretariat\/chris-galvin\/\",\"name\":\"Chris Galvin - ICoCA - International Code of Conduct Association\",\"isPartOf\":{\"@id\":\"https:\/\/icoca.ch\/es\/#website\"},\"primaryImageOfPage\":{\"@id\":\"https:\/\/icoca.ch\/es\/the-secretariat\/chris-galvin\/#primaryimage\"},\"image\":{\"@id\":\"https:\/\/icoca.ch\/es\/the-secretariat\/chris-galvin\/#primaryimage\"},\"thumbnailUrl\":\"https:\/\/icoca.ch\/wp-content\/uploads\/2024\/02\/Chris-Round-Photo-300x300.jpg\",\"datePublished\":\"2024-02-27T14:29:37+00:00\",\"dateModified\":\"2024-02-28T08:06:58+00:00\",\"breadcrumb\":{\"@id\":\"https:\/\/icoca.ch\/es\/the-secretariat\/chris-galvin\/#breadcrumb\"},\"inLanguage\":\"es\",\"potentialAction\":[{\"@type\":\"ReadAction\",\"target\":[\"https:\/\/icoca.ch\/es\/the-secretariat\/chris-galvin\/\"]}]},{\"@type\":\"ImageObject\",\"inLanguage\":\"es\",\"@id\":\"https:\/\/icoca.ch\/es\/the-secretariat\/chris-galvin\/#primaryimage\",\"url\":\"https:\/\/icoca.ch\/wp-content\/uploads\/2024\/02\/Chris-Round-Photo-300x300.jpg\",\"contentUrl\":\"https:\/\/icoca.ch\/wp-content\/uploads\/2024\/02\/Chris-Round-Photo-300x300.jpg\"},{\"@type\":\"BreadcrumbList\",\"@id\":\"https:\/\/icoca.ch\/es\/the-secretariat\/chris-galvin\/#breadcrumb\",\"itemListElement\":[{\"@type\":\"ListItem\",\"position\":1,\"name\":\"Home\",\"item\":\"https:\/\/icoca.ch\/es\/\"},{\"@type\":\"ListItem\",\"position\":2,\"name\":\"La Secretar\u00eda\",\"item\":\"https:\/\/icoca.ch\/es\/the-secretariat\/\"},{\"@type\":\"ListItem\",\"position\":3,\"name\":\"Chris Galvin\"}]},{\"@type\":\"WebSite\",\"@id\":\"https:\/\/icoca.ch\/es\/#website\",\"url\":\"https:\/\/icoca.ch\/es\/\",\"name\":\"ICoCA - International Code of Conduct Association\",\"description\":\"Promoting responsible private security\",\"publisher\":{\"@id\":\"https:\/\/icoca.ch\/es\/#organization\"},\"potentialAction\":[{\"@type\":\"SearchAction\",\"target\":{\"@type\":\"EntryPoint\",\"urlTemplate\":\"https:\/\/icoca.ch\/es\/?s={search_term_string}\"},\"query-input\":{\"@type\":\"PropertyValueSpecification\",\"valueRequired\":true,\"valueName\":\"search_term_string\"}}],\"inLanguage\":\"es\"},{\"@type\":\"Organization\",\"@id\":\"https:\/\/icoca.ch\/es\/#organization\",\"name\":\"ICoCA - International Code of Conduct Association\",\"url\":\"https:\/\/icoca.ch\/es\/\",\"logo\":{\"@type\":\"ImageObject\",\"inLanguage\":\"es\",\"@id\":\"https:\/\/icoca.ch\/es\/#\/schema\/logo\/image\/\",\"url\":\"https:\/\/icoca.ch\/wp-content\/uploads\/2024\/05\/ICoCA_2022_Full-White-Text@3x.png\",\"contentUrl\":\"https:\/\/icoca.ch\/wp-content\/uploads\/2024\/05\/ICoCA_2022_Full-White-Text@3x.png\",\"width\":9588,\"height\":4297,\"caption\":\"ICoCA - International Code of Conduct Association\"},\"image\":{\"@id\":\"https:\/\/icoca.ch\/es\/#\/schema\/logo\/image\/\"}}]}<\/script>\n<!-- \/ Yoast SEO plugin. -->","yoast_head_json":{"title":"Chris Galvin - ICoCA - International Code of Conduct Association","robots":{"index":"index","follow":"follow","max-snippet":"max-snippet:-1","max-image-preview":"max-image-preview:large","max-video-preview":"max-video-preview:-1"},"canonical":"https:\/\/icoca.ch\/es\/the-secretariat\/chris-galvin\/","og_locale":"es_ES","og_type":"article","og_title":"Chris Galvin - ICoCA - International Code of Conduct Association","og_description":"Chris Galvin Director de Comunicaciones y Divulgaci\u00f3n &nbsp; Como Director de Comunicaciones y Divulgaci\u00f3n, Chris Galvin lidera la estrategia de divulgaci\u00f3n y comunicaciones de la Asociaci\u00f3n y desarrolla la base de financiamiento de la Asociaci\u00f3n entre los estados y las fundaciones privadas. Chris tiene m\u00e1s de veinte a\u00f1os de experiencia trabajando tanto en el sector [&hellip;]","og_url":"https:\/\/icoca.ch\/es\/the-secretariat\/chris-galvin\/","og_site_name":"ICoCA - International Code of Conduct Association","article_modified_time":"2024-02-28T08:06:58+00:00","og_image":[{"url":"https:\/\/icoca.ch\/wp-content\/uploads\/2024\/02\/Chris-Round-Photo-300x300.jpg","type":"","width":"","height":""}],"twitter_card":"summary_large_image","twitter_misc":{"Tiempo de lectura":"2 minutos"},"schema":{"@context":"https:\/\/schema.org","@graph":[{"@type":"WebPage","@id":"https:\/\/icoca.ch\/es\/the-secretariat\/chris-galvin\/","url":"https:\/\/icoca.ch\/es\/the-secretariat\/chris-galvin\/","name":"Chris Galvin - ICoCA - International Code of Conduct Association","isPartOf":{"@id":"https:\/\/icoca.ch\/es\/#website"},"primaryImageOfPage":{"@id":"https:\/\/icoca.ch\/es\/the-secretariat\/chris-galvin\/#primaryimage"},"image":{"@id":"https:\/\/icoca.ch\/es\/the-secretariat\/chris-galvin\/#primaryimage"},"thumbnailUrl":"https:\/\/icoca.ch\/wp-content\/uploads\/2024\/02\/Chris-Round-Photo-300x300.jpg","datePublished":"2024-02-27T14:29:37+00:00","dateModified":"2024-02-28T08:06:58+00:00","breadcrumb":{"@id":"https:\/\/icoca.ch\/es\/the-secretariat\/chris-galvin\/#breadcrumb"},"inLanguage":"es","potentialAction":[{"@type":"ReadAction","target":["https:\/\/icoca.ch\/es\/the-secretariat\/chris-galvin\/"]}]},{"@type":"ImageObject","inLanguage":"es","@id":"https:\/\/icoca.ch\/es\/the-secretariat\/chris-galvin\/#primaryimage","url":"https:\/\/icoca.ch\/wp-content\/uploads\/2024\/02\/Chris-Round-Photo-300x300.jpg","contentUrl":"https:\/\/icoca.ch\/wp-content\/uploads\/2024\/02\/Chris-Round-Photo-300x300.jpg"},{"@type":"BreadcrumbList","@id":"https:\/\/icoca.ch\/es\/the-secretariat\/chris-galvin\/#breadcrumb","itemListElement":[{"@type":"ListItem","position":1,"name":"Home","item":"https:\/\/icoca.ch\/es\/"},{"@type":"ListItem","position":2,"name":"La Secretar\u00eda","item":"https:\/\/icoca.ch\/es\/the-secretariat\/"},{"@type":"ListItem","position":3,"name":"Chris Galvin"}]},{"@type":"WebSite","@id":"https:\/\/icoca.ch\/es\/#website","url":"https:\/\/icoca.ch\/es\/","name":"ICoCA - International Code of Conduct Association","description":"Promoting responsible private security","publisher":{"@id":"https:\/\/icoca.ch\/es\/#organization"},"potentialAction":[{"@type":"SearchAction","target":{"@type":"EntryPoint","urlTemplate":"https:\/\/icoca.ch\/es\/?s={search_term_string}"},"query-input":{"@type":"PropertyValueSpecification","valueRequired":true,"valueName":"search_term_string"}}],"inLanguage":"es"},{"@type":"Organization","@id":"https:\/\/icoca.ch\/es\/#organization","name":"ICoCA - International Code of Conduct Association","url":"https:\/\/icoca.ch\/es\/","logo":{"@type":"ImageObject","inLanguage":"es","@id":"https:\/\/icoca.ch\/es\/#\/schema\/logo\/image\/","url":"https:\/\/icoca.ch\/wp-content\/uploads\/2024\/05\/ICoCA_2022_Full-White-Text@3x.png","contentUrl":"https:\/\/icoca.ch\/wp-content\/uploads\/2024\/05\/ICoCA_2022_Full-White-Text@3x.png","width":9588,"height":4297,"caption":"ICoCA - International Code of Conduct Association"},"image":{"@id":"https:\/\/icoca.ch\/es\/#\/schema\/logo\/image\/"}}]}},"campaignId":"","_links":{"self":[{"href":"https:\/\/icoca.ch\/es\/wp-json\/wp\/v2\/pages\/65014","targetHints":{"allow":["GET"]}}],"collection":[{"href":"https:\/\/icoca.ch\/es\/wp-json\/wp\/v2\/pages"}],"about":[{"href":"https:\/\/icoca.ch\/es\/wp-json\/wp\/v2\/types\/page"}],"author":[{"embeddable":true,"href":"https:\/\/icoca.ch\/es\/wp-json\/wp\/v2\/users\/5"}],"replies":[{"embeddable":true,"href":"https:\/\/icoca.ch\/es\/wp-json\/wp\/v2\/comments?post=65014"}],"version-history":[{"count":0,"href":"https:\/\/icoca.ch\/es\/wp-json\/wp\/v2\/pages\/65014\/revisions"}],"up":[{"embeddable":true,"href":"https:\/\/icoca.ch\/es\/wp-json\/wp\/v2\/pages\/11315"}],"wp:attachment":[{"href":"https:\/\/icoca.ch\/es\/wp-json\/wp\/v2\/media?parent=65014"}],"curies":[{"name":"wp","href":"https:\/\/api.w.org\/{rel}","templated":true}]}}