{"id":65012,"date":"2024-02-27T14:31:33","date_gmt":"2024-02-27T14:31:33","guid":{"rendered":"https:\/\/icoca.ch\/the-secretariat\/antoine-perret\/"},"modified":"2025-08-13T13:37:20","modified_gmt":"2025-08-13T13:37:20","slug":"antoine-perret","status":"publish","type":"page","link":"https:\/\/icoca.ch\/es\/the-secretariat\/antoine-perret\/","title":{"rendered":"Antoine Perret"},"content":{"rendered":"<table style=\"border-collapse: collapse; width: 100%;\">\n<tbody>\n<tr>\n<td style=\"width: 26.1421%;\"><img loading=\"lazy\" decoding=\"async\" class=\"alignnone size-medium wp-image-64718\" src=\"https:\/\/icoca.ch\/wp-content\/uploads\/2024\/02\/Antoine-Round-Photo-300x300.jpg\" alt=\"\" width=\"300\" height=\"300\" srcset=\"https:\/\/icoca.ch\/wp-content\/uploads\/2024\/02\/Antoine-Round-Photo-300x300.jpg 300w, https:\/\/icoca.ch\/wp-content\/uploads\/2024\/02\/Antoine-Round-Photo-1024x1024.jpg 1024w, https:\/\/icoca.ch\/wp-content\/uploads\/2024\/02\/Antoine-Round-Photo-150x150.jpg 150w, https:\/\/icoca.ch\/wp-content\/uploads\/2024\/02\/Antoine-Round-Photo-768x768.jpg 768w, https:\/\/icoca.ch\/wp-content\/uploads\/2024\/02\/Antoine-Round-Photo-333x333.jpg 333w, https:\/\/icoca.ch\/wp-content\/uploads\/2024\/02\/Antoine-Round-Photo.jpg 1080w\" sizes=\"auto, (max-width: 300px) 100vw, 300px\" \/><\/td>\n<td style=\"width: 73.8579%;\">\n<h1>Antoine Perret<\/h1>\n<p><em>Jefe de Programas<\/em><\/p>\n<p>&nbsp;<\/p>\n<p style=\"line-height: 18.75pt; background: white;\">El cometido de Dr. Antoine Perret es hacer crecer el pilar de la sociedad civil y apoyar a los miembros de las OSC, desarrollando la capacidad para crear mecanismos eficaces de rendici\u00f3n de cuentas y abogando por una seguridad privada responsable. Antes de unirse a ICoCA, Antoine trabaj\u00f3 en la Divisi\u00f3n de Negocios y Seguridad del Centro de Ginebra para la Gobernanza de la Seguridad (DCAF) gestionando proyectos y dirigiendo investigaciones sobre la gobernanza de la seguridad privada. Antes de eso, trabaj\u00f3 en Panam\u00e1 en la lucha contra el blanqueo de dinero y la financiaci\u00f3n del terrorismo y dirigi\u00f3 un proyecto regional sobre la cartograf\u00eda de las actividades de la delincuencia organizada en Am\u00e9rica Latina. Antoine inici\u00f3 su carrera en c\u00edrculos acad\u00e9micos como investigador asociado en la Universidad de Los Andes (Bogot\u00e1, Colombia); becario de investigaci\u00f3n en la Universidad de Columbia (Nueva York, EE.UU.), y en la American University (Washington DC, EE.UU.). Imparti\u00f3 clases en la Universidad Externado de Colombia y colabor\u00f3 con organismos de la ONU en temas de seguridad y derechos humanos.<\/p>\n<p style=\"line-height: 18.75pt; background: white;\">Antoine es Doctor en Derecho y LLM por el Instituto Universitario Europeo (Florencia, Italia); Master en Asuntos Internacionales por la Universidad Externado de Colombia (Bogot\u00e1, Colombia) &#8211; en colaboraci\u00f3n con la Universidad de Columbia y Science Po, Par\u00eds; y Licenciado en Relaciones Internacionales por el Instituto Universitario de Altos Estudios Internacionales y del Desarrollo de Ginebra, Suiza. Ha publicado varios libros y art\u00edculos sobre la regulaci\u00f3n de la seguridad privada.<\/p>\n<\/td>\n<\/tr>\n<\/tbody>\n<\/table>\n","protected":false},"excerpt":{"rendered":"<p>Antoine Perret Jefe de Programas &nbsp; El cometido de Dr. Antoine Perret es hacer crecer el pilar de la sociedad civil y apoyar a los miembros de las OSC, desarrollando la capacidad para crear mecanismos eficaces de rendici\u00f3n de cuentas y abogando por una seguridad privada responsable. Antes de unirse a ICoCA, Antoine trabaj\u00f3 en [&hellip;]<\/p>\n","protected":false},"author":5,"featured_media":0,"parent":11315,"menu_order":0,"comment_status":"closed","ping_status":"closed","template":"","meta":{"_acf_changed":false,"give_campaign_id":0,"footnotes":""},"class_list":["post-65012","page","type-page","status-publish","hentry"],"acf":[],"yoast_head":"<!-- This site is optimized with the Yoast SEO plugin v26.5 - https:\/\/yoast.com\/wordpress\/plugins\/seo\/ -->\n<title>Antoine Perret - ICoCA - International Code of Conduct Association<\/title>\n<meta name=\"robots\" content=\"index, follow, max-snippet:-1, max-image-preview:large, max-video-preview:-1\" \/>\n<link rel=\"canonical\" href=\"https:\/\/icoca.ch\/es\/the-secretariat\/antoine-perret\/\" \/>\n<meta property=\"og:locale\" content=\"es_ES\" \/>\n<meta property=\"og:type\" content=\"article\" \/>\n<meta property=\"og:title\" content=\"Antoine Perret - ICoCA - International Code of Conduct Association\" \/>\n<meta property=\"og:description\" content=\"Antoine Perret Jefe de Programas &nbsp; El cometido de Dr. Antoine Perret es hacer crecer el pilar de la sociedad civil y apoyar a los miembros de las OSC, desarrollando la capacidad para crear mecanismos eficaces de rendici\u00f3n de cuentas y abogando por una seguridad privada responsable. Antes de unirse a ICoCA, Antoine trabaj\u00f3 en [&hellip;]\" \/>\n<meta property=\"og:url\" content=\"https:\/\/icoca.ch\/es\/the-secretariat\/antoine-perret\/\" \/>\n<meta property=\"og:site_name\" content=\"ICoCA - International Code of Conduct Association\" \/>\n<meta property=\"article:modified_time\" content=\"2025-08-13T13:37:20+00:00\" \/>\n<meta property=\"og:image\" content=\"https:\/\/icoca.ch\/wp-content\/uploads\/2024\/02\/Antoine-Round-Photo.jpg\" \/>\n\t<meta property=\"og:image:width\" content=\"1080\" \/>\n\t<meta property=\"og:image:height\" content=\"1080\" \/>\n\t<meta property=\"og:image:type\" content=\"image\/jpeg\" \/>\n<meta name=\"twitter:card\" content=\"summary_large_image\" \/>\n<meta name=\"twitter:label1\" content=\"Tiempo de lectura\" \/>\n\t<meta name=\"twitter:data1\" content=\"2 minutos\" \/>\n<script type=\"application\/ld+json\" class=\"yoast-schema-graph\">{\"@context\":\"https:\/\/schema.org\",\"@graph\":[{\"@type\":\"WebPage\",\"@id\":\"https:\/\/icoca.ch\/es\/the-secretariat\/antoine-perret\/\",\"url\":\"https:\/\/icoca.ch\/es\/the-secretariat\/antoine-perret\/\",\"name\":\"Antoine Perret - ICoCA - International Code of Conduct Association\",\"isPartOf\":{\"@id\":\"https:\/\/icoca.ch\/es\/#website\"},\"primaryImageOfPage\":{\"@id\":\"https:\/\/icoca.ch\/es\/the-secretariat\/antoine-perret\/#primaryimage\"},\"image\":{\"@id\":\"https:\/\/icoca.ch\/es\/the-secretariat\/antoine-perret\/#primaryimage\"},\"thumbnailUrl\":\"https:\/\/icoca.ch\/wp-content\/uploads\/2024\/02\/Antoine-Round-Photo-300x300.jpg\",\"datePublished\":\"2024-02-27T14:31:33+00:00\",\"dateModified\":\"2025-08-13T13:37:20+00:00\",\"breadcrumb\":{\"@id\":\"https:\/\/icoca.ch\/es\/the-secretariat\/antoine-perret\/#breadcrumb\"},\"inLanguage\":\"es\",\"potentialAction\":[{\"@type\":\"ReadAction\",\"target\":[\"https:\/\/icoca.ch\/es\/the-secretariat\/antoine-perret\/\"]}]},{\"@type\":\"ImageObject\",\"inLanguage\":\"es\",\"@id\":\"https:\/\/icoca.ch\/es\/the-secretariat\/antoine-perret\/#primaryimage\",\"url\":\"https:\/\/icoca.ch\/wp-content\/uploads\/2024\/02\/Antoine-Round-Photo-300x300.jpg\",\"contentUrl\":\"https:\/\/icoca.ch\/wp-content\/uploads\/2024\/02\/Antoine-Round-Photo-300x300.jpg\"},{\"@type\":\"BreadcrumbList\",\"@id\":\"https:\/\/icoca.ch\/es\/the-secretariat\/antoine-perret\/#breadcrumb\",\"itemListElement\":[{\"@type\":\"ListItem\",\"position\":1,\"name\":\"Home\",\"item\":\"https:\/\/icoca.ch\/es\/\"},{\"@type\":\"ListItem\",\"position\":2,\"name\":\"La Secretar\u00eda\",\"item\":\"https:\/\/icoca.ch\/es\/the-secretariat\/\"},{\"@type\":\"ListItem\",\"position\":3,\"name\":\"Antoine Perret\"}]},{\"@type\":\"WebSite\",\"@id\":\"https:\/\/icoca.ch\/es\/#website\",\"url\":\"https:\/\/icoca.ch\/es\/\",\"name\":\"ICoCA - International Code of Conduct Association\",\"description\":\"Promoting responsible private security\",\"publisher\":{\"@id\":\"https:\/\/icoca.ch\/es\/#organization\"},\"potentialAction\":[{\"@type\":\"SearchAction\",\"target\":{\"@type\":\"EntryPoint\",\"urlTemplate\":\"https:\/\/icoca.ch\/es\/?s={search_term_string}\"},\"query-input\":{\"@type\":\"PropertyValueSpecification\",\"valueRequired\":true,\"valueName\":\"search_term_string\"}}],\"inLanguage\":\"es\"},{\"@type\":\"Organization\",\"@id\":\"https:\/\/icoca.ch\/es\/#organization\",\"name\":\"ICoCA - International Code of Conduct Association\",\"url\":\"https:\/\/icoca.ch\/es\/\",\"logo\":{\"@type\":\"ImageObject\",\"inLanguage\":\"es\",\"@id\":\"https:\/\/icoca.ch\/es\/#\/schema\/logo\/image\/\",\"url\":\"https:\/\/icoca.ch\/wp-content\/uploads\/2024\/05\/ICoCA_2022_Full-White-Text@3x.png\",\"contentUrl\":\"https:\/\/icoca.ch\/wp-content\/uploads\/2024\/05\/ICoCA_2022_Full-White-Text@3x.png\",\"width\":9588,\"height\":4297,\"caption\":\"ICoCA - International Code of Conduct Association\"},\"image\":{\"@id\":\"https:\/\/icoca.ch\/es\/#\/schema\/logo\/image\/\"}}]}<\/script>\n<!-- \/ Yoast SEO plugin. -->","yoast_head_json":{"title":"Antoine Perret - ICoCA - International Code of Conduct Association","robots":{"index":"index","follow":"follow","max-snippet":"max-snippet:-1","max-image-preview":"max-image-preview:large","max-video-preview":"max-video-preview:-1"},"canonical":"https:\/\/icoca.ch\/es\/the-secretariat\/antoine-perret\/","og_locale":"es_ES","og_type":"article","og_title":"Antoine Perret - ICoCA - International Code of Conduct Association","og_description":"Antoine Perret Jefe de Programas &nbsp; El cometido de Dr. Antoine Perret es hacer crecer el pilar de la sociedad civil y apoyar a los miembros de las OSC, desarrollando la capacidad para crear mecanismos eficaces de rendici\u00f3n de cuentas y abogando por una seguridad privada responsable. Antes de unirse a ICoCA, Antoine trabaj\u00f3 en [&hellip;]","og_url":"https:\/\/icoca.ch\/es\/the-secretariat\/antoine-perret\/","og_site_name":"ICoCA - International Code of Conduct Association","article_modified_time":"2025-08-13T13:37:20+00:00","og_image":[{"width":1080,"height":1080,"url":"https:\/\/icoca.ch\/wp-content\/uploads\/2024\/02\/Antoine-Round-Photo.jpg","type":"image\/jpeg"}],"twitter_card":"summary_large_image","twitter_misc":{"Tiempo de lectura":"2 minutos"},"schema":{"@context":"https:\/\/schema.org","@graph":[{"@type":"WebPage","@id":"https:\/\/icoca.ch\/es\/the-secretariat\/antoine-perret\/","url":"https:\/\/icoca.ch\/es\/the-secretariat\/antoine-perret\/","name":"Antoine Perret - ICoCA - International Code of Conduct Association","isPartOf":{"@id":"https:\/\/icoca.ch\/es\/#website"},"primaryImageOfPage":{"@id":"https:\/\/icoca.ch\/es\/the-secretariat\/antoine-perret\/#primaryimage"},"image":{"@id":"https:\/\/icoca.ch\/es\/the-secretariat\/antoine-perret\/#primaryimage"},"thumbnailUrl":"https:\/\/icoca.ch\/wp-content\/uploads\/2024\/02\/Antoine-Round-Photo-300x300.jpg","datePublished":"2024-02-27T14:31:33+00:00","dateModified":"2025-08-13T13:37:20+00:00","breadcrumb":{"@id":"https:\/\/icoca.ch\/es\/the-secretariat\/antoine-perret\/#breadcrumb"},"inLanguage":"es","potentialAction":[{"@type":"ReadAction","target":["https:\/\/icoca.ch\/es\/the-secretariat\/antoine-perret\/"]}]},{"@type":"ImageObject","inLanguage":"es","@id":"https:\/\/icoca.ch\/es\/the-secretariat\/antoine-perret\/#primaryimage","url":"https:\/\/icoca.ch\/wp-content\/uploads\/2024\/02\/Antoine-Round-Photo-300x300.jpg","contentUrl":"https:\/\/icoca.ch\/wp-content\/uploads\/2024\/02\/Antoine-Round-Photo-300x300.jpg"},{"@type":"BreadcrumbList","@id":"https:\/\/icoca.ch\/es\/the-secretariat\/antoine-perret\/#breadcrumb","itemListElement":[{"@type":"ListItem","position":1,"name":"Home","item":"https:\/\/icoca.ch\/es\/"},{"@type":"ListItem","position":2,"name":"La Secretar\u00eda","item":"https:\/\/icoca.ch\/es\/the-secretariat\/"},{"@type":"ListItem","position":3,"name":"Antoine Perret"}]},{"@type":"WebSite","@id":"https:\/\/icoca.ch\/es\/#website","url":"https:\/\/icoca.ch\/es\/","name":"ICoCA - International Code of Conduct Association","description":"Promoting responsible private security","publisher":{"@id":"https:\/\/icoca.ch\/es\/#organization"},"potentialAction":[{"@type":"SearchAction","target":{"@type":"EntryPoint","urlTemplate":"https:\/\/icoca.ch\/es\/?s={search_term_string}"},"query-input":{"@type":"PropertyValueSpecification","valueRequired":true,"valueName":"search_term_string"}}],"inLanguage":"es"},{"@type":"Organization","@id":"https:\/\/icoca.ch\/es\/#organization","name":"ICoCA - International Code of Conduct Association","url":"https:\/\/icoca.ch\/es\/","logo":{"@type":"ImageObject","inLanguage":"es","@id":"https:\/\/icoca.ch\/es\/#\/schema\/logo\/image\/","url":"https:\/\/icoca.ch\/wp-content\/uploads\/2024\/05\/ICoCA_2022_Full-White-Text@3x.png","contentUrl":"https:\/\/icoca.ch\/wp-content\/uploads\/2024\/05\/ICoCA_2022_Full-White-Text@3x.png","width":9588,"height":4297,"caption":"ICoCA - International Code of Conduct Association"},"image":{"@id":"https:\/\/icoca.ch\/es\/#\/schema\/logo\/image\/"}}]}},"campaignId":"","_links":{"self":[{"href":"https:\/\/icoca.ch\/es\/wp-json\/wp\/v2\/pages\/65012","targetHints":{"allow":["GET"]}}],"collection":[{"href":"https:\/\/icoca.ch\/es\/wp-json\/wp\/v2\/pages"}],"about":[{"href":"https:\/\/icoca.ch\/es\/wp-json\/wp\/v2\/types\/page"}],"author":[{"embeddable":true,"href":"https:\/\/icoca.ch\/es\/wp-json\/wp\/v2\/users\/5"}],"replies":[{"embeddable":true,"href":"https:\/\/icoca.ch\/es\/wp-json\/wp\/v2\/comments?post=65012"}],"version-history":[{"count":0,"href":"https:\/\/icoca.ch\/es\/wp-json\/wp\/v2\/pages\/65012\/revisions"}],"up":[{"embeddable":true,"href":"https:\/\/icoca.ch\/es\/wp-json\/wp\/v2\/pages\/11315"}],"wp:attachment":[{"href":"https:\/\/icoca.ch\/es\/wp-json\/wp\/v2\/media?parent=65012"}],"curies":[{"name":"wp","href":"https:\/\/api.w.org\/{rel}","templated":true}]}}