{"id":11383,"date":"2020-09-23T09:01:21","date_gmt":"2020-09-23T09:01:21","guid":{"rendered":"https:\/\/icoca.ch\/profile-srs-partnership-with-unizon-for-a-gender-equal-society-free-from-violence\/"},"modified":"2023-03-22T15:34:13","modified_gmt":"2023-03-22T15:34:13","slug":"profile-srs-partnership-with-unizon-for-a-gender-equal-society-free-from-violence","status":"publish","type":"page","link":"https:\/\/icoca.ch\/es\/profile-srs-partnership-with-unizon-for-a-gender-equal-society-free-from-violence\/","title":{"rendered":"Perfil-Asociaci\u00f3n de SRS con Unizon para una sociedad con igualdad de g\u00e9nero libre de violencia"},"content":{"rendered":"<p><img loading=\"lazy\" decoding=\"async\" class=\"aligncenter wp-image-3177\" src=\"https:\/\/icoca.ch\/wp-content\/uploads\/2020\/09\/SDG-5.png\" alt=\"\" width=\"400\" height=\"400\" srcset=\"https:\/\/icoca.ch\/wp-content\/uploads\/2020\/09\/SDG-5.png 1000w, https:\/\/icoca.ch\/wp-content\/uploads\/2020\/09\/SDG-5-300x300.png 300w, https:\/\/icoca.ch\/wp-content\/uploads\/2020\/09\/SDG-5-150x150.png 150w, https:\/\/icoca.ch\/wp-content\/uploads\/2020\/09\/SDG-5-768x768.png 768w, https:\/\/icoca.ch\/wp-content\/uploads\/2020\/09\/SDG-5-333x333.png 333w\" sizes=\"auto, (max-width: 400px) 100vw, 400px\" \/><\/p>\n<p>&nbsp;<\/p>\n<p><strong>Objetivo de Desarrollo Sostenible 5: Lograr la igualdad de g\u00e9nero y empoderar a todas las mujeres y ni\u00f1as<\/strong><\/p>\n<hr \/>\n<p><strong>Meta del Objetivo de desarrollo sostenible (SDG) 5.2: Eliminar todas las formas de violencia contra todas las mujeres y ni\u00f1as en los \u00e1mbitos p\u00fablico y privado, incluida la trata y la explotaci\u00f3n sexual y de otro tipo.<\/strong><\/p>\n<hr \/>\n<p><strong>Asociaci\u00f3n de SRS con Unizon para una sociedad con igualdad de g\u00e9nero libre de violencia<\/strong><\/p>\n<p><strong>Antecedentes<\/strong><\/p>\n<p>Suecia es uno de los pa\u00edses m\u00e1s igualitarios del mundo. Sin embargo, la violencia de los hombres contra las mujeres sigue siendo un problema social importante.<\/p>\n<p>Para construir una sociedad con igualdad de g\u00e9nero libre de violencia, SRS ha establecido desde 2014 una asociaci\u00f3n \u00fanica de Responsabilidad Social Corporativa con la principal organizaci\u00f3n miembro de Suecia de refugios para mujeres, Unizon. SRS proporciona servicios de asesoramiento de seguridad, y Unizon educa a nuestros empleados sobre la violencia de g\u00e9nero.<\/p>\n<p>Unizon y sus organizaciones miembro ofrecen apoyo y protecci\u00f3n a las mujeres, y trabajan con la prevenci\u00f3n y la promoci\u00f3n, haciendo uso de su conocimiento y experiencia de violencia, g\u00e9nero y poder, y la relaci\u00f3n entre ellas. Al reunir m\u00e1s de 130 refugios para mujeres, centros de empoderamiento de mujeres j\u00f3venes y otros servicios de apoyo bajo un mismo grupo, Unizon proporciona apoyo diario a mujeres, adultos j\u00f3venes y ni\u00f1os maltratados, independientemente de su situaci\u00f3n de vida y antecedentes. Los refugios manejan m\u00e1s de 90 000 casos de apoyo cada a\u00f1o.<\/p>\n<p>La cooperaci\u00f3n de SRS con Unizon representa un paso importante en nuestro compromiso con los derechos humanos. Para SRS, apoyar a las organizaciones que trabajan por la igualdad es una cuesti\u00f3n de rutina. Todos los empleados de SRS participan en nuestro trabajo con Unizon y para prevenir la violencia contra las mujeres. Incorporamos el valioso conocimiento conseguido de nuestra asociaci\u00f3n de RSE en nuestras operaciones para marcar la diferencia en la vida real.<\/p>\n<p><img loading=\"lazy\" decoding=\"async\" class=\"aligncenter wp-image-3179 size-news-img-500-333\" src=\"https:\/\/icoca.ch\/wp-content\/uploads\/2020\/09\/body-armour-sexual-abuse1-500x312.jpg\" alt=\"\" width=\"500\" height=\"312\" srcset=\"https:\/\/icoca.ch\/wp-content\/uploads\/2020\/09\/body-armour-sexual-abuse1-500x312.jpg 500w, https:\/\/icoca.ch\/wp-content\/uploads\/2020\/09\/body-armour-sexual-abuse1-300x187.jpg 300w, https:\/\/icoca.ch\/wp-content\/uploads\/2020\/09\/body-armour-sexual-abuse1-1024x640.jpg 1024w, https:\/\/icoca.ch\/wp-content\/uploads\/2020\/09\/body-armour-sexual-abuse1-768x480.jpg 768w, https:\/\/icoca.ch\/wp-content\/uploads\/2020\/09\/body-armour-sexual-abuse1.jpg 1125w\" sizes=\"auto, (max-width: 500px) 100vw, 500px\" \/><\/p>\n<hr \/>\n<p><strong>Nueva iniciativa impulsada por la gu\u00eda de la ICoCA sobre la prevenci\u00f3n de la explotaci\u00f3n y el abuso sexual.<\/strong><\/p>\n<p>Junto con Unizon, SRS, impulsado por la Gu\u00eda de la ICoCA 2019 sobre Prevenci\u00f3n de la Explotaci\u00f3n y el Abuso Sexual (PSEA), desarroll\u00f3 un programa de capacitaci\u00f3n llamado REC (Derechos, igualdad y cultura) para proveedores de seguridad privada. REC aborda temas importantes como la violencia de g\u00e9nero, la explotaci\u00f3n sexual y el abuso. El primer curso REC de tres se lanz\u00f3 a principios de 2020, y todos los empleados de SRS han participado. Ahora, el curso se proporciona de forma gratuita a otros proveedores de seguridad privada en Suecia que tambi\u00e9n est\u00e1n comprometidos a construir una sociedad con igualdad de g\u00e9nero libre de violencia.<\/p>\n<p><img loading=\"lazy\" decoding=\"async\" class=\"aligncenter wp-image-3181 size-medium\" src=\"https:\/\/icoca.ch\/wp-content\/uploads\/2020\/09\/REC_loggo-300x275.jpg\" alt=\"\" width=\"300\" height=\"275\" srcset=\"https:\/\/icoca.ch\/wp-content\/uploads\/2020\/09\/REC_loggo-300x275.jpg 300w, https:\/\/icoca.ch\/wp-content\/uploads\/2020\/09\/REC_loggo-768x704.jpg 768w, https:\/\/icoca.ch\/wp-content\/uploads\/2020\/09\/REC_loggo-363x333.jpg 363w, https:\/\/icoca.ch\/wp-content\/uploads\/2020\/09\/REC_loggo.jpg 838w\" sizes=\"auto, (max-width: 300px) 100vw, 300px\" \/><\/p>\n<p><strong>Testimonio de participante de REC:<\/strong> <em>\u201cUna gran formaci\u00f3n que solo dura cuatro horas, pero crea un clima donde los participantes pueden reflexionar, ser contactados y obtener ideas. Los participantes tienen la oportunidad de debatir, compartir experiencias y reflexiones sobre temas dif\u00edciles y sensibles. Esta educaci\u00f3n y las ideas que siguieron han estado en mi mente durante mucho tiempo y comenzaron muchas conversaciones alrededor de la mesa de caf\u00e9 en el trabajo\u201d.<\/em><\/p>\n<p>\u00c5sa Sj\u00f6str\u00f6m,  oficial de polic\u00eda<\/p>\n","protected":false},"excerpt":{"rendered":"<p>&nbsp; Objetivo de Desarrollo Sostenible 5: Lograr la igualdad de g\u00e9nero y empoderar a todas las mujeres y ni\u00f1as Meta del Objetivo de desarrollo sostenible (SDG) 5.2: Eliminar todas las formas de violencia contra todas las mujeres y ni\u00f1as en los \u00e1mbitos p\u00fablico y privado, incluida la trata y la explotaci\u00f3n sexual y de otro [&hellip;]<\/p>\n","protected":false},"author":3,"featured_media":0,"parent":0,"menu_order":0,"comment_status":"closed","ping_status":"closed","template":"","meta":{"_acf_changed":false,"give_campaign_id":0,"footnotes":""},"class_list":["post-11383","page","type-page","status-publish","hentry"],"acf":[],"yoast_head":"<!-- This site is optimized with the Yoast SEO plugin v26.5 - https:\/\/yoast.com\/wordpress\/plugins\/seo\/ -->\n<title>Perfil-Asociaci\u00f3n de SRS con Unizon para una sociedad con igualdad de g\u00e9nero libre de violencia - ICoCA - International Code of Conduct Association<\/title>\n<meta name=\"robots\" content=\"index, follow, max-snippet:-1, max-image-preview:large, max-video-preview:-1\" \/>\n<link rel=\"canonical\" href=\"https:\/\/icoca.ch\/es\/profile-srs-partnership-with-unizon-for-a-gender-equal-society-free-from-violence\/\" \/>\n<meta property=\"og:locale\" content=\"es_ES\" \/>\n<meta property=\"og:type\" content=\"article\" \/>\n<meta property=\"og:title\" content=\"Perfil-Asociaci\u00f3n de SRS con Unizon para una sociedad con igualdad de g\u00e9nero libre de violencia - ICoCA - International Code of Conduct Association\" \/>\n<meta property=\"og:description\" content=\"&nbsp; Objetivo de Desarrollo Sostenible 5: Lograr la igualdad de g\u00e9nero y empoderar a todas las mujeres y ni\u00f1as Meta del Objetivo de desarrollo sostenible (SDG) 5.2: Eliminar todas las formas de violencia contra todas las mujeres y ni\u00f1as en los \u00e1mbitos p\u00fablico y privado, incluida la trata y la explotaci\u00f3n sexual y de otro [&hellip;]\" \/>\n<meta property=\"og:url\" content=\"https:\/\/icoca.ch\/es\/profile-srs-partnership-with-unizon-for-a-gender-equal-society-free-from-violence\/\" \/>\n<meta property=\"og:site_name\" content=\"ICoCA - International Code of Conduct Association\" \/>\n<meta property=\"article:modified_time\" content=\"2023-03-22T15:34:13+00:00\" \/>\n<meta property=\"og:image\" content=\"https:\/\/icoca.ch\/wp-content\/uploads\/2020\/09\/SDG-5.png\" \/>\n<meta name=\"twitter:card\" content=\"summary_large_image\" \/>\n<meta name=\"twitter:label1\" content=\"Tiempo de lectura\" \/>\n\t<meta name=\"twitter:data1\" content=\"3 minutos\" \/>\n<script type=\"application\/ld+json\" class=\"yoast-schema-graph\">{\"@context\":\"https:\/\/schema.org\",\"@graph\":[{\"@type\":\"WebPage\",\"@id\":\"https:\/\/icoca.ch\/es\/profile-srs-partnership-with-unizon-for-a-gender-equal-society-free-from-violence\/\",\"url\":\"https:\/\/icoca.ch\/es\/profile-srs-partnership-with-unizon-for-a-gender-equal-society-free-from-violence\/\",\"name\":\"Perfil-Asociaci\u00f3n de SRS con Unizon para una sociedad con igualdad de g\u00e9nero libre de violencia - ICoCA - International Code of Conduct Association\",\"isPartOf\":{\"@id\":\"https:\/\/icoca.ch\/es\/#website\"},\"primaryImageOfPage\":{\"@id\":\"https:\/\/icoca.ch\/es\/profile-srs-partnership-with-unizon-for-a-gender-equal-society-free-from-violence\/#primaryimage\"},\"image\":{\"@id\":\"https:\/\/icoca.ch\/es\/profile-srs-partnership-with-unizon-for-a-gender-equal-society-free-from-violence\/#primaryimage\"},\"thumbnailUrl\":\"https:\/\/icoca.ch\/wp-content\/uploads\/2020\/09\/SDG-5.png\",\"datePublished\":\"2020-09-23T09:01:21+00:00\",\"dateModified\":\"2023-03-22T15:34:13+00:00\",\"breadcrumb\":{\"@id\":\"https:\/\/icoca.ch\/es\/profile-srs-partnership-with-unizon-for-a-gender-equal-society-free-from-violence\/#breadcrumb\"},\"inLanguage\":\"es\",\"potentialAction\":[{\"@type\":\"ReadAction\",\"target\":[\"https:\/\/icoca.ch\/es\/profile-srs-partnership-with-unizon-for-a-gender-equal-society-free-from-violence\/\"]}]},{\"@type\":\"ImageObject\",\"inLanguage\":\"es\",\"@id\":\"https:\/\/icoca.ch\/es\/profile-srs-partnership-with-unizon-for-a-gender-equal-society-free-from-violence\/#primaryimage\",\"url\":\"https:\/\/icoca.ch\/wp-content\/uploads\/2020\/09\/SDG-5.png\",\"contentUrl\":\"https:\/\/icoca.ch\/wp-content\/uploads\/2020\/09\/SDG-5.png\"},{\"@type\":\"BreadcrumbList\",\"@id\":\"https:\/\/icoca.ch\/es\/profile-srs-partnership-with-unizon-for-a-gender-equal-society-free-from-violence\/#breadcrumb\",\"itemListElement\":[{\"@type\":\"ListItem\",\"position\":1,\"name\":\"Home\",\"item\":\"https:\/\/icoca.ch\/es\/\"},{\"@type\":\"ListItem\",\"position\":2,\"name\":\"Perfil-Asociaci\u00f3n de SRS con Unizon para una sociedad con igualdad de g\u00e9nero libre de violencia\"}]},{\"@type\":\"WebSite\",\"@id\":\"https:\/\/icoca.ch\/es\/#website\",\"url\":\"https:\/\/icoca.ch\/es\/\",\"name\":\"ICoCA - International Code of Conduct Association\",\"description\":\"Promoting responsible private security\",\"publisher\":{\"@id\":\"https:\/\/icoca.ch\/es\/#organization\"},\"potentialAction\":[{\"@type\":\"SearchAction\",\"target\":{\"@type\":\"EntryPoint\",\"urlTemplate\":\"https:\/\/icoca.ch\/es\/?s={search_term_string}\"},\"query-input\":{\"@type\":\"PropertyValueSpecification\",\"valueRequired\":true,\"valueName\":\"search_term_string\"}}],\"inLanguage\":\"es\"},{\"@type\":\"Organization\",\"@id\":\"https:\/\/icoca.ch\/es\/#organization\",\"name\":\"ICoCA - International Code of Conduct Association\",\"url\":\"https:\/\/icoca.ch\/es\/\",\"logo\":{\"@type\":\"ImageObject\",\"inLanguage\":\"es\",\"@id\":\"https:\/\/icoca.ch\/es\/#\/schema\/logo\/image\/\",\"url\":\"https:\/\/icoca.ch\/wp-content\/uploads\/2024\/05\/ICoCA_2022_Full-White-Text@3x.png\",\"contentUrl\":\"https:\/\/icoca.ch\/wp-content\/uploads\/2024\/05\/ICoCA_2022_Full-White-Text@3x.png\",\"width\":9588,\"height\":4297,\"caption\":\"ICoCA - International Code of Conduct Association\"},\"image\":{\"@id\":\"https:\/\/icoca.ch\/es\/#\/schema\/logo\/image\/\"}}]}<\/script>\n<!-- \/ Yoast SEO plugin. -->","yoast_head_json":{"title":"Perfil-Asociaci\u00f3n de SRS con Unizon para una sociedad con igualdad de g\u00e9nero libre de violencia - ICoCA - International Code of Conduct Association","robots":{"index":"index","follow":"follow","max-snippet":"max-snippet:-1","max-image-preview":"max-image-preview:large","max-video-preview":"max-video-preview:-1"},"canonical":"https:\/\/icoca.ch\/es\/profile-srs-partnership-with-unizon-for-a-gender-equal-society-free-from-violence\/","og_locale":"es_ES","og_type":"article","og_title":"Perfil-Asociaci\u00f3n de SRS con Unizon para una sociedad con igualdad de g\u00e9nero libre de violencia - ICoCA - International Code of Conduct Association","og_description":"&nbsp; Objetivo de Desarrollo Sostenible 5: Lograr la igualdad de g\u00e9nero y empoderar a todas las mujeres y ni\u00f1as Meta del Objetivo de desarrollo sostenible (SDG) 5.2: Eliminar todas las formas de violencia contra todas las mujeres y ni\u00f1as en los \u00e1mbitos p\u00fablico y privado, incluida la trata y la explotaci\u00f3n sexual y de otro [&hellip;]","og_url":"https:\/\/icoca.ch\/es\/profile-srs-partnership-with-unizon-for-a-gender-equal-society-free-from-violence\/","og_site_name":"ICoCA - International Code of Conduct Association","article_modified_time":"2023-03-22T15:34:13+00:00","og_image":[{"url":"https:\/\/icoca.ch\/wp-content\/uploads\/2020\/09\/SDG-5.png","type":"","width":"","height":""}],"twitter_card":"summary_large_image","twitter_misc":{"Tiempo de lectura":"3 minutos"},"schema":{"@context":"https:\/\/schema.org","@graph":[{"@type":"WebPage","@id":"https:\/\/icoca.ch\/es\/profile-srs-partnership-with-unizon-for-a-gender-equal-society-free-from-violence\/","url":"https:\/\/icoca.ch\/es\/profile-srs-partnership-with-unizon-for-a-gender-equal-society-free-from-violence\/","name":"Perfil-Asociaci\u00f3n de SRS con Unizon para una sociedad con igualdad de g\u00e9nero libre de violencia - ICoCA - International Code of Conduct Association","isPartOf":{"@id":"https:\/\/icoca.ch\/es\/#website"},"primaryImageOfPage":{"@id":"https:\/\/icoca.ch\/es\/profile-srs-partnership-with-unizon-for-a-gender-equal-society-free-from-violence\/#primaryimage"},"image":{"@id":"https:\/\/icoca.ch\/es\/profile-srs-partnership-with-unizon-for-a-gender-equal-society-free-from-violence\/#primaryimage"},"thumbnailUrl":"https:\/\/icoca.ch\/wp-content\/uploads\/2020\/09\/SDG-5.png","datePublished":"2020-09-23T09:01:21+00:00","dateModified":"2023-03-22T15:34:13+00:00","breadcrumb":{"@id":"https:\/\/icoca.ch\/es\/profile-srs-partnership-with-unizon-for-a-gender-equal-society-free-from-violence\/#breadcrumb"},"inLanguage":"es","potentialAction":[{"@type":"ReadAction","target":["https:\/\/icoca.ch\/es\/profile-srs-partnership-with-unizon-for-a-gender-equal-society-free-from-violence\/"]}]},{"@type":"ImageObject","inLanguage":"es","@id":"https:\/\/icoca.ch\/es\/profile-srs-partnership-with-unizon-for-a-gender-equal-society-free-from-violence\/#primaryimage","url":"https:\/\/icoca.ch\/wp-content\/uploads\/2020\/09\/SDG-5.png","contentUrl":"https:\/\/icoca.ch\/wp-content\/uploads\/2020\/09\/SDG-5.png"},{"@type":"BreadcrumbList","@id":"https:\/\/icoca.ch\/es\/profile-srs-partnership-with-unizon-for-a-gender-equal-society-free-from-violence\/#breadcrumb","itemListElement":[{"@type":"ListItem","position":1,"name":"Home","item":"https:\/\/icoca.ch\/es\/"},{"@type":"ListItem","position":2,"name":"Perfil-Asociaci\u00f3n de SRS con Unizon para una sociedad con igualdad de g\u00e9nero libre de violencia"}]},{"@type":"WebSite","@id":"https:\/\/icoca.ch\/es\/#website","url":"https:\/\/icoca.ch\/es\/","name":"ICoCA - International Code of Conduct Association","description":"Promoting responsible private security","publisher":{"@id":"https:\/\/icoca.ch\/es\/#organization"},"potentialAction":[{"@type":"SearchAction","target":{"@type":"EntryPoint","urlTemplate":"https:\/\/icoca.ch\/es\/?s={search_term_string}"},"query-input":{"@type":"PropertyValueSpecification","valueRequired":true,"valueName":"search_term_string"}}],"inLanguage":"es"},{"@type":"Organization","@id":"https:\/\/icoca.ch\/es\/#organization","name":"ICoCA - International Code of Conduct Association","url":"https:\/\/icoca.ch\/es\/","logo":{"@type":"ImageObject","inLanguage":"es","@id":"https:\/\/icoca.ch\/es\/#\/schema\/logo\/image\/","url":"https:\/\/icoca.ch\/wp-content\/uploads\/2024\/05\/ICoCA_2022_Full-White-Text@3x.png","contentUrl":"https:\/\/icoca.ch\/wp-content\/uploads\/2024\/05\/ICoCA_2022_Full-White-Text@3x.png","width":9588,"height":4297,"caption":"ICoCA - International Code of Conduct Association"},"image":{"@id":"https:\/\/icoca.ch\/es\/#\/schema\/logo\/image\/"}}]}},"campaignId":"","_links":{"self":[{"href":"https:\/\/icoca.ch\/es\/wp-json\/wp\/v2\/pages\/11383","targetHints":{"allow":["GET"]}}],"collection":[{"href":"https:\/\/icoca.ch\/es\/wp-json\/wp\/v2\/pages"}],"about":[{"href":"https:\/\/icoca.ch\/es\/wp-json\/wp\/v2\/types\/page"}],"author":[{"embeddable":true,"href":"https:\/\/icoca.ch\/es\/wp-json\/wp\/v2\/users\/3"}],"replies":[{"embeddable":true,"href":"https:\/\/icoca.ch\/es\/wp-json\/wp\/v2\/comments?post=11383"}],"version-history":[{"count":0,"href":"https:\/\/icoca.ch\/es\/wp-json\/wp\/v2\/pages\/11383\/revisions"}],"wp:attachment":[{"href":"https:\/\/icoca.ch\/es\/wp-json\/wp\/v2\/media?parent=11383"}],"curies":[{"name":"wp","href":"https:\/\/api.w.org\/{rel}","templated":true}]}}