{"id":11364,"date":"2020-09-23T09:06:55","date_gmt":"2020-09-23T09:06:55","guid":{"rendered":"https:\/\/icoca.ch\/pillar-profile-hxza-china\/"},"modified":"2023-03-22T14:02:43","modified_gmt":"2023-03-22T14:02:43","slug":"pillar-profile-hxza-china","status":"publish","type":"page","link":"https:\/\/icoca.ch\/es\/pillar-profile-hxza-china\/","title":{"rendered":"Perfil del pilar &#8211; HXZA, China"},"content":{"rendered":"<p><strong>Puede hablarnos sobre HXZA y sus operaciones?<\/strong><\/p>\n<p>HXZA es el proveedor l\u00edder con sede en China de soluciones de seguridad y gesti\u00f3n de riesgos en entornos complejos de todo el mundo. Nuestra empresa privada, con m\u00e1s de 21 000 empleados, brinda servicios especializados centrados en el cliente para proteger sus activos y personal mediante la implementaci\u00f3n de estrategias de mitigaci\u00f3n de amenazas a medida que simplifican simult\u00e1neamente las operaciones y fortalecen la postura de seguridad, al tiempo que reducen los costos y construyen una marca responsable.<\/p>\n<p>Los servicios principales incluyen seguridad mar\u00edtima armada, respuesta ante secuestros y rescate (K&#038;R), protecci\u00f3n ejecutiva, seguridad est\u00e1tica del sitio, capacitaci\u00f3n, evaluaci\u00f3n de riesgos e integraci\u00f3n de tecnolog\u00eda de seguridad.<\/p>\n<p>El grupo de empresas de HXZA fue fundado en 2004 por el Sr. Weihong Yin, un exitoso hombre de negocios con amplia experiencia en la intersecci\u00f3n de seguridad y comercio. Como presidente y director ejecutivo, el Sr. Yin aporta una perspectiva \u00fanica sobre calidad, atenci\u00f3n al cliente y soluciones de protecci\u00f3n, habiendo generado para esta empresa una reputaci\u00f3n internacionalmente conocida de integridad y confianza a un nivel insuperable en Asia.<\/p>\n<p>Desde su fundaci\u00f3n, la empresa ha sido reconocida continuamente como l\u00edder de marca en la industria de la seguridad en China y en todo el mundo, conocida por su responsabilidad social empresarial, innovaci\u00f3n, cumplimiento total y garant\u00eda de calidad.<\/p>\n<p>&nbsp;<\/p>\n<p><strong>Por qu\u00e9 fue importante para HXZA unirse a la ICoCA y obtener su certificaci\u00f3n?<\/strong><\/p>\n<p>La gerencia de HXZA ha apoyado la armonizaci\u00f3n global de las normas de calidad y la aplicaci\u00f3n universal de las leyes de derechos humanos en el sector de la seguridad privada desde la creaci\u00f3n de la empresa. Es por esa raz\u00f3n que HXZA se motiv\u00f3 para convertirse en miembro fundador de la ICoCA en el inicio de la Asociaci\u00f3n.<\/p>\n<p>Muchas primeras veces evidencian el foco de la empresa en la calidad; entre ellas se incluyen ser la primera empresa en Asia en recibir la certificaci\u00f3n ISO 28007 y de la ICoCA, y la primera en China en realizar auditor\u00edas para ISO 18788 y PSC-1.<\/p>\n<p>HXZA se esfuerza constantemente por mejorar la calidad de los servicios de la empresa, promover una marca responsable y ser una fuerza genuina para el bien, que genera una repercusi\u00f3n positiva, pero de bajo perfil en las regiones sensibles donde opera. No hay mejor manera de demostrar este compromiso con los clientes y las autoridades pertinentes que mediante la certificaci\u00f3n de la ICoCA, que proporciona un verdadero reconocimiento independiente y una revisi\u00f3n de nuestros sistemas de gesti\u00f3n m\u00e1s all\u00e1 de las normas ISO para incluir la RSE y el cumplimiento de los derechos humanos.<\/p>\n<p>Esto es particularmente importante cuando se opera en entornos comerciales sensibles en Asia y \u00c1frica (nuestros principales mercados objetivo) y para evidenciar una oferta de servicios de mayor nivel que nuestra competencia.<\/p>\n<p>&nbsp;<\/p>\n<p><strong>C\u00f3mo se est\u00e1 desarrollando el sector de la seguridad privada en China y qu\u00e9 papel podr\u00eda desempe\u00f1ar la ICoCA para garantizar la seguridad responsable de las empresas de seguridad privada chinas?<\/strong><\/p>\n<p>El sector de la seguridad privada en China es enorme. Hay miles de empresas de seguridad privada (PSC) registradas en China y m\u00e1s de cinco millones de guardias de seguridad. Junto con HXZA, hay varias otras PSC sofisticadas chinas que operan en el extranjero.<\/p>\n<p>Todas estas empresas operan en varios niveles de prestaci\u00f3n de servicios, y el gobierno chino, tanto a nivel nacional como provincial, ha implementado varios esquemas de certificaci\u00f3n diferentes y lanzar\u00e1 otros nuevos en breve. Si bien estos esquemas han tra\u00eddo cierto orden a una industria que de otro modo ser\u00eda dif\u00edcil de manejar, todav\u00eda hay un margen significativo de mejora, que podr\u00eda venir en forma de certificaci\u00f3n independiente por medio de una iniciativa de m\u00faltiples partes interesadas como la ICoCA, que promueve la integraci\u00f3n del cumplimiento de los derechos humanos en la revisi\u00f3n operativa o de gesti\u00f3n.<\/p>\n<p>Por lo tanto, si bien las normas provinciales y nacionales en China pueden establecer los umbrales m\u00ednimos obligatorios para que opere una PSC, la ICoCA podr\u00eda servir como una norma m\u00e1xima voluntaria m\u00e1s alta para las mejores empresas, como HXZA, para evidenciar sus posiciones de liderazgo en el mercado y reflejar su capacidad real para ofrecer servicios sofisticados en entornos complejos a nivel mundial, especialmente con respecto a la RSE y los derechos humanos.<\/p>\n<p>Adem\u00e1s, cuando se observan las funciones de CB en China solo para auditor\u00edas ISO, es evidente que el mercado es complicado, como m\u00ednimo, ya que desafortunadamente algunos CB locales operan de manera inescrupulosa. Si bien la acreditaci\u00f3n UKAS est\u00e1 disponible para los niveles superiores del mercado donde HXZA est\u00e1 activa, no es accesible para muchas PSC m\u00e1s peque\u00f1as debido a las barreras ling\u00fc\u00edsticas o comerciales, as\u00ed como a la falta de conocimiento de los beneficios. La ICoCA podr\u00eda desempe\u00f1ar un papel como un segundo par de ojos para revisar de forma independiente los sistemas de gesti\u00f3n con un enfoque en la RSE y los derechos humanos m\u00e1s all\u00e1 de la auditor\u00eda ISO est\u00e1ndar por parte de los CB locales. Esto servir\u00eda como una soluci\u00f3n al problema de las PSC que reciben la certificaci\u00f3n a cambio de un pago solo o como favores basados en relaciones personales. La naturaleza neutral e independiente de la ICoCA y los controles y equilibrios internos derivados de ser una iniciativa de m\u00faltiples partes interesadas estructurada formalmente como una asociaci\u00f3n suiza sin fines de lucro pueden ser muy adecuados y atractivos en el mercado chino.<\/p>\n<p>&nbsp;<\/p>\n<p><strong>C\u00f3mo se podr\u00eda alentar a las empresas chinas a promover la seguridad responsable mediante sus cadenas de suministro contratando empresas miembro de la ICoCA?<\/strong><\/p>\n<p>Una palabra: educaci\u00f3n. Las empresas clientes chinas, junto con sus contrapartes globales, deben ser educadas sobre los beneficios de contratar a los miembros de la ICoCA. Este es especialmente el caso de las empresas que cotizan en bolsa y las estatales, que pueden tener una menor tolerancia al riesgo en todo el espectro de seguridad. Desafortunadamente, lo que a menudo se pasa por alto es el riesgo legal y de reputaci\u00f3n del cliente al contratar servicios de seguridad, especialmente con respecto a las posibles oportunidades de violaciones de los derechos humanos que son demasiado frecuentes en el sector de la seguridad.<\/p>\n<p>Si bien el riesgo de violaciones nunca se puede eliminar por completo, puede gestionarse profesionalmente, y la certificaci\u00f3n de la ICoCA de las PSC puede tranquilizar a los clientes, sus inversores y otras partes interesadas relacionadas a este respecto, al demostrar que la PSC tiene un sistema de gesti\u00f3n revisado y aprobado dise\u00f1ado para minimizar la probabilidad de una transgresi\u00f3n de los derechos humanos, que la empresa puede responder adecuadamente a cualquier incidente o transgresi\u00f3n en el improbable caso de que ocurra y, lo que es m\u00e1s importante, reafirmar un enfoque constante en los derechos humanos en toda la huella operativa de la PSC, desde la oficina del director ejecutivo hasta cada puesto de campo.<\/p>\n<p>&nbsp;<\/p>\n<p><strong>HXZA es actualmente la \u00fanica empresa de seguridad mar\u00edtima que posee la certificaci\u00f3n de la ICoCA, \u00bfpor qu\u00e9 es importante mejorar las normas dentro del sector mar\u00edtimo?<\/strong><\/p>\n<p>El sector de la seguridad mar\u00edtima ha estado atravesando una carrera por el \u00faltimo lugar. Impulsada por la ca\u00edda de los precios de oferta y los m\u00e1rgenes reducidos, la calidad ha disminuido lamentablemente en esta industria de nicho en los \u00faltimos a\u00f1os. Lograr la certificaci\u00f3n de la ICoCA con el alcance de servicio espec\u00edfico, prestaci\u00f3n de servicios de seguridad mar\u00edtima en el golfo de Ad\u00e9n, la costa este de \u00c1frica y el Oc\u00e9ano \u00cdndico es un gran hito para la empresa a medida que mantenemos los altos est\u00e1ndares que esperan nuestros clientes.<\/p>\n<p>Como el mayor proveedor de servicios de seguridad mar\u00edtima de China, con una participaci\u00f3n mayoritaria en el mercado chino, HXZA busc\u00f3 diferenciar nuestro nivel de servicio de la competencia y demostrar que no solo somos l\u00edderes en cantidad, sino que estamos completamente comprometidos con la calidad. La norma ISO 28007, que ahora se considera como la norma m\u00ednima obligatoria universal en esta industria, no fue suficiente para satisfacer el insaciable apetito de cumplimiento de los principales clientes internacionales debido a la naturaleza \u00fanica de nuestro trabajo. Sin embargo, la certificaci\u00f3n de la ICoCA proporciona evidencia tangible para nuestros clientes de que los servicios de HXZA siguen siendo l\u00edderes en el mercado. Contar con la certificaci\u00f3n de la ICoCA como una norma m\u00e1xima voluntaria por encima y m\u00e1s all\u00e1 de ISO 28007 agrega credibilidad y profesionalismo a nuestra mejor plataforma que los clientes no pueden encontrar en ning\u00fan otro lugar. Esto ha abierto nuevas oportunidades para HXZA m\u00e1s all\u00e1 de China, pues los clientes internacionales, especialmente los del norte de Europa, ahora entienden y aprecian la calidad de servicio mejorada disponible de HXZA, demostrable a trav\u00e9s de la certificaci\u00f3n de la ICoCA.<\/p>\n<p>En cuanto a la implementaci\u00f3n del C\u00f3digo Internacional de Conducta (ICoC) en la pr\u00e1ctica, no es ning\u00fan secreto que la industria mar\u00edtima en su conjunto tiene una reputaci\u00f3n terrible cuando se trata de derechos humanos, especialmente en la industria pesquera comercial donde HXZA es bastante activa. Contar con una estrategia y un sistema de gesti\u00f3n verificables para el cumplimiento de los derechos humanos, incluida la capacitaci\u00f3n de los operadores sobre derechos humanos y el ICoC, puede tener una influencia positiva de buena fe en este sector. Si bien todav\u00eda somos los \u00fanicos, esperamos no ser los \u00faltimos, y que muchas otras PSC que operan en el entorno mar\u00edtimo sigan el ejemplo y trabajen para obtener la certificaci\u00f3n de la ICoCA para demostrar su priorizaci\u00f3n de los derechos humanos en este entorno complejo.<\/p>\n<p>El sector de la seguridad mar\u00edtima necesita urgentemente una revisi\u00f3n, y creemos que la certificaci\u00f3n de la ICoCA es un m\u00e9todo clave para diferenciar a los actores serios, como HXZA, que mantienen un programa genuino de derechos humanos para apoyar la viabilidad comercial a largo plazo de las empresas endeudadas poco calificadas e insostenibles que simplemente se las arreglan con las tasas m\u00e1s bajas. No basta con decirlo, hay que hacerlo, y los clientes mar\u00edtimos obtendr\u00e1n lo que pagan.<\/p>\n<p>&nbsp;<\/p>\n<p><strong>M\u00e1s all\u00e1 de la certificaci\u00f3n, c\u00f3mo se ha beneficiado HXZA de ser miembro de la ICoCA?<\/strong><\/p>\n<p>Adem\u00e1s de certificarnos a nosotros mismos, lo cual fue un logro tremendo que evidencia nuestros est\u00e1ndares de calidad para los principales clientes, la ICoCA sirve como un foro para que identifiquemos y reclutemos socios y subcontratistas competentes, lo que nos brinda un alto nivel de garant\u00eda de que todos los sistemas y pol\u00edticas de los socios son proporcionales a los nuestros. Esto reduce nuestro propio riesgo y, posteriormente, el riesgo del cliente, al tiempo que aumenta las posibilidades de una relaci\u00f3n comercial exitosa basada en una cultura corporativa com\u00fan de cumplimiento.<\/p>\n<p>Muchos ven a la ICoCA solo como una organizaci\u00f3n de establecimiento y supervisi\u00f3n de normas. Sin embargo, vemos el pilar de la industria de la ICoCA tambi\u00e9n como una plataforma comercial para establecer contactos con otras empresas de ideas afines que tienen una prioridad compartida de integrar el cumplimiento y los derechos humanos en sus operaciones, y est\u00e1n comprometidas a defender estos valores e implementar el ICoC en todos sus negocios. Hacemos que la afiliaci\u00f3n a la ICoCA sea parte de nuestro proceso de investigaci\u00f3n al seleccionar socios o subcontratistas locales extranjeros; y, por lo tanto, alentar a las PSC locales de todo el mundo a considerar unirse a la ICoCA, aspirar a la certificaci\u00f3n y buscar oportunidades comerciales combinadas junto con otros miembros de la ICoCA.<\/p>\n","protected":false},"excerpt":{"rendered":"<p>Puede hablarnos sobre HXZA y sus operaciones? HXZA es el proveedor l\u00edder con sede en China de soluciones de seguridad y gesti\u00f3n de riesgos en entornos complejos de todo el mundo. Nuestra empresa privada, con m\u00e1s de 21 000 empleados, brinda servicios especializados centrados en el cliente para proteger sus activos y personal mediante la [&hellip;]<\/p>\n","protected":false},"author":3,"featured_media":0,"parent":0,"menu_order":0,"comment_status":"closed","ping_status":"closed","template":"","meta":{"_acf_changed":false,"give_campaign_id":0,"footnotes":""},"class_list":["post-11364","page","type-page","status-publish","hentry"],"acf":[],"yoast_head":"<!-- This site is optimized with the Yoast SEO plugin v26.5 - https:\/\/yoast.com\/wordpress\/plugins\/seo\/ -->\n<title>Perfil del pilar - HXZA, China - ICoCA - International Code of Conduct Association<\/title>\n<meta name=\"robots\" content=\"index, follow, max-snippet:-1, max-image-preview:large, max-video-preview:-1\" \/>\n<link rel=\"canonical\" href=\"https:\/\/icoca.ch\/es\/pillar-profile-hxza-china\/\" \/>\n<meta property=\"og:locale\" content=\"es_ES\" \/>\n<meta property=\"og:type\" content=\"article\" \/>\n<meta property=\"og:title\" content=\"Perfil del pilar - HXZA, China - ICoCA - International Code of Conduct Association\" \/>\n<meta property=\"og:description\" content=\"Puede hablarnos sobre HXZA y sus operaciones? HXZA es el proveedor l\u00edder con sede en China de soluciones de seguridad y gesti\u00f3n de riesgos en entornos complejos de todo el mundo. Nuestra empresa privada, con m\u00e1s de 21 000 empleados, brinda servicios especializados centrados en el cliente para proteger sus activos y personal mediante la [&hellip;]\" \/>\n<meta property=\"og:url\" content=\"https:\/\/icoca.ch\/es\/pillar-profile-hxza-china\/\" \/>\n<meta property=\"og:site_name\" content=\"ICoCA - International Code of Conduct Association\" \/>\n<meta property=\"article:modified_time\" content=\"2023-03-22T14:02:43+00:00\" \/>\n<meta name=\"twitter:card\" content=\"summary_large_image\" \/>\n<meta name=\"twitter:label1\" content=\"Tiempo de lectura\" \/>\n\t<meta name=\"twitter:data1\" content=\"7 minutos\" \/>\n<script type=\"application\/ld+json\" class=\"yoast-schema-graph\">{\"@context\":\"https:\/\/schema.org\",\"@graph\":[{\"@type\":\"WebPage\",\"@id\":\"https:\/\/icoca.ch\/es\/pillar-profile-hxza-china\/\",\"url\":\"https:\/\/icoca.ch\/es\/pillar-profile-hxza-china\/\",\"name\":\"Perfil del pilar - HXZA, China - ICoCA - International Code of Conduct Association\",\"isPartOf\":{\"@id\":\"https:\/\/icoca.ch\/es\/#website\"},\"datePublished\":\"2020-09-23T09:06:55+00:00\",\"dateModified\":\"2023-03-22T14:02:43+00:00\",\"breadcrumb\":{\"@id\":\"https:\/\/icoca.ch\/es\/pillar-profile-hxza-china\/#breadcrumb\"},\"inLanguage\":\"es\",\"potentialAction\":[{\"@type\":\"ReadAction\",\"target\":[\"https:\/\/icoca.ch\/es\/pillar-profile-hxza-china\/\"]}]},{\"@type\":\"BreadcrumbList\",\"@id\":\"https:\/\/icoca.ch\/es\/pillar-profile-hxza-china\/#breadcrumb\",\"itemListElement\":[{\"@type\":\"ListItem\",\"position\":1,\"name\":\"Home\",\"item\":\"https:\/\/icoca.ch\/es\/\"},{\"@type\":\"ListItem\",\"position\":2,\"name\":\"Perfil del pilar &#8211; HXZA, China\"}]},{\"@type\":\"WebSite\",\"@id\":\"https:\/\/icoca.ch\/es\/#website\",\"url\":\"https:\/\/icoca.ch\/es\/\",\"name\":\"ICoCA - International Code of Conduct Association\",\"description\":\"Promoting responsible private security\",\"publisher\":{\"@id\":\"https:\/\/icoca.ch\/es\/#organization\"},\"potentialAction\":[{\"@type\":\"SearchAction\",\"target\":{\"@type\":\"EntryPoint\",\"urlTemplate\":\"https:\/\/icoca.ch\/es\/?s={search_term_string}\"},\"query-input\":{\"@type\":\"PropertyValueSpecification\",\"valueRequired\":true,\"valueName\":\"search_term_string\"}}],\"inLanguage\":\"es\"},{\"@type\":\"Organization\",\"@id\":\"https:\/\/icoca.ch\/es\/#organization\",\"name\":\"ICoCA - International Code of Conduct Association\",\"url\":\"https:\/\/icoca.ch\/es\/\",\"logo\":{\"@type\":\"ImageObject\",\"inLanguage\":\"es\",\"@id\":\"https:\/\/icoca.ch\/es\/#\/schema\/logo\/image\/\",\"url\":\"https:\/\/icoca.ch\/wp-content\/uploads\/2024\/05\/ICoCA_2022_Full-White-Text@3x.png\",\"contentUrl\":\"https:\/\/icoca.ch\/wp-content\/uploads\/2024\/05\/ICoCA_2022_Full-White-Text@3x.png\",\"width\":9588,\"height\":4297,\"caption\":\"ICoCA - International Code of Conduct Association\"},\"image\":{\"@id\":\"https:\/\/icoca.ch\/es\/#\/schema\/logo\/image\/\"}}]}<\/script>\n<!-- \/ Yoast SEO plugin. -->","yoast_head_json":{"title":"Perfil del pilar - HXZA, China - ICoCA - International Code of Conduct Association","robots":{"index":"index","follow":"follow","max-snippet":"max-snippet:-1","max-image-preview":"max-image-preview:large","max-video-preview":"max-video-preview:-1"},"canonical":"https:\/\/icoca.ch\/es\/pillar-profile-hxza-china\/","og_locale":"es_ES","og_type":"article","og_title":"Perfil del pilar - HXZA, China - ICoCA - International Code of Conduct Association","og_description":"Puede hablarnos sobre HXZA y sus operaciones? HXZA es el proveedor l\u00edder con sede en China de soluciones de seguridad y gesti\u00f3n de riesgos en entornos complejos de todo el mundo. Nuestra empresa privada, con m\u00e1s de 21 000 empleados, brinda servicios especializados centrados en el cliente para proteger sus activos y personal mediante la [&hellip;]","og_url":"https:\/\/icoca.ch\/es\/pillar-profile-hxza-china\/","og_site_name":"ICoCA - International Code of Conduct Association","article_modified_time":"2023-03-22T14:02:43+00:00","twitter_card":"summary_large_image","twitter_misc":{"Tiempo de lectura":"7 minutos"},"schema":{"@context":"https:\/\/schema.org","@graph":[{"@type":"WebPage","@id":"https:\/\/icoca.ch\/es\/pillar-profile-hxza-china\/","url":"https:\/\/icoca.ch\/es\/pillar-profile-hxza-china\/","name":"Perfil del pilar - HXZA, China - ICoCA - International Code of Conduct Association","isPartOf":{"@id":"https:\/\/icoca.ch\/es\/#website"},"datePublished":"2020-09-23T09:06:55+00:00","dateModified":"2023-03-22T14:02:43+00:00","breadcrumb":{"@id":"https:\/\/icoca.ch\/es\/pillar-profile-hxza-china\/#breadcrumb"},"inLanguage":"es","potentialAction":[{"@type":"ReadAction","target":["https:\/\/icoca.ch\/es\/pillar-profile-hxza-china\/"]}]},{"@type":"BreadcrumbList","@id":"https:\/\/icoca.ch\/es\/pillar-profile-hxza-china\/#breadcrumb","itemListElement":[{"@type":"ListItem","position":1,"name":"Home","item":"https:\/\/icoca.ch\/es\/"},{"@type":"ListItem","position":2,"name":"Perfil del pilar &#8211; HXZA, China"}]},{"@type":"WebSite","@id":"https:\/\/icoca.ch\/es\/#website","url":"https:\/\/icoca.ch\/es\/","name":"ICoCA - International Code of Conduct Association","description":"Promoting responsible private security","publisher":{"@id":"https:\/\/icoca.ch\/es\/#organization"},"potentialAction":[{"@type":"SearchAction","target":{"@type":"EntryPoint","urlTemplate":"https:\/\/icoca.ch\/es\/?s={search_term_string}"},"query-input":{"@type":"PropertyValueSpecification","valueRequired":true,"valueName":"search_term_string"}}],"inLanguage":"es"},{"@type":"Organization","@id":"https:\/\/icoca.ch\/es\/#organization","name":"ICoCA - International Code of Conduct Association","url":"https:\/\/icoca.ch\/es\/","logo":{"@type":"ImageObject","inLanguage":"es","@id":"https:\/\/icoca.ch\/es\/#\/schema\/logo\/image\/","url":"https:\/\/icoca.ch\/wp-content\/uploads\/2024\/05\/ICoCA_2022_Full-White-Text@3x.png","contentUrl":"https:\/\/icoca.ch\/wp-content\/uploads\/2024\/05\/ICoCA_2022_Full-White-Text@3x.png","width":9588,"height":4297,"caption":"ICoCA - International Code of Conduct Association"},"image":{"@id":"https:\/\/icoca.ch\/es\/#\/schema\/logo\/image\/"}}]}},"campaignId":"","_links":{"self":[{"href":"https:\/\/icoca.ch\/es\/wp-json\/wp\/v2\/pages\/11364","targetHints":{"allow":["GET"]}}],"collection":[{"href":"https:\/\/icoca.ch\/es\/wp-json\/wp\/v2\/pages"}],"about":[{"href":"https:\/\/icoca.ch\/es\/wp-json\/wp\/v2\/types\/page"}],"author":[{"embeddable":true,"href":"https:\/\/icoca.ch\/es\/wp-json\/wp\/v2\/users\/3"}],"replies":[{"embeddable":true,"href":"https:\/\/icoca.ch\/es\/wp-json\/wp\/v2\/comments?post=11364"}],"version-history":[{"count":0,"href":"https:\/\/icoca.ch\/es\/wp-json\/wp\/v2\/pages\/11364\/revisions"}],"wp:attachment":[{"href":"https:\/\/icoca.ch\/es\/wp-json\/wp\/v2\/media?parent=11364"}],"curies":[{"name":"wp","href":"https:\/\/api.w.org\/{rel}","templated":true}]}}