{"id":11361,"date":"2020-09-23T09:05:13","date_gmt":"2020-09-23T09:05:13","guid":{"rendered":"https:\/\/icoca.ch\/pillar-profile-sediqi-security-services-afghanistan\/"},"modified":"2023-03-31T12:35:22","modified_gmt":"2023-03-31T12:35:22","slug":"pillar-profile-sediqi-security-services-afghanistan","status":"publish","type":"page","link":"https:\/\/icoca.ch\/es\/pillar-profile-sediqi-security-services-afghanistan\/","title":{"rendered":"Perfil del Pilar &#8211; Sediqi Security Services, Afganist\u00e1n"},"content":{"rendered":"<p><em><strong>Cu\u00e9ntenos sobre Sediqi Security Services.<\/strong><\/em><\/p>\n<p>Sediqi Security Services (SSS) ha estado operando como proveedor de seguridad con licencia en Afganist\u00e1n desde 2006. Como empresa de seguridad certificada ANSI\/ASIS PSC.1:2012, ISO 9001:2015 e ISO 18788:2015, SSS proporciona servicios de seguridad a la par con las normas internacionales. La empresa es miembro tanto de la Asociaci\u00f3n del C\u00f3digo Internacional de Conducta (ICoCA) como de la Asociaci\u00f3n Internacional de Operaciones de Estabilidad (ISOA).<\/p>\n<p>Somos una de las pocas empresas de seguridad nacional en Afganist\u00e1n con la capacidad de ejecutar cualquier tipo de contrato de seguridad. Proporcionamos guardias est\u00e1ticos, guardaespaldas individuales, equipos de seguridad m\u00f3viles, administradores de sitio y destacamento de seguridad personal. Nuestra experiencia nos permite proporcionar personal de seguridad profesional y bien capacitado capaz de desempe\u00f1arse en todos los campos de la industria de la seguridad. Tambi\u00e9n tenemos la ventaja agregada de contar con un equipo de asesoramiento m\u00e9dico y de seguridad de consultores internacionales y mentores de gesti\u00f3n operativa, que tienen una vasta experiencia en gesti\u00f3n de seguridad en todo el mundo. Contamos con un servicio de asesoramiento las 24 horas, que sirve de enlace con nuestro equipo local e internacional para todas las tareas m\u00e9dicas y de seguridad que realiza la empresa.<\/p>\n<p>&nbsp;<\/p>\n<p><em><strong>Mientras que la ICoCA tiene una serie de empresas miembro que operan en Afganist\u00e1n, Sediqi Security Services es la \u00fanica empresa miembro con sede en el pa\u00eds. Entonces, por qu\u00e9 la empresa se uni\u00f3 a la ICoCA y qu\u00e9 repercusi\u00f3n ha tenido la membres\u00eda?<\/strong><\/em><\/p>\n<p>SSS se uni\u00f3 a la ICoCA por varias razones. En primer lugar, ser reconocido internacionalmente y acreditado como un operador de seguridad certificado con alta calidad, y directrices internacionales a seguir. En segundo lugar, SSS respeta los derechos humanos y se preocupa por sus clientes y su seguridad. Como estos son tambi\u00e9n los principios fundamentales de la ICoCA, unirse a la Asociaci\u00f3n fue una cuesti\u00f3n natural. Dado que la ICoCA supervisa el desempe\u00f1o de sus miembros, SSS como miembro puede demostrar su implementaci\u00f3n adecuada de c\u00f3digos y mantenimiento de altos est\u00e1ndares. Despu\u00e9s de unirse a la ICOCA, Sediqi se ha vuelto m\u00e1s competente e igualmente calificada para operar cualquier tipo de contrato de seguridad. Ser miembro de la ICoCA nos ha ganado la confianza de los clientes.<\/p>\n<p>&nbsp;<\/p>\n<p><em><strong>Cu\u00e1les son los desaf\u00edos para operar como una empresa de seguridad privada responsable en Afganist\u00e1n?<\/strong><\/em><\/p>\n<p>Afganist\u00e1n es uno de los pa\u00edses considerados como una zona roja. Las empresas de seguridad en el pa\u00eds experimentan muchas amenazas y riesgos. La situaci\u00f3n y la toma de decisiones pol\u00edticas pueden afectar en gran medida a los proveedores de seguridad privada. La nueva regulaci\u00f3n gubernamental puede impedir que las empresas de seguridad privada operen, se les pueden retirar sus licencias para operar. Los cambios de poder, las transiciones pol\u00edticas y los incidentes pueden causar amenazas. Adem\u00e1s de esto, el caos pol\u00edtico puede conducir a ataques a los clientes, causar da\u00f1o al personal de seguridad, y esto incidentes pueden acarrear consecuencias. SSS no solo es responsable de la vida de nuestros clientes, sino tambi\u00e9n de nuestro propio personal extranjero y local.<\/p>\n<p>La imprevisibilidad de la situaci\u00f3n de seguridad puede ser otro desaf\u00edo. Muchos ataques y actividades terroristas pueden hacer que los trabajos de seguridad sean m\u00e1s dif\u00edciles y sensibles. La implementaci\u00f3n de pol\u00edticas de derechos humanos puede ser dif\u00edcil en algunas partes. Por ejemplo, las normas de empleo de la Carta de las Naciones Unidas indican que cualquier persona mayor de 18 a\u00f1os y con formaci\u00f3n especial puede calificar para puestos de seguridad, pero el gobierno de Afganist\u00e1n tiene una norma diferente que establece que las empresas privadas solo pueden contratar a personas mayores de 25 a\u00f1os. El propio gobierno puede contratar a personas mayores de 18 a\u00f1os, por lo que solo el gobierno puede reclutar j\u00f3venes. Reclutar personal confiable se vuelve dif\u00edcil porque las verificaciones de antecedentes y los procesos de contrataci\u00f3n pueden ser un desaf\u00edo en Afganist\u00e1n. Adoptamos un enfoque cauteloso y cuidadoso al reclutar. Y, por supuesto, estar en una zona roja significa que el seguro es costoso para nosotros en comparaci\u00f3n con otros pa\u00edses.<\/p>\n<p>&nbsp;<\/p>\n<p><em><strong>Sediqi Security Services se encuentra actualmente en proceso de obtener la certificaci\u00f3n de la ICoCA. \u00bfPuede hablarnos de esto?<\/strong><\/em><\/p>\n<p>Sediqi se convirti\u00f3 en miembro de la ICoCA en 2019 como parte de su obligaci\u00f3n con los m\u00e1s altos est\u00e1ndares y se ha beneficiado de la acreditaci\u00f3n y las pautas desde entonces. Despu\u00e9s de darse cuenta de la importancia de mejorar las normas de nuestra empresa, tanto con fines de seguridad como de compromiso con los derechos humanos, SSS ha decidido solicitar la certificaci\u00f3n de la ICoCA, que esperamos obtener. Mientras seleccion\u00e1bamos nuestro organismo de certificaci\u00f3n, quer\u00edamos un organismo acreditado. Recurrimos a la ICoCA por los antecedentes y la experiencia en proporcionar pautas espec\u00edficas para una empresa de seguridad privada. Ser miembro de la ICoCA nos ha calificado para muchas oportunidades de negocio. Ser miembro de la Asociaci\u00f3n tambi\u00e9n nos ha permitido establecer buenas relaciones con otras empresas, gracias a sus eventos y la Asamblea General.<\/p>\n<p>La operaci\u00f3n de nuestra empresa tambi\u00e9n se ha vuelto mucho m\u00e1s eficaz y disciplinada desde la adaptaci\u00f3n de ISO 9001, ISO 18788, PSC-1 y la ICoCA. Tener un conjunto de reglas espec\u00edficas a seguir se ha sumado al profesionalismo de Sediqi. Esto incluye una mejor capacitaci\u00f3n del personal y el equipo, y hacernos m\u00e1s competentes y competitivos a nivel internacional.<\/p>\n<p>&nbsp;<\/p>\n<p><em><strong>Qu\u00e9 deber\u00eda hacer la ICoCA para alentar a m\u00e1s empresas de seguridad afganas a unirse a la Asociaci\u00f3n y mejorar las normas de la industria en el pa\u00eds?<\/strong><\/em><\/p>\n<p>eo muchas empresas que no tienen la informaci\u00f3n necesaria sobre la certificaci\u00f3n y que podr\u00edan no conocer los beneficios de obtenerla. Nuestra mejor sugerencia es informar a las empresas afganas que elevar sus est\u00e1ndares y competencias mejorar\u00e1 su calidad y rendimiento. La ICoCA puede hacer esto desde su sitio web, al aprovechar las asociaciones locales para organizar eventos en el pa\u00eds, y enviar representantes donde no tienen presencia f\u00edsica. Veo a muchas empresas extranjeras hacer lo mismo en Afganist\u00e1n. Al invitar a las empresas de seguridad a estas reuniones, pueden explicarles el proceso y los beneficios de la ICoCA y la certificaci\u00f3n que ayudar\u00e1n a su desempe\u00f1o.<\/p>\n","protected":false},"excerpt":{"rendered":"<p>Cu\u00e9ntenos sobre Sediqi Security Services. Sediqi Security Services (SSS) ha estado operando como proveedor de seguridad con licencia en Afganist\u00e1n desde 2006. Como empresa de seguridad certificada ANSI\/ASIS PSC.1:2012, ISO 9001:2015 e ISO 18788:2015, SSS proporciona servicios de seguridad a la par con las normas internacionales. La empresa es miembro tanto de la Asociaci\u00f3n del [&hellip;]<\/p>\n","protected":false},"author":3,"featured_media":0,"parent":0,"menu_order":0,"comment_status":"closed","ping_status":"closed","template":"","meta":{"_acf_changed":false,"give_campaign_id":0,"footnotes":""},"class_list":["post-11361","page","type-page","status-publish","hentry"],"acf":[],"yoast_head":"<!-- This site is optimized with the Yoast SEO plugin v26.5 - https:\/\/yoast.com\/wordpress\/plugins\/seo\/ -->\n<title>Perfil del Pilar - Sediqi Security Services, Afganist\u00e1n - ICoCA - International Code of Conduct Association<\/title>\n<meta name=\"robots\" content=\"index, follow, max-snippet:-1, max-image-preview:large, max-video-preview:-1\" \/>\n<link rel=\"canonical\" href=\"https:\/\/icoca.ch\/es\/pillar-profile-sediqi-security-services-afghanistan\/\" \/>\n<meta property=\"og:locale\" content=\"es_ES\" \/>\n<meta property=\"og:type\" content=\"article\" \/>\n<meta property=\"og:title\" content=\"Perfil del Pilar - Sediqi Security Services, Afganist\u00e1n - ICoCA - International Code of Conduct Association\" \/>\n<meta property=\"og:description\" content=\"Cu\u00e9ntenos sobre Sediqi Security Services. Sediqi Security Services (SSS) ha estado operando como proveedor de seguridad con licencia en Afganist\u00e1n desde 2006. Como empresa de seguridad certificada ANSI\/ASIS PSC.1:2012, ISO 9001:2015 e ISO 18788:2015, SSS proporciona servicios de seguridad a la par con las normas internacionales. La empresa es miembro tanto de la Asociaci\u00f3n del [&hellip;]\" \/>\n<meta property=\"og:url\" content=\"https:\/\/icoca.ch\/es\/pillar-profile-sediqi-security-services-afghanistan\/\" \/>\n<meta property=\"og:site_name\" content=\"ICoCA - International Code of Conduct Association\" \/>\n<meta property=\"article:modified_time\" content=\"2023-03-31T12:35:22+00:00\" \/>\n<meta name=\"twitter:card\" content=\"summary_large_image\" \/>\n<meta name=\"twitter:label1\" content=\"Tiempo de lectura\" \/>\n\t<meta name=\"twitter:data1\" content=\"5 minutos\" \/>\n<script type=\"application\/ld+json\" class=\"yoast-schema-graph\">{\"@context\":\"https:\/\/schema.org\",\"@graph\":[{\"@type\":\"WebPage\",\"@id\":\"https:\/\/icoca.ch\/es\/pillar-profile-sediqi-security-services-afghanistan\/\",\"url\":\"https:\/\/icoca.ch\/es\/pillar-profile-sediqi-security-services-afghanistan\/\",\"name\":\"Perfil del Pilar - Sediqi Security Services, Afganist\u00e1n - ICoCA - International Code of Conduct Association\",\"isPartOf\":{\"@id\":\"https:\/\/icoca.ch\/es\/#website\"},\"datePublished\":\"2020-09-23T09:05:13+00:00\",\"dateModified\":\"2023-03-31T12:35:22+00:00\",\"breadcrumb\":{\"@id\":\"https:\/\/icoca.ch\/es\/pillar-profile-sediqi-security-services-afghanistan\/#breadcrumb\"},\"inLanguage\":\"es\",\"potentialAction\":[{\"@type\":\"ReadAction\",\"target\":[\"https:\/\/icoca.ch\/es\/pillar-profile-sediqi-security-services-afghanistan\/\"]}]},{\"@type\":\"BreadcrumbList\",\"@id\":\"https:\/\/icoca.ch\/es\/pillar-profile-sediqi-security-services-afghanistan\/#breadcrumb\",\"itemListElement\":[{\"@type\":\"ListItem\",\"position\":1,\"name\":\"Home\",\"item\":\"https:\/\/icoca.ch\/es\/\"},{\"@type\":\"ListItem\",\"position\":2,\"name\":\"Perfil del Pilar &#8211; Sediqi Security Services, Afganist\u00e1n\"}]},{\"@type\":\"WebSite\",\"@id\":\"https:\/\/icoca.ch\/es\/#website\",\"url\":\"https:\/\/icoca.ch\/es\/\",\"name\":\"ICoCA - International Code of Conduct Association\",\"description\":\"Promoting responsible private security\",\"publisher\":{\"@id\":\"https:\/\/icoca.ch\/es\/#organization\"},\"potentialAction\":[{\"@type\":\"SearchAction\",\"target\":{\"@type\":\"EntryPoint\",\"urlTemplate\":\"https:\/\/icoca.ch\/es\/?s={search_term_string}\"},\"query-input\":{\"@type\":\"PropertyValueSpecification\",\"valueRequired\":true,\"valueName\":\"search_term_string\"}}],\"inLanguage\":\"es\"},{\"@type\":\"Organization\",\"@id\":\"https:\/\/icoca.ch\/es\/#organization\",\"name\":\"ICoCA - International Code of Conduct Association\",\"url\":\"https:\/\/icoca.ch\/es\/\",\"logo\":{\"@type\":\"ImageObject\",\"inLanguage\":\"es\",\"@id\":\"https:\/\/icoca.ch\/es\/#\/schema\/logo\/image\/\",\"url\":\"https:\/\/icoca.ch\/wp-content\/uploads\/2024\/05\/ICoCA_2022_Full-White-Text@3x.png\",\"contentUrl\":\"https:\/\/icoca.ch\/wp-content\/uploads\/2024\/05\/ICoCA_2022_Full-White-Text@3x.png\",\"width\":9588,\"height\":4297,\"caption\":\"ICoCA - International Code of Conduct Association\"},\"image\":{\"@id\":\"https:\/\/icoca.ch\/es\/#\/schema\/logo\/image\/\"}}]}<\/script>\n<!-- \/ Yoast SEO plugin. -->","yoast_head_json":{"title":"Perfil del Pilar - Sediqi Security Services, Afganist\u00e1n - ICoCA - International Code of Conduct Association","robots":{"index":"index","follow":"follow","max-snippet":"max-snippet:-1","max-image-preview":"max-image-preview:large","max-video-preview":"max-video-preview:-1"},"canonical":"https:\/\/icoca.ch\/es\/pillar-profile-sediqi-security-services-afghanistan\/","og_locale":"es_ES","og_type":"article","og_title":"Perfil del Pilar - Sediqi Security Services, Afganist\u00e1n - ICoCA - International Code of Conduct Association","og_description":"Cu\u00e9ntenos sobre Sediqi Security Services. Sediqi Security Services (SSS) ha estado operando como proveedor de seguridad con licencia en Afganist\u00e1n desde 2006. Como empresa de seguridad certificada ANSI\/ASIS PSC.1:2012, ISO 9001:2015 e ISO 18788:2015, SSS proporciona servicios de seguridad a la par con las normas internacionales. La empresa es miembro tanto de la Asociaci\u00f3n del [&hellip;]","og_url":"https:\/\/icoca.ch\/es\/pillar-profile-sediqi-security-services-afghanistan\/","og_site_name":"ICoCA - International Code of Conduct Association","article_modified_time":"2023-03-31T12:35:22+00:00","twitter_card":"summary_large_image","twitter_misc":{"Tiempo de lectura":"5 minutos"},"schema":{"@context":"https:\/\/schema.org","@graph":[{"@type":"WebPage","@id":"https:\/\/icoca.ch\/es\/pillar-profile-sediqi-security-services-afghanistan\/","url":"https:\/\/icoca.ch\/es\/pillar-profile-sediqi-security-services-afghanistan\/","name":"Perfil del Pilar - Sediqi Security Services, Afganist\u00e1n - ICoCA - International Code of Conduct Association","isPartOf":{"@id":"https:\/\/icoca.ch\/es\/#website"},"datePublished":"2020-09-23T09:05:13+00:00","dateModified":"2023-03-31T12:35:22+00:00","breadcrumb":{"@id":"https:\/\/icoca.ch\/es\/pillar-profile-sediqi-security-services-afghanistan\/#breadcrumb"},"inLanguage":"es","potentialAction":[{"@type":"ReadAction","target":["https:\/\/icoca.ch\/es\/pillar-profile-sediqi-security-services-afghanistan\/"]}]},{"@type":"BreadcrumbList","@id":"https:\/\/icoca.ch\/es\/pillar-profile-sediqi-security-services-afghanistan\/#breadcrumb","itemListElement":[{"@type":"ListItem","position":1,"name":"Home","item":"https:\/\/icoca.ch\/es\/"},{"@type":"ListItem","position":2,"name":"Perfil del Pilar &#8211; Sediqi Security Services, Afganist\u00e1n"}]},{"@type":"WebSite","@id":"https:\/\/icoca.ch\/es\/#website","url":"https:\/\/icoca.ch\/es\/","name":"ICoCA - International Code of Conduct Association","description":"Promoting responsible private security","publisher":{"@id":"https:\/\/icoca.ch\/es\/#organization"},"potentialAction":[{"@type":"SearchAction","target":{"@type":"EntryPoint","urlTemplate":"https:\/\/icoca.ch\/es\/?s={search_term_string}"},"query-input":{"@type":"PropertyValueSpecification","valueRequired":true,"valueName":"search_term_string"}}],"inLanguage":"es"},{"@type":"Organization","@id":"https:\/\/icoca.ch\/es\/#organization","name":"ICoCA - International Code of Conduct Association","url":"https:\/\/icoca.ch\/es\/","logo":{"@type":"ImageObject","inLanguage":"es","@id":"https:\/\/icoca.ch\/es\/#\/schema\/logo\/image\/","url":"https:\/\/icoca.ch\/wp-content\/uploads\/2024\/05\/ICoCA_2022_Full-White-Text@3x.png","contentUrl":"https:\/\/icoca.ch\/wp-content\/uploads\/2024\/05\/ICoCA_2022_Full-White-Text@3x.png","width":9588,"height":4297,"caption":"ICoCA - International Code of Conduct Association"},"image":{"@id":"https:\/\/icoca.ch\/es\/#\/schema\/logo\/image\/"}}]}},"campaignId":"","_links":{"self":[{"href":"https:\/\/icoca.ch\/es\/wp-json\/wp\/v2\/pages\/11361","targetHints":{"allow":["GET"]}}],"collection":[{"href":"https:\/\/icoca.ch\/es\/wp-json\/wp\/v2\/pages"}],"about":[{"href":"https:\/\/icoca.ch\/es\/wp-json\/wp\/v2\/types\/page"}],"author":[{"embeddable":true,"href":"https:\/\/icoca.ch\/es\/wp-json\/wp\/v2\/users\/3"}],"replies":[{"embeddable":true,"href":"https:\/\/icoca.ch\/es\/wp-json\/wp\/v2\/comments?post=11361"}],"version-history":[{"count":0,"href":"https:\/\/icoca.ch\/es\/wp-json\/wp\/v2\/pages\/11361\/revisions"}],"wp:attachment":[{"href":"https:\/\/icoca.ch\/es\/wp-json\/wp\/v2\/media?parent=11361"}],"curies":[{"name":"wp","href":"https:\/\/api.w.org\/{rel}","templated":true}]}}