{"id":11309,"date":"2020-10-15T16:59:58","date_gmt":"2020-10-15T16:59:58","guid":{"rendered":"https:\/\/icoca.ch\/gardaworld-commitment-to-the-sdgs\/"},"modified":"2023-03-22T09:31:35","modified_gmt":"2023-03-22T09:31:35","slug":"gardaworld-commitment-to-the-sdgs","status":"publish","type":"page","link":"https:\/\/icoca.ch\/es\/gardaworld-commitment-to-the-sdgs\/","title":{"rendered":"GardaWorld Commitment to the SDGs"},"content":{"rendered":"<p>Mantener pr\u00e1cticas ambientales, sociales y de gobernanza (ESG, por sus siglas en ingl\u00e9s) s\u00f3lidas es importante para la forma en que operamos en GardaWorld, lo que est\u00e1 respaldado por nuestro compromiso con los objetivos de desarrollo sostenible (ODS) de las Naciones Unidas (ONU). Este compromiso est\u00e1 respaldado por nuestra adhesi\u00f3n al C\u00f3digo, que reconoce y apoya el papel que desempe\u00f1amos como empresa global responsable de seguridad privada.<\/p>\n<p>GardaWorld se compromete a respetar y defender los derechos humanos de todos aquellos que puedan verse afectados por nuestras actividades comerciales, y nos esforzamos por alinear nuestras acciones y pol\u00edticas con los objetivos identificados en los ODS de la ONU. Al promover el Objetivo 8 sobre Trabajo Decente y Crecimiento Econ\u00f3mico, GardaWorld lleva a cabo un proceso de contrataci\u00f3n respaldado por medidas no discriminatorias y el logro de la paridad de g\u00e9nero siempre que sea posible, mantiene una pol\u00edtica de contrataci\u00f3n local primero y lleva a cabo una evaluaci\u00f3n comparativa salarial en todas las \u00e1reas de operaci\u00f3n.  Apoyamos y nos guiamos por la Ley de Esclavitud Moderna (MSA) del Reino Unido y publicamos nuestra Declaraci\u00f3n de MSA en nuestro sitio web.<\/p>\n<p>l apoyar el Objetivo 16, que promueve la paz, la justicia y unas instituciones s\u00f3lidas, GardaWorld mantiene pol\u00edticas estrictas en torno a las Normas para el uso de la fuerza (RUF), la lucha contra el soborno y la corrupci\u00f3n, y el comportamiento violento. Estos altos niveles de profesionalismo se supervisan y mantienen por medio de los Equipos de Cumplimiento y Aseguramiento de la Compa\u00f1\u00eda, y el comit\u00e9 de cumplimiento s\u00e9nior, la Junta de Supervisi\u00f3n.<\/p>\n<p style=\"text-align: left;\"><img loading=\"lazy\" decoding=\"async\" class=\" wp-image-4203 alignright\" src=\"https:\/\/icoca.ch\/wp-content\/uploads\/2020\/10\/Garda-Photo-2-300x202.jpg\" alt=\"\" width=\"300\" height=\"202\" srcset=\"https:\/\/icoca.ch\/wp-content\/uploads\/2020\/10\/Garda-Photo-2-300x202.jpg 300w, https:\/\/icoca.ch\/wp-content\/uploads\/2020\/10\/Garda-Photo-2.jpg 326w\" sizes=\"auto, (max-width: 300px) 100vw, 300px\" \/><\/p>\n<p style=\"text-align: left;\">Nuestro compromiso con los ODS de la ONU y con las pr\u00e1cticas ESG se extiende m\u00e1s all\u00e1 de nuestras actividades comerciales principales, ejemplificado especialmente mediante nuestro variado programa de responsabilidad social corporativa impulsado por las necesidades. Gracias a una asociaci\u00f3n con Shamsa Children&#8217;s Village en Kabul, Afganist\u00e1n, apoyamos el desarrollo y la educaci\u00f3n de m\u00e1s de 100 hu\u00e9rfanos en un entorno familiar atento y permanente. En Kurdist\u00e1n, Irak, por medio de la provisi\u00f3n de recursos financieros y en especie, podemos apoyar el trabajo vital de la Fundaci\u00f3n SEED, incluido su programa contra la trata y la prestaci\u00f3n de servicios psicosociales y de salud mental para sobrevivientes de violencia y trata. Gracias a estos esfuerzos, y nuestra orientaci\u00f3n y seminarios web sobre la prevenci\u00f3n de la explotaci\u00f3n y el abuso sexuales (PSEA), podemos contribuir directamente al logro del ODS 5 sobre igualdad de g\u00e9nero y empoderamiento femenino, entre otros.<br \/>\nComo signatario del C\u00f3digo y miembro totalmente certificado de la ICoCA, y uno que apoya los ODS de la ONU y opera seg\u00fan los criterios ESG, GardaWorld ha podido desarrollar una cultura de mejores pr\u00e1cticas y un fuerte comportamiento \u00e9tico. Nuestro trabajo con la ICoCA, incluido el uso de su orientaci\u00f3n y herramientas, ha demostrado ser invaluable para promover estos altos est\u00e1ndares \u00e9ticos y regulatorios. Adem\u00e1s, el requisito de demostrar el cumplimiento del C\u00f3digo con el objeto de ser elegible para contratos de seguridad de muchos estados ha permitido a GardaWorld ser l\u00edder en la provisi\u00f3n de seguridad para los sectores diplom\u00e1tico y de ayuda.<\/p>\n<p>Finalmente, GardaWorld recibe con agrado la contribuci\u00f3n realizada por los miembros gubernamentales al trabajo de la ICoCA y cree que el crecimiento de este pilar de membres\u00eda ser\u00eda un importante contribuyente a mejorar las normas de los proveedores de seguridad privada a nivel mundial.<\/p>\n<p><img loading=\"lazy\" decoding=\"async\" class=\"aligncenter wp-image-4207\" src=\"https:\/\/icoca.ch\/wp-content\/uploads\/2020\/10\/Garda-Photo-3.jpg\" alt=\"\" width=\"553\" height=\"175\" srcset=\"https:\/\/icoca.ch\/wp-content\/uploads\/2020\/10\/Garda-Photo-3.jpg 796w, https:\/\/icoca.ch\/wp-content\/uploads\/2020\/10\/Garda-Photo-3-300x95.jpg 300w, https:\/\/icoca.ch\/wp-content\/uploads\/2020\/10\/Garda-Photo-3-768x243.jpg 768w, https:\/\/icoca.ch\/wp-content\/uploads\/2020\/10\/Garda-Photo-3-500x158.jpg 500w\" sizes=\"auto, (max-width: 553px) 100vw, 553px\" \/><\/p>\n<p>&nbsp;<\/p>\n","protected":false},"excerpt":{"rendered":"<p>Mantener pr\u00e1cticas ambientales, sociales y de gobernanza (ESG, por sus siglas en ingl\u00e9s) s\u00f3lidas es importante para la forma en que operamos en GardaWorld, lo que est\u00e1 respaldado por nuestro compromiso con los objetivos de desarrollo sostenible (ODS) de las Naciones Unidas (ONU). Este compromiso est\u00e1 respaldado por nuestra adhesi\u00f3n al C\u00f3digo, que reconoce y [&hellip;]<\/p>\n","protected":false},"author":3,"featured_media":0,"parent":0,"menu_order":0,"comment_status":"closed","ping_status":"closed","template":"","meta":{"_acf_changed":false,"give_campaign_id":0,"footnotes":""},"class_list":["post-11309","page","type-page","status-publish","hentry"],"acf":[],"yoast_head":"<!-- This site is optimized with the Yoast SEO plugin v26.5 - https:\/\/yoast.com\/wordpress\/plugins\/seo\/ -->\n<title>GardaWorld Commitment to the SDGs - ICoCA - International Code of Conduct Association<\/title>\n<meta name=\"robots\" content=\"index, follow, max-snippet:-1, max-image-preview:large, max-video-preview:-1\" \/>\n<link rel=\"canonical\" href=\"https:\/\/icoca.ch\/es\/gardaworld-commitment-to-the-sdgs\/\" \/>\n<meta property=\"og:locale\" content=\"es_ES\" \/>\n<meta property=\"og:type\" content=\"article\" \/>\n<meta property=\"og:title\" content=\"GardaWorld Commitment to the SDGs - ICoCA - International Code of Conduct Association\" \/>\n<meta property=\"og:description\" content=\"Mantener pr\u00e1cticas ambientales, sociales y de gobernanza (ESG, por sus siglas en ingl\u00e9s) s\u00f3lidas es importante para la forma en que operamos en GardaWorld, lo que est\u00e1 respaldado por nuestro compromiso con los objetivos de desarrollo sostenible (ODS) de las Naciones Unidas (ONU). Este compromiso est\u00e1 respaldado por nuestra adhesi\u00f3n al C\u00f3digo, que reconoce y [&hellip;]\" \/>\n<meta property=\"og:url\" content=\"https:\/\/icoca.ch\/es\/gardaworld-commitment-to-the-sdgs\/\" \/>\n<meta property=\"og:site_name\" content=\"ICoCA - International Code of Conduct Association\" \/>\n<meta property=\"article:modified_time\" content=\"2023-03-22T09:31:35+00:00\" \/>\n<meta property=\"og:image\" content=\"https:\/\/icoca.ch\/wp-content\/uploads\/2020\/10\/Garda-Photo-2-300x202.jpg\" \/>\n<meta name=\"twitter:card\" content=\"summary_large_image\" \/>\n<meta name=\"twitter:label1\" content=\"Tiempo de lectura\" \/>\n\t<meta name=\"twitter:data1\" content=\"3 minutos\" \/>\n<script type=\"application\/ld+json\" class=\"yoast-schema-graph\">{\"@context\":\"https:\/\/schema.org\",\"@graph\":[{\"@type\":\"WebPage\",\"@id\":\"https:\/\/icoca.ch\/es\/gardaworld-commitment-to-the-sdgs\/\",\"url\":\"https:\/\/icoca.ch\/es\/gardaworld-commitment-to-the-sdgs\/\",\"name\":\"GardaWorld Commitment to the SDGs - ICoCA - International Code of Conduct Association\",\"isPartOf\":{\"@id\":\"https:\/\/icoca.ch\/es\/#website\"},\"primaryImageOfPage\":{\"@id\":\"https:\/\/icoca.ch\/es\/gardaworld-commitment-to-the-sdgs\/#primaryimage\"},\"image\":{\"@id\":\"https:\/\/icoca.ch\/es\/gardaworld-commitment-to-the-sdgs\/#primaryimage\"},\"thumbnailUrl\":\"https:\/\/icoca.ch\/wp-content\/uploads\/2020\/10\/Garda-Photo-2-300x202.jpg\",\"datePublished\":\"2020-10-15T16:59:58+00:00\",\"dateModified\":\"2023-03-22T09:31:35+00:00\",\"breadcrumb\":{\"@id\":\"https:\/\/icoca.ch\/es\/gardaworld-commitment-to-the-sdgs\/#breadcrumb\"},\"inLanguage\":\"es\",\"potentialAction\":[{\"@type\":\"ReadAction\",\"target\":[\"https:\/\/icoca.ch\/es\/gardaworld-commitment-to-the-sdgs\/\"]}]},{\"@type\":\"ImageObject\",\"inLanguage\":\"es\",\"@id\":\"https:\/\/icoca.ch\/es\/gardaworld-commitment-to-the-sdgs\/#primaryimage\",\"url\":\"https:\/\/icoca.ch\/wp-content\/uploads\/2020\/10\/Garda-Photo-2-300x202.jpg\",\"contentUrl\":\"https:\/\/icoca.ch\/wp-content\/uploads\/2020\/10\/Garda-Photo-2-300x202.jpg\"},{\"@type\":\"BreadcrumbList\",\"@id\":\"https:\/\/icoca.ch\/es\/gardaworld-commitment-to-the-sdgs\/#breadcrumb\",\"itemListElement\":[{\"@type\":\"ListItem\",\"position\":1,\"name\":\"Home\",\"item\":\"https:\/\/icoca.ch\/es\/\"},{\"@type\":\"ListItem\",\"position\":2,\"name\":\"GardaWorld Commitment to the SDGs\"}]},{\"@type\":\"WebSite\",\"@id\":\"https:\/\/icoca.ch\/es\/#website\",\"url\":\"https:\/\/icoca.ch\/es\/\",\"name\":\"ICoCA - International Code of Conduct Association\",\"description\":\"Promoting responsible private security\",\"publisher\":{\"@id\":\"https:\/\/icoca.ch\/es\/#organization\"},\"potentialAction\":[{\"@type\":\"SearchAction\",\"target\":{\"@type\":\"EntryPoint\",\"urlTemplate\":\"https:\/\/icoca.ch\/es\/?s={search_term_string}\"},\"query-input\":{\"@type\":\"PropertyValueSpecification\",\"valueRequired\":true,\"valueName\":\"search_term_string\"}}],\"inLanguage\":\"es\"},{\"@type\":\"Organization\",\"@id\":\"https:\/\/icoca.ch\/es\/#organization\",\"name\":\"ICoCA - International Code of Conduct Association\",\"url\":\"https:\/\/icoca.ch\/es\/\",\"logo\":{\"@type\":\"ImageObject\",\"inLanguage\":\"es\",\"@id\":\"https:\/\/icoca.ch\/es\/#\/schema\/logo\/image\/\",\"url\":\"https:\/\/icoca.ch\/wp-content\/uploads\/2024\/05\/ICoCA_2022_Full-White-Text@3x.png\",\"contentUrl\":\"https:\/\/icoca.ch\/wp-content\/uploads\/2024\/05\/ICoCA_2022_Full-White-Text@3x.png\",\"width\":9588,\"height\":4297,\"caption\":\"ICoCA - International Code of Conduct Association\"},\"image\":{\"@id\":\"https:\/\/icoca.ch\/es\/#\/schema\/logo\/image\/\"}}]}<\/script>\n<!-- \/ Yoast SEO plugin. -->","yoast_head_json":{"title":"GardaWorld Commitment to the SDGs - ICoCA - International Code of Conduct Association","robots":{"index":"index","follow":"follow","max-snippet":"max-snippet:-1","max-image-preview":"max-image-preview:large","max-video-preview":"max-video-preview:-1"},"canonical":"https:\/\/icoca.ch\/es\/gardaworld-commitment-to-the-sdgs\/","og_locale":"es_ES","og_type":"article","og_title":"GardaWorld Commitment to the SDGs - ICoCA - International Code of Conduct Association","og_description":"Mantener pr\u00e1cticas ambientales, sociales y de gobernanza (ESG, por sus siglas en ingl\u00e9s) s\u00f3lidas es importante para la forma en que operamos en GardaWorld, lo que est\u00e1 respaldado por nuestro compromiso con los objetivos de desarrollo sostenible (ODS) de las Naciones Unidas (ONU). Este compromiso est\u00e1 respaldado por nuestra adhesi\u00f3n al C\u00f3digo, que reconoce y [&hellip;]","og_url":"https:\/\/icoca.ch\/es\/gardaworld-commitment-to-the-sdgs\/","og_site_name":"ICoCA - International Code of Conduct Association","article_modified_time":"2023-03-22T09:31:35+00:00","og_image":[{"url":"https:\/\/icoca.ch\/wp-content\/uploads\/2020\/10\/Garda-Photo-2-300x202.jpg","type":"","width":"","height":""}],"twitter_card":"summary_large_image","twitter_misc":{"Tiempo de lectura":"3 minutos"},"schema":{"@context":"https:\/\/schema.org","@graph":[{"@type":"WebPage","@id":"https:\/\/icoca.ch\/es\/gardaworld-commitment-to-the-sdgs\/","url":"https:\/\/icoca.ch\/es\/gardaworld-commitment-to-the-sdgs\/","name":"GardaWorld Commitment to the SDGs - ICoCA - International Code of Conduct Association","isPartOf":{"@id":"https:\/\/icoca.ch\/es\/#website"},"primaryImageOfPage":{"@id":"https:\/\/icoca.ch\/es\/gardaworld-commitment-to-the-sdgs\/#primaryimage"},"image":{"@id":"https:\/\/icoca.ch\/es\/gardaworld-commitment-to-the-sdgs\/#primaryimage"},"thumbnailUrl":"https:\/\/icoca.ch\/wp-content\/uploads\/2020\/10\/Garda-Photo-2-300x202.jpg","datePublished":"2020-10-15T16:59:58+00:00","dateModified":"2023-03-22T09:31:35+00:00","breadcrumb":{"@id":"https:\/\/icoca.ch\/es\/gardaworld-commitment-to-the-sdgs\/#breadcrumb"},"inLanguage":"es","potentialAction":[{"@type":"ReadAction","target":["https:\/\/icoca.ch\/es\/gardaworld-commitment-to-the-sdgs\/"]}]},{"@type":"ImageObject","inLanguage":"es","@id":"https:\/\/icoca.ch\/es\/gardaworld-commitment-to-the-sdgs\/#primaryimage","url":"https:\/\/icoca.ch\/wp-content\/uploads\/2020\/10\/Garda-Photo-2-300x202.jpg","contentUrl":"https:\/\/icoca.ch\/wp-content\/uploads\/2020\/10\/Garda-Photo-2-300x202.jpg"},{"@type":"BreadcrumbList","@id":"https:\/\/icoca.ch\/es\/gardaworld-commitment-to-the-sdgs\/#breadcrumb","itemListElement":[{"@type":"ListItem","position":1,"name":"Home","item":"https:\/\/icoca.ch\/es\/"},{"@type":"ListItem","position":2,"name":"GardaWorld Commitment to the SDGs"}]},{"@type":"WebSite","@id":"https:\/\/icoca.ch\/es\/#website","url":"https:\/\/icoca.ch\/es\/","name":"ICoCA - International Code of Conduct Association","description":"Promoting responsible private security","publisher":{"@id":"https:\/\/icoca.ch\/es\/#organization"},"potentialAction":[{"@type":"SearchAction","target":{"@type":"EntryPoint","urlTemplate":"https:\/\/icoca.ch\/es\/?s={search_term_string}"},"query-input":{"@type":"PropertyValueSpecification","valueRequired":true,"valueName":"search_term_string"}}],"inLanguage":"es"},{"@type":"Organization","@id":"https:\/\/icoca.ch\/es\/#organization","name":"ICoCA - International Code of Conduct Association","url":"https:\/\/icoca.ch\/es\/","logo":{"@type":"ImageObject","inLanguage":"es","@id":"https:\/\/icoca.ch\/es\/#\/schema\/logo\/image\/","url":"https:\/\/icoca.ch\/wp-content\/uploads\/2024\/05\/ICoCA_2022_Full-White-Text@3x.png","contentUrl":"https:\/\/icoca.ch\/wp-content\/uploads\/2024\/05\/ICoCA_2022_Full-White-Text@3x.png","width":9588,"height":4297,"caption":"ICoCA - International Code of Conduct Association"},"image":{"@id":"https:\/\/icoca.ch\/es\/#\/schema\/logo\/image\/"}}]}},"campaignId":"","_links":{"self":[{"href":"https:\/\/icoca.ch\/es\/wp-json\/wp\/v2\/pages\/11309","targetHints":{"allow":["GET"]}}],"collection":[{"href":"https:\/\/icoca.ch\/es\/wp-json\/wp\/v2\/pages"}],"about":[{"href":"https:\/\/icoca.ch\/es\/wp-json\/wp\/v2\/types\/page"}],"author":[{"embeddable":true,"href":"https:\/\/icoca.ch\/es\/wp-json\/wp\/v2\/users\/3"}],"replies":[{"embeddable":true,"href":"https:\/\/icoca.ch\/es\/wp-json\/wp\/v2\/comments?post=11309"}],"version-history":[{"count":0,"href":"https:\/\/icoca.ch\/es\/wp-json\/wp\/v2\/pages\/11309\/revisions"}],"wp:attachment":[{"href":"https:\/\/icoca.ch\/es\/wp-json\/wp\/v2\/media?parent=11309"}],"curies":[{"name":"wp","href":"https:\/\/api.w.org\/{rel}","templated":true}]}}