{"id":11289,"date":"2026-01-21T13:17:10","date_gmt":"2026-01-21T13:17:10","guid":{"rendered":"https:\/\/icoca.ch\/privacy-policy\/"},"modified":"2026-01-26T11:12:28","modified_gmt":"2026-01-26T11:12:28","slug":"privacy-policy","status":"publish","type":"page","link":"https:\/\/icoca.ch\/es\/privacy-policy\/","title":{"rendered":"Pol\u00edtica de privacidad"},"content":{"rendered":"<h2><strong>Declaraci\u00f3n general de principios<\/strong><\/h2>\n<p>1. Nos comprometemos a proteger la privacidad de los Miembros de ICoCA, suscriptores, visitantes del sitio web y usuarios de nuestros servicios. Como principio general, no compartiremos su informaci\u00f3n personal con terceros sin su consentimiento. Esta declaraci\u00f3n de privacidad explica c\u00f3mo recopilamos, usamos y compartimos informaci\u00f3n personal, as\u00ed como c\u00f3mo puede ejercer sus derechos de privacidad.<\/p>\n<p><strong>Revisamos y actualizamos continuamente nuestras pr\u00e1cticas para garantizar su alineaci\u00f3n con el Reglamento General de Protecci\u00f3n de Datos de la UE (RGPD, Reglamento (UE) 2016\/679), la Ley Federal Suiza de Protecci\u00f3n de Datos (LPD) y las mejores pr\u00e1cticas internacionales en materia de protecci\u00f3n de datos.<\/strong><\/p>\n<p>&nbsp;<\/p>\n<h2><strong>Informaci\u00f3n recopilada y finalidad del tratamiento de datos personales<\/strong><\/h2>\n<p>2. La siguiente secci\u00f3n describe las principales categor\u00edas de datos personales que podemos procesar y las finalidades para las que se utilizan.<\/p>\n<p><strong>Base legal para el tratamiento<\/strong><br \/>\nProcesamos datos personales \u00fanicamente cuando contamos con una base legal v\u00e1lida conforme a la legislaci\u00f3n aplicable en materia de protecci\u00f3n de datos. Dependiendo de la naturaleza de su interacci\u00f3n con ICoCA, podemos basarnos en distintos fundamentos legales para el tratamiento.<\/p>\n<ul>\n<li><strong>Datos de uso<\/strong> se procesan sobre la base de nuestros intereses leg\u00edtimos para mantener y mejorar nuestro sitio web y servicios.<\/li>\n<li><strong>Datos de correspondencia<\/strong> se procesan sobre la base de nuestros intereses leg\u00edtimos para responder a sus comunicaciones, mantener registros y garantizar el correcto funcionamiento de nuestros servicios.<\/li>\n<li><strong>Datos de cuenta y datos de usuario<\/strong> se procesan cuando es necesario para la ejecuci\u00f3n de un contrato o para tomar medidas a su solicitud antes de celebrar un contrato.<\/li>\n<li><strong>Datos de suscripci\u00f3n y datos de registro a eventos<\/strong> se procesan con su consentimiento, que puede retirar en cualquier momento.<\/li>\n<li><strong>Datos legales y de cumplimiento<\/strong> se procesan cuando es necesario para cumplir con una obligaci\u00f3n legal o para establecer, ejercer o defender derechos legales.<\/li>\n<\/ul>\n<p>En todos los casos, nos aseguramos de que nuestros intereses leg\u00edtimos se equilibren con sus derechos y libertades fundamentales, y que el tratamiento se realice de manera transparente y segura.<\/p>\n<p><strong>2.1. Datos de uso.<\/strong> Podemos recopilar y procesar informaci\u00f3n sobre su uso de nuestro sitio web y servicios (\u201cdatos de uso\u201d). Esto puede incluir su direcci\u00f3n IP, ubicaci\u00f3n geogr\u00e1fica, tipo y versi\u00f3n de navegador, sistema operativo, fuente de referencia, duraci\u00f3n de la visita, p\u00e1ginas vistas, rutas de navegaci\u00f3n en el sitio, as\u00ed como informaci\u00f3n sobre la hora, frecuencia y patrones de uso del servicio. La fuente de estos datos es Google Analytics. Estos datos se procesan de forma segura y se anonimizan cuando es posible, con el fin de analizar y mejorar nuestro sitio web y servicios.<\/p>\n<p>Utilizamos cookies y herramientas de an\u00e1lisis de acuerdo con la legislaci\u00f3n aplicable en materia de protecci\u00f3n de datos y privacidad electr\u00f3nica. Puede gestionar o retirar su consentimiento a trav\u00e9s de nuestro banner de cookies o la configuraci\u00f3n de su navegador.<\/p>\n<p><strong>2.2. Datos de correspondencia.<\/strong> Podemos recopilar y procesar informaci\u00f3n contenida en o relacionada con cualquier comunicaci\u00f3n que nos env\u00ede (\u201cdatos de correspondencia\u201d), incluido su contenido y metadatos. Todos los datos de correspondencia se almacenan de forma segura y el acceso est\u00e1 limitado al personal autorizado.<\/p>\n<p><strong>2.3. Datos de cuenta.<\/strong> Podemos recopilar y procesar la informaci\u00f3n que proporciona al registrarse (\u201cdatos de cuenta\u201d). Esto puede incluir su nombre, direcci\u00f3n de correo electr\u00f3nico y cualquier afiliaci\u00f3n que haya proporcionado a trav\u00e9s de nuestro formulario de registro. Los datos de cuenta se almacenan de forma segura con acceso restringido y se utilizan para comunicarnos con usted, registrarle en nuestro CRM y proporcionar acceso a los servicios de ICoCA.<\/p>\n<p><strong>2.4. Datos de usuario.<\/strong> Podemos recopilar y procesar informaci\u00f3n relacionada con su membres\u00eda en ICoCA (\u201cdatos de usuario\u201d). Esto puede incluir su nombre, afiliaci\u00f3n, cargo o funci\u00f3n, datos de contacto, direcci\u00f3n, detalles de la membres\u00eda y comunicaciones con nosotros o su empleador. Los datos de usuario se procesan cumpliendo con las medidas t\u00e9cnicas y organizativas de seguridad de ICoCA.<\/p>\n<p><strong>2.5. Datos de suscripci\u00f3n.<\/strong> Podemos recopilar y procesar la informaci\u00f3n que proporciona al suscribirse a nuestras notificaciones por correo electr\u00f3nico y\/o boletines informativos (\u201cdatos de suscripci\u00f3n\u201d). Estos datos se gestionan de acuerdo con sus preferencias y se almacenan de forma segura. Nuestro sitio web proporciona controles de privacidad para ayudarle a gestionar la configuraci\u00f3n de su suscripci\u00f3n.<\/p>\n<p><strong>2.6. Datos de registro a eventos.<\/strong> Podemos recopilar y procesar la informaci\u00f3n que proporciona al registrarse en eventos de ICoCA (\u201cdatos de registro a eventos\u201d). Estos datos pueden incluir su nombre, correo electr\u00f3nico, direcci\u00f3n, n\u00famero de tel\u00e9fono, fecha de nacimiento, empleador, cargo o funci\u00f3n, pa\u00eds, idioma y preferencias sobre el evento. Los datos de registro a eventos se comparten con proveedores externos solo cuando es necesario y bajo obligaciones contractuales de protecci\u00f3n de datos.<\/p>\n<p><strong>2.7. Datos legales y de cumplimiento.<\/strong> Podemos recopilar y procesar datos personales necesarios para establecer, ejercer o defender reclamaciones legales, o para cumplir con una obligaci\u00f3n legal (\u201cdatos legales y de cumplimiento\u201d). El procesamiento se realiza de forma segura y de acuerdo con nuestras medidas t\u00e9cnicas y organizativas de seguridad.<\/p>\n<p><strong>2.8. Responsable del tratamiento.<\/strong> El responsable del tratamiento de sus datos personales es la Asociaci\u00f3n del C\u00f3digo de Conducta Internacional (ICoCA), Ginebra, Suiza. Puede contactarnos en <a href=\"mailto:secretariat@icoca.ch\">secretariat@icoca.ch<\/a> para cualquier consulta relacionada con la privacidad.<\/p>\n<p><strong>2.9. Transferencias internacionales de datos.<\/strong> Cuando se transfieren datos personales fuera de Suiza o del EEE, garantizamos que dichas transferencias cumplan con la legislaci\u00f3n aplicable en materia de protecci\u00f3n de datos. Esto incluye basarse en decisiones de adecuaci\u00f3n o, cuando sea necesario, implementar garant\u00edas apropiadas como las Cl\u00e1usulas Contractuales Tipo de la Comisi\u00f3n Europea o instrumentos equivalentes conforme a la LPD. Para m\u00e1s detalles, puede contactarnos en <a href=\"mailto:secretariat@icoca.ch\">secretariat@icoca.ch<\/a>.<\/p>\n<p>&nbsp;<\/p>\n<h2><strong>Sus derechos<\/strong><\/h2>\n<p>3. La siguiente secci\u00f3n resume los derechos que posee seg\u00fan la legislaci\u00f3n de protecci\u00f3n de datos de la Uni\u00f3n Europea (RGPD) y otras regulaciones aplicables.<\/p>\n<p><strong>3.1. Derecho de acceso.<\/strong> Tiene derecho a saber si procesamos sus datos personales y, en caso afirmativo, a acceder a ellos, incluida la informaci\u00f3n sobre finalidades del tratamiento, categor\u00edas de datos personales y destinatarios.<\/p>\n<p><strong>3.2. Derecho de rectificaci\u00f3n.<\/strong> Tiene derecho a que se corrijan datos personales inexactos y a completar datos incompletos. Las correcciones se procesan en sistemas seguros para mantener la integridad de sus datos.<\/p>\n<p><strong>3.3. Derecho a la supresi\u00f3n (\u201cderecho al olvido\u201d).<\/strong> En determinadas circunstancias, puede solicitar la eliminaci\u00f3n de sus datos personales. Esto incluye casos en los que retire su consentimiento, se oponga al tratamiento o los datos ya no sean necesarios. Todas las solicitudes de supresi\u00f3n se procesan de forma segura y se le confirma cuando se ha completado. Pueden aplicarse excepciones por obligaciones legales, libertad de expresi\u00f3n o reclamaciones legales.<\/p>\n<p><strong>3.4. Derecho a la limitaci\u00f3n del tratamiento.<\/strong> Puede solicitar que limitemos el tratamiento de sus datos personales en determinadas circunstancias: si impugna la exactitud de los datos, si el tratamiento es ilegal, si los datos ya no son necesarios pero se requieren para reclamaciones legales, o si se opone y se est\u00e1 verificando la situaci\u00f3n. Durante la limitaci\u00f3n, sus datos personales solo se procesar\u00e1n de acuerdo con las medidas t\u00e9cnicas y organizativas de seguridad de ICoCA.<\/p>\n<p><strong>3.5. Obligaci\u00f3n de notificaci\u00f3n.<\/strong> Cuando rectifiquemos, eliminemos o limitemos el tratamiento de sus datos personales, notificaremos a los destinatarios a quienes se hayan comunicado, salvo que sea imposible o requiera un esfuerzo desproporcionado. A solicitud, podemos informarle sobre esos destinatarios.<\/p>\n<p><strong>3.6. Derecho a la portabilidad de datos.<\/strong> Cuando el tratamiento se base en consentimiento o contrato, tiene derecho a recibir sus datos personales en un formato estructurado, de uso com\u00fan y legible por m\u00e1quina. Tambi\u00e9n puede transmitir sus datos a otro responsable del tratamiento cuando sea t\u00e9cnicamente posible.<\/p>\n<p><strong>3.7. Derecho de oposici\u00f3n.<\/strong> Puede oponerse al procesamiento de sus datos personales en cualquier momento en funci\u00f3n de su situaci\u00f3n, especialmente cuando el procesamiento se base en tareas p\u00fablicas o intereses leg\u00edtimos. Detendremos el procesamiento a menos que existan motivos imperiosos que prevalezcan sobre su objeci\u00f3n. Todas las oposiciones se gestionan de manera segura.<\/p>\n<p><strong>3.8. Derechos relativos a decisiones automatizadas.<\/strong> Tiene derecho a no estar sujeto a decisiones basadas \u00fanicamente en procesos automatizados, incluido el perfilado, que le afecten significativamente. Puede solicitar intervenci\u00f3n humana, expresar su punto de vista o impugnar dichas decisiones.<\/p>\n<p><strong>3.9. Derecho a retirar el consentimiento.<\/strong> Si el tratamiento se basa en su consentimiento, puede retirarlo en cualquier momento. El retiro no afecta la legalidad del tratamiento previo y se gestiona de manera segura.<\/p>\n<p><strong>3.10. Derecho a presentar una queja.<\/strong> Tiene derecho a presentar una queja ante la autoridad de supervisi\u00f3n si considera que sus datos han sido tratados ilegalmente. Si se encuentra en la UE\/EEE, puede presentar una queja ante su autoridad nacional de protecci\u00f3n de datos. Si se encuentra en Suiza, puede contactar con el Comisionado Federal de Protecci\u00f3n de Datos y Transparencia (PFPDT). ICoCA le asistir\u00e1 en la presentaci\u00f3n de la queja si es necesario.<\/p>\n<p><strong>3.11. Ejercicio de sus derechos.<\/strong> Puede ejercer sus derechos por escrito o a trav\u00e9s de los canales designados. Todas las solicitudes se registran y procesan mediante procedimientos seguros para proteger sus datos personales.<\/p>\n<p>&nbsp;<\/p>\n<h2><strong>Conservaci\u00f3n y eliminaci\u00f3n de datos personales<\/strong><\/h2>\n<p>4. Conservamos los datos personales solo mientras sean necesarios para las finalidades descritas en esta declaraci\u00f3n o cuando lo exijan obligaciones contractuales o legales.<\/p>\n<p>4.1. Los datos se almacenan de forma segura y el acceso es limitado. Los datos personales se conservan de acuerdo con la legislaci\u00f3n aplicable en materia de protecci\u00f3n de datos. El acceso se restringe al personal autorizado y se gestiona mediante medidas t\u00e9cnicas y organizativas apropiadas, incluido el almacenamiento seguro fuera de l\u00ednea.<\/p>\n<p>4.2. Cuando los datos personales ya no sean necesarios para las finalidades para las que fueron recopilados, se eliminar\u00e1n o anonimizar\u00e1n de forma segura. Si la eliminaci\u00f3n no es posible por razones legales, regulatorias o t\u00e9cnicas, se limitar\u00e1 el acceso y se garantizar\u00e1 la confidencialidad e integridad mediante medidas de protecci\u00f3n apropiadas.<\/p>\n<p>&nbsp;<\/p>\n<h2><strong>Modificaciones<\/strong><\/h2>\n<p>5. Podemos actualizar peri\u00f3dicamente esta declaraci\u00f3n de privacidad para reflejar cambios en nuestras pr\u00e1cticas, tecnolog\u00edas o requisitos legales. Las modificaciones importantes se comunicar\u00e1n en nuestro sitio web y, cuando sea posible, se notificar\u00e1n por correo electr\u00f3nico.<\/p>\n<p>&nbsp;<\/p>\n<h2><strong>Preguntas y preocupaciones<\/strong><\/h2>\n<p>6. Si tiene preguntas, inquietudes o quejas sobre esta declaraci\u00f3n o sobre el tratamiento de sus datos personales, cont\u00e1ctenos en:<\/p>\n<p style=\"padding-left: 40px;\">International Code of Conduct for Private Security Service Providers\u2019 Association<\/p>\n<p style=\"padding-left: 40px;\">Kyoto Building, 4<sup>o<\/sup> Piso<\/p>\n<p style=\"padding-left: 40px;\">Chemin du Pommier 42<\/p>\n<p style=\"padding-left: 40px;\">CH-1218 Grand-Saconnex, Ginebra, Suiza<\/p>\n<p style=\"padding-left: 40px;\"><a href=\"mailto:secretariat@icoca.ch\">secretariat@icoca.ch<\/a><\/p>\n","protected":false},"excerpt":{"rendered":"<p>Declaraci\u00f3n general de principios 1. Nos comprometemos a proteger la privacidad de los Miembros de ICoCA, suscriptores, visitantes del sitio web y usuarios de nuestros servicios. Como principio general, no compartiremos su informaci\u00f3n personal con terceros sin su consentimiento. Esta declaraci\u00f3n de privacidad explica c\u00f3mo recopilamos, usamos y compartimos informaci\u00f3n personal, as\u00ed como c\u00f3mo puede [&hellip;]<\/p>\n","protected":false},"author":3,"featured_media":0,"parent":0,"menu_order":0,"comment_status":"closed","ping_status":"open","template":"","meta":{"_acf_changed":false,"give_campaign_id":0,"footnotes":""},"class_list":["post-11289","page","type-page","status-publish","hentry"],"acf":[],"yoast_head":"<!-- This site is optimized with the Yoast SEO plugin v26.5 - https:\/\/yoast.com\/wordpress\/plugins\/seo\/ -->\n<title>Pol\u00edtica de privacidad - ICoCA - International Code of Conduct Association<\/title>\n<meta name=\"robots\" content=\"index, follow, max-snippet:-1, max-image-preview:large, max-video-preview:-1\" \/>\n<link rel=\"canonical\" href=\"https:\/\/icoca.ch\/es\/privacy-policy\/\" \/>\n<meta property=\"og:locale\" content=\"es_ES\" \/>\n<meta property=\"og:type\" content=\"article\" \/>\n<meta property=\"og:title\" content=\"Pol\u00edtica de privacidad - ICoCA - International Code of Conduct Association\" \/>\n<meta property=\"og:description\" content=\"Declaraci\u00f3n general de principios 1. Nos comprometemos a proteger la privacidad de los Miembros de ICoCA, suscriptores, visitantes del sitio web y usuarios de nuestros servicios. Como principio general, no compartiremos su informaci\u00f3n personal con terceros sin su consentimiento. Esta declaraci\u00f3n de privacidad explica c\u00f3mo recopilamos, usamos y compartimos informaci\u00f3n personal, as\u00ed como c\u00f3mo puede [&hellip;]\" \/>\n<meta property=\"og:url\" content=\"https:\/\/icoca.ch\/es\/privacy-policy\/\" \/>\n<meta property=\"og:site_name\" content=\"ICoCA - International Code of Conduct Association\" \/>\n<meta property=\"article:modified_time\" content=\"2026-01-26T11:12:28+00:00\" \/>\n<meta name=\"twitter:card\" content=\"summary_large_image\" \/>\n<meta name=\"twitter:label1\" content=\"Tiempo de lectura\" \/>\n\t<meta name=\"twitter:data1\" content=\"8 minutos\" \/>\n<script type=\"application\/ld+json\" class=\"yoast-schema-graph\">{\"@context\":\"https:\/\/schema.org\",\"@graph\":[{\"@type\":\"WebPage\",\"@id\":\"https:\/\/icoca.ch\/es\/privacy-policy\/\",\"url\":\"https:\/\/icoca.ch\/es\/privacy-policy\/\",\"name\":\"Pol\u00edtica de privacidad - ICoCA - International Code of Conduct Association\",\"isPartOf\":{\"@id\":\"https:\/\/icoca.ch\/es\/#website\"},\"datePublished\":\"2026-01-21T13:17:10+00:00\",\"dateModified\":\"2026-01-26T11:12:28+00:00\",\"breadcrumb\":{\"@id\":\"https:\/\/icoca.ch\/es\/privacy-policy\/#breadcrumb\"},\"inLanguage\":\"es\",\"potentialAction\":[{\"@type\":\"ReadAction\",\"target\":[\"https:\/\/icoca.ch\/es\/privacy-policy\/\"]}]},{\"@type\":\"BreadcrumbList\",\"@id\":\"https:\/\/icoca.ch\/es\/privacy-policy\/#breadcrumb\",\"itemListElement\":[{\"@type\":\"ListItem\",\"position\":1,\"name\":\"Home\",\"item\":\"https:\/\/icoca.ch\/es\/\"},{\"@type\":\"ListItem\",\"position\":2,\"name\":\"Pol\u00edtica de privacidad\"}]},{\"@type\":\"WebSite\",\"@id\":\"https:\/\/icoca.ch\/es\/#website\",\"url\":\"https:\/\/icoca.ch\/es\/\",\"name\":\"ICoCA - International Code of Conduct Association\",\"description\":\"Promoting responsible private security\",\"publisher\":{\"@id\":\"https:\/\/icoca.ch\/es\/#organization\"},\"potentialAction\":[{\"@type\":\"SearchAction\",\"target\":{\"@type\":\"EntryPoint\",\"urlTemplate\":\"https:\/\/icoca.ch\/es\/?s={search_term_string}\"},\"query-input\":{\"@type\":\"PropertyValueSpecification\",\"valueRequired\":true,\"valueName\":\"search_term_string\"}}],\"inLanguage\":\"es\"},{\"@type\":\"Organization\",\"@id\":\"https:\/\/icoca.ch\/es\/#organization\",\"name\":\"ICoCA - International Code of Conduct Association\",\"url\":\"https:\/\/icoca.ch\/es\/\",\"logo\":{\"@type\":\"ImageObject\",\"inLanguage\":\"es\",\"@id\":\"https:\/\/icoca.ch\/es\/#\/schema\/logo\/image\/\",\"url\":\"https:\/\/icoca.ch\/wp-content\/uploads\/2024\/05\/ICoCA_2022_Full-White-Text@3x.png\",\"contentUrl\":\"https:\/\/icoca.ch\/wp-content\/uploads\/2024\/05\/ICoCA_2022_Full-White-Text@3x.png\",\"width\":9588,\"height\":4297,\"caption\":\"ICoCA - International Code of Conduct Association\"},\"image\":{\"@id\":\"https:\/\/icoca.ch\/es\/#\/schema\/logo\/image\/\"}}]}<\/script>\n<!-- \/ Yoast SEO plugin. -->","yoast_head_json":{"title":"Pol\u00edtica de privacidad - ICoCA - International Code of Conduct Association","robots":{"index":"index","follow":"follow","max-snippet":"max-snippet:-1","max-image-preview":"max-image-preview:large","max-video-preview":"max-video-preview:-1"},"canonical":"https:\/\/icoca.ch\/es\/privacy-policy\/","og_locale":"es_ES","og_type":"article","og_title":"Pol\u00edtica de privacidad - ICoCA - International Code of Conduct Association","og_description":"Declaraci\u00f3n general de principios 1. Nos comprometemos a proteger la privacidad de los Miembros de ICoCA, suscriptores, visitantes del sitio web y usuarios de nuestros servicios. Como principio general, no compartiremos su informaci\u00f3n personal con terceros sin su consentimiento. Esta declaraci\u00f3n de privacidad explica c\u00f3mo recopilamos, usamos y compartimos informaci\u00f3n personal, as\u00ed como c\u00f3mo puede [&hellip;]","og_url":"https:\/\/icoca.ch\/es\/privacy-policy\/","og_site_name":"ICoCA - International Code of Conduct Association","article_modified_time":"2026-01-26T11:12:28+00:00","twitter_card":"summary_large_image","twitter_misc":{"Tiempo de lectura":"8 minutos"},"schema":{"@context":"https:\/\/schema.org","@graph":[{"@type":"WebPage","@id":"https:\/\/icoca.ch\/es\/privacy-policy\/","url":"https:\/\/icoca.ch\/es\/privacy-policy\/","name":"Pol\u00edtica de privacidad - ICoCA - International Code of Conduct Association","isPartOf":{"@id":"https:\/\/icoca.ch\/es\/#website"},"datePublished":"2026-01-21T13:17:10+00:00","dateModified":"2026-01-26T11:12:28+00:00","breadcrumb":{"@id":"https:\/\/icoca.ch\/es\/privacy-policy\/#breadcrumb"},"inLanguage":"es","potentialAction":[{"@type":"ReadAction","target":["https:\/\/icoca.ch\/es\/privacy-policy\/"]}]},{"@type":"BreadcrumbList","@id":"https:\/\/icoca.ch\/es\/privacy-policy\/#breadcrumb","itemListElement":[{"@type":"ListItem","position":1,"name":"Home","item":"https:\/\/icoca.ch\/es\/"},{"@type":"ListItem","position":2,"name":"Pol\u00edtica de privacidad"}]},{"@type":"WebSite","@id":"https:\/\/icoca.ch\/es\/#website","url":"https:\/\/icoca.ch\/es\/","name":"ICoCA - International Code of Conduct Association","description":"Promoting responsible private security","publisher":{"@id":"https:\/\/icoca.ch\/es\/#organization"},"potentialAction":[{"@type":"SearchAction","target":{"@type":"EntryPoint","urlTemplate":"https:\/\/icoca.ch\/es\/?s={search_term_string}"},"query-input":{"@type":"PropertyValueSpecification","valueRequired":true,"valueName":"search_term_string"}}],"inLanguage":"es"},{"@type":"Organization","@id":"https:\/\/icoca.ch\/es\/#organization","name":"ICoCA - International Code of Conduct Association","url":"https:\/\/icoca.ch\/es\/","logo":{"@type":"ImageObject","inLanguage":"es","@id":"https:\/\/icoca.ch\/es\/#\/schema\/logo\/image\/","url":"https:\/\/icoca.ch\/wp-content\/uploads\/2024\/05\/ICoCA_2022_Full-White-Text@3x.png","contentUrl":"https:\/\/icoca.ch\/wp-content\/uploads\/2024\/05\/ICoCA_2022_Full-White-Text@3x.png","width":9588,"height":4297,"caption":"ICoCA - International Code of Conduct Association"},"image":{"@id":"https:\/\/icoca.ch\/es\/#\/schema\/logo\/image\/"}}]}},"campaignId":"","_links":{"self":[{"href":"https:\/\/icoca.ch\/es\/wp-json\/wp\/v2\/pages\/11289","targetHints":{"allow":["GET"]}}],"collection":[{"href":"https:\/\/icoca.ch\/es\/wp-json\/wp\/v2\/pages"}],"about":[{"href":"https:\/\/icoca.ch\/es\/wp-json\/wp\/v2\/types\/page"}],"author":[{"embeddable":true,"href":"https:\/\/icoca.ch\/es\/wp-json\/wp\/v2\/users\/3"}],"replies":[{"embeddable":true,"href":"https:\/\/icoca.ch\/es\/wp-json\/wp\/v2\/comments?post=11289"}],"version-history":[{"count":3,"href":"https:\/\/icoca.ch\/es\/wp-json\/wp\/v2\/pages\/11289\/revisions"}],"predecessor-version":[{"id":81509,"href":"https:\/\/icoca.ch\/es\/wp-json\/wp\/v2\/pages\/11289\/revisions\/81509"}],"wp:attachment":[{"href":"https:\/\/icoca.ch\/es\/wp-json\/wp\/v2\/media?parent=11289"}],"curies":[{"name":"wp","href":"https:\/\/api.w.org\/{rel}","templated":true}]}}