{"id":11279,"date":"2021-12-03T07:09:09","date_gmt":"2021-12-03T07:09:09","guid":{"rendered":"https:\/\/icoca.ch\/what-we-do\/certification\/"},"modified":"2026-02-12T09:49:43","modified_gmt":"2026-02-12T09:49:43","slug":"certification","status":"publish","type":"page","link":"https:\/\/icoca.ch\/es\/what-we-do\/certification\/","title":{"rendered":"Certificaci\u00f3n"},"content":{"rendered":"<p>Estar certificado por ICoCA proporciona garant\u00eda de que los procedimientos y pr\u00e1cticas de la empresa cumplen con el C\u00f3digo. Como parte de su diligencia debida, los clientes de todos los sectores ahora requieren la certificaci\u00f3n de ICoCA en la selecci\u00f3n de sus proveedores de seguridad privada.<\/p>\n","protected":false},"excerpt":{"rendered":"<p>Estar certificado por ICoCA proporciona garant\u00eda de que los procedimientos y pr\u00e1cticas de la empresa cumplen con el C\u00f3digo. Como parte de su diligencia debida, los clientes de todos los sectores ahora requieren la certificaci\u00f3n de ICoCA en la selecci\u00f3n de sus proveedores de seguridad privada.<\/p>\n","protected":false},"author":3,"featured_media":0,"parent":11255,"menu_order":0,"comment_status":"closed","ping_status":"closed","template":"page-certification.php","meta":{"_acf_changed":false,"give_campaign_id":0,"footnotes":""},"class_list":["post-11279","page","type-page","status-publish","hentry"],"acf":[],"yoast_head":"<!-- This site is optimized with the Yoast SEO plugin v26.5 - https:\/\/yoast.com\/wordpress\/plugins\/seo\/ -->\n<title>Certificaci\u00f3n - ICoCA - International Code of Conduct Association<\/title>\n<meta name=\"robots\" content=\"index, follow, max-snippet:-1, max-image-preview:large, max-video-preview:-1\" \/>\n<link rel=\"canonical\" href=\"https:\/\/icoca.ch\/es\/what-we-do\/certification\/\" \/>\n<meta property=\"og:locale\" content=\"es_ES\" \/>\n<meta property=\"og:type\" content=\"article\" \/>\n<meta property=\"og:title\" content=\"Certificaci\u00f3n - ICoCA - International Code of Conduct Association\" \/>\n<meta property=\"og:description\" content=\"Estar certificado por ICoCA proporciona garant\u00eda de que los procedimientos y pr\u00e1cticas de la empresa cumplen con el C\u00f3digo. Como parte de su diligencia debida, los clientes de todos los sectores ahora requieren la certificaci\u00f3n de ICoCA en la selecci\u00f3n de sus proveedores de seguridad privada.\" \/>\n<meta property=\"og:url\" content=\"https:\/\/icoca.ch\/es\/what-we-do\/certification\/\" \/>\n<meta property=\"og:site_name\" content=\"ICoCA - International Code of Conduct Association\" \/>\n<meta property=\"article:modified_time\" content=\"2026-02-12T09:49:43+00:00\" \/>\n<meta name=\"twitter:card\" content=\"summary_large_image\" \/>\n<meta name=\"twitter:label1\" content=\"Tiempo de lectura\" \/>\n\t<meta name=\"twitter:data1\" content=\"1 minuto\" \/>\n<script type=\"application\/ld+json\" class=\"yoast-schema-graph\">{\"@context\":\"https:\/\/schema.org\",\"@graph\":[{\"@type\":\"WebPage\",\"@id\":\"https:\/\/icoca.ch\/es\/what-we-do\/certification\/\",\"url\":\"https:\/\/icoca.ch\/es\/what-we-do\/certification\/\",\"name\":\"Certificaci\u00f3n - ICoCA - International Code of Conduct Association\",\"isPartOf\":{\"@id\":\"https:\/\/icoca.ch\/es\/#website\"},\"datePublished\":\"2021-12-03T07:09:09+00:00\",\"dateModified\":\"2026-02-12T09:49:43+00:00\",\"breadcrumb\":{\"@id\":\"https:\/\/icoca.ch\/es\/what-we-do\/certification\/#breadcrumb\"},\"inLanguage\":\"es\",\"potentialAction\":[{\"@type\":\"ReadAction\",\"target\":[\"https:\/\/icoca.ch\/es\/what-we-do\/certification\/\"]}]},{\"@type\":\"BreadcrumbList\",\"@id\":\"https:\/\/icoca.ch\/es\/what-we-do\/certification\/#breadcrumb\",\"itemListElement\":[{\"@type\":\"ListItem\",\"position\":1,\"name\":\"Home\",\"item\":\"https:\/\/icoca.ch\/es\/\"},{\"@type\":\"ListItem\",\"position\":2,\"name\":\"Qu\u00e9 hacemos\",\"item\":\"https:\/\/icoca.ch\/es\/what-we-do\/\"},{\"@type\":\"ListItem\",\"position\":3,\"name\":\"Certificaci\u00f3n\"}]},{\"@type\":\"WebSite\",\"@id\":\"https:\/\/icoca.ch\/es\/#website\",\"url\":\"https:\/\/icoca.ch\/es\/\",\"name\":\"ICoCA - International Code of Conduct Association\",\"description\":\"Promoting responsible private security\",\"publisher\":{\"@id\":\"https:\/\/icoca.ch\/es\/#organization\"},\"potentialAction\":[{\"@type\":\"SearchAction\",\"target\":{\"@type\":\"EntryPoint\",\"urlTemplate\":\"https:\/\/icoca.ch\/es\/?s={search_term_string}\"},\"query-input\":{\"@type\":\"PropertyValueSpecification\",\"valueRequired\":true,\"valueName\":\"search_term_string\"}}],\"inLanguage\":\"es\"},{\"@type\":\"Organization\",\"@id\":\"https:\/\/icoca.ch\/es\/#organization\",\"name\":\"ICoCA - International Code of Conduct Association\",\"url\":\"https:\/\/icoca.ch\/es\/\",\"logo\":{\"@type\":\"ImageObject\",\"inLanguage\":\"es\",\"@id\":\"https:\/\/icoca.ch\/es\/#\/schema\/logo\/image\/\",\"url\":\"https:\/\/icoca.ch\/wp-content\/uploads\/2024\/05\/ICoCA_2022_Full-White-Text@3x.png\",\"contentUrl\":\"https:\/\/icoca.ch\/wp-content\/uploads\/2024\/05\/ICoCA_2022_Full-White-Text@3x.png\",\"width\":9588,\"height\":4297,\"caption\":\"ICoCA - International Code of Conduct Association\"},\"image\":{\"@id\":\"https:\/\/icoca.ch\/es\/#\/schema\/logo\/image\/\"}}]}<\/script>\n<!-- \/ Yoast SEO plugin. -->","yoast_head_json":{"title":"Certificaci\u00f3n - ICoCA - International Code of Conduct Association","robots":{"index":"index","follow":"follow","max-snippet":"max-snippet:-1","max-image-preview":"max-image-preview:large","max-video-preview":"max-video-preview:-1"},"canonical":"https:\/\/icoca.ch\/es\/what-we-do\/certification\/","og_locale":"es_ES","og_type":"article","og_title":"Certificaci\u00f3n - ICoCA - International Code of Conduct Association","og_description":"Estar certificado por ICoCA proporciona garant\u00eda de que los procedimientos y pr\u00e1cticas de la empresa cumplen con el C\u00f3digo. Como parte de su diligencia debida, los clientes de todos los sectores ahora requieren la certificaci\u00f3n de ICoCA en la selecci\u00f3n de sus proveedores de seguridad privada.","og_url":"https:\/\/icoca.ch\/es\/what-we-do\/certification\/","og_site_name":"ICoCA - International Code of Conduct Association","article_modified_time":"2026-02-12T09:49:43+00:00","twitter_card":"summary_large_image","twitter_misc":{"Tiempo de lectura":"1 minuto"},"schema":{"@context":"https:\/\/schema.org","@graph":[{"@type":"WebPage","@id":"https:\/\/icoca.ch\/es\/what-we-do\/certification\/","url":"https:\/\/icoca.ch\/es\/what-we-do\/certification\/","name":"Certificaci\u00f3n - ICoCA - International Code of Conduct Association","isPartOf":{"@id":"https:\/\/icoca.ch\/es\/#website"},"datePublished":"2021-12-03T07:09:09+00:00","dateModified":"2026-02-12T09:49:43+00:00","breadcrumb":{"@id":"https:\/\/icoca.ch\/es\/what-we-do\/certification\/#breadcrumb"},"inLanguage":"es","potentialAction":[{"@type":"ReadAction","target":["https:\/\/icoca.ch\/es\/what-we-do\/certification\/"]}]},{"@type":"BreadcrumbList","@id":"https:\/\/icoca.ch\/es\/what-we-do\/certification\/#breadcrumb","itemListElement":[{"@type":"ListItem","position":1,"name":"Home","item":"https:\/\/icoca.ch\/es\/"},{"@type":"ListItem","position":2,"name":"Qu\u00e9 hacemos","item":"https:\/\/icoca.ch\/es\/what-we-do\/"},{"@type":"ListItem","position":3,"name":"Certificaci\u00f3n"}]},{"@type":"WebSite","@id":"https:\/\/icoca.ch\/es\/#website","url":"https:\/\/icoca.ch\/es\/","name":"ICoCA - International Code of Conduct Association","description":"Promoting responsible private security","publisher":{"@id":"https:\/\/icoca.ch\/es\/#organization"},"potentialAction":[{"@type":"SearchAction","target":{"@type":"EntryPoint","urlTemplate":"https:\/\/icoca.ch\/es\/?s={search_term_string}"},"query-input":{"@type":"PropertyValueSpecification","valueRequired":true,"valueName":"search_term_string"}}],"inLanguage":"es"},{"@type":"Organization","@id":"https:\/\/icoca.ch\/es\/#organization","name":"ICoCA - International Code of Conduct Association","url":"https:\/\/icoca.ch\/es\/","logo":{"@type":"ImageObject","inLanguage":"es","@id":"https:\/\/icoca.ch\/es\/#\/schema\/logo\/image\/","url":"https:\/\/icoca.ch\/wp-content\/uploads\/2024\/05\/ICoCA_2022_Full-White-Text@3x.png","contentUrl":"https:\/\/icoca.ch\/wp-content\/uploads\/2024\/05\/ICoCA_2022_Full-White-Text@3x.png","width":9588,"height":4297,"caption":"ICoCA - International Code of Conduct Association"},"image":{"@id":"https:\/\/icoca.ch\/es\/#\/schema\/logo\/image\/"}}]}},"campaignId":"","_links":{"self":[{"href":"https:\/\/icoca.ch\/es\/wp-json\/wp\/v2\/pages\/11279","targetHints":{"allow":["GET"]}}],"collection":[{"href":"https:\/\/icoca.ch\/es\/wp-json\/wp\/v2\/pages"}],"about":[{"href":"https:\/\/icoca.ch\/es\/wp-json\/wp\/v2\/types\/page"}],"author":[{"embeddable":true,"href":"https:\/\/icoca.ch\/es\/wp-json\/wp\/v2\/users\/3"}],"replies":[{"embeddable":true,"href":"https:\/\/icoca.ch\/es\/wp-json\/wp\/v2\/comments?post=11279"}],"version-history":[{"count":1,"href":"https:\/\/icoca.ch\/es\/wp-json\/wp\/v2\/pages\/11279\/revisions"}],"predecessor-version":[{"id":81667,"href":"https:\/\/icoca.ch\/es\/wp-json\/wp\/v2\/pages\/11279\/revisions\/81667"}],"up":[{"embeddable":true,"href":"https:\/\/icoca.ch\/es\/wp-json\/wp\/v2\/pages\/11255"}],"wp:attachment":[{"href":"https:\/\/icoca.ch\/es\/wp-json\/wp\/v2\/media?parent=11279"}],"curies":[{"name":"wp","href":"https:\/\/api.w.org\/{rel}","templated":true}]}}